{"id":34624,"date":"2024-10-08T16:03:36","date_gmt":"2024-10-08T13:03:36","guid":{"rendered":"https:\/\/lottespapery.com\/?post_type=product&#038;p=34624"},"modified":"2026-03-25T16:25:41","modified_gmt":"2026-03-25T14:25:41","slug":"personalized-guestbook-natural-10","status":"publish","type":"product","link":"https:\/\/lottespapery.com\/en\/products\/personalized-guestbook-natural-10\/","title":{"rendered":"Personalizable guest book &#8220;NATURAL&#8221; \/ 10"},"content":{"rendered":"","protected":false},"excerpt":{"rendered":"","protected":false},"featured_media":40929,"template":"","meta":[],"product_brand":[],"product_cat":[1639,868],"product_tag":[],"class_list":{"0":"post-34624","1":"product","2":"type-product","3":"status-publish","4":"has-post-thumbnail","6":"product_cat-guest-books-en","7":"product_cat-guest-books","9":"first","10":"instock","11":"taxable","12":"shipping-taxable","13":"purchasable","14":"product-type-variable","15":"has-default-attributes"},"raw_content":{"name":"Personalizable guest book \"NATURAL\" \/ 10","description":"","short_description":"","status":"publish","sku":"LPGBS_010","original":34621},"wpml":{"translation_type":1,"has_translations":true,"original":34621,"duplicates":[],"translations":{"lv":34621,"en":34624}},"yoast_head":"<!-- This site is optimized with the Yoast SEO plugin v19.10 - https:\/\/yoast.com\/wordpress\/plugins\/seo\/ -->\n<title>Personalizable guest book &quot;NATURAL&quot; \/ 10 - Lotte&#039;s Papery<\/title>\n<meta name=\"description\" content=\"Elegant minimalism, pleasant texture, and an unobtrusive printed design characterize the guest books of the &quot;Natural&quot; collection.  The book is meticulously handmade, neatly bound in sturdy covers covered with a material with a linen-like texture, which makes it particularly pleasant to the touch. Personalize with words of your choice printed in sand tone. This design includes 2 names and a date.  Guest book size: - 20 x 20 cm  Color of inner pages: - white, blank pages  Number of pages: - 30 sheets (60 pages)  PRODUCTION TIME: 1.5 - 2 weeks.  If you need to receive the guest book by a specific date, please contact us by calling +371 2208 7727 or writing to info@lottespapery.com.  PLEASE NOTE: - Please specify your chosen text (names, initials, dates) for personalization precisely in the comments section when placing your order. - The cover material used in the cover image is &quot;light porcelain&quot;. - The tone of the material may differ slightly from what you see on your screen - it depends on individual monitor settings.\" \/>\n<meta name=\"robots\" content=\"index, follow, max-snippet:-1, max-image-preview:large, max-video-preview:-1\" \/>\n<link rel=\"canonical\" href=\"https:\/\/lottespapery.com\/en\/products\/personalized-guestbook-natural-10\/\" \/>\n<meta property=\"og:locale\" content=\"en_US\" \/>\n<meta property=\"og:type\" content=\"article\" \/>\n<meta property=\"og:title\" content=\"Personalizable guest book &quot;NATURAL&quot; \/ 10 - Lotte&#039;s Papery\" \/>\n<meta property=\"og:description\" content=\"Elegant minimalism, pleasant texture, and an unobtrusive printed design characterize the guest books of the &quot;Natural&quot; collection.  The book is meticulously handmade, neatly bound in sturdy covers covered with a material with a linen-like texture, which makes it particularly pleasant to the touch. Personalize with words of your choice printed in sand tone. This design includes 2 names and a date.  Guest book size: - 20 x 20 cm  Color of inner pages: - white, blank pages  Number of pages: - 30 sheets (60 pages)  PRODUCTION TIME: 1.5 - 2 weeks.  If you need to receive the guest book by a specific date, please contact us by calling +371 2208 7727 or writing to info@lottespapery.com.  PLEASE NOTE: - Please specify your chosen text (names, initials, dates) for personalization precisely in the comments section when placing your order. - The cover material used in the cover image is &quot;light porcelain&quot;. - The tone of the material may differ slightly from what you see on your screen - it depends on individual monitor settings.\" \/>\n<meta property=\"og:url\" content=\"https:\/\/lottespapery.com\/en\/products\/personalized-guestbook-natural-10\/\" \/>\n<meta property=\"og:site_name\" content=\"Lotte&#039;s Papery\" \/>\n<meta property=\"article:publisher\" content=\"https:\/\/www.facebook.com\/LottesPapery\/\" \/>\n<meta property=\"article:modified_time\" content=\"2026-03-25T14:25:41+00:00\" \/>\n<meta property=\"og:image\" content=\"http:\/\/lottespapery.com\/wp-content\/uploads\/2024\/10\/LInen-Natural-10.2-scaled-e1751979296791.jpg\" \/>\n\t<meta property=\"og:image:width\" content=\"1787\" \/>\n\t<meta property=\"og:image:height\" content=\"2560\" \/>\n\t<meta property=\"og:image:type\" content=\"image\/jpeg\" \/>\n<meta name=\"twitter:card\" content=\"summary_large_image\" \/>\n<script type=\"application\/ld+json\" class=\"yoast-schema-graph\">{\"@context\":\"https:\/\/schema.org\",\"@graph\":[{\"@type\":\"WebPage\",\"@id\":\"https:\/\/lottespapery.com\/en\/products\/personalized-guestbook-natural-10\/\",\"url\":\"https:\/\/lottespapery.com\/en\/products\/personalized-guestbook-natural-10\/\",\"name\":\"Personalizable guest book \\\"NATURAL\\\" \/ 10 - Lotte&#039;s Papery\",\"isPartOf\":{\"@id\":\"https:\/\/lottespapery.com\/en\/#website\"},\"datePublished\":\"2024-10-08T13:03:36+00:00\",\"dateModified\":\"2026-03-25T14:25:41+00:00\",\"description\":\"Elegant minimalism, pleasant texture, and an unobtrusive printed design characterize the guest books of the \\\"Natural\\\" collection. The book is meticulously handmade, neatly bound in sturdy covers covered with a material with a linen-like texture, which makes it particularly pleasant to the touch. Personalize with words of your choice printed in sand tone. This design includes 2 names and a date. Guest book size: - 20 x 20 cm Color of inner pages: - white, blank pages Number of pages: - 30 sheets (60 pages) PRODUCTION TIME: 1.5 - 2 weeks. If you need to receive the guest book by a specific date, please contact us by calling +371 2208 7727 or writing to info@lottespapery.com. PLEASE NOTE: - Please specify your chosen text (names, initials, dates) for personalization precisely in the comments section when placing your order. - The cover material used in the cover image is \\\"light porcelain\\\". - The tone of the material may differ slightly from what you see on your screen - it depends on individual monitor settings.\",\"breadcrumb\":{\"@id\":\"https:\/\/lottespapery.com\/en\/products\/personalized-guestbook-natural-10\/#breadcrumb\"},\"inLanguage\":\"en-US\",\"potentialAction\":[{\"@type\":\"ReadAction\",\"target\":[\"https:\/\/lottespapery.com\/en\/products\/personalized-guestbook-natural-10\/\"]}]},{\"@type\":\"BreadcrumbList\",\"@id\":\"https:\/\/lottespapery.com\/en\/products\/personalized-guestbook-natural-10\/#breadcrumb\",\"itemListElement\":[{\"@type\":\"ListItem\",\"position\":1,\"name\":\"Home\",\"item\":\"https:\/\/lottespapery.com\/en\/\"},{\"@type\":\"ListItem\",\"position\":2,\"name\":\"Shop\",\"item\":\"https:\/\/lottespapery.com\/en\/shop\/\"},{\"@type\":\"ListItem\",\"position\":3,\"name\":\"Personalizable guest book &#8220;NATURAL&#8221; \/ 10\"}]},{\"@type\":\"WebSite\",\"@id\":\"https:\/\/lottespapery.com\/en\/#website\",\"url\":\"https:\/\/lottespapery.com\/en\/\",\"name\":\"Lotte&#039;s Papery\",\"description\":\"Pap\u012brlietas un \u0101das izstr\u0101d\u0101jumi\",\"publisher\":{\"@id\":\"https:\/\/lottespapery.com\/en\/#organization\"},\"potentialAction\":[{\"@type\":\"SearchAction\",\"target\":{\"@type\":\"EntryPoint\",\"urlTemplate\":\"https:\/\/lottespapery.com\/en\/?s={search_term_string}\"},\"query-input\":\"required name=search_term_string\"}],\"inLanguage\":\"en-US\"},{\"@type\":\"Organization\",\"@id\":\"https:\/\/lottespapery.com\/en\/#organization\",\"name\":\"Lotte&#039;s Papery\",\"url\":\"https:\/\/lottespapery.com\/en\/\",\"logo\":{\"@type\":\"ImageObject\",\"inLanguage\":\"en-US\",\"@id\":\"https:\/\/lottespapery.com\/en\/#\/schema\/logo\/image\/\",\"url\":\"http:\/\/lottespapery.com\/wp-content\/uploads\/2022\/11\/logo-dark_180x@2x.png\",\"contentUrl\":\"http:\/\/lottespapery.com\/wp-content\/uploads\/2022\/11\/logo-dark_180x@2x.png\",\"width\":360,\"height\":100,\"caption\":\"Lotte&#039;s Papery\"},\"image\":{\"@id\":\"https:\/\/lottespapery.com\/en\/#\/schema\/logo\/image\/\"},\"sameAs\":[\"https:\/\/www.instagram.com\/lottes_papery\/\",\"https:\/\/www.facebook.com\/LottesPapery\/\"]}]}<\/script>\n<!-- \/ Yoast SEO plugin. -->","yoast_head_json":{"title":"Personalizable guest book \"NATURAL\" \/ 10 - Lotte&#039;s Papery","description":"Elegant minimalism, pleasant texture, and an unobtrusive printed design characterize the guest books of the \"Natural\" collection.  The book is meticulously handmade, neatly bound in sturdy covers covered with a material with a linen-like texture, which makes it particularly pleasant to the touch. Personalize with words of your choice printed in sand tone. This design includes 2 names and a date.  Guest book size: - 20 x 20 cm  Color of inner pages: - white, blank pages  Number of pages: - 30 sheets (60 pages)  PRODUCTION TIME: 1.5 - 2 weeks.  If you need to receive the guest book by a specific date, please contact us by calling +371 2208 7727 or writing to info@lottespapery.com.  PLEASE NOTE: - Please specify your chosen text (names, initials, dates) for personalization precisely in the comments section when placing your order. - The cover material used in the cover image is \"light porcelain\". - The tone of the material may differ slightly from what you see on your screen - it depends on individual monitor settings.","robots":{"index":"index","follow":"follow","max-snippet":"max-snippet:-1","max-image-preview":"max-image-preview:large","max-video-preview":"max-video-preview:-1"},"canonical":"https:\/\/lottespapery.com\/en\/products\/personalized-guestbook-natural-10\/","og_locale":"en_US","og_type":"article","og_title":"Personalizable guest book \"NATURAL\" \/ 10 - Lotte&#039;s Papery","og_description":"Elegant minimalism, pleasant texture, and an unobtrusive printed design characterize the guest books of the \"Natural\" collection.  The book is meticulously handmade, neatly bound in sturdy covers covered with a material with a linen-like texture, which makes it particularly pleasant to the touch. Personalize with words of your choice printed in sand tone. This design includes 2 names and a date.  Guest book size: - 20 x 20 cm  Color of inner pages: - white, blank pages  Number of pages: - 30 sheets (60 pages)  PRODUCTION TIME: 1.5 - 2 weeks.  If you need to receive the guest book by a specific date, please contact us by calling +371 2208 7727 or writing to info@lottespapery.com.  PLEASE NOTE: - Please specify your chosen text (names, initials, dates) for personalization precisely in the comments section when placing your order. - The cover material used in the cover image is \"light porcelain\". - The tone of the material may differ slightly from what you see on your screen - it depends on individual monitor settings.","og_url":"https:\/\/lottespapery.com\/en\/products\/personalized-guestbook-natural-10\/","og_site_name":"Lotte&#039;s Papery","article_publisher":"https:\/\/www.facebook.com\/LottesPapery\/","article_modified_time":"2026-03-25T14:25:41+00:00","og_image":[{"width":1787,"height":2560,"url":"http:\/\/lottespapery.com\/wp-content\/uploads\/2024\/10\/LInen-Natural-10.2-scaled-e1751979296791.jpg","type":"image\/jpeg"}],"twitter_card":"summary_large_image","schema":{"@context":"https:\/\/schema.org","@graph":[{"@type":"WebPage","@id":"https:\/\/lottespapery.com\/en\/products\/personalized-guestbook-natural-10\/","url":"https:\/\/lottespapery.com\/en\/products\/personalized-guestbook-natural-10\/","name":"Personalizable guest book \"NATURAL\" \/ 10 - Lotte&#039;s Papery","isPartOf":{"@id":"https:\/\/lottespapery.com\/en\/#website"},"datePublished":"2024-10-08T13:03:36+00:00","dateModified":"2026-03-25T14:25:41+00:00","description":"Elegant minimalism, pleasant texture, and an unobtrusive printed design characterize the guest books of the \"Natural\" collection. The book is meticulously handmade, neatly bound in sturdy covers covered with a material with a linen-like texture, which makes it particularly pleasant to the touch. Personalize with words of your choice printed in sand tone. This design includes 2 names and a date. Guest book size: - 20 x 20 cm Color of inner pages: - white, blank pages Number of pages: - 30 sheets (60 pages) PRODUCTION TIME: 1.5 - 2 weeks. If you need to receive the guest book by a specific date, please contact us by calling +371 2208 7727 or writing to info@lottespapery.com. PLEASE NOTE: - Please specify your chosen text (names, initials, dates) for personalization precisely in the comments section when placing your order. - The cover material used in the cover image is \"light porcelain\". - The tone of the material may differ slightly from what you see on your screen - it depends on individual monitor settings.","breadcrumb":{"@id":"https:\/\/lottespapery.com\/en\/products\/personalized-guestbook-natural-10\/#breadcrumb"},"inLanguage":"en-US","potentialAction":[{"@type":"ReadAction","target":["https:\/\/lottespapery.com\/en\/products\/personalized-guestbook-natural-10\/"]}]},{"@type":"BreadcrumbList","@id":"https:\/\/lottespapery.com\/en\/products\/personalized-guestbook-natural-10\/#breadcrumb","itemListElement":[{"@type":"ListItem","position":1,"name":"Home","item":"https:\/\/lottespapery.com\/en\/"},{"@type":"ListItem","position":2,"name":"Shop","item":"https:\/\/lottespapery.com\/en\/shop\/"},{"@type":"ListItem","position":3,"name":"Personalizable guest book &#8220;NATURAL&#8221; \/ 10"}]},{"@type":"WebSite","@id":"https:\/\/lottespapery.com\/en\/#website","url":"https:\/\/lottespapery.com\/en\/","name":"Lotte&#039;s Papery","description":"Pap\u012brlietas un \u0101das izstr\u0101d\u0101jumi","publisher":{"@id":"https:\/\/lottespapery.com\/en\/#organization"},"potentialAction":[{"@type":"SearchAction","target":{"@type":"EntryPoint","urlTemplate":"https:\/\/lottespapery.com\/en\/?s={search_term_string}"},"query-input":"required name=search_term_string"}],"inLanguage":"en-US"},{"@type":"Organization","@id":"https:\/\/lottespapery.com\/en\/#organization","name":"Lotte&#039;s Papery","url":"https:\/\/lottespapery.com\/en\/","logo":{"@type":"ImageObject","inLanguage":"en-US","@id":"https:\/\/lottespapery.com\/en\/#\/schema\/logo\/image\/","url":"http:\/\/lottespapery.com\/wp-content\/uploads\/2022\/11\/logo-dark_180x@2x.png","contentUrl":"http:\/\/lottespapery.com\/wp-content\/uploads\/2022\/11\/logo-dark_180x@2x.png","width":360,"height":100,"caption":"Lotte&#039;s Papery"},"image":{"@id":"https:\/\/lottespapery.com\/en\/#\/schema\/logo\/image\/"},"sameAs":["https:\/\/www.instagram.com\/lottes_papery\/","https:\/\/www.facebook.com\/LottesPapery\/"]}]}},"_links":{"self":[{"href":"https:\/\/lottespapery.com\/en\/wp-json\/wp\/v2\/product\/34624","targetHints":{"allow":["GET"]}}],"collection":[{"href":"https:\/\/lottespapery.com\/en\/wp-json\/wp\/v2\/product"}],"about":[{"href":"https:\/\/lottespapery.com\/en\/wp-json\/wp\/v2\/types\/product"}],"wp:featuredmedia":[{"embeddable":true,"href":"https:\/\/lottespapery.com\/en\/wp-json\/wp\/v2\/media\/40929"}],"wp:attachment":[{"href":"https:\/\/lottespapery.com\/en\/wp-json\/wp\/v2\/media?parent=34624"}],"wp:term":[{"taxonomy":"product_brand","embeddable":true,"href":"https:\/\/lottespapery.com\/en\/wp-json\/wp\/v2\/product_brand?post=34624"},{"taxonomy":"product_cat","embeddable":true,"href":"https:\/\/lottespapery.com\/en\/wp-json\/wp\/v2\/product_cat?post=34624"},{"taxonomy":"product_tag","embeddable":true,"href":"https:\/\/lottespapery.com\/en\/wp-json\/wp\/v2\/product_tag?post=34624"}],"curies":[{"name":"wp","href":"https:\/\/api.w.org\/{rel}","templated":true}]}}