{"id":35673,"date":"2024-12-17T16:23:09","date_gmt":"2024-12-17T14:23:09","guid":{"rendered":"https:\/\/lottespapery.com\/?post_type=product&#038;p=35673"},"modified":"2025-07-30T12:30:40","modified_gmt":"2025-07-30T09:30:40","slug":"white-gift-bag","status":"publish","type":"product","link":"https:\/\/lottespapery.com\/en\/products\/white-gift-bag\/","title":{"rendered":"White gift bag"},"content":{"rendered":"","protected":false},"excerpt":{"rendered":"","protected":false},"featured_media":35679,"template":"","meta":[],"product_brand":[],"product_cat":[890,876],"product_tag":[],"class_list":{"0":"post-35673","1":"product","2":"type-product","3":"status-publish","4":"has-post-thumbnail","6":"product_cat-gift-wrapping","7":"product_cat-for-gift-wrapping","9":"first","10":"instock","11":"taxable","12":"shipping-taxable","13":"purchasable","14":"product-type-simple"},"raw_content":{"name":"White gift bag","description":"","short_description":"","status":"publish","sku":"1B08-744CC8","original":35672},"wpml":{"translation_type":1,"has_translations":true,"original":35672,"duplicates":[],"translations":{"lv":35672,"en":35673}},"yoast_head":"<!-- This site is optimized with the Yoast SEO plugin v19.10 - https:\/\/yoast.com\/wordpress\/plugins\/seo\/ -->\n<title>White gift bag - Lotte&#039;s Papery<\/title>\n<meta name=\"description\" content=\"Gift bag in white color. The bag has a hole for easy ribbon tying. Ribbon is not included in the price, it can be purchased separately by the meter in the store or online (dark green, bright red velvet ribbon, gold satin ribbon)  Size: 25 x 13 x 30 cm\" \/>\n<meta name=\"robots\" content=\"index, follow, max-snippet:-1, max-image-preview:large, max-video-preview:-1\" \/>\n<link rel=\"canonical\" href=\"https:\/\/lottespapery.com\/en\/products\/white-gift-bag\/\" \/>\n<meta property=\"og:locale\" content=\"en_US\" \/>\n<meta property=\"og:type\" content=\"article\" \/>\n<meta property=\"og:title\" content=\"White gift bag - Lotte&#039;s Papery\" \/>\n<meta property=\"og:description\" content=\"Gift bag in white color. The bag has a hole for easy ribbon tying. Ribbon is not included in the price, it can be purchased separately by the meter in the store or online (dark green, bright red velvet ribbon, gold satin ribbon)  Size: 25 x 13 x 30 cm\" \/>\n<meta property=\"og:url\" content=\"https:\/\/lottespapery.com\/en\/products\/white-gift-bag\/\" \/>\n<meta property=\"og:site_name\" content=\"Lotte&#039;s Papery\" \/>\n<meta property=\"article:publisher\" content=\"https:\/\/www.facebook.com\/LottesPapery\/\" \/>\n<meta property=\"article:modified_time\" content=\"2025-07-30T09:30:40+00:00\" \/>\n<meta property=\"og:image\" content=\"http:\/\/lottespapery.com\/wp-content\/uploads\/2024\/12\/393499812.webp\" \/>\n\t<meta property=\"og:image:width\" content=\"600\" \/>\n\t<meta property=\"og:image:height\" content=\"600\" \/>\n\t<meta property=\"og:image:type\" content=\"image\/webp\" \/>\n<meta name=\"twitter:card\" content=\"summary_large_image\" \/>\n<script type=\"application\/ld+json\" class=\"yoast-schema-graph\">{\"@context\":\"https:\/\/schema.org\",\"@graph\":[{\"@type\":\"WebPage\",\"@id\":\"https:\/\/lottespapery.com\/en\/products\/white-gift-bag\/\",\"url\":\"https:\/\/lottespapery.com\/en\/products\/white-gift-bag\/\",\"name\":\"White gift bag - Lotte&#039;s Papery\",\"isPartOf\":{\"@id\":\"https:\/\/lottespapery.com\/en\/#website\"},\"datePublished\":\"2024-12-17T14:23:09+00:00\",\"dateModified\":\"2025-07-30T09:30:40+00:00\",\"description\":\"Gift bag in white color. The bag has a hole for easy ribbon tying. Ribbon is not included in the price, it can be purchased separately by the meter in the store or online (dark green, bright red velvet ribbon, gold satin ribbon) Size: 25 x 13 x 30 cm\",\"breadcrumb\":{\"@id\":\"https:\/\/lottespapery.com\/en\/products\/white-gift-bag\/#breadcrumb\"},\"inLanguage\":\"en-US\",\"potentialAction\":[{\"@type\":\"ReadAction\",\"target\":[\"https:\/\/lottespapery.com\/en\/products\/white-gift-bag\/\"]}]},{\"@type\":\"BreadcrumbList\",\"@id\":\"https:\/\/lottespapery.com\/en\/products\/white-gift-bag\/#breadcrumb\",\"itemListElement\":[{\"@type\":\"ListItem\",\"position\":1,\"name\":\"Home\",\"item\":\"https:\/\/lottespapery.com\/en\/\"},{\"@type\":\"ListItem\",\"position\":2,\"name\":\"Shop\",\"item\":\"https:\/\/lottespapery.com\/en\/shop\/\"},{\"@type\":\"ListItem\",\"position\":3,\"name\":\"White gift bag\"}]},{\"@type\":\"WebSite\",\"@id\":\"https:\/\/lottespapery.com\/en\/#website\",\"url\":\"https:\/\/lottespapery.com\/en\/\",\"name\":\"Lotte&#039;s Papery\",\"description\":\"Pap\u012brlietas un \u0101das izstr\u0101d\u0101jumi\",\"publisher\":{\"@id\":\"https:\/\/lottespapery.com\/en\/#organization\"},\"potentialAction\":[{\"@type\":\"SearchAction\",\"target\":{\"@type\":\"EntryPoint\",\"urlTemplate\":\"https:\/\/lottespapery.com\/en\/?s={search_term_string}\"},\"query-input\":\"required name=search_term_string\"}],\"inLanguage\":\"en-US\"},{\"@type\":\"Organization\",\"@id\":\"https:\/\/lottespapery.com\/en\/#organization\",\"name\":\"Lotte&#039;s Papery\",\"url\":\"https:\/\/lottespapery.com\/en\/\",\"logo\":{\"@type\":\"ImageObject\",\"inLanguage\":\"en-US\",\"@id\":\"https:\/\/lottespapery.com\/en\/#\/schema\/logo\/image\/\",\"url\":\"http:\/\/lottespapery.com\/wp-content\/uploads\/2022\/11\/logo-dark_180x@2x.png\",\"contentUrl\":\"http:\/\/lottespapery.com\/wp-content\/uploads\/2022\/11\/logo-dark_180x@2x.png\",\"width\":360,\"height\":100,\"caption\":\"Lotte&#039;s Papery\"},\"image\":{\"@id\":\"https:\/\/lottespapery.com\/en\/#\/schema\/logo\/image\/\"},\"sameAs\":[\"https:\/\/www.instagram.com\/lottes_papery\/\",\"https:\/\/www.facebook.com\/LottesPapery\/\"]}]}<\/script>\n<!-- \/ Yoast SEO plugin. -->","yoast_head_json":{"title":"White gift bag - Lotte&#039;s Papery","description":"Gift bag in white color. The bag has a hole for easy ribbon tying. Ribbon is not included in the price, it can be purchased separately by the meter in the store or online (dark green, bright red velvet ribbon, gold satin ribbon)  Size: 25 x 13 x 30 cm","robots":{"index":"index","follow":"follow","max-snippet":"max-snippet:-1","max-image-preview":"max-image-preview:large","max-video-preview":"max-video-preview:-1"},"canonical":"https:\/\/lottespapery.com\/en\/products\/white-gift-bag\/","og_locale":"en_US","og_type":"article","og_title":"White gift bag - Lotte&#039;s Papery","og_description":"Gift bag in white color. The bag has a hole for easy ribbon tying. Ribbon is not included in the price, it can be purchased separately by the meter in the store or online (dark green, bright red velvet ribbon, gold satin ribbon)  Size: 25 x 13 x 30 cm","og_url":"https:\/\/lottespapery.com\/en\/products\/white-gift-bag\/","og_site_name":"Lotte&#039;s Papery","article_publisher":"https:\/\/www.facebook.com\/LottesPapery\/","article_modified_time":"2025-07-30T09:30:40+00:00","og_image":[{"width":600,"height":600,"url":"http:\/\/lottespapery.com\/wp-content\/uploads\/2024\/12\/393499812.webp","type":"image\/webp"}],"twitter_card":"summary_large_image","schema":{"@context":"https:\/\/schema.org","@graph":[{"@type":"WebPage","@id":"https:\/\/lottespapery.com\/en\/products\/white-gift-bag\/","url":"https:\/\/lottespapery.com\/en\/products\/white-gift-bag\/","name":"White gift bag - Lotte&#039;s Papery","isPartOf":{"@id":"https:\/\/lottespapery.com\/en\/#website"},"datePublished":"2024-12-17T14:23:09+00:00","dateModified":"2025-07-30T09:30:40+00:00","description":"Gift bag in white color. The bag has a hole for easy ribbon tying. Ribbon is not included in the price, it can be purchased separately by the meter in the store or online (dark green, bright red velvet ribbon, gold satin ribbon) Size: 25 x 13 x 30 cm","breadcrumb":{"@id":"https:\/\/lottespapery.com\/en\/products\/white-gift-bag\/#breadcrumb"},"inLanguage":"en-US","potentialAction":[{"@type":"ReadAction","target":["https:\/\/lottespapery.com\/en\/products\/white-gift-bag\/"]}]},{"@type":"BreadcrumbList","@id":"https:\/\/lottespapery.com\/en\/products\/white-gift-bag\/#breadcrumb","itemListElement":[{"@type":"ListItem","position":1,"name":"Home","item":"https:\/\/lottespapery.com\/en\/"},{"@type":"ListItem","position":2,"name":"Shop","item":"https:\/\/lottespapery.com\/en\/shop\/"},{"@type":"ListItem","position":3,"name":"White gift bag"}]},{"@type":"WebSite","@id":"https:\/\/lottespapery.com\/en\/#website","url":"https:\/\/lottespapery.com\/en\/","name":"Lotte&#039;s Papery","description":"Pap\u012brlietas un \u0101das izstr\u0101d\u0101jumi","publisher":{"@id":"https:\/\/lottespapery.com\/en\/#organization"},"potentialAction":[{"@type":"SearchAction","target":{"@type":"EntryPoint","urlTemplate":"https:\/\/lottespapery.com\/en\/?s={search_term_string}"},"query-input":"required name=search_term_string"}],"inLanguage":"en-US"},{"@type":"Organization","@id":"https:\/\/lottespapery.com\/en\/#organization","name":"Lotte&#039;s Papery","url":"https:\/\/lottespapery.com\/en\/","logo":{"@type":"ImageObject","inLanguage":"en-US","@id":"https:\/\/lottespapery.com\/en\/#\/schema\/logo\/image\/","url":"http:\/\/lottespapery.com\/wp-content\/uploads\/2022\/11\/logo-dark_180x@2x.png","contentUrl":"http:\/\/lottespapery.com\/wp-content\/uploads\/2022\/11\/logo-dark_180x@2x.png","width":360,"height":100,"caption":"Lotte&#039;s Papery"},"image":{"@id":"https:\/\/lottespapery.com\/en\/#\/schema\/logo\/image\/"},"sameAs":["https:\/\/www.instagram.com\/lottes_papery\/","https:\/\/www.facebook.com\/LottesPapery\/"]}]}},"_links":{"self":[{"href":"https:\/\/lottespapery.com\/en\/wp-json\/wp\/v2\/product\/35673","targetHints":{"allow":["GET"]}}],"collection":[{"href":"https:\/\/lottespapery.com\/en\/wp-json\/wp\/v2\/product"}],"about":[{"href":"https:\/\/lottespapery.com\/en\/wp-json\/wp\/v2\/types\/product"}],"wp:featuredmedia":[{"embeddable":true,"href":"https:\/\/lottespapery.com\/en\/wp-json\/wp\/v2\/media\/35679"}],"wp:attachment":[{"href":"https:\/\/lottespapery.com\/en\/wp-json\/wp\/v2\/media?parent=35673"}],"wp:term":[{"taxonomy":"product_brand","embeddable":true,"href":"https:\/\/lottespapery.com\/en\/wp-json\/wp\/v2\/product_brand?post=35673"},{"taxonomy":"product_cat","embeddable":true,"href":"https:\/\/lottespapery.com\/en\/wp-json\/wp\/v2\/product_cat?post=35673"},{"taxonomy":"product_tag","embeddable":true,"href":"https:\/\/lottespapery.com\/en\/wp-json\/wp\/v2\/product_tag?post=35673"}],"curies":[{"name":"wp","href":"https:\/\/api.w.org\/{rel}","templated":true}]}}