{"id":36966,"date":"2025-02-17T14:38:51","date_gmt":"2025-02-17T12:38:51","guid":{"rendered":"https:\/\/lottespapery.com\/?post_type=product&#038;p=36966"},"modified":"2025-04-29T17:57:33","modified_gmt":"2025-04-29T14:57:33","slug":"light-cream-envelope","status":"publish","type":"product","link":"https:\/\/lottespapery.com\/en\/products\/light-cream-envelope\/","title":{"rendered":"Light Cream Envelope"},"content":{"rendered":"","protected":false},"excerpt":{"rendered":"","protected":false},"featured_media":37122,"template":"","meta":[],"product_brand":[],"product_cat":[1784,1763],"product_tag":[],"class_list":{"0":"post-36966","1":"product","2":"type-product","3":"status-publish","4":"has-post-thumbnail","6":"product_cat-envelope-liners","7":"product_cat-envelopes-en","9":"first","10":"instock","11":"taxable","12":"shipping-taxable","13":"purchasable","14":"product-type-simple"},"raw_content":{"name":"Light Cream Envelope","description":"","short_description":"","status":"publish","sku":"25B5-2255A0","original":36967},"wpml":{"translation_type":1,"has_translations":true,"original":36967,"duplicates":[],"translations":{"lv":36967,"en":36966}},"yoast_head":"<!-- This site is optimized with the Yoast SEO plugin v19.10 - https:\/\/yoast.com\/wordpress\/plugins\/seo\/ -->\n<title>Light Cream Envelope - Lotte&#039;s Papery<\/title>\n<meta name=\"description\" content=\"The paper envelope will dress your chosen invitation so that you can safely and beautifully deliver it to the recipient.  Add envelope liner for extra touch (can be found in envelope liner section).  Suitable for printing address, gummed flap.  Envelope dimensions: 16.2 x 11.4 cm. The price is indicated for an envelope, 1 pc.\" \/>\n<meta name=\"robots\" content=\"index, follow, max-snippet:-1, max-image-preview:large, max-video-preview:-1\" \/>\n<link rel=\"canonical\" href=\"https:\/\/lottespapery.com\/en\/products\/light-cream-envelope\/\" \/>\n<meta property=\"og:locale\" content=\"en_US\" \/>\n<meta property=\"og:type\" content=\"article\" \/>\n<meta property=\"og:title\" content=\"Light Cream Envelope - Lotte&#039;s Papery\" \/>\n<meta property=\"og:description\" content=\"The paper envelope will dress your chosen invitation so that you can safely and beautifully deliver it to the recipient.  Add envelope liner for extra touch (can be found in envelope liner section).  Suitable for printing address, gummed flap.  Envelope dimensions: 16.2 x 11.4 cm. The price is indicated for an envelope, 1 pc.\" \/>\n<meta property=\"og:url\" content=\"https:\/\/lottespapery.com\/en\/products\/light-cream-envelope\/\" \/>\n<meta property=\"og:site_name\" content=\"Lotte&#039;s Papery\" \/>\n<meta property=\"article:publisher\" content=\"https:\/\/www.facebook.com\/LottesPapery\/\" \/>\n<meta property=\"article:modified_time\" content=\"2025-04-29T14:57:33+00:00\" \/>\n<meta property=\"og:image\" content=\"http:\/\/lottespapery.com\/wp-content\/uploads\/2025\/02\/IMG_5805-1-scaled.jpg\" \/>\n\t<meta property=\"og:image:width\" content=\"1920\" \/>\n\t<meta property=\"og:image:height\" content=\"2560\" \/>\n\t<meta property=\"og:image:type\" content=\"image\/jpeg\" \/>\n<meta name=\"twitter:card\" content=\"summary_large_image\" \/>\n<script type=\"application\/ld+json\" class=\"yoast-schema-graph\">{\"@context\":\"https:\/\/schema.org\",\"@graph\":[{\"@type\":\"WebPage\",\"@id\":\"https:\/\/lottespapery.com\/en\/products\/light-cream-envelope\/\",\"url\":\"https:\/\/lottespapery.com\/en\/products\/light-cream-envelope\/\",\"name\":\"Light Cream Envelope - Lotte&#039;s Papery\",\"isPartOf\":{\"@id\":\"https:\/\/lottespapery.com\/en\/#website\"},\"datePublished\":\"2025-02-17T12:38:51+00:00\",\"dateModified\":\"2025-04-29T14:57:33+00:00\",\"description\":\"The paper envelope will dress your chosen invitation so that you can safely and beautifully deliver it to the recipient. Add envelope liner for extra touch (can be found in envelope liner section). Suitable for printing address, gummed flap. Envelope dimensions: 16.2 x 11.4 cm. The price is indicated for an envelope, 1 pc.\",\"breadcrumb\":{\"@id\":\"https:\/\/lottespapery.com\/en\/products\/light-cream-envelope\/#breadcrumb\"},\"inLanguage\":\"en-US\",\"potentialAction\":[{\"@type\":\"ReadAction\",\"target\":[\"https:\/\/lottespapery.com\/en\/products\/light-cream-envelope\/\"]}]},{\"@type\":\"BreadcrumbList\",\"@id\":\"https:\/\/lottespapery.com\/en\/products\/light-cream-envelope\/#breadcrumb\",\"itemListElement\":[{\"@type\":\"ListItem\",\"position\":1,\"name\":\"Home\",\"item\":\"https:\/\/lottespapery.com\/en\/\"},{\"@type\":\"ListItem\",\"position\":2,\"name\":\"Shop\",\"item\":\"https:\/\/lottespapery.com\/en\/shop\/\"},{\"@type\":\"ListItem\",\"position\":3,\"name\":\"Light Cream Envelope\"}]},{\"@type\":\"WebSite\",\"@id\":\"https:\/\/lottespapery.com\/en\/#website\",\"url\":\"https:\/\/lottespapery.com\/en\/\",\"name\":\"Lotte&#039;s Papery\",\"description\":\"Pap\u012brlietas un \u0101das izstr\u0101d\u0101jumi\",\"publisher\":{\"@id\":\"https:\/\/lottespapery.com\/en\/#organization\"},\"potentialAction\":[{\"@type\":\"SearchAction\",\"target\":{\"@type\":\"EntryPoint\",\"urlTemplate\":\"https:\/\/lottespapery.com\/en\/?s={search_term_string}\"},\"query-input\":\"required name=search_term_string\"}],\"inLanguage\":\"en-US\"},{\"@type\":\"Organization\",\"@id\":\"https:\/\/lottespapery.com\/en\/#organization\",\"name\":\"Lotte&#039;s Papery\",\"url\":\"https:\/\/lottespapery.com\/en\/\",\"logo\":{\"@type\":\"ImageObject\",\"inLanguage\":\"en-US\",\"@id\":\"https:\/\/lottespapery.com\/en\/#\/schema\/logo\/image\/\",\"url\":\"http:\/\/lottespapery.com\/wp-content\/uploads\/2022\/11\/logo-dark_180x@2x.png\",\"contentUrl\":\"http:\/\/lottespapery.com\/wp-content\/uploads\/2022\/11\/logo-dark_180x@2x.png\",\"width\":360,\"height\":100,\"caption\":\"Lotte&#039;s Papery\"},\"image\":{\"@id\":\"https:\/\/lottespapery.com\/en\/#\/schema\/logo\/image\/\"},\"sameAs\":[\"https:\/\/www.instagram.com\/lottes_papery\/\",\"https:\/\/www.facebook.com\/LottesPapery\/\"]}]}<\/script>\n<!-- \/ Yoast SEO plugin. -->","yoast_head_json":{"title":"Light Cream Envelope - Lotte&#039;s Papery","description":"The paper envelope will dress your chosen invitation so that you can safely and beautifully deliver it to the recipient.  Add envelope liner for extra touch (can be found in envelope liner section).  Suitable for printing address, gummed flap.  Envelope dimensions: 16.2 x 11.4 cm. The price is indicated for an envelope, 1 pc.","robots":{"index":"index","follow":"follow","max-snippet":"max-snippet:-1","max-image-preview":"max-image-preview:large","max-video-preview":"max-video-preview:-1"},"canonical":"https:\/\/lottespapery.com\/en\/products\/light-cream-envelope\/","og_locale":"en_US","og_type":"article","og_title":"Light Cream Envelope - Lotte&#039;s Papery","og_description":"The paper envelope will dress your chosen invitation so that you can safely and beautifully deliver it to the recipient.  Add envelope liner for extra touch (can be found in envelope liner section).  Suitable for printing address, gummed flap.  Envelope dimensions: 16.2 x 11.4 cm. The price is indicated for an envelope, 1 pc.","og_url":"https:\/\/lottespapery.com\/en\/products\/light-cream-envelope\/","og_site_name":"Lotte&#039;s Papery","article_publisher":"https:\/\/www.facebook.com\/LottesPapery\/","article_modified_time":"2025-04-29T14:57:33+00:00","og_image":[{"width":1920,"height":2560,"url":"http:\/\/lottespapery.com\/wp-content\/uploads\/2025\/02\/IMG_5805-1-scaled.jpg","type":"image\/jpeg"}],"twitter_card":"summary_large_image","schema":{"@context":"https:\/\/schema.org","@graph":[{"@type":"WebPage","@id":"https:\/\/lottespapery.com\/en\/products\/light-cream-envelope\/","url":"https:\/\/lottespapery.com\/en\/products\/light-cream-envelope\/","name":"Light Cream Envelope - Lotte&#039;s Papery","isPartOf":{"@id":"https:\/\/lottespapery.com\/en\/#website"},"datePublished":"2025-02-17T12:38:51+00:00","dateModified":"2025-04-29T14:57:33+00:00","description":"The paper envelope will dress your chosen invitation so that you can safely and beautifully deliver it to the recipient. Add envelope liner for extra touch (can be found in envelope liner section). Suitable for printing address, gummed flap. Envelope dimensions: 16.2 x 11.4 cm. The price is indicated for an envelope, 1 pc.","breadcrumb":{"@id":"https:\/\/lottespapery.com\/en\/products\/light-cream-envelope\/#breadcrumb"},"inLanguage":"en-US","potentialAction":[{"@type":"ReadAction","target":["https:\/\/lottespapery.com\/en\/products\/light-cream-envelope\/"]}]},{"@type":"BreadcrumbList","@id":"https:\/\/lottespapery.com\/en\/products\/light-cream-envelope\/#breadcrumb","itemListElement":[{"@type":"ListItem","position":1,"name":"Home","item":"https:\/\/lottespapery.com\/en\/"},{"@type":"ListItem","position":2,"name":"Shop","item":"https:\/\/lottespapery.com\/en\/shop\/"},{"@type":"ListItem","position":3,"name":"Light Cream Envelope"}]},{"@type":"WebSite","@id":"https:\/\/lottespapery.com\/en\/#website","url":"https:\/\/lottespapery.com\/en\/","name":"Lotte&#039;s Papery","description":"Pap\u012brlietas un \u0101das izstr\u0101d\u0101jumi","publisher":{"@id":"https:\/\/lottespapery.com\/en\/#organization"},"potentialAction":[{"@type":"SearchAction","target":{"@type":"EntryPoint","urlTemplate":"https:\/\/lottespapery.com\/en\/?s={search_term_string}"},"query-input":"required name=search_term_string"}],"inLanguage":"en-US"},{"@type":"Organization","@id":"https:\/\/lottespapery.com\/en\/#organization","name":"Lotte&#039;s Papery","url":"https:\/\/lottespapery.com\/en\/","logo":{"@type":"ImageObject","inLanguage":"en-US","@id":"https:\/\/lottespapery.com\/en\/#\/schema\/logo\/image\/","url":"http:\/\/lottespapery.com\/wp-content\/uploads\/2022\/11\/logo-dark_180x@2x.png","contentUrl":"http:\/\/lottespapery.com\/wp-content\/uploads\/2022\/11\/logo-dark_180x@2x.png","width":360,"height":100,"caption":"Lotte&#039;s Papery"},"image":{"@id":"https:\/\/lottespapery.com\/en\/#\/schema\/logo\/image\/"},"sameAs":["https:\/\/www.instagram.com\/lottes_papery\/","https:\/\/www.facebook.com\/LottesPapery\/"]}]}},"_links":{"self":[{"href":"https:\/\/lottespapery.com\/en\/wp-json\/wp\/v2\/product\/36966","targetHints":{"allow":["GET"]}}],"collection":[{"href":"https:\/\/lottespapery.com\/en\/wp-json\/wp\/v2\/product"}],"about":[{"href":"https:\/\/lottespapery.com\/en\/wp-json\/wp\/v2\/types\/product"}],"wp:featuredmedia":[{"embeddable":true,"href":"https:\/\/lottespapery.com\/en\/wp-json\/wp\/v2\/media\/37122"}],"wp:attachment":[{"href":"https:\/\/lottespapery.com\/en\/wp-json\/wp\/v2\/media?parent=36966"}],"wp:term":[{"taxonomy":"product_brand","embeddable":true,"href":"https:\/\/lottespapery.com\/en\/wp-json\/wp\/v2\/product_brand?post=36966"},{"taxonomy":"product_cat","embeddable":true,"href":"https:\/\/lottespapery.com\/en\/wp-json\/wp\/v2\/product_cat?post=36966"},{"taxonomy":"product_tag","embeddable":true,"href":"https:\/\/lottespapery.com\/en\/wp-json\/wp\/v2\/product_tag?post=36966"}],"curies":[{"name":"wp","href":"https:\/\/api.w.org\/{rel}","templated":true}]}}