{"id":37009,"date":"2025-02-17T17:09:56","date_gmt":"2025-02-17T15:09:56","guid":{"rendered":"https:\/\/lottespapery.com\/products\/velvet-envelope-with-wedding-logo-i\/"},"modified":"2025-02-17T17:15:47","modified_gmt":"2025-02-17T15:15:47","slug":"samta-aploksne-ar-kazu-logo-i","status":"publish","type":"product","link":"https:\/\/lottespapery.com\/en\/products\/samta-aploksne-ar-kazu-logo-i\/","title":{"rendered":"Velvet envelope with personalized wedding logo I"},"content":{"rendered":"","protected":false},"excerpt":{"rendered":"","protected":false},"featured_media":36979,"template":"","meta":[],"product_brand":[],"product_cat":[1763],"product_tag":[],"class_list":{"0":"post-37009","1":"product","2":"type-product","3":"status-publish","4":"has-post-thumbnail","6":"product_cat-envelopes-en","8":"first","9":"instock","10":"taxable","11":"shipping-taxable","12":"purchasable","13":"product-type-variable"},"raw_content":{"name":"Velvet envelope with personalized wedding logo I","description":"","short_description":"","status":"publish","sku":"EBC6-39A654","original":37006},"wpml":{"translation_type":1,"has_translations":true,"original":37006,"duplicates":[],"translations":{"lv":37006,"en":37009}},"yoast_head":"<!-- This site is optimized with the Yoast SEO plugin v19.10 - https:\/\/yoast.com\/wordpress\/plugins\/seo\/ -->\n<title>Velvet envelope with personalized wedding logo I - Lotte&#039;s Papery<\/title>\n<meta name=\"description\" content=\"A velvet envelope with a wedding logo embossed will be a great accent for wedding invitations. Choose your velvet color and foil embossing color, and don&#039;t forget to include your chosen initials in the comments section when you checkout. The design itself of this product is not subject to change.  Envelope size: 114x162mm (C6) Minimum order quantity: 30 pieces. The price is for 1 piece.\" \/>\n<meta name=\"robots\" content=\"index, follow, max-snippet:-1, max-image-preview:large, max-video-preview:-1\" \/>\n<link rel=\"canonical\" href=\"https:\/\/lottespapery.com\/en\/products\/samta-aploksne-ar-kazu-logo-i\/\" \/>\n<meta property=\"og:locale\" content=\"en_US\" \/>\n<meta property=\"og:type\" content=\"article\" \/>\n<meta property=\"og:title\" content=\"Velvet envelope with personalized wedding logo I - Lotte&#039;s Papery\" \/>\n<meta property=\"og:description\" content=\"A velvet envelope with a wedding logo embossed will be a great accent for wedding invitations. Choose your velvet color and foil embossing color, and don&#039;t forget to include your chosen initials in the comments section when you checkout. The design itself of this product is not subject to change.  Envelope size: 114x162mm (C6) Minimum order quantity: 30 pieces. The price is for 1 piece.\" \/>\n<meta property=\"og:url\" content=\"https:\/\/lottespapery.com\/en\/products\/samta-aploksne-ar-kazu-logo-i\/\" \/>\n<meta property=\"og:site_name\" content=\"Lotte&#039;s Papery\" \/>\n<meta property=\"article:publisher\" content=\"https:\/\/www.facebook.com\/LottesPapery\/\" \/>\n<meta property=\"article:modified_time\" content=\"2025-02-17T15:15:47+00:00\" \/>\n<meta property=\"og:image\" content=\"https:\/\/lottespapery.com\/wp-content\/uploads\/2025\/02\/il_1588xN.3942683705_bvaa.jpg\" \/>\n\t<meta property=\"og:image:width\" content=\"1588\" \/>\n\t<meta property=\"og:image:height\" content=\"1062\" \/>\n\t<meta property=\"og:image:type\" content=\"image\/jpeg\" \/>\n<meta name=\"twitter:card\" content=\"summary_large_image\" \/>\n<script type=\"application\/ld+json\" class=\"yoast-schema-graph\">{\"@context\":\"https:\/\/schema.org\",\"@graph\":[{\"@type\":\"WebPage\",\"@id\":\"https:\/\/lottespapery.com\/en\/products\/samta-aploksne-ar-kazu-logo-i\/\",\"url\":\"https:\/\/lottespapery.com\/en\/products\/samta-aploksne-ar-kazu-logo-i\/\",\"name\":\"Velvet envelope with personalized wedding logo I - Lotte&#039;s Papery\",\"isPartOf\":{\"@id\":\"https:\/\/lottespapery.com\/en\/#website\"},\"datePublished\":\"2025-02-17T15:09:56+00:00\",\"dateModified\":\"2025-02-17T15:15:47+00:00\",\"description\":\"A velvet envelope with a wedding logo embossed will be a great accent for wedding invitations. Choose your velvet color and foil embossing color, and don't forget to include your chosen initials in the comments section when you checkout. The design itself of this product is not subject to change. Envelope size: 114x162mm (C6) Minimum order quantity: 30 pieces. The price is for 1 piece.\",\"breadcrumb\":{\"@id\":\"https:\/\/lottespapery.com\/en\/products\/samta-aploksne-ar-kazu-logo-i\/#breadcrumb\"},\"inLanguage\":\"en-US\",\"potentialAction\":[{\"@type\":\"ReadAction\",\"target\":[\"https:\/\/lottespapery.com\/en\/products\/samta-aploksne-ar-kazu-logo-i\/\"]}]},{\"@type\":\"BreadcrumbList\",\"@id\":\"https:\/\/lottespapery.com\/en\/products\/samta-aploksne-ar-kazu-logo-i\/#breadcrumb\",\"itemListElement\":[{\"@type\":\"ListItem\",\"position\":1,\"name\":\"Home\",\"item\":\"https:\/\/lottespapery.com\/en\/\"},{\"@type\":\"ListItem\",\"position\":2,\"name\":\"Shop\",\"item\":\"https:\/\/lottespapery.com\/en\/shop\/\"},{\"@type\":\"ListItem\",\"position\":3,\"name\":\"Velvet envelope with personalized wedding logo I\"}]},{\"@type\":\"WebSite\",\"@id\":\"https:\/\/lottespapery.com\/en\/#website\",\"url\":\"https:\/\/lottespapery.com\/en\/\",\"name\":\"Lotte&#039;s Papery\",\"description\":\"Pap\u012brlietas un \u0101das izstr\u0101d\u0101jumi\",\"publisher\":{\"@id\":\"https:\/\/lottespapery.com\/en\/#organization\"},\"potentialAction\":[{\"@type\":\"SearchAction\",\"target\":{\"@type\":\"EntryPoint\",\"urlTemplate\":\"https:\/\/lottespapery.com\/en\/?s={search_term_string}\"},\"query-input\":\"required name=search_term_string\"}],\"inLanguage\":\"en-US\"},{\"@type\":\"Organization\",\"@id\":\"https:\/\/lottespapery.com\/en\/#organization\",\"name\":\"Lotte&#039;s Papery\",\"url\":\"https:\/\/lottespapery.com\/en\/\",\"logo\":{\"@type\":\"ImageObject\",\"inLanguage\":\"en-US\",\"@id\":\"https:\/\/lottespapery.com\/en\/#\/schema\/logo\/image\/\",\"url\":\"http:\/\/lottespapery.com\/wp-content\/uploads\/2022\/11\/logo-dark_180x@2x.png\",\"contentUrl\":\"http:\/\/lottespapery.com\/wp-content\/uploads\/2022\/11\/logo-dark_180x@2x.png\",\"width\":360,\"height\":100,\"caption\":\"Lotte&#039;s Papery\"},\"image\":{\"@id\":\"https:\/\/lottespapery.com\/en\/#\/schema\/logo\/image\/\"},\"sameAs\":[\"https:\/\/www.instagram.com\/lottes_papery\/\",\"https:\/\/www.facebook.com\/LottesPapery\/\"]}]}<\/script>\n<!-- \/ Yoast SEO plugin. -->","yoast_head_json":{"title":"Velvet envelope with personalized wedding logo I - Lotte&#039;s Papery","description":"A velvet envelope with a wedding logo embossed will be a great accent for wedding invitations. Choose your velvet color and foil embossing color, and don't forget to include your chosen initials in the comments section when you checkout. The design itself of this product is not subject to change.  Envelope size: 114x162mm (C6) Minimum order quantity: 30 pieces. The price is for 1 piece.","robots":{"index":"index","follow":"follow","max-snippet":"max-snippet:-1","max-image-preview":"max-image-preview:large","max-video-preview":"max-video-preview:-1"},"canonical":"https:\/\/lottespapery.com\/en\/products\/samta-aploksne-ar-kazu-logo-i\/","og_locale":"en_US","og_type":"article","og_title":"Velvet envelope with personalized wedding logo I - Lotte&#039;s Papery","og_description":"A velvet envelope with a wedding logo embossed will be a great accent for wedding invitations. Choose your velvet color and foil embossing color, and don't forget to include your chosen initials in the comments section when you checkout. The design itself of this product is not subject to change.  Envelope size: 114x162mm (C6) Minimum order quantity: 30 pieces. The price is for 1 piece.","og_url":"https:\/\/lottespapery.com\/en\/products\/samta-aploksne-ar-kazu-logo-i\/","og_site_name":"Lotte&#039;s Papery","article_publisher":"https:\/\/www.facebook.com\/LottesPapery\/","article_modified_time":"2025-02-17T15:15:47+00:00","og_image":[{"width":1588,"height":1062,"url":"https:\/\/lottespapery.com\/wp-content\/uploads\/2025\/02\/il_1588xN.3942683705_bvaa.jpg","type":"image\/jpeg"}],"twitter_card":"summary_large_image","schema":{"@context":"https:\/\/schema.org","@graph":[{"@type":"WebPage","@id":"https:\/\/lottespapery.com\/en\/products\/samta-aploksne-ar-kazu-logo-i\/","url":"https:\/\/lottespapery.com\/en\/products\/samta-aploksne-ar-kazu-logo-i\/","name":"Velvet envelope with personalized wedding logo I - Lotte&#039;s Papery","isPartOf":{"@id":"https:\/\/lottespapery.com\/en\/#website"},"datePublished":"2025-02-17T15:09:56+00:00","dateModified":"2025-02-17T15:15:47+00:00","description":"A velvet envelope with a wedding logo embossed will be a great accent for wedding invitations. Choose your velvet color and foil embossing color, and don't forget to include your chosen initials in the comments section when you checkout. The design itself of this product is not subject to change. Envelope size: 114x162mm (C6) Minimum order quantity: 30 pieces. The price is for 1 piece.","breadcrumb":{"@id":"https:\/\/lottespapery.com\/en\/products\/samta-aploksne-ar-kazu-logo-i\/#breadcrumb"},"inLanguage":"en-US","potentialAction":[{"@type":"ReadAction","target":["https:\/\/lottespapery.com\/en\/products\/samta-aploksne-ar-kazu-logo-i\/"]}]},{"@type":"BreadcrumbList","@id":"https:\/\/lottespapery.com\/en\/products\/samta-aploksne-ar-kazu-logo-i\/#breadcrumb","itemListElement":[{"@type":"ListItem","position":1,"name":"Home","item":"https:\/\/lottespapery.com\/en\/"},{"@type":"ListItem","position":2,"name":"Shop","item":"https:\/\/lottespapery.com\/en\/shop\/"},{"@type":"ListItem","position":3,"name":"Velvet envelope with personalized wedding logo I"}]},{"@type":"WebSite","@id":"https:\/\/lottespapery.com\/en\/#website","url":"https:\/\/lottespapery.com\/en\/","name":"Lotte&#039;s Papery","description":"Pap\u012brlietas un \u0101das izstr\u0101d\u0101jumi","publisher":{"@id":"https:\/\/lottespapery.com\/en\/#organization"},"potentialAction":[{"@type":"SearchAction","target":{"@type":"EntryPoint","urlTemplate":"https:\/\/lottespapery.com\/en\/?s={search_term_string}"},"query-input":"required name=search_term_string"}],"inLanguage":"en-US"},{"@type":"Organization","@id":"https:\/\/lottespapery.com\/en\/#organization","name":"Lotte&#039;s Papery","url":"https:\/\/lottespapery.com\/en\/","logo":{"@type":"ImageObject","inLanguage":"en-US","@id":"https:\/\/lottespapery.com\/en\/#\/schema\/logo\/image\/","url":"http:\/\/lottespapery.com\/wp-content\/uploads\/2022\/11\/logo-dark_180x@2x.png","contentUrl":"http:\/\/lottespapery.com\/wp-content\/uploads\/2022\/11\/logo-dark_180x@2x.png","width":360,"height":100,"caption":"Lotte&#039;s Papery"},"image":{"@id":"https:\/\/lottespapery.com\/en\/#\/schema\/logo\/image\/"},"sameAs":["https:\/\/www.instagram.com\/lottes_papery\/","https:\/\/www.facebook.com\/LottesPapery\/"]}]}},"_links":{"self":[{"href":"https:\/\/lottespapery.com\/en\/wp-json\/wp\/v2\/product\/37009","targetHints":{"allow":["GET"]}}],"collection":[{"href":"https:\/\/lottespapery.com\/en\/wp-json\/wp\/v2\/product"}],"about":[{"href":"https:\/\/lottespapery.com\/en\/wp-json\/wp\/v2\/types\/product"}],"wp:featuredmedia":[{"embeddable":true,"href":"https:\/\/lottespapery.com\/en\/wp-json\/wp\/v2\/media\/36979"}],"wp:attachment":[{"href":"https:\/\/lottespapery.com\/en\/wp-json\/wp\/v2\/media?parent=37009"}],"wp:term":[{"taxonomy":"product_brand","embeddable":true,"href":"https:\/\/lottespapery.com\/en\/wp-json\/wp\/v2\/product_brand?post=37009"},{"taxonomy":"product_cat","embeddable":true,"href":"https:\/\/lottespapery.com\/en\/wp-json\/wp\/v2\/product_cat?post=37009"},{"taxonomy":"product_tag","embeddable":true,"href":"https:\/\/lottespapery.com\/en\/wp-json\/wp\/v2\/product_tag?post=37009"}],"curies":[{"name":"wp","href":"https:\/\/api.w.org\/{rel}","templated":true}]}}