{"id":37037,"date":"2025-02-17T17:52:22","date_gmt":"2025-02-17T15:52:22","guid":{"rendered":"https:\/\/lottespapery.com\/?post_type=product&#038;p=37037"},"modified":"2025-02-17T18:10:28","modified_gmt":"2025-02-17T16:10:28","slug":"samta-aploksne-ar-personalizetu-kazu-logo-iii","status":"publish","type":"product","link":"https:\/\/lottespapery.com\/en\/products\/samta-aploksne-ar-personalizetu-kazu-logo-iii\/","title":{"rendered":"Velvet envelope with personalized wedding logo III"},"content":{"rendered":"","protected":false},"excerpt":{"rendered":"","protected":false},"featured_media":37040,"template":"","meta":[],"product_brand":[],"product_cat":[1763],"product_tag":[],"class_list":{"0":"post-37037","1":"product","2":"type-product","3":"status-publish","4":"has-post-thumbnail","6":"product_cat-envelopes-en","8":"first","9":"instock","10":"taxable","11":"shipping-taxable","12":"purchasable","13":"product-type-variable","14":"has-default-attributes"},"raw_content":{"name":"Velvet envelope with personalized wedding logo III","description":"","short_description":"","status":"publish","sku":"EDDB-F201A3","original":37035},"wpml":{"translation_type":1,"has_translations":true,"original":37035,"duplicates":[],"translations":{"lv":37035,"en":37037}},"yoast_head":"<!-- This site is optimized with the Yoast SEO plugin v19.10 - https:\/\/yoast.com\/wordpress\/plugins\/seo\/ -->\n<title>Velvet envelope with personalized wedding logo III - Lotte&#039;s Papery<\/title>\n<meta name=\"description\" content=\"A velvet envelope with a wedding logo embossed will be a great accent for wedding invitations.  Choose your velvet color and foil embossing color, and don&#039;t forget to include your chosen initials in the comments section when you checkout. The design of this product will not be changed.  Envelope size: 114x162mm (C6)  Minimum order quantity: 30 pieces. The price is for 1 piece.\" \/>\n<meta name=\"robots\" content=\"index, follow, max-snippet:-1, max-image-preview:large, max-video-preview:-1\" \/>\n<link rel=\"canonical\" href=\"https:\/\/lottespapery.com\/en\/products\/samta-aploksne-ar-personalizetu-kazu-logo-iii\/\" \/>\n<meta property=\"og:locale\" content=\"en_US\" \/>\n<meta property=\"og:type\" content=\"article\" \/>\n<meta property=\"og:title\" content=\"Velvet envelope with personalized wedding logo III - Lotte&#039;s Papery\" \/>\n<meta property=\"og:description\" content=\"A velvet envelope with a wedding logo embossed will be a great accent for wedding invitations.  Choose your velvet color and foil embossing color, and don&#039;t forget to include your chosen initials in the comments section when you checkout. The design of this product will not be changed.  Envelope size: 114x162mm (C6)  Minimum order quantity: 30 pieces. The price is for 1 piece.\" \/>\n<meta property=\"og:url\" content=\"https:\/\/lottespapery.com\/en\/products\/samta-aploksne-ar-personalizetu-kazu-logo-iii\/\" \/>\n<meta property=\"og:site_name\" content=\"Lotte&#039;s Papery\" \/>\n<meta property=\"article:publisher\" content=\"https:\/\/www.facebook.com\/LottesPapery\/\" \/>\n<meta property=\"article:modified_time\" content=\"2025-02-17T16:10:28+00:00\" \/>\n<meta property=\"og:image\" content=\"http:\/\/lottespapery.com\/wp-content\/uploads\/2025\/02\/il_1588xN.3942681025_d86d.jpeg\" \/>\n\t<meta property=\"og:image:width\" content=\"1588\" \/>\n\t<meta property=\"og:image:height\" content=\"1578\" \/>\n\t<meta property=\"og:image:type\" content=\"image\/jpeg\" \/>\n<meta name=\"twitter:card\" content=\"summary_large_image\" \/>\n<script type=\"application\/ld+json\" class=\"yoast-schema-graph\">{\"@context\":\"https:\/\/schema.org\",\"@graph\":[{\"@type\":\"WebPage\",\"@id\":\"https:\/\/lottespapery.com\/en\/products\/samta-aploksne-ar-personalizetu-kazu-logo-iii\/\",\"url\":\"https:\/\/lottespapery.com\/en\/products\/samta-aploksne-ar-personalizetu-kazu-logo-iii\/\",\"name\":\"Velvet envelope with personalized wedding logo III - Lotte&#039;s Papery\",\"isPartOf\":{\"@id\":\"https:\/\/lottespapery.com\/en\/#website\"},\"datePublished\":\"2025-02-17T15:52:22+00:00\",\"dateModified\":\"2025-02-17T16:10:28+00:00\",\"description\":\"A velvet envelope with a wedding logo embossed will be a great accent for wedding invitations. Choose your velvet color and foil embossing color, and don't forget to include your chosen initials in the comments section when you checkout. The design of this product will not be changed. Envelope size: 114x162mm (C6) Minimum order quantity: 30 pieces. The price is for 1 piece.\",\"breadcrumb\":{\"@id\":\"https:\/\/lottespapery.com\/en\/products\/samta-aploksne-ar-personalizetu-kazu-logo-iii\/#breadcrumb\"},\"inLanguage\":\"en-US\",\"potentialAction\":[{\"@type\":\"ReadAction\",\"target\":[\"https:\/\/lottespapery.com\/en\/products\/samta-aploksne-ar-personalizetu-kazu-logo-iii\/\"]}]},{\"@type\":\"BreadcrumbList\",\"@id\":\"https:\/\/lottespapery.com\/en\/products\/samta-aploksne-ar-personalizetu-kazu-logo-iii\/#breadcrumb\",\"itemListElement\":[{\"@type\":\"ListItem\",\"position\":1,\"name\":\"Home\",\"item\":\"https:\/\/lottespapery.com\/en\/\"},{\"@type\":\"ListItem\",\"position\":2,\"name\":\"Shop\",\"item\":\"https:\/\/lottespapery.com\/en\/shop\/\"},{\"@type\":\"ListItem\",\"position\":3,\"name\":\"Velvet envelope with personalized wedding logo III\"}]},{\"@type\":\"WebSite\",\"@id\":\"https:\/\/lottespapery.com\/en\/#website\",\"url\":\"https:\/\/lottespapery.com\/en\/\",\"name\":\"Lotte&#039;s Papery\",\"description\":\"Pap\u012brlietas un \u0101das izstr\u0101d\u0101jumi\",\"publisher\":{\"@id\":\"https:\/\/lottespapery.com\/en\/#organization\"},\"potentialAction\":[{\"@type\":\"SearchAction\",\"target\":{\"@type\":\"EntryPoint\",\"urlTemplate\":\"https:\/\/lottespapery.com\/en\/?s={search_term_string}\"},\"query-input\":\"required name=search_term_string\"}],\"inLanguage\":\"en-US\"},{\"@type\":\"Organization\",\"@id\":\"https:\/\/lottespapery.com\/en\/#organization\",\"name\":\"Lotte&#039;s Papery\",\"url\":\"https:\/\/lottespapery.com\/en\/\",\"logo\":{\"@type\":\"ImageObject\",\"inLanguage\":\"en-US\",\"@id\":\"https:\/\/lottespapery.com\/en\/#\/schema\/logo\/image\/\",\"url\":\"http:\/\/lottespapery.com\/wp-content\/uploads\/2022\/11\/logo-dark_180x@2x.png\",\"contentUrl\":\"http:\/\/lottespapery.com\/wp-content\/uploads\/2022\/11\/logo-dark_180x@2x.png\",\"width\":360,\"height\":100,\"caption\":\"Lotte&#039;s Papery\"},\"image\":{\"@id\":\"https:\/\/lottespapery.com\/en\/#\/schema\/logo\/image\/\"},\"sameAs\":[\"https:\/\/www.instagram.com\/lottes_papery\/\",\"https:\/\/www.facebook.com\/LottesPapery\/\"]}]}<\/script>\n<!-- \/ Yoast SEO plugin. -->","yoast_head_json":{"title":"Velvet envelope with personalized wedding logo III - Lotte&#039;s Papery","description":"A velvet envelope with a wedding logo embossed will be a great accent for wedding invitations.  Choose your velvet color and foil embossing color, and don't forget to include your chosen initials in the comments section when you checkout. The design of this product will not be changed.  Envelope size: 114x162mm (C6)  Minimum order quantity: 30 pieces. The price is for 1 piece.","robots":{"index":"index","follow":"follow","max-snippet":"max-snippet:-1","max-image-preview":"max-image-preview:large","max-video-preview":"max-video-preview:-1"},"canonical":"https:\/\/lottespapery.com\/en\/products\/samta-aploksne-ar-personalizetu-kazu-logo-iii\/","og_locale":"en_US","og_type":"article","og_title":"Velvet envelope with personalized wedding logo III - Lotte&#039;s Papery","og_description":"A velvet envelope with a wedding logo embossed will be a great accent for wedding invitations.  Choose your velvet color and foil embossing color, and don't forget to include your chosen initials in the comments section when you checkout. The design of this product will not be changed.  Envelope size: 114x162mm (C6)  Minimum order quantity: 30 pieces. The price is for 1 piece.","og_url":"https:\/\/lottespapery.com\/en\/products\/samta-aploksne-ar-personalizetu-kazu-logo-iii\/","og_site_name":"Lotte&#039;s Papery","article_publisher":"https:\/\/www.facebook.com\/LottesPapery\/","article_modified_time":"2025-02-17T16:10:28+00:00","og_image":[{"width":1588,"height":1578,"url":"http:\/\/lottespapery.com\/wp-content\/uploads\/2025\/02\/il_1588xN.3942681025_d86d.jpeg","type":"image\/jpeg"}],"twitter_card":"summary_large_image","schema":{"@context":"https:\/\/schema.org","@graph":[{"@type":"WebPage","@id":"https:\/\/lottespapery.com\/en\/products\/samta-aploksne-ar-personalizetu-kazu-logo-iii\/","url":"https:\/\/lottespapery.com\/en\/products\/samta-aploksne-ar-personalizetu-kazu-logo-iii\/","name":"Velvet envelope with personalized wedding logo III - Lotte&#039;s Papery","isPartOf":{"@id":"https:\/\/lottespapery.com\/en\/#website"},"datePublished":"2025-02-17T15:52:22+00:00","dateModified":"2025-02-17T16:10:28+00:00","description":"A velvet envelope with a wedding logo embossed will be a great accent for wedding invitations. Choose your velvet color and foil embossing color, and don't forget to include your chosen initials in the comments section when you checkout. The design of this product will not be changed. Envelope size: 114x162mm (C6) Minimum order quantity: 30 pieces. The price is for 1 piece.","breadcrumb":{"@id":"https:\/\/lottespapery.com\/en\/products\/samta-aploksne-ar-personalizetu-kazu-logo-iii\/#breadcrumb"},"inLanguage":"en-US","potentialAction":[{"@type":"ReadAction","target":["https:\/\/lottespapery.com\/en\/products\/samta-aploksne-ar-personalizetu-kazu-logo-iii\/"]}]},{"@type":"BreadcrumbList","@id":"https:\/\/lottespapery.com\/en\/products\/samta-aploksne-ar-personalizetu-kazu-logo-iii\/#breadcrumb","itemListElement":[{"@type":"ListItem","position":1,"name":"Home","item":"https:\/\/lottespapery.com\/en\/"},{"@type":"ListItem","position":2,"name":"Shop","item":"https:\/\/lottespapery.com\/en\/shop\/"},{"@type":"ListItem","position":3,"name":"Velvet envelope with personalized wedding logo III"}]},{"@type":"WebSite","@id":"https:\/\/lottespapery.com\/en\/#website","url":"https:\/\/lottespapery.com\/en\/","name":"Lotte&#039;s Papery","description":"Pap\u012brlietas un \u0101das izstr\u0101d\u0101jumi","publisher":{"@id":"https:\/\/lottespapery.com\/en\/#organization"},"potentialAction":[{"@type":"SearchAction","target":{"@type":"EntryPoint","urlTemplate":"https:\/\/lottespapery.com\/en\/?s={search_term_string}"},"query-input":"required name=search_term_string"}],"inLanguage":"en-US"},{"@type":"Organization","@id":"https:\/\/lottespapery.com\/en\/#organization","name":"Lotte&#039;s Papery","url":"https:\/\/lottespapery.com\/en\/","logo":{"@type":"ImageObject","inLanguage":"en-US","@id":"https:\/\/lottespapery.com\/en\/#\/schema\/logo\/image\/","url":"http:\/\/lottespapery.com\/wp-content\/uploads\/2022\/11\/logo-dark_180x@2x.png","contentUrl":"http:\/\/lottespapery.com\/wp-content\/uploads\/2022\/11\/logo-dark_180x@2x.png","width":360,"height":100,"caption":"Lotte&#039;s Papery"},"image":{"@id":"https:\/\/lottespapery.com\/en\/#\/schema\/logo\/image\/"},"sameAs":["https:\/\/www.instagram.com\/lottes_papery\/","https:\/\/www.facebook.com\/LottesPapery\/"]}]}},"_links":{"self":[{"href":"https:\/\/lottespapery.com\/en\/wp-json\/wp\/v2\/product\/37037","targetHints":{"allow":["GET"]}}],"collection":[{"href":"https:\/\/lottespapery.com\/en\/wp-json\/wp\/v2\/product"}],"about":[{"href":"https:\/\/lottespapery.com\/en\/wp-json\/wp\/v2\/types\/product"}],"wp:featuredmedia":[{"embeddable":true,"href":"https:\/\/lottespapery.com\/en\/wp-json\/wp\/v2\/media\/37040"}],"wp:attachment":[{"href":"https:\/\/lottespapery.com\/en\/wp-json\/wp\/v2\/media?parent=37037"}],"wp:term":[{"taxonomy":"product_brand","embeddable":true,"href":"https:\/\/lottespapery.com\/en\/wp-json\/wp\/v2\/product_brand?post=37037"},{"taxonomy":"product_cat","embeddable":true,"href":"https:\/\/lottespapery.com\/en\/wp-json\/wp\/v2\/product_cat?post=37037"},{"taxonomy":"product_tag","embeddable":true,"href":"https:\/\/lottespapery.com\/en\/wp-json\/wp\/v2\/product_tag?post=37037"}],"curies":[{"name":"wp","href":"https:\/\/api.w.org\/{rel}","templated":true}]}}