{"id":37083,"date":"2025-02-18T13:12:51","date_gmt":"2025-02-18T11:12:51","guid":{"rendered":"https:\/\/lottespapery.com\/products\/wedding-invitation-rsvp-card-forest\/"},"modified":"2025-02-18T15:55:06","modified_gmt":"2025-02-18T13:55:06","slug":"kazu-ineluguma-rsvp-kartite-forest","status":"publish","type":"product","link":"https:\/\/lottespapery.com\/en\/products\/kazu-ineluguma-rsvp-kartite-forest\/","title":{"rendered":"Wedding invitation RSVP card \u201cFOREST\u201d"},"content":{"rendered":"","protected":false},"excerpt":{"rendered":"","protected":false},"featured_media":28783,"template":"","meta":[],"product_brand":[],"product_cat":[1638],"product_tag":[],"class_list":{"0":"post-37083","1":"product","2":"type-product","3":"status-publish","4":"has-post-thumbnail","6":"product_cat-rsvp-cards","8":"first","9":"instock","10":"taxable","11":"shipping-taxable","12":"purchasable","13":"product-type-simple"},"raw_content":{"name":"Wedding invitation RSVP card \u201cFOREST\u201d","description":"","short_description":"","status":"publish","sku":"20CD-D593BB","original":29039},"wpml":{"translation_type":1,"has_translations":true,"original":29039,"duplicates":[],"translations":{"lv":29039,"en":37083}},"yoast_head":"<!-- This site is optimized with the Yoast SEO plugin v19.10 - https:\/\/yoast.com\/wordpress\/plugins\/seo\/ -->\n<title>Wedding invitation RSVP card \u201cFOREST\u201d<\/title>\n<meta name=\"description\" content=\"Wedding invitation RSVP card. Hand-torn paper card in forest green with a translucent envelope. Calligraphic and minimalistic text.\" \/>\n<meta name=\"robots\" content=\"index, follow, max-snippet:-1, max-image-preview:large, max-video-preview:-1\" \/>\n<link rel=\"canonical\" href=\"https:\/\/lottespapery.com\/en\/products\/kazu-ineluguma-rsvp-kartite-forest\/\" \/>\n<meta property=\"og:locale\" content=\"en_US\" \/>\n<meta property=\"og:type\" content=\"article\" \/>\n<meta property=\"og:title\" content=\"Wedding invitation RSVP card \u201cFOREST\u201d\" \/>\n<meta property=\"og:description\" content=\"Wedding invitation RSVP card. Hand-torn paper card in forest green with a translucent envelope. Calligraphic and minimalistic text.\" \/>\n<meta property=\"og:url\" content=\"https:\/\/lottespapery.com\/en\/products\/kazu-ineluguma-rsvp-kartite-forest\/\" \/>\n<meta property=\"og:site_name\" content=\"Lotte&#039;s Papery\" \/>\n<meta property=\"article:publisher\" content=\"https:\/\/www.facebook.com\/LottesPapery\/\" \/>\n<meta property=\"article:modified_time\" content=\"2025-02-18T13:55:06+00:00\" \/>\n<meta property=\"og:image\" content=\"http:\/\/lottespapery.com\/wp-content\/uploads\/2023\/08\/GREEN-SET-DETAILS-RGB-05-scaled.jpg\" \/>\n\t<meta property=\"og:image:width\" content=\"2533\" \/>\n\t<meta property=\"og:image:height\" content=\"2560\" \/>\n\t<meta property=\"og:image:type\" content=\"image\/jpeg\" \/>\n<meta name=\"twitter:card\" content=\"summary_large_image\" \/>\n<script type=\"application\/ld+json\" class=\"yoast-schema-graph\">{\"@context\":\"https:\/\/schema.org\",\"@graph\":[{\"@type\":\"WebPage\",\"@id\":\"https:\/\/lottespapery.com\/en\/products\/kazu-ineluguma-rsvp-kartite-forest\/\",\"url\":\"https:\/\/lottespapery.com\/en\/products\/kazu-ineluguma-rsvp-kartite-forest\/\",\"name\":\"Wedding invitation RSVP card \u201cFOREST\u201d\",\"isPartOf\":{\"@id\":\"https:\/\/lottespapery.com\/en\/#website\"},\"datePublished\":\"2025-02-18T11:12:51+00:00\",\"dateModified\":\"2025-02-18T13:55:06+00:00\",\"description\":\"Wedding invitation RSVP card. Hand-torn paper card in forest green with a translucent envelope. Calligraphic and minimalistic text.\",\"breadcrumb\":{\"@id\":\"https:\/\/lottespapery.com\/en\/products\/kazu-ineluguma-rsvp-kartite-forest\/#breadcrumb\"},\"inLanguage\":\"en-US\",\"potentialAction\":[{\"@type\":\"ReadAction\",\"target\":[\"https:\/\/lottespapery.com\/en\/products\/kazu-ineluguma-rsvp-kartite-forest\/\"]}]},{\"@type\":\"BreadcrumbList\",\"@id\":\"https:\/\/lottespapery.com\/en\/products\/kazu-ineluguma-rsvp-kartite-forest\/#breadcrumb\",\"itemListElement\":[{\"@type\":\"ListItem\",\"position\":1,\"name\":\"Home\",\"item\":\"https:\/\/lottespapery.com\/en\/\"},{\"@type\":\"ListItem\",\"position\":2,\"name\":\"Shop\",\"item\":\"https:\/\/lottespapery.com\/en\/shop\/\"},{\"@type\":\"ListItem\",\"position\":3,\"name\":\"Wedding invitation RSVP card \u201cFOREST\u201d\"}]},{\"@type\":\"WebSite\",\"@id\":\"https:\/\/lottespapery.com\/en\/#website\",\"url\":\"https:\/\/lottespapery.com\/en\/\",\"name\":\"Lotte&#039;s Papery\",\"description\":\"Pap\u012brlietas un \u0101das izstr\u0101d\u0101jumi\",\"publisher\":{\"@id\":\"https:\/\/lottespapery.com\/en\/#organization\"},\"potentialAction\":[{\"@type\":\"SearchAction\",\"target\":{\"@type\":\"EntryPoint\",\"urlTemplate\":\"https:\/\/lottespapery.com\/en\/?s={search_term_string}\"},\"query-input\":\"required name=search_term_string\"}],\"inLanguage\":\"en-US\"},{\"@type\":\"Organization\",\"@id\":\"https:\/\/lottespapery.com\/en\/#organization\",\"name\":\"Lotte&#039;s Papery\",\"url\":\"https:\/\/lottespapery.com\/en\/\",\"logo\":{\"@type\":\"ImageObject\",\"inLanguage\":\"en-US\",\"@id\":\"https:\/\/lottespapery.com\/en\/#\/schema\/logo\/image\/\",\"url\":\"http:\/\/lottespapery.com\/wp-content\/uploads\/2022\/11\/logo-dark_180x@2x.png\",\"contentUrl\":\"http:\/\/lottespapery.com\/wp-content\/uploads\/2022\/11\/logo-dark_180x@2x.png\",\"width\":360,\"height\":100,\"caption\":\"Lotte&#039;s Papery\"},\"image\":{\"@id\":\"https:\/\/lottespapery.com\/en\/#\/schema\/logo\/image\/\"},\"sameAs\":[\"https:\/\/www.instagram.com\/lottes_papery\/\",\"https:\/\/www.facebook.com\/LottesPapery\/\"]}]}<\/script>\n<!-- \/ Yoast SEO plugin. -->","yoast_head_json":{"title":"Wedding invitation RSVP card \u201cFOREST\u201d","description":"Wedding invitation RSVP card. Hand-torn paper card in forest green with a translucent envelope. Calligraphic and minimalistic text.","robots":{"index":"index","follow":"follow","max-snippet":"max-snippet:-1","max-image-preview":"max-image-preview:large","max-video-preview":"max-video-preview:-1"},"canonical":"https:\/\/lottespapery.com\/en\/products\/kazu-ineluguma-rsvp-kartite-forest\/","og_locale":"en_US","og_type":"article","og_title":"Wedding invitation RSVP card \u201cFOREST\u201d","og_description":"Wedding invitation RSVP card. Hand-torn paper card in forest green with a translucent envelope. Calligraphic and minimalistic text.","og_url":"https:\/\/lottespapery.com\/en\/products\/kazu-ineluguma-rsvp-kartite-forest\/","og_site_name":"Lotte&#039;s Papery","article_publisher":"https:\/\/www.facebook.com\/LottesPapery\/","article_modified_time":"2025-02-18T13:55:06+00:00","og_image":[{"width":2533,"height":2560,"url":"http:\/\/lottespapery.com\/wp-content\/uploads\/2023\/08\/GREEN-SET-DETAILS-RGB-05-scaled.jpg","type":"image\/jpeg"}],"twitter_card":"summary_large_image","schema":{"@context":"https:\/\/schema.org","@graph":[{"@type":"WebPage","@id":"https:\/\/lottespapery.com\/en\/products\/kazu-ineluguma-rsvp-kartite-forest\/","url":"https:\/\/lottespapery.com\/en\/products\/kazu-ineluguma-rsvp-kartite-forest\/","name":"Wedding invitation RSVP card \u201cFOREST\u201d","isPartOf":{"@id":"https:\/\/lottespapery.com\/en\/#website"},"datePublished":"2025-02-18T11:12:51+00:00","dateModified":"2025-02-18T13:55:06+00:00","description":"Wedding invitation RSVP card. Hand-torn paper card in forest green with a translucent envelope. Calligraphic and minimalistic text.","breadcrumb":{"@id":"https:\/\/lottespapery.com\/en\/products\/kazu-ineluguma-rsvp-kartite-forest\/#breadcrumb"},"inLanguage":"en-US","potentialAction":[{"@type":"ReadAction","target":["https:\/\/lottespapery.com\/en\/products\/kazu-ineluguma-rsvp-kartite-forest\/"]}]},{"@type":"BreadcrumbList","@id":"https:\/\/lottespapery.com\/en\/products\/kazu-ineluguma-rsvp-kartite-forest\/#breadcrumb","itemListElement":[{"@type":"ListItem","position":1,"name":"Home","item":"https:\/\/lottespapery.com\/en\/"},{"@type":"ListItem","position":2,"name":"Shop","item":"https:\/\/lottespapery.com\/en\/shop\/"},{"@type":"ListItem","position":3,"name":"Wedding invitation RSVP card \u201cFOREST\u201d"}]},{"@type":"WebSite","@id":"https:\/\/lottespapery.com\/en\/#website","url":"https:\/\/lottespapery.com\/en\/","name":"Lotte&#039;s Papery","description":"Pap\u012brlietas un \u0101das izstr\u0101d\u0101jumi","publisher":{"@id":"https:\/\/lottespapery.com\/en\/#organization"},"potentialAction":[{"@type":"SearchAction","target":{"@type":"EntryPoint","urlTemplate":"https:\/\/lottespapery.com\/en\/?s={search_term_string}"},"query-input":"required name=search_term_string"}],"inLanguage":"en-US"},{"@type":"Organization","@id":"https:\/\/lottespapery.com\/en\/#organization","name":"Lotte&#039;s Papery","url":"https:\/\/lottespapery.com\/en\/","logo":{"@type":"ImageObject","inLanguage":"en-US","@id":"https:\/\/lottespapery.com\/en\/#\/schema\/logo\/image\/","url":"http:\/\/lottespapery.com\/wp-content\/uploads\/2022\/11\/logo-dark_180x@2x.png","contentUrl":"http:\/\/lottespapery.com\/wp-content\/uploads\/2022\/11\/logo-dark_180x@2x.png","width":360,"height":100,"caption":"Lotte&#039;s Papery"},"image":{"@id":"https:\/\/lottespapery.com\/en\/#\/schema\/logo\/image\/"},"sameAs":["https:\/\/www.instagram.com\/lottes_papery\/","https:\/\/www.facebook.com\/LottesPapery\/"]}]}},"_links":{"self":[{"href":"https:\/\/lottespapery.com\/en\/wp-json\/wp\/v2\/product\/37083","targetHints":{"allow":["GET"]}}],"collection":[{"href":"https:\/\/lottespapery.com\/en\/wp-json\/wp\/v2\/product"}],"about":[{"href":"https:\/\/lottespapery.com\/en\/wp-json\/wp\/v2\/types\/product"}],"wp:featuredmedia":[{"embeddable":true,"href":"https:\/\/lottespapery.com\/en\/wp-json\/wp\/v2\/media\/28783"}],"wp:attachment":[{"href":"https:\/\/lottespapery.com\/en\/wp-json\/wp\/v2\/media?parent=37083"}],"wp:term":[{"taxonomy":"product_brand","embeddable":true,"href":"https:\/\/lottespapery.com\/en\/wp-json\/wp\/v2\/product_brand?post=37083"},{"taxonomy":"product_cat","embeddable":true,"href":"https:\/\/lottespapery.com\/en\/wp-json\/wp\/v2\/product_cat?post=37083"},{"taxonomy":"product_tag","embeddable":true,"href":"https:\/\/lottespapery.com\/en\/wp-json\/wp\/v2\/product_tag?post=37083"}],"curies":[{"name":"wp","href":"https:\/\/api.w.org\/{rel}","templated":true}]}}