{"id":37172,"date":"2025-02-19T17:19:03","date_gmt":"2025-02-19T15:19:03","guid":{"rendered":"https:\/\/lottespapery.com\/products\/envelope-printing\/"},"modified":"2025-04-29T17:57:10","modified_gmt":"2025-04-29T14:57:10","slug":"aploksnu-apdruka","status":"publish","type":"product","link":"https:\/\/lottespapery.com\/en\/products\/aploksnu-apdruka\/","title":{"rendered":"Envelope addressing"},"content":{"rendered":"","protected":false},"excerpt":{"rendered":"","protected":false},"featured_media":37156,"template":"","meta":[],"product_brand":[],"product_cat":[1784,1763],"product_tag":[],"class_list":{"0":"post-37172","1":"product","2":"type-product","3":"status-publish","4":"has-post-thumbnail","6":"product_cat-envelope-liners","7":"product_cat-envelopes-en","9":"first","10":"instock","11":"taxable","12":"shipping-taxable","13":"purchasable","14":"product-type-variable","15":"has-default-attributes"},"raw_content":{"name":"Envelope addressing","description":"","short_description":"","status":"publish","sku":"0F90-828154","original":37154},"wpml":{"translation_type":1,"has_translations":true,"original":37154,"duplicates":[],"translations":{"lv":37154,"en":37172}},"yoast_head":"<!-- This site is optimized with the Yoast SEO plugin v19.10 - https:\/\/yoast.com\/wordpress\/plugins\/seo\/ -->\n<title>Envelope addressing - Lotte&#039;s Papery<\/title>\n<meta name=\"description\" content=\"Printing on C6 envelopes (114 \u00d7 162 mm). Choose your preferred print style and quantity. Printing is available only for the envelopes shown in the image. The price includes the envelope in white, light cream, or light gray.   You can also customize the lining for the envelopes, which is available here . Production time, depending on the workload, 1-3 weeks. If you need to receive the envelopes by a specific date, please contact us in advance by writing to info@lottespapery.com.\" \/>\n<meta name=\"robots\" content=\"index, follow, max-snippet:-1, max-image-preview:large, max-video-preview:-1\" \/>\n<link rel=\"canonical\" href=\"https:\/\/lottespapery.com\/en\/products\/aploksnu-apdruka\/\" \/>\n<meta property=\"og:locale\" content=\"en_US\" \/>\n<meta property=\"og:type\" content=\"article\" \/>\n<meta property=\"og:title\" content=\"Envelope addressing - Lotte&#039;s Papery\" \/>\n<meta property=\"og:description\" content=\"Printing on C6 envelopes (114 \u00d7 162 mm). Choose your preferred print style and quantity. Printing is available only for the envelopes shown in the image. The price includes the envelope in white, light cream, or light gray.   You can also customize the lining for the envelopes, which is available here . Production time, depending on the workload, 1-3 weeks. If you need to receive the envelopes by a specific date, please contact us in advance by writing to info@lottespapery.com.\" \/>\n<meta property=\"og:url\" content=\"https:\/\/lottespapery.com\/en\/products\/aploksnu-apdruka\/\" \/>\n<meta property=\"og:site_name\" content=\"Lotte&#039;s Papery\" \/>\n<meta property=\"article:publisher\" content=\"https:\/\/www.facebook.com\/LottesPapery\/\" \/>\n<meta property=\"article:modified_time\" content=\"2025-04-29T14:57:10+00:00\" \/>\n<meta property=\"og:image\" content=\"http:\/\/lottespapery.com\/wp-content\/uploads\/2025\/02\/IMG_5827L-scaled.jpg\" \/>\n\t<meta property=\"og:image:width\" content=\"1919\" \/>\n\t<meta property=\"og:image:height\" content=\"2560\" \/>\n\t<meta property=\"og:image:type\" content=\"image\/jpeg\" \/>\n<meta name=\"twitter:card\" content=\"summary_large_image\" \/>\n<script type=\"application\/ld+json\" class=\"yoast-schema-graph\">{\"@context\":\"https:\/\/schema.org\",\"@graph\":[{\"@type\":\"WebPage\",\"@id\":\"https:\/\/lottespapery.com\/en\/products\/aploksnu-apdruka\/\",\"url\":\"https:\/\/lottespapery.com\/en\/products\/aploksnu-apdruka\/\",\"name\":\"Envelope addressing - Lotte&#039;s Papery\",\"isPartOf\":{\"@id\":\"https:\/\/lottespapery.com\/en\/#website\"},\"datePublished\":\"2025-02-19T15:19:03+00:00\",\"dateModified\":\"2025-04-29T14:57:10+00:00\",\"description\":\"Printing on C6 envelopes (114 \u00d7 162 mm). Choose your preferred print style and quantity. Printing is available only for the envelopes shown in the image. The price includes the envelope in white, light cream, or light gray. You can also customize the lining for the envelopes, which is available here . Production time, depending on the workload, 1-3 weeks. If you need to receive the envelopes by a specific date, please contact us in advance by writing to info@lottespapery.com.\",\"breadcrumb\":{\"@id\":\"https:\/\/lottespapery.com\/en\/products\/aploksnu-apdruka\/#breadcrumb\"},\"inLanguage\":\"en-US\",\"potentialAction\":[{\"@type\":\"ReadAction\",\"target\":[\"https:\/\/lottespapery.com\/en\/products\/aploksnu-apdruka\/\"]}]},{\"@type\":\"BreadcrumbList\",\"@id\":\"https:\/\/lottespapery.com\/en\/products\/aploksnu-apdruka\/#breadcrumb\",\"itemListElement\":[{\"@type\":\"ListItem\",\"position\":1,\"name\":\"Home\",\"item\":\"https:\/\/lottespapery.com\/en\/\"},{\"@type\":\"ListItem\",\"position\":2,\"name\":\"Shop\",\"item\":\"https:\/\/lottespapery.com\/en\/shop\/\"},{\"@type\":\"ListItem\",\"position\":3,\"name\":\"Envelope addressing\"}]},{\"@type\":\"WebSite\",\"@id\":\"https:\/\/lottespapery.com\/en\/#website\",\"url\":\"https:\/\/lottespapery.com\/en\/\",\"name\":\"Lotte&#039;s Papery\",\"description\":\"Pap\u012brlietas un \u0101das izstr\u0101d\u0101jumi\",\"publisher\":{\"@id\":\"https:\/\/lottespapery.com\/en\/#organization\"},\"potentialAction\":[{\"@type\":\"SearchAction\",\"target\":{\"@type\":\"EntryPoint\",\"urlTemplate\":\"https:\/\/lottespapery.com\/en\/?s={search_term_string}\"},\"query-input\":\"required name=search_term_string\"}],\"inLanguage\":\"en-US\"},{\"@type\":\"Organization\",\"@id\":\"https:\/\/lottespapery.com\/en\/#organization\",\"name\":\"Lotte&#039;s Papery\",\"url\":\"https:\/\/lottespapery.com\/en\/\",\"logo\":{\"@type\":\"ImageObject\",\"inLanguage\":\"en-US\",\"@id\":\"https:\/\/lottespapery.com\/en\/#\/schema\/logo\/image\/\",\"url\":\"http:\/\/lottespapery.com\/wp-content\/uploads\/2022\/11\/logo-dark_180x@2x.png\",\"contentUrl\":\"http:\/\/lottespapery.com\/wp-content\/uploads\/2022\/11\/logo-dark_180x@2x.png\",\"width\":360,\"height\":100,\"caption\":\"Lotte&#039;s Papery\"},\"image\":{\"@id\":\"https:\/\/lottespapery.com\/en\/#\/schema\/logo\/image\/\"},\"sameAs\":[\"https:\/\/www.instagram.com\/lottes_papery\/\",\"https:\/\/www.facebook.com\/LottesPapery\/\"]}]}<\/script>\n<!-- \/ Yoast SEO plugin. -->","yoast_head_json":{"title":"Envelope addressing - Lotte&#039;s Papery","description":"Printing on C6 envelopes (114 \u00d7 162 mm). Choose your preferred print style and quantity. Printing is available only for the envelopes shown in the image. The price includes the envelope in white, light cream, or light gray.   You can also customize the lining for the envelopes, which is available here . Production time, depending on the workload, 1-3 weeks. If you need to receive the envelopes by a specific date, please contact us in advance by writing to info@lottespapery.com.","robots":{"index":"index","follow":"follow","max-snippet":"max-snippet:-1","max-image-preview":"max-image-preview:large","max-video-preview":"max-video-preview:-1"},"canonical":"https:\/\/lottespapery.com\/en\/products\/aploksnu-apdruka\/","og_locale":"en_US","og_type":"article","og_title":"Envelope addressing - Lotte&#039;s Papery","og_description":"Printing on C6 envelopes (114 \u00d7 162 mm). Choose your preferred print style and quantity. Printing is available only for the envelopes shown in the image. The price includes the envelope in white, light cream, or light gray.   You can also customize the lining for the envelopes, which is available here . Production time, depending on the workload, 1-3 weeks. If you need to receive the envelopes by a specific date, please contact us in advance by writing to info@lottespapery.com.","og_url":"https:\/\/lottespapery.com\/en\/products\/aploksnu-apdruka\/","og_site_name":"Lotte&#039;s Papery","article_publisher":"https:\/\/www.facebook.com\/LottesPapery\/","article_modified_time":"2025-04-29T14:57:10+00:00","og_image":[{"width":1919,"height":2560,"url":"http:\/\/lottespapery.com\/wp-content\/uploads\/2025\/02\/IMG_5827L-scaled.jpg","type":"image\/jpeg"}],"twitter_card":"summary_large_image","schema":{"@context":"https:\/\/schema.org","@graph":[{"@type":"WebPage","@id":"https:\/\/lottespapery.com\/en\/products\/aploksnu-apdruka\/","url":"https:\/\/lottespapery.com\/en\/products\/aploksnu-apdruka\/","name":"Envelope addressing - Lotte&#039;s Papery","isPartOf":{"@id":"https:\/\/lottespapery.com\/en\/#website"},"datePublished":"2025-02-19T15:19:03+00:00","dateModified":"2025-04-29T14:57:10+00:00","description":"Printing on C6 envelopes (114 \u00d7 162 mm). Choose your preferred print style and quantity. Printing is available only for the envelopes shown in the image. The price includes the envelope in white, light cream, or light gray. You can also customize the lining for the envelopes, which is available here . Production time, depending on the workload, 1-3 weeks. If you need to receive the envelopes by a specific date, please contact us in advance by writing to info@lottespapery.com.","breadcrumb":{"@id":"https:\/\/lottespapery.com\/en\/products\/aploksnu-apdruka\/#breadcrumb"},"inLanguage":"en-US","potentialAction":[{"@type":"ReadAction","target":["https:\/\/lottespapery.com\/en\/products\/aploksnu-apdruka\/"]}]},{"@type":"BreadcrumbList","@id":"https:\/\/lottespapery.com\/en\/products\/aploksnu-apdruka\/#breadcrumb","itemListElement":[{"@type":"ListItem","position":1,"name":"Home","item":"https:\/\/lottespapery.com\/en\/"},{"@type":"ListItem","position":2,"name":"Shop","item":"https:\/\/lottespapery.com\/en\/shop\/"},{"@type":"ListItem","position":3,"name":"Envelope addressing"}]},{"@type":"WebSite","@id":"https:\/\/lottespapery.com\/en\/#website","url":"https:\/\/lottespapery.com\/en\/","name":"Lotte&#039;s Papery","description":"Pap\u012brlietas un \u0101das izstr\u0101d\u0101jumi","publisher":{"@id":"https:\/\/lottespapery.com\/en\/#organization"},"potentialAction":[{"@type":"SearchAction","target":{"@type":"EntryPoint","urlTemplate":"https:\/\/lottespapery.com\/en\/?s={search_term_string}"},"query-input":"required name=search_term_string"}],"inLanguage":"en-US"},{"@type":"Organization","@id":"https:\/\/lottespapery.com\/en\/#organization","name":"Lotte&#039;s Papery","url":"https:\/\/lottespapery.com\/en\/","logo":{"@type":"ImageObject","inLanguage":"en-US","@id":"https:\/\/lottespapery.com\/en\/#\/schema\/logo\/image\/","url":"http:\/\/lottespapery.com\/wp-content\/uploads\/2022\/11\/logo-dark_180x@2x.png","contentUrl":"http:\/\/lottespapery.com\/wp-content\/uploads\/2022\/11\/logo-dark_180x@2x.png","width":360,"height":100,"caption":"Lotte&#039;s Papery"},"image":{"@id":"https:\/\/lottespapery.com\/en\/#\/schema\/logo\/image\/"},"sameAs":["https:\/\/www.instagram.com\/lottes_papery\/","https:\/\/www.facebook.com\/LottesPapery\/"]}]}},"_links":{"self":[{"href":"https:\/\/lottespapery.com\/en\/wp-json\/wp\/v2\/product\/37172","targetHints":{"allow":["GET"]}}],"collection":[{"href":"https:\/\/lottespapery.com\/en\/wp-json\/wp\/v2\/product"}],"about":[{"href":"https:\/\/lottespapery.com\/en\/wp-json\/wp\/v2\/types\/product"}],"wp:featuredmedia":[{"embeddable":true,"href":"https:\/\/lottespapery.com\/en\/wp-json\/wp\/v2\/media\/37156"}],"wp:attachment":[{"href":"https:\/\/lottespapery.com\/en\/wp-json\/wp\/v2\/media?parent=37172"}],"wp:term":[{"taxonomy":"product_brand","embeddable":true,"href":"https:\/\/lottespapery.com\/en\/wp-json\/wp\/v2\/product_brand?post=37172"},{"taxonomy":"product_cat","embeddable":true,"href":"https:\/\/lottespapery.com\/en\/wp-json\/wp\/v2\/product_cat?post=37172"},{"taxonomy":"product_tag","embeddable":true,"href":"https:\/\/lottespapery.com\/en\/wp-json\/wp\/v2\/product_tag?post=37172"}],"curies":[{"name":"wp","href":"https:\/\/api.w.org\/{rel}","templated":true}]}}