{"id":37367,"date":"2025-02-21T16:54:18","date_gmt":"2025-02-21T14:54:18","guid":{"rendered":"https:\/\/lottespapery.com\/?post_type=product&#038;p=37367"},"modified":"2025-02-21T16:57:03","modified_gmt":"2025-02-21T14:57:03","slug":"sifona-lente-balta","status":"publish","type":"product","link":"https:\/\/lottespapery.com\/en\/products\/sifona-lente-balta\/","title":{"rendered":"Fringed Ribbon \/ White"},"content":{"rendered":"","protected":false},"excerpt":{"rendered":"","protected":false},"featured_media":37345,"template":"","meta":[],"product_brand":[],"product_cat":[1794],"product_tag":[],"class_list":{"0":"post-37367","1":"product","2":"type-product","3":"status-publish","4":"has-post-thumbnail","6":"product_cat-ribbons-string","8":"first","9":"instock","10":"taxable","11":"shipping-taxable","12":"purchasable","13":"product-type-simple"},"raw_content":{"name":"Fringed Ribbon \/ White","description":"","short_description":"","status":"publish","sku":"A999-8142B5","original":37366},"wpml":{"translation_type":1,"has_translations":true,"original":37366,"duplicates":[],"translations":{"lv":37366,"en":37367}},"yoast_head":"<!-- This site is optimized with the Yoast SEO plugin v19.10 - https:\/\/yoast.com\/wordpress\/plugins\/seo\/ -->\n<title>Fringed Ribbon \/ White - Lotte&#039;s Papery<\/title>\n<meta name=\"description\" content=\"Decorative, high-quality fringed ribbon, suitable for invitations, bridal bouquets, hair ties, and other wedding accessories. Width approximately 3cm. Price is for 1.5m, which is the length the ribbons are cut.  We recommend a 35 cm ribbon for a 10\u00d715 cm invitation card, perfect for a simple cross-fold with a wax seal on top, or a 70-80 cm ribbon for tying in a bow.\" \/>\n<meta name=\"robots\" content=\"index, follow, max-snippet:-1, max-image-preview:large, max-video-preview:-1\" \/>\n<link rel=\"canonical\" href=\"https:\/\/lottespapery.com\/en\/products\/sifona-lente-balta\/\" \/>\n<meta property=\"og:locale\" content=\"en_US\" \/>\n<meta property=\"og:type\" content=\"article\" \/>\n<meta property=\"og:title\" content=\"Fringed Ribbon \/ White - Lotte&#039;s Papery\" \/>\n<meta property=\"og:description\" content=\"Decorative, high-quality fringed ribbon, suitable for invitations, bridal bouquets, hair ties, and other wedding accessories. Width approximately 3cm. Price is for 1.5m, which is the length the ribbons are cut.  We recommend a 35 cm ribbon for a 10\u00d715 cm invitation card, perfect for a simple cross-fold with a wax seal on top, or a 70-80 cm ribbon for tying in a bow.\" \/>\n<meta property=\"og:url\" content=\"https:\/\/lottespapery.com\/en\/products\/sifona-lente-balta\/\" \/>\n<meta property=\"og:site_name\" content=\"Lotte&#039;s Papery\" \/>\n<meta property=\"article:publisher\" content=\"https:\/\/www.facebook.com\/LottesPapery\/\" \/>\n<meta property=\"article:modified_time\" content=\"2025-02-21T14:57:03+00:00\" \/>\n<meta property=\"og:image\" content=\"http:\/\/lottespapery.com\/wp-content\/uploads\/2025\/02\/IMG_5885-scaled.jpg\" \/>\n\t<meta property=\"og:image:width\" content=\"1920\" \/>\n\t<meta property=\"og:image:height\" content=\"2560\" \/>\n\t<meta property=\"og:image:type\" content=\"image\/jpeg\" \/>\n<meta name=\"twitter:card\" content=\"summary_large_image\" \/>\n<script type=\"application\/ld+json\" class=\"yoast-schema-graph\">{\"@context\":\"https:\/\/schema.org\",\"@graph\":[{\"@type\":\"WebPage\",\"@id\":\"https:\/\/lottespapery.com\/en\/products\/sifona-lente-balta\/\",\"url\":\"https:\/\/lottespapery.com\/en\/products\/sifona-lente-balta\/\",\"name\":\"Fringed Ribbon \/ White - Lotte&#039;s Papery\",\"isPartOf\":{\"@id\":\"https:\/\/lottespapery.com\/en\/#website\"},\"datePublished\":\"2025-02-21T14:54:18+00:00\",\"dateModified\":\"2025-02-21T14:57:03+00:00\",\"description\":\"Decorative, high-quality fringed ribbon, suitable for invitations, bridal bouquets, hair ties, and other wedding accessories. Width approximately 3cm. Price is for 1.5m, which is the length the ribbons are cut. We recommend a 35 cm ribbon for a 10\u00d715 cm invitation card, perfect for a simple cross-fold with a wax seal on top, or a 70-80 cm ribbon for tying in a bow.\",\"breadcrumb\":{\"@id\":\"https:\/\/lottespapery.com\/en\/products\/sifona-lente-balta\/#breadcrumb\"},\"inLanguage\":\"en-US\",\"potentialAction\":[{\"@type\":\"ReadAction\",\"target\":[\"https:\/\/lottespapery.com\/en\/products\/sifona-lente-balta\/\"]}]},{\"@type\":\"BreadcrumbList\",\"@id\":\"https:\/\/lottespapery.com\/en\/products\/sifona-lente-balta\/#breadcrumb\",\"itemListElement\":[{\"@type\":\"ListItem\",\"position\":1,\"name\":\"Home\",\"item\":\"https:\/\/lottespapery.com\/en\/\"},{\"@type\":\"ListItem\",\"position\":2,\"name\":\"Shop\",\"item\":\"https:\/\/lottespapery.com\/en\/shop\/\"},{\"@type\":\"ListItem\",\"position\":3,\"name\":\"Fringed Ribbon \/ White\"}]},{\"@type\":\"WebSite\",\"@id\":\"https:\/\/lottespapery.com\/en\/#website\",\"url\":\"https:\/\/lottespapery.com\/en\/\",\"name\":\"Lotte&#039;s Papery\",\"description\":\"Pap\u012brlietas un \u0101das izstr\u0101d\u0101jumi\",\"publisher\":{\"@id\":\"https:\/\/lottespapery.com\/en\/#organization\"},\"potentialAction\":[{\"@type\":\"SearchAction\",\"target\":{\"@type\":\"EntryPoint\",\"urlTemplate\":\"https:\/\/lottespapery.com\/en\/?s={search_term_string}\"},\"query-input\":\"required name=search_term_string\"}],\"inLanguage\":\"en-US\"},{\"@type\":\"Organization\",\"@id\":\"https:\/\/lottespapery.com\/en\/#organization\",\"name\":\"Lotte&#039;s Papery\",\"url\":\"https:\/\/lottespapery.com\/en\/\",\"logo\":{\"@type\":\"ImageObject\",\"inLanguage\":\"en-US\",\"@id\":\"https:\/\/lottespapery.com\/en\/#\/schema\/logo\/image\/\",\"url\":\"http:\/\/lottespapery.com\/wp-content\/uploads\/2022\/11\/logo-dark_180x@2x.png\",\"contentUrl\":\"http:\/\/lottespapery.com\/wp-content\/uploads\/2022\/11\/logo-dark_180x@2x.png\",\"width\":360,\"height\":100,\"caption\":\"Lotte&#039;s Papery\"},\"image\":{\"@id\":\"https:\/\/lottespapery.com\/en\/#\/schema\/logo\/image\/\"},\"sameAs\":[\"https:\/\/www.instagram.com\/lottes_papery\/\",\"https:\/\/www.facebook.com\/LottesPapery\/\"]}]}<\/script>\n<!-- \/ Yoast SEO plugin. -->","yoast_head_json":{"title":"Fringed Ribbon \/ White - Lotte&#039;s Papery","description":"Decorative, high-quality fringed ribbon, suitable for invitations, bridal bouquets, hair ties, and other wedding accessories. Width approximately 3cm. Price is for 1.5m, which is the length the ribbons are cut.  We recommend a 35 cm ribbon for a 10\u00d715 cm invitation card, perfect for a simple cross-fold with a wax seal on top, or a 70-80 cm ribbon for tying in a bow.","robots":{"index":"index","follow":"follow","max-snippet":"max-snippet:-1","max-image-preview":"max-image-preview:large","max-video-preview":"max-video-preview:-1"},"canonical":"https:\/\/lottespapery.com\/en\/products\/sifona-lente-balta\/","og_locale":"en_US","og_type":"article","og_title":"Fringed Ribbon \/ White - Lotte&#039;s Papery","og_description":"Decorative, high-quality fringed ribbon, suitable for invitations, bridal bouquets, hair ties, and other wedding accessories. Width approximately 3cm. Price is for 1.5m, which is the length the ribbons are cut.  We recommend a 35 cm ribbon for a 10\u00d715 cm invitation card, perfect for a simple cross-fold with a wax seal on top, or a 70-80 cm ribbon for tying in a bow.","og_url":"https:\/\/lottespapery.com\/en\/products\/sifona-lente-balta\/","og_site_name":"Lotte&#039;s Papery","article_publisher":"https:\/\/www.facebook.com\/LottesPapery\/","article_modified_time":"2025-02-21T14:57:03+00:00","og_image":[{"width":1920,"height":2560,"url":"http:\/\/lottespapery.com\/wp-content\/uploads\/2025\/02\/IMG_5885-scaled.jpg","type":"image\/jpeg"}],"twitter_card":"summary_large_image","schema":{"@context":"https:\/\/schema.org","@graph":[{"@type":"WebPage","@id":"https:\/\/lottespapery.com\/en\/products\/sifona-lente-balta\/","url":"https:\/\/lottespapery.com\/en\/products\/sifona-lente-balta\/","name":"Fringed Ribbon \/ White - Lotte&#039;s Papery","isPartOf":{"@id":"https:\/\/lottespapery.com\/en\/#website"},"datePublished":"2025-02-21T14:54:18+00:00","dateModified":"2025-02-21T14:57:03+00:00","description":"Decorative, high-quality fringed ribbon, suitable for invitations, bridal bouquets, hair ties, and other wedding accessories. Width approximately 3cm. Price is for 1.5m, which is the length the ribbons are cut. We recommend a 35 cm ribbon for a 10\u00d715 cm invitation card, perfect for a simple cross-fold with a wax seal on top, or a 70-80 cm ribbon for tying in a bow.","breadcrumb":{"@id":"https:\/\/lottespapery.com\/en\/products\/sifona-lente-balta\/#breadcrumb"},"inLanguage":"en-US","potentialAction":[{"@type":"ReadAction","target":["https:\/\/lottespapery.com\/en\/products\/sifona-lente-balta\/"]}]},{"@type":"BreadcrumbList","@id":"https:\/\/lottespapery.com\/en\/products\/sifona-lente-balta\/#breadcrumb","itemListElement":[{"@type":"ListItem","position":1,"name":"Home","item":"https:\/\/lottespapery.com\/en\/"},{"@type":"ListItem","position":2,"name":"Shop","item":"https:\/\/lottespapery.com\/en\/shop\/"},{"@type":"ListItem","position":3,"name":"Fringed Ribbon \/ White"}]},{"@type":"WebSite","@id":"https:\/\/lottespapery.com\/en\/#website","url":"https:\/\/lottespapery.com\/en\/","name":"Lotte&#039;s Papery","description":"Pap\u012brlietas un \u0101das izstr\u0101d\u0101jumi","publisher":{"@id":"https:\/\/lottespapery.com\/en\/#organization"},"potentialAction":[{"@type":"SearchAction","target":{"@type":"EntryPoint","urlTemplate":"https:\/\/lottespapery.com\/en\/?s={search_term_string}"},"query-input":"required name=search_term_string"}],"inLanguage":"en-US"},{"@type":"Organization","@id":"https:\/\/lottespapery.com\/en\/#organization","name":"Lotte&#039;s Papery","url":"https:\/\/lottespapery.com\/en\/","logo":{"@type":"ImageObject","inLanguage":"en-US","@id":"https:\/\/lottespapery.com\/en\/#\/schema\/logo\/image\/","url":"http:\/\/lottespapery.com\/wp-content\/uploads\/2022\/11\/logo-dark_180x@2x.png","contentUrl":"http:\/\/lottespapery.com\/wp-content\/uploads\/2022\/11\/logo-dark_180x@2x.png","width":360,"height":100,"caption":"Lotte&#039;s Papery"},"image":{"@id":"https:\/\/lottespapery.com\/en\/#\/schema\/logo\/image\/"},"sameAs":["https:\/\/www.instagram.com\/lottes_papery\/","https:\/\/www.facebook.com\/LottesPapery\/"]}]}},"_links":{"self":[{"href":"https:\/\/lottespapery.com\/en\/wp-json\/wp\/v2\/product\/37367","targetHints":{"allow":["GET"]}}],"collection":[{"href":"https:\/\/lottespapery.com\/en\/wp-json\/wp\/v2\/product"}],"about":[{"href":"https:\/\/lottespapery.com\/en\/wp-json\/wp\/v2\/types\/product"}],"wp:featuredmedia":[{"embeddable":true,"href":"https:\/\/lottespapery.com\/en\/wp-json\/wp\/v2\/media\/37345"}],"wp:attachment":[{"href":"https:\/\/lottespapery.com\/en\/wp-json\/wp\/v2\/media?parent=37367"}],"wp:term":[{"taxonomy":"product_brand","embeddable":true,"href":"https:\/\/lottespapery.com\/en\/wp-json\/wp\/v2\/product_brand?post=37367"},{"taxonomy":"product_cat","embeddable":true,"href":"https:\/\/lottespapery.com\/en\/wp-json\/wp\/v2\/product_cat?post=37367"},{"taxonomy":"product_tag","embeddable":true,"href":"https:\/\/lottespapery.com\/en\/wp-json\/wp\/v2\/product_tag?post=37367"}],"curies":[{"name":"wp","href":"https:\/\/api.w.org\/{rel}","templated":true}]}}