{"id":37820,"date":"2025-02-24T11:07:03","date_gmt":"2025-02-24T09:07:03","guid":{"rendered":"https:\/\/lottespapery.com\/?post_type=product&#038;p=37820"},"modified":"2025-02-24T11:28:46","modified_gmt":"2025-02-24T09:28:46","slug":"dekorativa-papira-lenta-ielugumiem-klasiski-vardi","status":"publish","type":"product","link":"https:\/\/lottespapery.com\/en\/products\/dekorativa-papira-lenta-ielugumiem-klasiski-vardi\/","title":{"rendered":"Decorative paper ribbon for invitations \/ Vintage flowers"},"content":{"rendered":"","protected":false},"excerpt":{"rendered":"","protected":false},"featured_media":37785,"template":"","meta":[],"product_brand":[],"product_cat":[1786],"product_tag":[],"class_list":{"0":"post-37820","1":"product","2":"type-product","3":"status-publish","4":"has-post-thumbnail","6":"product_cat-covers-and-belly-bands-mix-match-en","8":"first","9":"instock","10":"taxable","11":"shipping-taxable","12":"purchasable","13":"product-type-simple"},"raw_content":{"name":"Decorative paper ribbon for invitations \/ Vintage flowers","description":"","short_description":"","status":"publish","sku":"2443-29A3F5","original":37819},"wpml":{"translation_type":1,"has_translations":true,"original":37819,"duplicates":[],"translations":{"lv":37819,"en":37820}},"yoast_head":"<!-- This site is optimized with the Yoast SEO plugin v19.10 - https:\/\/yoast.com\/wordpress\/plugins\/seo\/ -->\n<title>Decorative paper ribbon for invitations \/ Vintage flowers - Lotte&#039;s Papery<\/title>\n<meta name=\"description\" content=\"Minimum order quantity - 10 pieces. A decorative belly band for invitations (10 cm \u00d7 15 cm), printed on 120gsm vellum (transparent) paper. Designed to elegantly hold invitations and detail cards together. The belly bands are delivered unfolded, allowing you to adjust them to the perfect fit. For easy assembly, double-sided tape is pre-applied to one end or choose to add wax stamp for closure in the front.Band height: 3.5 cm.   If you need a different size, please contact us by email at info@lottespapery.com Production time, depending on workload, 1-2 weeks. If you need a product by a specific date, please contact us before placing your order at info@lottespapery.com.\" \/>\n<meta name=\"robots\" content=\"index, follow, max-snippet:-1, max-image-preview:large, max-video-preview:-1\" \/>\n<link rel=\"canonical\" href=\"https:\/\/lottespapery.com\/en\/products\/dekorativa-papira-lenta-ielugumiem-klasiski-vardi\/\" \/>\n<meta property=\"og:locale\" content=\"en_US\" \/>\n<meta property=\"og:type\" content=\"article\" \/>\n<meta property=\"og:title\" content=\"Decorative paper ribbon for invitations \/ Vintage flowers - Lotte&#039;s Papery\" \/>\n<meta property=\"og:description\" content=\"Minimum order quantity - 10 pieces. A decorative belly band for invitations (10 cm \u00d7 15 cm), printed on 120gsm vellum (transparent) paper. Designed to elegantly hold invitations and detail cards together. The belly bands are delivered unfolded, allowing you to adjust them to the perfect fit. For easy assembly, double-sided tape is pre-applied to one end or choose to add wax stamp for closure in the front.Band height: 3.5 cm.   If you need a different size, please contact us by email at info@lottespapery.com Production time, depending on workload, 1-2 weeks. If you need a product by a specific date, please contact us before placing your order at info@lottespapery.com.\" \/>\n<meta property=\"og:url\" content=\"https:\/\/lottespapery.com\/en\/products\/dekorativa-papira-lenta-ielugumiem-klasiski-vardi\/\" \/>\n<meta property=\"og:site_name\" content=\"Lotte&#039;s Papery\" \/>\n<meta property=\"article:publisher\" content=\"https:\/\/www.facebook.com\/LottesPapery\/\" \/>\n<meta property=\"article:modified_time\" content=\"2025-02-24T09:28:46+00:00\" \/>\n<meta property=\"og:image\" content=\"https:\/\/lottespapery.com\/wp-content\/uploads\/2025\/02\/Untitled-2-09.jpg\" \/>\n\t<meta property=\"og:image:width\" content=\"2362\" \/>\n\t<meta property=\"og:image:height\" content=\"2362\" \/>\n\t<meta property=\"og:image:type\" content=\"image\/jpeg\" \/>\n<meta name=\"twitter:card\" content=\"summary_large_image\" \/>\n<script type=\"application\/ld+json\" class=\"yoast-schema-graph\">{\"@context\":\"https:\/\/schema.org\",\"@graph\":[{\"@type\":\"WebPage\",\"@id\":\"https:\/\/lottespapery.com\/en\/products\/dekorativa-papira-lenta-ielugumiem-klasiski-vardi\/\",\"url\":\"https:\/\/lottespapery.com\/en\/products\/dekorativa-papira-lenta-ielugumiem-klasiski-vardi\/\",\"name\":\"Decorative paper ribbon for invitations \/ Vintage flowers - Lotte&#039;s Papery\",\"isPartOf\":{\"@id\":\"https:\/\/lottespapery.com\/en\/#website\"},\"datePublished\":\"2025-02-24T09:07:03+00:00\",\"dateModified\":\"2025-02-24T09:28:46+00:00\",\"description\":\"Minimum order quantity - 10 pieces. A decorative belly band for invitations (10 cm \u00d7 15 cm), printed on 120gsm vellum (transparent) paper. Designed to elegantly hold invitations and detail cards together. The belly bands are delivered unfolded, allowing you to adjust them to the perfect fit. For easy assembly, double-sided tape is pre-applied to one end or choose to add wax stamp for closure in the front. Band height: 3.5 cm. If you need a different size, please contact us by email at info@lottespapery.com Production time, depending on workload, 1-2 weeks. If you need a product by a specific date, please contact us before placing your order at info@lottespapery.com.\",\"breadcrumb\":{\"@id\":\"https:\/\/lottespapery.com\/en\/products\/dekorativa-papira-lenta-ielugumiem-klasiski-vardi\/#breadcrumb\"},\"inLanguage\":\"en-US\",\"potentialAction\":[{\"@type\":\"ReadAction\",\"target\":[\"https:\/\/lottespapery.com\/en\/products\/dekorativa-papira-lenta-ielugumiem-klasiski-vardi\/\"]}]},{\"@type\":\"BreadcrumbList\",\"@id\":\"https:\/\/lottespapery.com\/en\/products\/dekorativa-papira-lenta-ielugumiem-klasiski-vardi\/#breadcrumb\",\"itemListElement\":[{\"@type\":\"ListItem\",\"position\":1,\"name\":\"Home\",\"item\":\"https:\/\/lottespapery.com\/en\/\"},{\"@type\":\"ListItem\",\"position\":2,\"name\":\"Shop\",\"item\":\"https:\/\/lottespapery.com\/en\/shop\/\"},{\"@type\":\"ListItem\",\"position\":3,\"name\":\"Decorative paper ribbon for invitations \/ Vintage flowers\"}]},{\"@type\":\"WebSite\",\"@id\":\"https:\/\/lottespapery.com\/en\/#website\",\"url\":\"https:\/\/lottespapery.com\/en\/\",\"name\":\"Lotte&#039;s Papery\",\"description\":\"Pap\u012brlietas un \u0101das izstr\u0101d\u0101jumi\",\"publisher\":{\"@id\":\"https:\/\/lottespapery.com\/en\/#organization\"},\"potentialAction\":[{\"@type\":\"SearchAction\",\"target\":{\"@type\":\"EntryPoint\",\"urlTemplate\":\"https:\/\/lottespapery.com\/en\/?s={search_term_string}\"},\"query-input\":\"required name=search_term_string\"}],\"inLanguage\":\"en-US\"},{\"@type\":\"Organization\",\"@id\":\"https:\/\/lottespapery.com\/en\/#organization\",\"name\":\"Lotte&#039;s Papery\",\"url\":\"https:\/\/lottespapery.com\/en\/\",\"logo\":{\"@type\":\"ImageObject\",\"inLanguage\":\"en-US\",\"@id\":\"https:\/\/lottespapery.com\/en\/#\/schema\/logo\/image\/\",\"url\":\"http:\/\/lottespapery.com\/wp-content\/uploads\/2022\/11\/logo-dark_180x@2x.png\",\"contentUrl\":\"http:\/\/lottespapery.com\/wp-content\/uploads\/2022\/11\/logo-dark_180x@2x.png\",\"width\":360,\"height\":100,\"caption\":\"Lotte&#039;s Papery\"},\"image\":{\"@id\":\"https:\/\/lottespapery.com\/en\/#\/schema\/logo\/image\/\"},\"sameAs\":[\"https:\/\/www.instagram.com\/lottes_papery\/\",\"https:\/\/www.facebook.com\/LottesPapery\/\"]}]}<\/script>\n<!-- \/ Yoast SEO plugin. -->","yoast_head_json":{"title":"Decorative paper ribbon for invitations \/ Vintage flowers - Lotte&#039;s Papery","description":"Minimum order quantity - 10 pieces. A decorative belly band for invitations (10 cm \u00d7 15 cm), printed on 120gsm vellum (transparent) paper. Designed to elegantly hold invitations and detail cards together. The belly bands are delivered unfolded, allowing you to adjust them to the perfect fit. For easy assembly, double-sided tape is pre-applied to one end or choose to add wax stamp for closure in the front.Band height: 3.5 cm.   If you need a different size, please contact us by email at info@lottespapery.com Production time, depending on workload, 1-2 weeks. If you need a product by a specific date, please contact us before placing your order at info@lottespapery.com.","robots":{"index":"index","follow":"follow","max-snippet":"max-snippet:-1","max-image-preview":"max-image-preview:large","max-video-preview":"max-video-preview:-1"},"canonical":"https:\/\/lottespapery.com\/en\/products\/dekorativa-papira-lenta-ielugumiem-klasiski-vardi\/","og_locale":"en_US","og_type":"article","og_title":"Decorative paper ribbon for invitations \/ Vintage flowers - Lotte&#039;s Papery","og_description":"Minimum order quantity - 10 pieces. A decorative belly band for invitations (10 cm \u00d7 15 cm), printed on 120gsm vellum (transparent) paper. Designed to elegantly hold invitations and detail cards together. The belly bands are delivered unfolded, allowing you to adjust them to the perfect fit. For easy assembly, double-sided tape is pre-applied to one end or choose to add wax stamp for closure in the front.Band height: 3.5 cm.   If you need a different size, please contact us by email at info@lottespapery.com Production time, depending on workload, 1-2 weeks. If you need a product by a specific date, please contact us before placing your order at info@lottespapery.com.","og_url":"https:\/\/lottespapery.com\/en\/products\/dekorativa-papira-lenta-ielugumiem-klasiski-vardi\/","og_site_name":"Lotte&#039;s Papery","article_publisher":"https:\/\/www.facebook.com\/LottesPapery\/","article_modified_time":"2025-02-24T09:28:46+00:00","og_image":[{"width":2362,"height":2362,"url":"https:\/\/lottespapery.com\/wp-content\/uploads\/2025\/02\/Untitled-2-09.jpg","type":"image\/jpeg"}],"twitter_card":"summary_large_image","schema":{"@context":"https:\/\/schema.org","@graph":[{"@type":"WebPage","@id":"https:\/\/lottespapery.com\/en\/products\/dekorativa-papira-lenta-ielugumiem-klasiski-vardi\/","url":"https:\/\/lottespapery.com\/en\/products\/dekorativa-papira-lenta-ielugumiem-klasiski-vardi\/","name":"Decorative paper ribbon for invitations \/ Vintage flowers - Lotte&#039;s Papery","isPartOf":{"@id":"https:\/\/lottespapery.com\/en\/#website"},"datePublished":"2025-02-24T09:07:03+00:00","dateModified":"2025-02-24T09:28:46+00:00","description":"Minimum order quantity - 10 pieces. A decorative belly band for invitations (10 cm \u00d7 15 cm), printed on 120gsm vellum (transparent) paper. Designed to elegantly hold invitations and detail cards together. The belly bands are delivered unfolded, allowing you to adjust them to the perfect fit. For easy assembly, double-sided tape is pre-applied to one end or choose to add wax stamp for closure in the front. Band height: 3.5 cm. If you need a different size, please contact us by email at info@lottespapery.com Production time, depending on workload, 1-2 weeks. If you need a product by a specific date, please contact us before placing your order at info@lottespapery.com.","breadcrumb":{"@id":"https:\/\/lottespapery.com\/en\/products\/dekorativa-papira-lenta-ielugumiem-klasiski-vardi\/#breadcrumb"},"inLanguage":"en-US","potentialAction":[{"@type":"ReadAction","target":["https:\/\/lottespapery.com\/en\/products\/dekorativa-papira-lenta-ielugumiem-klasiski-vardi\/"]}]},{"@type":"BreadcrumbList","@id":"https:\/\/lottespapery.com\/en\/products\/dekorativa-papira-lenta-ielugumiem-klasiski-vardi\/#breadcrumb","itemListElement":[{"@type":"ListItem","position":1,"name":"Home","item":"https:\/\/lottespapery.com\/en\/"},{"@type":"ListItem","position":2,"name":"Shop","item":"https:\/\/lottespapery.com\/en\/shop\/"},{"@type":"ListItem","position":3,"name":"Decorative paper ribbon for invitations \/ Vintage flowers"}]},{"@type":"WebSite","@id":"https:\/\/lottespapery.com\/en\/#website","url":"https:\/\/lottespapery.com\/en\/","name":"Lotte&#039;s Papery","description":"Pap\u012brlietas un \u0101das izstr\u0101d\u0101jumi","publisher":{"@id":"https:\/\/lottespapery.com\/en\/#organization"},"potentialAction":[{"@type":"SearchAction","target":{"@type":"EntryPoint","urlTemplate":"https:\/\/lottespapery.com\/en\/?s={search_term_string}"},"query-input":"required name=search_term_string"}],"inLanguage":"en-US"},{"@type":"Organization","@id":"https:\/\/lottespapery.com\/en\/#organization","name":"Lotte&#039;s Papery","url":"https:\/\/lottespapery.com\/en\/","logo":{"@type":"ImageObject","inLanguage":"en-US","@id":"https:\/\/lottespapery.com\/en\/#\/schema\/logo\/image\/","url":"http:\/\/lottespapery.com\/wp-content\/uploads\/2022\/11\/logo-dark_180x@2x.png","contentUrl":"http:\/\/lottespapery.com\/wp-content\/uploads\/2022\/11\/logo-dark_180x@2x.png","width":360,"height":100,"caption":"Lotte&#039;s Papery"},"image":{"@id":"https:\/\/lottespapery.com\/en\/#\/schema\/logo\/image\/"},"sameAs":["https:\/\/www.instagram.com\/lottes_papery\/","https:\/\/www.facebook.com\/LottesPapery\/"]}]}},"_links":{"self":[{"href":"https:\/\/lottespapery.com\/en\/wp-json\/wp\/v2\/product\/37820","targetHints":{"allow":["GET"]}}],"collection":[{"href":"https:\/\/lottespapery.com\/en\/wp-json\/wp\/v2\/product"}],"about":[{"href":"https:\/\/lottespapery.com\/en\/wp-json\/wp\/v2\/types\/product"}],"wp:featuredmedia":[{"embeddable":true,"href":"https:\/\/lottespapery.com\/en\/wp-json\/wp\/v2\/media\/37785"}],"wp:attachment":[{"href":"https:\/\/lottespapery.com\/en\/wp-json\/wp\/v2\/media?parent=37820"}],"wp:term":[{"taxonomy":"product_brand","embeddable":true,"href":"https:\/\/lottespapery.com\/en\/wp-json\/wp\/v2\/product_brand?post=37820"},{"taxonomy":"product_cat","embeddable":true,"href":"https:\/\/lottespapery.com\/en\/wp-json\/wp\/v2\/product_cat?post=37820"},{"taxonomy":"product_tag","embeddable":true,"href":"https:\/\/lottespapery.com\/en\/wp-json\/wp\/v2\/product_tag?post=37820"}],"curies":[{"name":"wp","href":"https:\/\/api.w.org\/{rel}","templated":true}]}}