{"id":37833,"date":"2025-02-24T11:57:32","date_gmt":"2025-02-24T09:57:32","guid":{"rendered":"https:\/\/lottespapery.com\/?post_type=product&#038;p=37833"},"modified":"2025-02-24T12:42:13","modified_gmt":"2025-02-24T10:42:13","slug":"decorative-cover-for-invitations-white-flowers","status":"publish","type":"product","link":"https:\/\/lottespapery.com\/en\/products\/decorative-cover-for-invitations-white-flowers\/","title":{"rendered":"Transparent cover for invitations \/ white flowers"},"content":{"rendered":"","protected":false},"excerpt":{"rendered":"","protected":false},"featured_media":37751,"template":"","meta":[],"product_brand":[],"product_cat":[1786],"product_tag":[],"class_list":{"0":"post-37833","1":"product","2":"type-product","3":"status-publish","4":"has-post-thumbnail","6":"product_cat-covers-and-belly-bands-mix-match-en","8":"first","9":"instock","10":"taxable","11":"shipping-taxable","12":"purchasable","13":"product-type-simple"},"raw_content":{"name":"Transparent cover for invitations \/ white flowers","description":"","short_description":"","status":"publish","sku":"62B2-BE0ED7","original":37832},"wpml":{"translation_type":1,"has_translations":true,"original":37832,"duplicates":[],"translations":{"lv":37832,"en":37833}},"yoast_head":"<!-- This site is optimized with the Yoast SEO plugin v19.10 - https:\/\/yoast.com\/wordpress\/plugins\/seo\/ -->\n<title>Transparent cover for invitations \/ white flowers - Lotte&#039;s Papery<\/title>\n<meta name=\"description\" content=\"Minimum order quantity - 20 pieces.  A decorative wrap \/ jacket for invitations (10\u00d715 cm), printed in white on 120gsm vellum paper (transparent paper). A stylish accent to hold invitations and detail cards together. The wraps are delivered unfolded, measuring 22\u00d715 cm when flat. For closure, you can choose a wax seal, ribbon, or belly band (not included in the price).  If you need a different size, please contact us by email at info@lottespapery.com.  Production time, depending on workload, 1-2 weeks. If you need a product by a specific date, please contact us before placing your order at info@lottespapery.com.\" \/>\n<meta name=\"robots\" content=\"index, follow, max-snippet:-1, max-image-preview:large, max-video-preview:-1\" \/>\n<link rel=\"canonical\" href=\"https:\/\/lottespapery.com\/en\/products\/decorative-cover-for-invitations-white-flowers\/\" \/>\n<meta property=\"og:locale\" content=\"en_US\" \/>\n<meta property=\"og:type\" content=\"article\" \/>\n<meta property=\"og:title\" content=\"Transparent cover for invitations \/ white flowers - Lotte&#039;s Papery\" \/>\n<meta property=\"og:description\" content=\"Minimum order quantity - 20 pieces.  A decorative wrap \/ jacket for invitations (10\u00d715 cm), printed in white on 120gsm vellum paper (transparent paper). A stylish accent to hold invitations and detail cards together. The wraps are delivered unfolded, measuring 22\u00d715 cm when flat. For closure, you can choose a wax seal, ribbon, or belly band (not included in the price).  If you need a different size, please contact us by email at info@lottespapery.com.  Production time, depending on workload, 1-2 weeks. If you need a product by a specific date, please contact us before placing your order at info@lottespapery.com.\" \/>\n<meta property=\"og:url\" content=\"https:\/\/lottespapery.com\/en\/products\/decorative-cover-for-invitations-white-flowers\/\" \/>\n<meta property=\"og:site_name\" content=\"Lotte&#039;s Papery\" \/>\n<meta property=\"article:publisher\" content=\"https:\/\/www.facebook.com\/LottesPapery\/\" \/>\n<meta property=\"article:modified_time\" content=\"2025-02-24T10:42:13+00:00\" \/>\n<meta property=\"og:image\" content=\"http:\/\/lottespapery.com\/wp-content\/uploads\/2025\/02\/COVERS-2-01.jpg\" \/>\n\t<meta property=\"og:image:width\" content=\"2362\" \/>\n\t<meta property=\"og:image:height\" content=\"2362\" \/>\n\t<meta property=\"og:image:type\" content=\"image\/jpeg\" \/>\n<meta name=\"twitter:card\" content=\"summary_large_image\" \/>\n<script type=\"application\/ld+json\" class=\"yoast-schema-graph\">{\"@context\":\"https:\/\/schema.org\",\"@graph\":[{\"@type\":\"WebPage\",\"@id\":\"https:\/\/lottespapery.com\/en\/products\/decorative-cover-for-invitations-white-flowers\/\",\"url\":\"https:\/\/lottespapery.com\/en\/products\/decorative-cover-for-invitations-white-flowers\/\",\"name\":\"Transparent cover for invitations \/ white flowers - Lotte&#039;s Papery\",\"isPartOf\":{\"@id\":\"https:\/\/lottespapery.com\/en\/#website\"},\"datePublished\":\"2025-02-24T09:57:32+00:00\",\"dateModified\":\"2025-02-24T10:42:13+00:00\",\"description\":\"Minimum order quantity - 20 pieces. A decorative wrap \/ jacket for invitations (10\u00d715 cm), printed in white on 120gsm vellum paper (transparent paper). A stylish accent to hold invitations and detail cards together. The wraps are delivered unfolded, measuring 22\u00d715 cm when flat. For closure, you can choose a wax seal, ribbon, or belly band (not included in the price). If you need a different size, please contact us by email at info@lottespapery.com. Production time, depending on workload, 1-2 weeks. If you need a product by a specific date, please contact us before placing your order at info@lottespapery.com.\",\"breadcrumb\":{\"@id\":\"https:\/\/lottespapery.com\/en\/products\/decorative-cover-for-invitations-white-flowers\/#breadcrumb\"},\"inLanguage\":\"en-US\",\"potentialAction\":[{\"@type\":\"ReadAction\",\"target\":[\"https:\/\/lottespapery.com\/en\/products\/decorative-cover-for-invitations-white-flowers\/\"]}]},{\"@type\":\"BreadcrumbList\",\"@id\":\"https:\/\/lottespapery.com\/en\/products\/decorative-cover-for-invitations-white-flowers\/#breadcrumb\",\"itemListElement\":[{\"@type\":\"ListItem\",\"position\":1,\"name\":\"Home\",\"item\":\"https:\/\/lottespapery.com\/en\/\"},{\"@type\":\"ListItem\",\"position\":2,\"name\":\"Shop\",\"item\":\"https:\/\/lottespapery.com\/en\/shop\/\"},{\"@type\":\"ListItem\",\"position\":3,\"name\":\"Transparent cover for invitations \/ white flowers\"}]},{\"@type\":\"WebSite\",\"@id\":\"https:\/\/lottespapery.com\/en\/#website\",\"url\":\"https:\/\/lottespapery.com\/en\/\",\"name\":\"Lotte&#039;s Papery\",\"description\":\"Pap\u012brlietas un \u0101das izstr\u0101d\u0101jumi\",\"publisher\":{\"@id\":\"https:\/\/lottespapery.com\/en\/#organization\"},\"potentialAction\":[{\"@type\":\"SearchAction\",\"target\":{\"@type\":\"EntryPoint\",\"urlTemplate\":\"https:\/\/lottespapery.com\/en\/?s={search_term_string}\"},\"query-input\":\"required name=search_term_string\"}],\"inLanguage\":\"en-US\"},{\"@type\":\"Organization\",\"@id\":\"https:\/\/lottespapery.com\/en\/#organization\",\"name\":\"Lotte&#039;s Papery\",\"url\":\"https:\/\/lottespapery.com\/en\/\",\"logo\":{\"@type\":\"ImageObject\",\"inLanguage\":\"en-US\",\"@id\":\"https:\/\/lottespapery.com\/en\/#\/schema\/logo\/image\/\",\"url\":\"http:\/\/lottespapery.com\/wp-content\/uploads\/2022\/11\/logo-dark_180x@2x.png\",\"contentUrl\":\"http:\/\/lottespapery.com\/wp-content\/uploads\/2022\/11\/logo-dark_180x@2x.png\",\"width\":360,\"height\":100,\"caption\":\"Lotte&#039;s Papery\"},\"image\":{\"@id\":\"https:\/\/lottespapery.com\/en\/#\/schema\/logo\/image\/\"},\"sameAs\":[\"https:\/\/www.instagram.com\/lottes_papery\/\",\"https:\/\/www.facebook.com\/LottesPapery\/\"]}]}<\/script>\n<!-- \/ Yoast SEO plugin. -->","yoast_head_json":{"title":"Transparent cover for invitations \/ white flowers - Lotte&#039;s Papery","description":"Minimum order quantity - 20 pieces.  A decorative wrap \/ jacket for invitations (10\u00d715 cm), printed in white on 120gsm vellum paper (transparent paper). A stylish accent to hold invitations and detail cards together. The wraps are delivered unfolded, measuring 22\u00d715 cm when flat. For closure, you can choose a wax seal, ribbon, or belly band (not included in the price).  If you need a different size, please contact us by email at info@lottespapery.com.  Production time, depending on workload, 1-2 weeks. If you need a product by a specific date, please contact us before placing your order at info@lottespapery.com.","robots":{"index":"index","follow":"follow","max-snippet":"max-snippet:-1","max-image-preview":"max-image-preview:large","max-video-preview":"max-video-preview:-1"},"canonical":"https:\/\/lottespapery.com\/en\/products\/decorative-cover-for-invitations-white-flowers\/","og_locale":"en_US","og_type":"article","og_title":"Transparent cover for invitations \/ white flowers - Lotte&#039;s Papery","og_description":"Minimum order quantity - 20 pieces.  A decorative wrap \/ jacket for invitations (10\u00d715 cm), printed in white on 120gsm vellum paper (transparent paper). A stylish accent to hold invitations and detail cards together. The wraps are delivered unfolded, measuring 22\u00d715 cm when flat. For closure, you can choose a wax seal, ribbon, or belly band (not included in the price).  If you need a different size, please contact us by email at info@lottespapery.com.  Production time, depending on workload, 1-2 weeks. If you need a product by a specific date, please contact us before placing your order at info@lottespapery.com.","og_url":"https:\/\/lottespapery.com\/en\/products\/decorative-cover-for-invitations-white-flowers\/","og_site_name":"Lotte&#039;s Papery","article_publisher":"https:\/\/www.facebook.com\/LottesPapery\/","article_modified_time":"2025-02-24T10:42:13+00:00","og_image":[{"width":2362,"height":2362,"url":"http:\/\/lottespapery.com\/wp-content\/uploads\/2025\/02\/COVERS-2-01.jpg","type":"image\/jpeg"}],"twitter_card":"summary_large_image","schema":{"@context":"https:\/\/schema.org","@graph":[{"@type":"WebPage","@id":"https:\/\/lottespapery.com\/en\/products\/decorative-cover-for-invitations-white-flowers\/","url":"https:\/\/lottespapery.com\/en\/products\/decorative-cover-for-invitations-white-flowers\/","name":"Transparent cover for invitations \/ white flowers - Lotte&#039;s Papery","isPartOf":{"@id":"https:\/\/lottespapery.com\/en\/#website"},"datePublished":"2025-02-24T09:57:32+00:00","dateModified":"2025-02-24T10:42:13+00:00","description":"Minimum order quantity - 20 pieces. A decorative wrap \/ jacket for invitations (10\u00d715 cm), printed in white on 120gsm vellum paper (transparent paper). A stylish accent to hold invitations and detail cards together. The wraps are delivered unfolded, measuring 22\u00d715 cm when flat. For closure, you can choose a wax seal, ribbon, or belly band (not included in the price). If you need a different size, please contact us by email at info@lottespapery.com. Production time, depending on workload, 1-2 weeks. If you need a product by a specific date, please contact us before placing your order at info@lottespapery.com.","breadcrumb":{"@id":"https:\/\/lottespapery.com\/en\/products\/decorative-cover-for-invitations-white-flowers\/#breadcrumb"},"inLanguage":"en-US","potentialAction":[{"@type":"ReadAction","target":["https:\/\/lottespapery.com\/en\/products\/decorative-cover-for-invitations-white-flowers\/"]}]},{"@type":"BreadcrumbList","@id":"https:\/\/lottespapery.com\/en\/products\/decorative-cover-for-invitations-white-flowers\/#breadcrumb","itemListElement":[{"@type":"ListItem","position":1,"name":"Home","item":"https:\/\/lottespapery.com\/en\/"},{"@type":"ListItem","position":2,"name":"Shop","item":"https:\/\/lottespapery.com\/en\/shop\/"},{"@type":"ListItem","position":3,"name":"Transparent cover for invitations \/ white flowers"}]},{"@type":"WebSite","@id":"https:\/\/lottespapery.com\/en\/#website","url":"https:\/\/lottespapery.com\/en\/","name":"Lotte&#039;s Papery","description":"Pap\u012brlietas un \u0101das izstr\u0101d\u0101jumi","publisher":{"@id":"https:\/\/lottespapery.com\/en\/#organization"},"potentialAction":[{"@type":"SearchAction","target":{"@type":"EntryPoint","urlTemplate":"https:\/\/lottespapery.com\/en\/?s={search_term_string}"},"query-input":"required name=search_term_string"}],"inLanguage":"en-US"},{"@type":"Organization","@id":"https:\/\/lottespapery.com\/en\/#organization","name":"Lotte&#039;s Papery","url":"https:\/\/lottespapery.com\/en\/","logo":{"@type":"ImageObject","inLanguage":"en-US","@id":"https:\/\/lottespapery.com\/en\/#\/schema\/logo\/image\/","url":"http:\/\/lottespapery.com\/wp-content\/uploads\/2022\/11\/logo-dark_180x@2x.png","contentUrl":"http:\/\/lottespapery.com\/wp-content\/uploads\/2022\/11\/logo-dark_180x@2x.png","width":360,"height":100,"caption":"Lotte&#039;s Papery"},"image":{"@id":"https:\/\/lottespapery.com\/en\/#\/schema\/logo\/image\/"},"sameAs":["https:\/\/www.instagram.com\/lottes_papery\/","https:\/\/www.facebook.com\/LottesPapery\/"]}]}},"_links":{"self":[{"href":"https:\/\/lottespapery.com\/en\/wp-json\/wp\/v2\/product\/37833","targetHints":{"allow":["GET"]}}],"collection":[{"href":"https:\/\/lottespapery.com\/en\/wp-json\/wp\/v2\/product"}],"about":[{"href":"https:\/\/lottespapery.com\/en\/wp-json\/wp\/v2\/types\/product"}],"wp:featuredmedia":[{"embeddable":true,"href":"https:\/\/lottespapery.com\/en\/wp-json\/wp\/v2\/media\/37751"}],"wp:attachment":[{"href":"https:\/\/lottespapery.com\/en\/wp-json\/wp\/v2\/media?parent=37833"}],"wp:term":[{"taxonomy":"product_brand","embeddable":true,"href":"https:\/\/lottespapery.com\/en\/wp-json\/wp\/v2\/product_brand?post=37833"},{"taxonomy":"product_cat","embeddable":true,"href":"https:\/\/lottespapery.com\/en\/wp-json\/wp\/v2\/product_cat?post=37833"},{"taxonomy":"product_tag","embeddable":true,"href":"https:\/\/lottespapery.com\/en\/wp-json\/wp\/v2\/product_tag?post=37833"}],"curies":[{"name":"wp","href":"https:\/\/api.w.org\/{rel}","templated":true}]}}