{"id":37929,"date":"2025-02-24T16:03:52","date_gmt":"2025-02-24T14:03:52","guid":{"rendered":"https:\/\/lottespapery.com\/?post_type=product&#038;p=37929"},"modified":"2025-02-25T14:07:04","modified_gmt":"2025-02-25T12:07:04","slug":"medieval-zimoglaka-different-colors","status":"publish","type":"product","link":"https:\/\/lottespapery.com\/en\/products\/medieval-zimoglaka-different-colors\/","title":{"rendered":"Medieval Sealing Wax \/ Various Colors"},"content":{"rendered":"","protected":false},"excerpt":{"rendered":"","protected":false},"featured_media":37944,"template":"","meta":[],"product_brand":[],"product_cat":[1753,902],"product_tag":[],"class_list":{"0":"post-37929","1":"product","2":"type-product","3":"status-publish","4":"has-post-thumbnail","6":"product_cat-custom-wax-stamps-and-sealing-wax","7":"product_cat-sealing-wax-without-burner","9":"first","10":"instock","11":"taxable","12":"shipping-taxable","13":"purchasable","14":"product-type-variable","15":"has-default-attributes"},"raw_content":{"name":"Medieval Sealing Wax \/ Various Colors","description":"","short_description":"","status":"publish","sku":"D7BE-26FA75","original":37930},"wpml":{"translation_type":1,"has_translations":true,"original":37930,"duplicates":[],"translations":{"lv":37930,"en":37929}},"yoast_head":"<!-- This site is optimized with the Yoast SEO plugin v19.10 - https:\/\/yoast.com\/wordpress\/plugins\/seo\/ -->\n<title>Medieval Sealing Wax \/ Various Colors - Lotte&#039;s Papery<\/title>\n<meta name=\"description\" content=\"A traditional sealing wax in various colors, perfect for true wax enthusiasts. Handmade in France using medieval recipes, it follows ancient craftsmanship. Designed for melting with a lighter or breaking into smaller pieces for spoon melting over a flame. This wax is particularly fragile\u2014when an envelope sealed with it is opened, it will crack or crumble, staying true to its original purpose from centuries past: protecting the letter\u2019s contents from prying eyes.  Size: 21.5 cm x 1.1 cm.  One stick is enough for an average of 15-20 stamp impressions, if a 25mm diameter stamp is used.  !!Not intended for mailing! We recommend placing stamped envelopes in an additional envelope in an attempt to protect the seal.  This sealing wax can be safely used on greeting cards, envelopes, invitations, scrapbooking projects, and papers of various thicknesses, as well as on glass, wood, plastic, and other materials. We recommend handing the stamped items to the other person in real life, instead of sending them by mail.\" \/>\n<meta name=\"robots\" content=\"index, follow, max-snippet:-1, max-image-preview:large, max-video-preview:-1\" \/>\n<link rel=\"canonical\" href=\"https:\/\/lottespapery.com\/en\/products\/medieval-zimoglaka-different-colors\/\" \/>\n<meta property=\"og:locale\" content=\"en_US\" \/>\n<meta property=\"og:type\" content=\"article\" \/>\n<meta property=\"og:title\" content=\"Medieval Sealing Wax \/ Various Colors - Lotte&#039;s Papery\" \/>\n<meta property=\"og:description\" content=\"A traditional sealing wax in various colors, perfect for true wax enthusiasts. Handmade in France using medieval recipes, it follows ancient craftsmanship. Designed for melting with a lighter or breaking into smaller pieces for spoon melting over a flame. This wax is particularly fragile\u2014when an envelope sealed with it is opened, it will crack or crumble, staying true to its original purpose from centuries past: protecting the letter\u2019s contents from prying eyes.  Size: 21.5 cm x 1.1 cm.  One stick is enough for an average of 15-20 stamp impressions, if a 25mm diameter stamp is used.  !!Not intended for mailing! We recommend placing stamped envelopes in an additional envelope in an attempt to protect the seal.  This sealing wax can be safely used on greeting cards, envelopes, invitations, scrapbooking projects, and papers of various thicknesses, as well as on glass, wood, plastic, and other materials. We recommend handing the stamped items to the other person in real life, instead of sending them by mail.\" \/>\n<meta property=\"og:url\" content=\"https:\/\/lottespapery.com\/en\/products\/medieval-zimoglaka-different-colors\/\" \/>\n<meta property=\"og:site_name\" content=\"Lotte&#039;s Papery\" \/>\n<meta property=\"article:publisher\" content=\"https:\/\/www.facebook.com\/LottesPapery\/\" \/>\n<meta property=\"article:modified_time\" content=\"2025-02-25T12:07:04+00:00\" \/>\n<meta property=\"og:image\" content=\"http:\/\/lottespapery.com\/wp-content\/uploads\/2025\/02\/61vcXiMlhPL._AC_SL1000_.jpg\" \/>\n\t<meta property=\"og:image:width\" content=\"851\" \/>\n\t<meta property=\"og:image:height\" content=\"456\" \/>\n\t<meta property=\"og:image:type\" content=\"image\/jpeg\" \/>\n<meta name=\"twitter:card\" content=\"summary_large_image\" \/>\n<script type=\"application\/ld+json\" class=\"yoast-schema-graph\">{\"@context\":\"https:\/\/schema.org\",\"@graph\":[{\"@type\":\"WebPage\",\"@id\":\"https:\/\/lottespapery.com\/en\/products\/medieval-zimoglaka-different-colors\/\",\"url\":\"https:\/\/lottespapery.com\/en\/products\/medieval-zimoglaka-different-colors\/\",\"name\":\"Medieval Sealing Wax \/ Various Colors - Lotte&#039;s Papery\",\"isPartOf\":{\"@id\":\"https:\/\/lottespapery.com\/en\/#website\"},\"datePublished\":\"2025-02-24T14:03:52+00:00\",\"dateModified\":\"2025-02-25T12:07:04+00:00\",\"description\":\"A traditional sealing wax in various colors, perfect for true wax enthusiasts. Handmade in France using medieval recipes, it follows ancient craftsmanship. Designed for melting with a lighter or breaking into smaller pieces for spoon melting over a flame. This wax is particularly fragile\u2014when an envelope sealed with it is opened, it will crack or crumble, staying true to its original purpose from centuries past: protecting the letter\u2019s contents from prying eyes. Size: 21.5 cm x 1.1 cm. One stick is enough for an average of 15-20 stamp impressions, if a 25mm diameter stamp is used. !!Not intended for mailing! We recommend placing stamped envelopes in an additional envelope in an attempt to protect the seal. This sealing wax can be safely used on greeting cards, envelopes, invitations, scrapbooking projects, and papers of various thicknesses, as well as on glass, wood, plastic, and other materials. We recommend handing the stamped items to the other person in real life, instead of sending them by mail.\",\"breadcrumb\":{\"@id\":\"https:\/\/lottespapery.com\/en\/products\/medieval-zimoglaka-different-colors\/#breadcrumb\"},\"inLanguage\":\"en-US\",\"potentialAction\":[{\"@type\":\"ReadAction\",\"target\":[\"https:\/\/lottespapery.com\/en\/products\/medieval-zimoglaka-different-colors\/\"]}]},{\"@type\":\"BreadcrumbList\",\"@id\":\"https:\/\/lottespapery.com\/en\/products\/medieval-zimoglaka-different-colors\/#breadcrumb\",\"itemListElement\":[{\"@type\":\"ListItem\",\"position\":1,\"name\":\"Home\",\"item\":\"https:\/\/lottespapery.com\/en\/\"},{\"@type\":\"ListItem\",\"position\":2,\"name\":\"Shop\",\"item\":\"https:\/\/lottespapery.com\/en\/shop\/\"},{\"@type\":\"ListItem\",\"position\":3,\"name\":\"Medieval Sealing Wax \/ Various Colors\"}]},{\"@type\":\"WebSite\",\"@id\":\"https:\/\/lottespapery.com\/en\/#website\",\"url\":\"https:\/\/lottespapery.com\/en\/\",\"name\":\"Lotte&#039;s Papery\",\"description\":\"Pap\u012brlietas un \u0101das izstr\u0101d\u0101jumi\",\"publisher\":{\"@id\":\"https:\/\/lottespapery.com\/en\/#organization\"},\"potentialAction\":[{\"@type\":\"SearchAction\",\"target\":{\"@type\":\"EntryPoint\",\"urlTemplate\":\"https:\/\/lottespapery.com\/en\/?s={search_term_string}\"},\"query-input\":\"required name=search_term_string\"}],\"inLanguage\":\"en-US\"},{\"@type\":\"Organization\",\"@id\":\"https:\/\/lottespapery.com\/en\/#organization\",\"name\":\"Lotte&#039;s Papery\",\"url\":\"https:\/\/lottespapery.com\/en\/\",\"logo\":{\"@type\":\"ImageObject\",\"inLanguage\":\"en-US\",\"@id\":\"https:\/\/lottespapery.com\/en\/#\/schema\/logo\/image\/\",\"url\":\"http:\/\/lottespapery.com\/wp-content\/uploads\/2022\/11\/logo-dark_180x@2x.png\",\"contentUrl\":\"http:\/\/lottespapery.com\/wp-content\/uploads\/2022\/11\/logo-dark_180x@2x.png\",\"width\":360,\"height\":100,\"caption\":\"Lotte&#039;s Papery\"},\"image\":{\"@id\":\"https:\/\/lottespapery.com\/en\/#\/schema\/logo\/image\/\"},\"sameAs\":[\"https:\/\/www.instagram.com\/lottes_papery\/\",\"https:\/\/www.facebook.com\/LottesPapery\/\"]}]}<\/script>\n<!-- \/ Yoast SEO plugin. -->","yoast_head_json":{"title":"Medieval Sealing Wax \/ Various Colors - Lotte&#039;s Papery","description":"A traditional sealing wax in various colors, perfect for true wax enthusiasts. Handmade in France using medieval recipes, it follows ancient craftsmanship. Designed for melting with a lighter or breaking into smaller pieces for spoon melting over a flame. This wax is particularly fragile\u2014when an envelope sealed with it is opened, it will crack or crumble, staying true to its original purpose from centuries past: protecting the letter\u2019s contents from prying eyes.  Size: 21.5 cm x 1.1 cm.  One stick is enough for an average of 15-20 stamp impressions, if a 25mm diameter stamp is used.  !!Not intended for mailing! We recommend placing stamped envelopes in an additional envelope in an attempt to protect the seal.  This sealing wax can be safely used on greeting cards, envelopes, invitations, scrapbooking projects, and papers of various thicknesses, as well as on glass, wood, plastic, and other materials. We recommend handing the stamped items to the other person in real life, instead of sending them by mail.","robots":{"index":"index","follow":"follow","max-snippet":"max-snippet:-1","max-image-preview":"max-image-preview:large","max-video-preview":"max-video-preview:-1"},"canonical":"https:\/\/lottespapery.com\/en\/products\/medieval-zimoglaka-different-colors\/","og_locale":"en_US","og_type":"article","og_title":"Medieval Sealing Wax \/ Various Colors - Lotte&#039;s Papery","og_description":"A traditional sealing wax in various colors, perfect for true wax enthusiasts. Handmade in France using medieval recipes, it follows ancient craftsmanship. Designed for melting with a lighter or breaking into smaller pieces for spoon melting over a flame. This wax is particularly fragile\u2014when an envelope sealed with it is opened, it will crack or crumble, staying true to its original purpose from centuries past: protecting the letter\u2019s contents from prying eyes.  Size: 21.5 cm x 1.1 cm.  One stick is enough for an average of 15-20 stamp impressions, if a 25mm diameter stamp is used.  !!Not intended for mailing! We recommend placing stamped envelopes in an additional envelope in an attempt to protect the seal.  This sealing wax can be safely used on greeting cards, envelopes, invitations, scrapbooking projects, and papers of various thicknesses, as well as on glass, wood, plastic, and other materials. We recommend handing the stamped items to the other person in real life, instead of sending them by mail.","og_url":"https:\/\/lottespapery.com\/en\/products\/medieval-zimoglaka-different-colors\/","og_site_name":"Lotte&#039;s Papery","article_publisher":"https:\/\/www.facebook.com\/LottesPapery\/","article_modified_time":"2025-02-25T12:07:04+00:00","og_image":[{"width":851,"height":456,"url":"http:\/\/lottespapery.com\/wp-content\/uploads\/2025\/02\/61vcXiMlhPL._AC_SL1000_.jpg","type":"image\/jpeg"}],"twitter_card":"summary_large_image","schema":{"@context":"https:\/\/schema.org","@graph":[{"@type":"WebPage","@id":"https:\/\/lottespapery.com\/en\/products\/medieval-zimoglaka-different-colors\/","url":"https:\/\/lottespapery.com\/en\/products\/medieval-zimoglaka-different-colors\/","name":"Medieval Sealing Wax \/ Various Colors - Lotte&#039;s Papery","isPartOf":{"@id":"https:\/\/lottespapery.com\/en\/#website"},"datePublished":"2025-02-24T14:03:52+00:00","dateModified":"2025-02-25T12:07:04+00:00","description":"A traditional sealing wax in various colors, perfect for true wax enthusiasts. Handmade in France using medieval recipes, it follows ancient craftsmanship. Designed for melting with a lighter or breaking into smaller pieces for spoon melting over a flame. This wax is particularly fragile\u2014when an envelope sealed with it is opened, it will crack or crumble, staying true to its original purpose from centuries past: protecting the letter\u2019s contents from prying eyes. Size: 21.5 cm x 1.1 cm. One stick is enough for an average of 15-20 stamp impressions, if a 25mm diameter stamp is used. !!Not intended for mailing! We recommend placing stamped envelopes in an additional envelope in an attempt to protect the seal. This sealing wax can be safely used on greeting cards, envelopes, invitations, scrapbooking projects, and papers of various thicknesses, as well as on glass, wood, plastic, and other materials. We recommend handing the stamped items to the other person in real life, instead of sending them by mail.","breadcrumb":{"@id":"https:\/\/lottespapery.com\/en\/products\/medieval-zimoglaka-different-colors\/#breadcrumb"},"inLanguage":"en-US","potentialAction":[{"@type":"ReadAction","target":["https:\/\/lottespapery.com\/en\/products\/medieval-zimoglaka-different-colors\/"]}]},{"@type":"BreadcrumbList","@id":"https:\/\/lottespapery.com\/en\/products\/medieval-zimoglaka-different-colors\/#breadcrumb","itemListElement":[{"@type":"ListItem","position":1,"name":"Home","item":"https:\/\/lottespapery.com\/en\/"},{"@type":"ListItem","position":2,"name":"Shop","item":"https:\/\/lottespapery.com\/en\/shop\/"},{"@type":"ListItem","position":3,"name":"Medieval Sealing Wax \/ Various Colors"}]},{"@type":"WebSite","@id":"https:\/\/lottespapery.com\/en\/#website","url":"https:\/\/lottespapery.com\/en\/","name":"Lotte&#039;s Papery","description":"Pap\u012brlietas un \u0101das izstr\u0101d\u0101jumi","publisher":{"@id":"https:\/\/lottespapery.com\/en\/#organization"},"potentialAction":[{"@type":"SearchAction","target":{"@type":"EntryPoint","urlTemplate":"https:\/\/lottespapery.com\/en\/?s={search_term_string}"},"query-input":"required name=search_term_string"}],"inLanguage":"en-US"},{"@type":"Organization","@id":"https:\/\/lottespapery.com\/en\/#organization","name":"Lotte&#039;s Papery","url":"https:\/\/lottespapery.com\/en\/","logo":{"@type":"ImageObject","inLanguage":"en-US","@id":"https:\/\/lottespapery.com\/en\/#\/schema\/logo\/image\/","url":"http:\/\/lottespapery.com\/wp-content\/uploads\/2022\/11\/logo-dark_180x@2x.png","contentUrl":"http:\/\/lottespapery.com\/wp-content\/uploads\/2022\/11\/logo-dark_180x@2x.png","width":360,"height":100,"caption":"Lotte&#039;s Papery"},"image":{"@id":"https:\/\/lottespapery.com\/en\/#\/schema\/logo\/image\/"},"sameAs":["https:\/\/www.instagram.com\/lottes_papery\/","https:\/\/www.facebook.com\/LottesPapery\/"]}]}},"_links":{"self":[{"href":"https:\/\/lottespapery.com\/en\/wp-json\/wp\/v2\/product\/37929","targetHints":{"allow":["GET"]}}],"collection":[{"href":"https:\/\/lottespapery.com\/en\/wp-json\/wp\/v2\/product"}],"about":[{"href":"https:\/\/lottespapery.com\/en\/wp-json\/wp\/v2\/types\/product"}],"wp:featuredmedia":[{"embeddable":true,"href":"https:\/\/lottespapery.com\/en\/wp-json\/wp\/v2\/media\/37944"}],"wp:attachment":[{"href":"https:\/\/lottespapery.com\/en\/wp-json\/wp\/v2\/media?parent=37929"}],"wp:term":[{"taxonomy":"product_brand","embeddable":true,"href":"https:\/\/lottespapery.com\/en\/wp-json\/wp\/v2\/product_brand?post=37929"},{"taxonomy":"product_cat","embeddable":true,"href":"https:\/\/lottespapery.com\/en\/wp-json\/wp\/v2\/product_cat?post=37929"},{"taxonomy":"product_tag","embeddable":true,"href":"https:\/\/lottespapery.com\/en\/wp-json\/wp\/v2\/product_tag?post=37929"}],"curies":[{"name":"wp","href":"https:\/\/api.w.org\/{rel}","templated":true}]}}