{"id":38313,"date":"2025-02-25T13:35:23","date_gmt":"2025-02-25T11:35:23","guid":{"rendered":"https:\/\/lottespapery.com\/?post_type=product&#038;p=38313"},"modified":"2025-02-25T13:37:24","modified_gmt":"2025-02-25T11:37:24","slug":"spatifila-ready-made-self-adhesive-wax-stickers-copy-copy","status":"publish","type":"product","link":"https:\/\/lottespapery.com\/en\/products\/spatifila-ready-made-self-adhesive-wax-stickers-copy-copy\/","title":{"rendered":"Decorative French Lily \/\/ READY-MADE SELF ADHESIVE WAX STICKERS"},"content":{"rendered":"","protected":false},"excerpt":{"rendered":"","protected":false},"featured_media":38293,"template":"","meta":[],"product_brand":[],"product_cat":[1792,906],"product_tag":[],"class_list":{"0":"post-38313","1":"product","2":"type-product","3":"status-publish","4":"has-post-thumbnail","6":"product_cat-wax-stickers","7":"product_cat-sealing-wax-stamps","9":"first","10":"instock","11":"taxable","12":"shipping-taxable","13":"purchasable","14":"product-type-variable","15":"has-default-attributes"},"raw_content":{"name":"Decorative French Lily \/\/ READY-MADE SELF ADHESIVE WAX STICKERS","description":"","short_description":"","status":"publish","sku":"6440-D6683D","original":38308},"wpml":{"translation_type":1,"has_translations":true,"original":38308,"duplicates":[],"translations":{"lv":38308,"en":38313}},"yoast_head":"<!-- This site is optimized with the Yoast SEO plugin v19.10 - https:\/\/yoast.com\/wordpress\/plugins\/seo\/ -->\n<title>Decorative French Lily \/\/ READY-MADE SELF ADHESIVE WAX STICKERS - Lotte&#039;s Papery<\/title>\n<meta name=\"description\" content=\"Ready-made sealing wax stamps with decorative French Lily&#039;s design in the color of your choice. Stamps are a beautiful addition to invitations, gifts, greetings and are becoming especially popular in the wedding stationery industry. We offer to skip the complicated melting process and save money on the purchase of a stamp, sealer and melting tools by ordering sealing wax stickers! Make the process effortless, even if crafting isn\u2019t your thing\u2014simply choose from our ready-made design stamps! Tear off the protective paper on the other side, stick it on an invitation, envelope, gift or other object - and voila! All that remains is to admire the beautiful end result and do a little dance of joy :)  The stamp is very flexible, so you can safely send it by post, but please read the important information below to avoid mistakes.  Production time: 2-5 working days.  Size: A 25mm stamp is used, but the design area together with the edges forms a circle of approximately 30mm diameter.  IMPORTANT INFORMATION:  - The stamp print is durable and we use a strong double sided tape to hold the print in place. However, we recommend placing the sealed invitation or envelope in another envelope if you decide to send it by mail, to avoid tearing, which can happen due to the mechanical operation of modern mail sorting machines.  - All rubber stamps are created by hand, so each one is unique and no two are the same. If you notice a bubble on the edge or slightly uneven edges, it\u2019s simply a natural part of the melting process. In our view, this isn\u2019t a flaw but rather a unique touch that adds character to the final product.  We strive to represent the stamp colors as accurately as possible. However, due to varying monitor settings, please keep in mind that the final impression may differ slightly. If you need an exact color, we strongly advise to order a sample or visit our workshop to see the different colors in person., then order a sample or come to our office to see the shades in person.  INSTRUCTIONS FOR USE:  Peel off the protective film on the back of the sticker, place the stamp in your desired location, and press firmly, rubbing it evenly with your fingers for a secure hold\u2014and you&#039;re done!\" \/>\n<meta name=\"robots\" content=\"index, follow, max-snippet:-1, max-image-preview:large, max-video-preview:-1\" \/>\n<link rel=\"canonical\" href=\"https:\/\/lottespapery.com\/en\/products\/spatifila-ready-made-self-adhesive-wax-stickers-copy-copy\/\" \/>\n<meta property=\"og:locale\" content=\"en_US\" \/>\n<meta property=\"og:type\" content=\"article\" \/>\n<meta property=\"og:title\" content=\"Decorative French Lily \/\/ READY-MADE SELF ADHESIVE WAX STICKERS - Lotte&#039;s Papery\" \/>\n<meta property=\"og:description\" content=\"Ready-made sealing wax stamps with decorative French Lily&#039;s design in the color of your choice. Stamps are a beautiful addition to invitations, gifts, greetings and are becoming especially popular in the wedding stationery industry. We offer to skip the complicated melting process and save money on the purchase of a stamp, sealer and melting tools by ordering sealing wax stickers! Make the process effortless, even if crafting isn\u2019t your thing\u2014simply choose from our ready-made design stamps! Tear off the protective paper on the other side, stick it on an invitation, envelope, gift or other object - and voila! All that remains is to admire the beautiful end result and do a little dance of joy :)  The stamp is very flexible, so you can safely send it by post, but please read the important information below to avoid mistakes.  Production time: 2-5 working days.  Size: A 25mm stamp is used, but the design area together with the edges forms a circle of approximately 30mm diameter.  IMPORTANT INFORMATION:  - The stamp print is durable and we use a strong double sided tape to hold the print in place. However, we recommend placing the sealed invitation or envelope in another envelope if you decide to send it by mail, to avoid tearing, which can happen due to the mechanical operation of modern mail sorting machines.  - All rubber stamps are created by hand, so each one is unique and no two are the same. If you notice a bubble on the edge or slightly uneven edges, it\u2019s simply a natural part of the melting process. In our view, this isn\u2019t a flaw but rather a unique touch that adds character to the final product.  We strive to represent the stamp colors as accurately as possible. However, due to varying monitor settings, please keep in mind that the final impression may differ slightly. If you need an exact color, we strongly advise to order a sample or visit our workshop to see the different colors in person., then order a sample or come to our office to see the shades in person.  INSTRUCTIONS FOR USE:  Peel off the protective film on the back of the sticker, place the stamp in your desired location, and press firmly, rubbing it evenly with your fingers for a secure hold\u2014and you&#039;re done!\" \/>\n<meta property=\"og:url\" content=\"https:\/\/lottespapery.com\/en\/products\/spatifila-ready-made-self-adhesive-wax-stickers-copy-copy\/\" \/>\n<meta property=\"og:site_name\" content=\"Lotte&#039;s Papery\" \/>\n<meta property=\"article:publisher\" content=\"https:\/\/www.facebook.com\/LottesPapery\/\" \/>\n<meta property=\"article:modified_time\" content=\"2025-02-25T11:37:24+00:00\" \/>\n<meta property=\"og:image\" content=\"http:\/\/lottespapery.com\/wp-content\/uploads\/2025\/02\/LOT_758611-01.jpg\" \/>\n\t<meta property=\"og:image:width\" content=\"2307\" \/>\n\t<meta property=\"og:image:height\" content=\"2307\" \/>\n\t<meta property=\"og:image:type\" content=\"image\/jpeg\" \/>\n<meta name=\"twitter:card\" content=\"summary_large_image\" \/>\n<script type=\"application\/ld+json\" class=\"yoast-schema-graph\">{\"@context\":\"https:\/\/schema.org\",\"@graph\":[{\"@type\":\"WebPage\",\"@id\":\"https:\/\/lottespapery.com\/en\/products\/spatifila-ready-made-self-adhesive-wax-stickers-copy-copy\/\",\"url\":\"https:\/\/lottespapery.com\/en\/products\/spatifila-ready-made-self-adhesive-wax-stickers-copy-copy\/\",\"name\":\"Decorative French Lily \/\/ READY-MADE SELF ADHESIVE WAX STICKERS - Lotte&#039;s Papery\",\"isPartOf\":{\"@id\":\"https:\/\/lottespapery.com\/en\/#website\"},\"datePublished\":\"2025-02-25T11:35:23+00:00\",\"dateModified\":\"2025-02-25T11:37:24+00:00\",\"description\":\"Ready-made sealing wax stamps with decorative French Lily's design in the color of your choice. Stamps are a beautiful addition to invitations, gifts, greetings and are becoming especially popular in the wedding stationery industry. We offer to skip the complicated melting process and save money on the purchase of a stamp, sealer and melting tools by ordering sealing wax stickers! Make the process effortless, even if crafting isn\u2019t your thing\u2014simply choose from our ready-made design stamps! Tear off the protective paper on the other side, stick it on an invitation, envelope, gift or other object - and voila! All that remains is to admire the beautiful end result and do a little dance of joy :) The stamp is very flexible, so you can safely send it by post, but please read the important information below to avoid mistakes. Production time: 2-5 working days. Size: A 25mm stamp is used, but the design area together with the edges forms a circle of approximately 30mm diameter. IMPORTANT INFORMATION: - The stamp print is durable and we use a strong double sided tape to hold the print in place. However, we recommend placing the sealed invitation or envelope in another envelope if you decide to send it by mail, to avoid tearing, which can happen due to the mechanical operation of modern mail sorting machines. - All rubber stamps are created by hand, so each one is unique and no two are the same. If you notice a bubble on the edge or slightly uneven edges, it\u2019s simply a natural part of the melting process. In our view, this isn\u2019t a flaw but rather a unique touch that adds character to the final product. We strive to represent the stamp colors as accurately as possible. However, due to varying monitor settings, please keep in mind that the final impression may differ slightly. If you need an exact color, we strongly advise to order a sample or visit our workshop to see the different colors in person., then order a sample or come to our office to see the shades in person. INSTRUCTIONS FOR USE: Peel off the protective film on the back of the sticker, place the stamp in your desired location, and press firmly, rubbing it evenly with your fingers for a secure hold\u2014and you're done!\",\"breadcrumb\":{\"@id\":\"https:\/\/lottespapery.com\/en\/products\/spatifila-ready-made-self-adhesive-wax-stickers-copy-copy\/#breadcrumb\"},\"inLanguage\":\"en-US\",\"potentialAction\":[{\"@type\":\"ReadAction\",\"target\":[\"https:\/\/lottespapery.com\/en\/products\/spatifila-ready-made-self-adhesive-wax-stickers-copy-copy\/\"]}]},{\"@type\":\"BreadcrumbList\",\"@id\":\"https:\/\/lottespapery.com\/en\/products\/spatifila-ready-made-self-adhesive-wax-stickers-copy-copy\/#breadcrumb\",\"itemListElement\":[{\"@type\":\"ListItem\",\"position\":1,\"name\":\"Home\",\"item\":\"https:\/\/lottespapery.com\/en\/\"},{\"@type\":\"ListItem\",\"position\":2,\"name\":\"Shop\",\"item\":\"https:\/\/lottespapery.com\/en\/shop\/\"},{\"@type\":\"ListItem\",\"position\":3,\"name\":\"Decorative French Lily \/\/ READY-MADE SELF ADHESIVE WAX STICKERS\"}]},{\"@type\":\"WebSite\",\"@id\":\"https:\/\/lottespapery.com\/en\/#website\",\"url\":\"https:\/\/lottespapery.com\/en\/\",\"name\":\"Lotte&#039;s Papery\",\"description\":\"Pap\u012brlietas un \u0101das izstr\u0101d\u0101jumi\",\"publisher\":{\"@id\":\"https:\/\/lottespapery.com\/en\/#organization\"},\"potentialAction\":[{\"@type\":\"SearchAction\",\"target\":{\"@type\":\"EntryPoint\",\"urlTemplate\":\"https:\/\/lottespapery.com\/en\/?s={search_term_string}\"},\"query-input\":\"required name=search_term_string\"}],\"inLanguage\":\"en-US\"},{\"@type\":\"Organization\",\"@id\":\"https:\/\/lottespapery.com\/en\/#organization\",\"name\":\"Lotte&#039;s Papery\",\"url\":\"https:\/\/lottespapery.com\/en\/\",\"logo\":{\"@type\":\"ImageObject\",\"inLanguage\":\"en-US\",\"@id\":\"https:\/\/lottespapery.com\/en\/#\/schema\/logo\/image\/\",\"url\":\"http:\/\/lottespapery.com\/wp-content\/uploads\/2022\/11\/logo-dark_180x@2x.png\",\"contentUrl\":\"http:\/\/lottespapery.com\/wp-content\/uploads\/2022\/11\/logo-dark_180x@2x.png\",\"width\":360,\"height\":100,\"caption\":\"Lotte&#039;s Papery\"},\"image\":{\"@id\":\"https:\/\/lottespapery.com\/en\/#\/schema\/logo\/image\/\"},\"sameAs\":[\"https:\/\/www.instagram.com\/lottes_papery\/\",\"https:\/\/www.facebook.com\/LottesPapery\/\"]}]}<\/script>\n<!-- \/ Yoast SEO plugin. -->","yoast_head_json":{"title":"Decorative French Lily \/\/ READY-MADE SELF ADHESIVE WAX STICKERS - Lotte&#039;s Papery","description":"Ready-made sealing wax stamps with decorative French Lily's design in the color of your choice. Stamps are a beautiful addition to invitations, gifts, greetings and are becoming especially popular in the wedding stationery industry. We offer to skip the complicated melting process and save money on the purchase of a stamp, sealer and melting tools by ordering sealing wax stickers! Make the process effortless, even if crafting isn\u2019t your thing\u2014simply choose from our ready-made design stamps! Tear off the protective paper on the other side, stick it on an invitation, envelope, gift or other object - and voila! All that remains is to admire the beautiful end result and do a little dance of joy :)  The stamp is very flexible, so you can safely send it by post, but please read the important information below to avoid mistakes.  Production time: 2-5 working days.  Size: A 25mm stamp is used, but the design area together with the edges forms a circle of approximately 30mm diameter.  IMPORTANT INFORMATION:  - The stamp print is durable and we use a strong double sided tape to hold the print in place. However, we recommend placing the sealed invitation or envelope in another envelope if you decide to send it by mail, to avoid tearing, which can happen due to the mechanical operation of modern mail sorting machines.  - All rubber stamps are created by hand, so each one is unique and no two are the same. If you notice a bubble on the edge or slightly uneven edges, it\u2019s simply a natural part of the melting process. In our view, this isn\u2019t a flaw but rather a unique touch that adds character to the final product.  We strive to represent the stamp colors as accurately as possible. However, due to varying monitor settings, please keep in mind that the final impression may differ slightly. If you need an exact color, we strongly advise to order a sample or visit our workshop to see the different colors in person., then order a sample or come to our office to see the shades in person.  INSTRUCTIONS FOR USE:  Peel off the protective film on the back of the sticker, place the stamp in your desired location, and press firmly, rubbing it evenly with your fingers for a secure hold\u2014and you're done!","robots":{"index":"index","follow":"follow","max-snippet":"max-snippet:-1","max-image-preview":"max-image-preview:large","max-video-preview":"max-video-preview:-1"},"canonical":"https:\/\/lottespapery.com\/en\/products\/spatifila-ready-made-self-adhesive-wax-stickers-copy-copy\/","og_locale":"en_US","og_type":"article","og_title":"Decorative French Lily \/\/ READY-MADE SELF ADHESIVE WAX STICKERS - Lotte&#039;s Papery","og_description":"Ready-made sealing wax stamps with decorative French Lily's design in the color of your choice. Stamps are a beautiful addition to invitations, gifts, greetings and are becoming especially popular in the wedding stationery industry. We offer to skip the complicated melting process and save money on the purchase of a stamp, sealer and melting tools by ordering sealing wax stickers! Make the process effortless, even if crafting isn\u2019t your thing\u2014simply choose from our ready-made design stamps! Tear off the protective paper on the other side, stick it on an invitation, envelope, gift or other object - and voila! All that remains is to admire the beautiful end result and do a little dance of joy :)  The stamp is very flexible, so you can safely send it by post, but please read the important information below to avoid mistakes.  Production time: 2-5 working days.  Size: A 25mm stamp is used, but the design area together with the edges forms a circle of approximately 30mm diameter.  IMPORTANT INFORMATION:  - The stamp print is durable and we use a strong double sided tape to hold the print in place. However, we recommend placing the sealed invitation or envelope in another envelope if you decide to send it by mail, to avoid tearing, which can happen due to the mechanical operation of modern mail sorting machines.  - All rubber stamps are created by hand, so each one is unique and no two are the same. If you notice a bubble on the edge or slightly uneven edges, it\u2019s simply a natural part of the melting process. In our view, this isn\u2019t a flaw but rather a unique touch that adds character to the final product.  We strive to represent the stamp colors as accurately as possible. However, due to varying monitor settings, please keep in mind that the final impression may differ slightly. If you need an exact color, we strongly advise to order a sample or visit our workshop to see the different colors in person., then order a sample or come to our office to see the shades in person.  INSTRUCTIONS FOR USE:  Peel off the protective film on the back of the sticker, place the stamp in your desired location, and press firmly, rubbing it evenly with your fingers for a secure hold\u2014and you're done!","og_url":"https:\/\/lottespapery.com\/en\/products\/spatifila-ready-made-self-adhesive-wax-stickers-copy-copy\/","og_site_name":"Lotte&#039;s Papery","article_publisher":"https:\/\/www.facebook.com\/LottesPapery\/","article_modified_time":"2025-02-25T11:37:24+00:00","og_image":[{"width":2307,"height":2307,"url":"http:\/\/lottespapery.com\/wp-content\/uploads\/2025\/02\/LOT_758611-01.jpg","type":"image\/jpeg"}],"twitter_card":"summary_large_image","schema":{"@context":"https:\/\/schema.org","@graph":[{"@type":"WebPage","@id":"https:\/\/lottespapery.com\/en\/products\/spatifila-ready-made-self-adhesive-wax-stickers-copy-copy\/","url":"https:\/\/lottespapery.com\/en\/products\/spatifila-ready-made-self-adhesive-wax-stickers-copy-copy\/","name":"Decorative French Lily \/\/ READY-MADE SELF ADHESIVE WAX STICKERS - Lotte&#039;s Papery","isPartOf":{"@id":"https:\/\/lottespapery.com\/en\/#website"},"datePublished":"2025-02-25T11:35:23+00:00","dateModified":"2025-02-25T11:37:24+00:00","description":"Ready-made sealing wax stamps with decorative French Lily's design in the color of your choice. Stamps are a beautiful addition to invitations, gifts, greetings and are becoming especially popular in the wedding stationery industry. We offer to skip the complicated melting process and save money on the purchase of a stamp, sealer and melting tools by ordering sealing wax stickers! Make the process effortless, even if crafting isn\u2019t your thing\u2014simply choose from our ready-made design stamps! Tear off the protective paper on the other side, stick it on an invitation, envelope, gift or other object - and voila! All that remains is to admire the beautiful end result and do a little dance of joy :) The stamp is very flexible, so you can safely send it by post, but please read the important information below to avoid mistakes. Production time: 2-5 working days. Size: A 25mm stamp is used, but the design area together with the edges forms a circle of approximately 30mm diameter. IMPORTANT INFORMATION: - The stamp print is durable and we use a strong double sided tape to hold the print in place. However, we recommend placing the sealed invitation or envelope in another envelope if you decide to send it by mail, to avoid tearing, which can happen due to the mechanical operation of modern mail sorting machines. - All rubber stamps are created by hand, so each one is unique and no two are the same. If you notice a bubble on the edge or slightly uneven edges, it\u2019s simply a natural part of the melting process. In our view, this isn\u2019t a flaw but rather a unique touch that adds character to the final product. We strive to represent the stamp colors as accurately as possible. However, due to varying monitor settings, please keep in mind that the final impression may differ slightly. If you need an exact color, we strongly advise to order a sample or visit our workshop to see the different colors in person., then order a sample or come to our office to see the shades in person. INSTRUCTIONS FOR USE: Peel off the protective film on the back of the sticker, place the stamp in your desired location, and press firmly, rubbing it evenly with your fingers for a secure hold\u2014and you're done!","breadcrumb":{"@id":"https:\/\/lottespapery.com\/en\/products\/spatifila-ready-made-self-adhesive-wax-stickers-copy-copy\/#breadcrumb"},"inLanguage":"en-US","potentialAction":[{"@type":"ReadAction","target":["https:\/\/lottespapery.com\/en\/products\/spatifila-ready-made-self-adhesive-wax-stickers-copy-copy\/"]}]},{"@type":"BreadcrumbList","@id":"https:\/\/lottespapery.com\/en\/products\/spatifila-ready-made-self-adhesive-wax-stickers-copy-copy\/#breadcrumb","itemListElement":[{"@type":"ListItem","position":1,"name":"Home","item":"https:\/\/lottespapery.com\/en\/"},{"@type":"ListItem","position":2,"name":"Shop","item":"https:\/\/lottespapery.com\/en\/shop\/"},{"@type":"ListItem","position":3,"name":"Decorative French Lily \/\/ READY-MADE SELF ADHESIVE WAX STICKERS"}]},{"@type":"WebSite","@id":"https:\/\/lottespapery.com\/en\/#website","url":"https:\/\/lottespapery.com\/en\/","name":"Lotte&#039;s Papery","description":"Pap\u012brlietas un \u0101das izstr\u0101d\u0101jumi","publisher":{"@id":"https:\/\/lottespapery.com\/en\/#organization"},"potentialAction":[{"@type":"SearchAction","target":{"@type":"EntryPoint","urlTemplate":"https:\/\/lottespapery.com\/en\/?s={search_term_string}"},"query-input":"required name=search_term_string"}],"inLanguage":"en-US"},{"@type":"Organization","@id":"https:\/\/lottespapery.com\/en\/#organization","name":"Lotte&#039;s Papery","url":"https:\/\/lottespapery.com\/en\/","logo":{"@type":"ImageObject","inLanguage":"en-US","@id":"https:\/\/lottespapery.com\/en\/#\/schema\/logo\/image\/","url":"http:\/\/lottespapery.com\/wp-content\/uploads\/2022\/11\/logo-dark_180x@2x.png","contentUrl":"http:\/\/lottespapery.com\/wp-content\/uploads\/2022\/11\/logo-dark_180x@2x.png","width":360,"height":100,"caption":"Lotte&#039;s Papery"},"image":{"@id":"https:\/\/lottespapery.com\/en\/#\/schema\/logo\/image\/"},"sameAs":["https:\/\/www.instagram.com\/lottes_papery\/","https:\/\/www.facebook.com\/LottesPapery\/"]}]}},"_links":{"self":[{"href":"https:\/\/lottespapery.com\/en\/wp-json\/wp\/v2\/product\/38313","targetHints":{"allow":["GET"]}}],"collection":[{"href":"https:\/\/lottespapery.com\/en\/wp-json\/wp\/v2\/product"}],"about":[{"href":"https:\/\/lottespapery.com\/en\/wp-json\/wp\/v2\/types\/product"}],"wp:featuredmedia":[{"embeddable":true,"href":"https:\/\/lottespapery.com\/en\/wp-json\/wp\/v2\/media\/38293"}],"wp:attachment":[{"href":"https:\/\/lottespapery.com\/en\/wp-json\/wp\/v2\/media?parent=38313"}],"wp:term":[{"taxonomy":"product_brand","embeddable":true,"href":"https:\/\/lottespapery.com\/en\/wp-json\/wp\/v2\/product_brand?post=38313"},{"taxonomy":"product_cat","embeddable":true,"href":"https:\/\/lottespapery.com\/en\/wp-json\/wp\/v2\/product_cat?post=38313"},{"taxonomy":"product_tag","embeddable":true,"href":"https:\/\/lottespapery.com\/en\/wp-json\/wp\/v2\/product_tag?post=38313"}],"curies":[{"name":"wp","href":"https:\/\/api.w.org\/{rel}","templated":true}]}}