{"id":38760,"date":"2025-02-27T17:25:01","date_gmt":"2025-02-27T15:25:01","guid":{"rendered":"https:\/\/lottespapery.com\/?post_type=product&#038;p=38760"},"modified":"2025-11-10T14:15:56","modified_gmt":"2025-11-10T12:15:56","slug":"cool-bronze-colored-stamping-polish-copy-copy-copy-copy","status":"publish","type":"product","link":"https:\/\/lottespapery.com\/en\/products\/cool-bronze-colored-stamping-polish-copy-copy-copy-copy\/","title":{"rendered":"Sealing wax \/\/ Pearl \/\/ W22"},"content":{"rendered":"","protected":false},"excerpt":{"rendered":"","protected":false},"featured_media":38764,"template":"","meta":[],"product_brand":[],"product_cat":[903],"product_tag":[],"class_list":{"0":"post-38760","1":"product","2":"type-product","3":"status-publish","4":"has-post-thumbnail","6":"product_cat-sealing-wax-for-large-glue-pistol","8":"first","9":"instock","10":"taxable","11":"shipping-taxable","12":"purchasable","13":"product-type-variable","14":"has-default-attributes"},"raw_content":{"name":"Sealing wax \/\/ Pearl \/\/ W22","description":"","short_description":"","status":"publish","sku":"9F8A-1C3B8F","original":38757},"wpml":{"translation_type":1,"has_translations":true,"original":38757,"duplicates":[],"translations":{"lv":38757,"en":38760}},"yoast_head":"<!-- This site is optimized with the Yoast SEO plugin v19.10 - https:\/\/yoast.com\/wordpress\/plugins\/seo\/ -->\n<title>Sealing wax \/\/ Pearl \/\/ W22 - Lotte&#039;s Papery<\/title>\n<meta name=\"description\" content=\"Modern sealing wax based on an adhesive formula, making it ideal for mailing and resistant to various impacts. It is compatible with a standard floristry or low temperature glue gun (stick diameter 10mm). One stick is enough for approximately 10-11 wax seals when using a 25 mm diameter stamp. This sealing wax is perfect when you need to make a large number of seals in a relatively short time.  You can safely use this sealing wax on greeting cards, envelopes, invitations, paper decorations (scrapbooking), and papers of various thicknesses, as well as on glass, wood, plastic, and other materials.  Code: W22  Variations: - 1 stick - Box of 5 sticks\" \/>\n<meta name=\"robots\" content=\"index, follow, max-snippet:-1, max-image-preview:large, max-video-preview:-1\" \/>\n<link rel=\"canonical\" href=\"https:\/\/lottespapery.com\/en\/products\/cool-bronze-colored-stamping-polish-copy-copy-copy-copy\/\" \/>\n<meta property=\"og:locale\" content=\"en_US\" \/>\n<meta property=\"og:type\" content=\"article\" \/>\n<meta property=\"og:title\" content=\"Sealing wax \/\/ Pearl \/\/ W22 - Lotte&#039;s Papery\" \/>\n<meta property=\"og:description\" content=\"Modern sealing wax based on an adhesive formula, making it ideal for mailing and resistant to various impacts. It is compatible with a standard floristry or low temperature glue gun (stick diameter 10mm). One stick is enough for approximately 10-11 wax seals when using a 25 mm diameter stamp. This sealing wax is perfect when you need to make a large number of seals in a relatively short time.  You can safely use this sealing wax on greeting cards, envelopes, invitations, paper decorations (scrapbooking), and papers of various thicknesses, as well as on glass, wood, plastic, and other materials.  Code: W22  Variations: - 1 stick - Box of 5 sticks\" \/>\n<meta property=\"og:url\" content=\"https:\/\/lottespapery.com\/en\/products\/cool-bronze-colored-stamping-polish-copy-copy-copy-copy\/\" \/>\n<meta property=\"og:site_name\" content=\"Lotte&#039;s Papery\" \/>\n<meta property=\"article:publisher\" content=\"https:\/\/www.facebook.com\/LottesPapery\/\" \/>\n<meta property=\"article:modified_time\" content=\"2025-11-10T12:15:56+00:00\" \/>\n<meta property=\"og:image\" content=\"http:\/\/lottespapery.com\/wp-content\/uploads\/2025\/02\/pearl-scaled.jpg\" \/>\n\t<meta property=\"og:image:width\" content=\"2560\" \/>\n\t<meta property=\"og:image:height\" content=\"2560\" \/>\n\t<meta property=\"og:image:type\" content=\"image\/jpeg\" \/>\n<meta name=\"twitter:card\" content=\"summary_large_image\" \/>\n<script type=\"application\/ld+json\" class=\"yoast-schema-graph\">{\"@context\":\"https:\/\/schema.org\",\"@graph\":[{\"@type\":\"WebPage\",\"@id\":\"https:\/\/lottespapery.com\/en\/products\/cool-bronze-colored-stamping-polish-copy-copy-copy-copy\/\",\"url\":\"https:\/\/lottespapery.com\/en\/products\/cool-bronze-colored-stamping-polish-copy-copy-copy-copy\/\",\"name\":\"Sealing wax \/\/ Pearl \/\/ W22 - Lotte&#039;s Papery\",\"isPartOf\":{\"@id\":\"https:\/\/lottespapery.com\/en\/#website\"},\"datePublished\":\"2025-02-27T15:25:01+00:00\",\"dateModified\":\"2025-11-10T12:15:56+00:00\",\"description\":\"Modern sealing wax based on an adhesive formula, making it ideal for mailing and resistant to various impacts. It is compatible with a standard floristry or low temperature glue gun (stick diameter 10mm). One stick is enough for approximately 10-11 wax seals when using a 25 mm diameter stamp. This sealing wax is perfect when you need to make a large number of seals in a relatively short time. You can safely use this sealing wax on greeting cards, envelopes, invitations, paper decorations (scrapbooking), and papers of various thicknesses, as well as on glass, wood, plastic, and other materials. Code: W22 Variations: - 1 stick - Box of 5 sticks\",\"breadcrumb\":{\"@id\":\"https:\/\/lottespapery.com\/en\/products\/cool-bronze-colored-stamping-polish-copy-copy-copy-copy\/#breadcrumb\"},\"inLanguage\":\"en-US\",\"potentialAction\":[{\"@type\":\"ReadAction\",\"target\":[\"https:\/\/lottespapery.com\/en\/products\/cool-bronze-colored-stamping-polish-copy-copy-copy-copy\/\"]}]},{\"@type\":\"BreadcrumbList\",\"@id\":\"https:\/\/lottespapery.com\/en\/products\/cool-bronze-colored-stamping-polish-copy-copy-copy-copy\/#breadcrumb\",\"itemListElement\":[{\"@type\":\"ListItem\",\"position\":1,\"name\":\"Home\",\"item\":\"https:\/\/lottespapery.com\/en\/\"},{\"@type\":\"ListItem\",\"position\":2,\"name\":\"Shop\",\"item\":\"https:\/\/lottespapery.com\/en\/shop\/\"},{\"@type\":\"ListItem\",\"position\":3,\"name\":\"Sealing wax \/\/ Pearl \/\/ W22\"}]},{\"@type\":\"WebSite\",\"@id\":\"https:\/\/lottespapery.com\/en\/#website\",\"url\":\"https:\/\/lottespapery.com\/en\/\",\"name\":\"Lotte&#039;s Papery\",\"description\":\"Pap\u012brlietas un \u0101das izstr\u0101d\u0101jumi\",\"publisher\":{\"@id\":\"https:\/\/lottespapery.com\/en\/#organization\"},\"potentialAction\":[{\"@type\":\"SearchAction\",\"target\":{\"@type\":\"EntryPoint\",\"urlTemplate\":\"https:\/\/lottespapery.com\/en\/?s={search_term_string}\"},\"query-input\":\"required name=search_term_string\"}],\"inLanguage\":\"en-US\"},{\"@type\":\"Organization\",\"@id\":\"https:\/\/lottespapery.com\/en\/#organization\",\"name\":\"Lotte&#039;s Papery\",\"url\":\"https:\/\/lottespapery.com\/en\/\",\"logo\":{\"@type\":\"ImageObject\",\"inLanguage\":\"en-US\",\"@id\":\"https:\/\/lottespapery.com\/en\/#\/schema\/logo\/image\/\",\"url\":\"http:\/\/lottespapery.com\/wp-content\/uploads\/2022\/11\/logo-dark_180x@2x.png\",\"contentUrl\":\"http:\/\/lottespapery.com\/wp-content\/uploads\/2022\/11\/logo-dark_180x@2x.png\",\"width\":360,\"height\":100,\"caption\":\"Lotte&#039;s Papery\"},\"image\":{\"@id\":\"https:\/\/lottespapery.com\/en\/#\/schema\/logo\/image\/\"},\"sameAs\":[\"https:\/\/www.instagram.com\/lottes_papery\/\",\"https:\/\/www.facebook.com\/LottesPapery\/\"]}]}<\/script>\n<!-- \/ Yoast SEO plugin. -->","yoast_head_json":{"title":"Sealing wax \/\/ Pearl \/\/ W22 - Lotte&#039;s Papery","description":"Modern sealing wax based on an adhesive formula, making it ideal for mailing and resistant to various impacts. It is compatible with a standard floristry or low temperature glue gun (stick diameter 10mm). One stick is enough for approximately 10-11 wax seals when using a 25 mm diameter stamp. This sealing wax is perfect when you need to make a large number of seals in a relatively short time.  You can safely use this sealing wax on greeting cards, envelopes, invitations, paper decorations (scrapbooking), and papers of various thicknesses, as well as on glass, wood, plastic, and other materials.  Code: W22  Variations: - 1 stick - Box of 5 sticks","robots":{"index":"index","follow":"follow","max-snippet":"max-snippet:-1","max-image-preview":"max-image-preview:large","max-video-preview":"max-video-preview:-1"},"canonical":"https:\/\/lottespapery.com\/en\/products\/cool-bronze-colored-stamping-polish-copy-copy-copy-copy\/","og_locale":"en_US","og_type":"article","og_title":"Sealing wax \/\/ Pearl \/\/ W22 - Lotte&#039;s Papery","og_description":"Modern sealing wax based on an adhesive formula, making it ideal for mailing and resistant to various impacts. It is compatible with a standard floristry or low temperature glue gun (stick diameter 10mm). One stick is enough for approximately 10-11 wax seals when using a 25 mm diameter stamp. This sealing wax is perfect when you need to make a large number of seals in a relatively short time.  You can safely use this sealing wax on greeting cards, envelopes, invitations, paper decorations (scrapbooking), and papers of various thicknesses, as well as on glass, wood, plastic, and other materials.  Code: W22  Variations: - 1 stick - Box of 5 sticks","og_url":"https:\/\/lottespapery.com\/en\/products\/cool-bronze-colored-stamping-polish-copy-copy-copy-copy\/","og_site_name":"Lotte&#039;s Papery","article_publisher":"https:\/\/www.facebook.com\/LottesPapery\/","article_modified_time":"2025-11-10T12:15:56+00:00","og_image":[{"width":2560,"height":2560,"url":"http:\/\/lottespapery.com\/wp-content\/uploads\/2025\/02\/pearl-scaled.jpg","type":"image\/jpeg"}],"twitter_card":"summary_large_image","schema":{"@context":"https:\/\/schema.org","@graph":[{"@type":"WebPage","@id":"https:\/\/lottespapery.com\/en\/products\/cool-bronze-colored-stamping-polish-copy-copy-copy-copy\/","url":"https:\/\/lottespapery.com\/en\/products\/cool-bronze-colored-stamping-polish-copy-copy-copy-copy\/","name":"Sealing wax \/\/ Pearl \/\/ W22 - Lotte&#039;s Papery","isPartOf":{"@id":"https:\/\/lottespapery.com\/en\/#website"},"datePublished":"2025-02-27T15:25:01+00:00","dateModified":"2025-11-10T12:15:56+00:00","description":"Modern sealing wax based on an adhesive formula, making it ideal for mailing and resistant to various impacts. It is compatible with a standard floristry or low temperature glue gun (stick diameter 10mm). One stick is enough for approximately 10-11 wax seals when using a 25 mm diameter stamp. This sealing wax is perfect when you need to make a large number of seals in a relatively short time. You can safely use this sealing wax on greeting cards, envelopes, invitations, paper decorations (scrapbooking), and papers of various thicknesses, as well as on glass, wood, plastic, and other materials. Code: W22 Variations: - 1 stick - Box of 5 sticks","breadcrumb":{"@id":"https:\/\/lottespapery.com\/en\/products\/cool-bronze-colored-stamping-polish-copy-copy-copy-copy\/#breadcrumb"},"inLanguage":"en-US","potentialAction":[{"@type":"ReadAction","target":["https:\/\/lottespapery.com\/en\/products\/cool-bronze-colored-stamping-polish-copy-copy-copy-copy\/"]}]},{"@type":"BreadcrumbList","@id":"https:\/\/lottespapery.com\/en\/products\/cool-bronze-colored-stamping-polish-copy-copy-copy-copy\/#breadcrumb","itemListElement":[{"@type":"ListItem","position":1,"name":"Home","item":"https:\/\/lottespapery.com\/en\/"},{"@type":"ListItem","position":2,"name":"Shop","item":"https:\/\/lottespapery.com\/en\/shop\/"},{"@type":"ListItem","position":3,"name":"Sealing wax \/\/ Pearl \/\/ W22"}]},{"@type":"WebSite","@id":"https:\/\/lottespapery.com\/en\/#website","url":"https:\/\/lottespapery.com\/en\/","name":"Lotte&#039;s Papery","description":"Pap\u012brlietas un \u0101das izstr\u0101d\u0101jumi","publisher":{"@id":"https:\/\/lottespapery.com\/en\/#organization"},"potentialAction":[{"@type":"SearchAction","target":{"@type":"EntryPoint","urlTemplate":"https:\/\/lottespapery.com\/en\/?s={search_term_string}"},"query-input":"required name=search_term_string"}],"inLanguage":"en-US"},{"@type":"Organization","@id":"https:\/\/lottespapery.com\/en\/#organization","name":"Lotte&#039;s Papery","url":"https:\/\/lottespapery.com\/en\/","logo":{"@type":"ImageObject","inLanguage":"en-US","@id":"https:\/\/lottespapery.com\/en\/#\/schema\/logo\/image\/","url":"http:\/\/lottespapery.com\/wp-content\/uploads\/2022\/11\/logo-dark_180x@2x.png","contentUrl":"http:\/\/lottespapery.com\/wp-content\/uploads\/2022\/11\/logo-dark_180x@2x.png","width":360,"height":100,"caption":"Lotte&#039;s Papery"},"image":{"@id":"https:\/\/lottespapery.com\/en\/#\/schema\/logo\/image\/"},"sameAs":["https:\/\/www.instagram.com\/lottes_papery\/","https:\/\/www.facebook.com\/LottesPapery\/"]}]}},"_links":{"self":[{"href":"https:\/\/lottespapery.com\/en\/wp-json\/wp\/v2\/product\/38760","targetHints":{"allow":["GET"]}}],"collection":[{"href":"https:\/\/lottespapery.com\/en\/wp-json\/wp\/v2\/product"}],"about":[{"href":"https:\/\/lottespapery.com\/en\/wp-json\/wp\/v2\/types\/product"}],"wp:featuredmedia":[{"embeddable":true,"href":"https:\/\/lottespapery.com\/en\/wp-json\/wp\/v2\/media\/38764"}],"wp:attachment":[{"href":"https:\/\/lottespapery.com\/en\/wp-json\/wp\/v2\/media?parent=38760"}],"wp:term":[{"taxonomy":"product_brand","embeddable":true,"href":"https:\/\/lottespapery.com\/en\/wp-json\/wp\/v2\/product_brand?post=38760"},{"taxonomy":"product_cat","embeddable":true,"href":"https:\/\/lottespapery.com\/en\/wp-json\/wp\/v2\/product_cat?post=38760"},{"taxonomy":"product_tag","embeddable":true,"href":"https:\/\/lottespapery.com\/en\/wp-json\/wp\/v2\/product_tag?post=38760"}],"curies":[{"name":"wp","href":"https:\/\/api.w.org\/{rel}","templated":true}]}}