{"id":39186,"date":"2025-03-27T14:26:33","date_gmt":"2025-03-27T12:26:33","guid":{"rendered":"https:\/\/lottespapery.com\/?post_type=product&#038;p=39186"},"modified":"2025-10-06T13:01:48","modified_gmt":"2025-10-06T10:01:48","slug":"nature-lover-blooming-face-copy","status":"publish","type":"product","link":"https:\/\/lottespapery.com\/en\/products\/nature-lover-blooming-face-copy\/","title":{"rendered":"WS Nature lover \/\/ Blooming Face"},"content":{"rendered":"","protected":false},"excerpt":{"rendered":"","protected":false},"featured_media":3544,"template":"","meta":[],"product_brand":[],"product_cat":[1950,1969],"product_tag":[],"class_list":{"0":"post-39186","1":"product","2":"type-product","3":"status-publish","4":"has-post-thumbnail","6":"product_cat-wholesale","7":"product_cat-stamps-wholesale","8":"product_shipping_class-wholesale-en","10":"first","11":"instock","12":"taxable","13":"shipping-taxable","14":"purchasable","15":"product-type-simple"},"raw_content":{"name":"WS Nature lover \/\/ Blooming Face","description":"","short_description":"","status":"publish","sku":"DF29-A0D7F1","original":39185},"wpml":{"translation_type":1,"has_translations":true,"original":39185,"duplicates":[],"translations":{"lv":39185,"en":39186}},"yoast_head":"<!-- This site is optimized with the Yoast SEO plugin v19.10 - https:\/\/yoast.com\/wordpress\/plugins\/seo\/ -->\n<title>WS Nature lover \/\/ Blooming Face - Lotte&#039;s Papery<\/title>\n<meta name=\"description\" content=\"Wax Stamp, for use with sealing wax.  Each stamp is packaged in a specially designed black cardboard box with an embossed &quot;lotte&#039;s papery&quot; logo on the lid. The seal is made in Latvia.  Seal dimensions: - Brass head 25mm, - Oak handle 8x2.5cm, 10x2.5cm in full length.\" \/>\n<meta name=\"robots\" content=\"index, follow, max-snippet:-1, max-image-preview:large, max-video-preview:-1\" \/>\n<link rel=\"canonical\" href=\"https:\/\/lottespapery.com\/en\/products\/nature-lover-blooming-face-copy\/\" \/>\n<meta property=\"og:locale\" content=\"en_US\" \/>\n<meta property=\"og:type\" content=\"article\" \/>\n<meta property=\"og:title\" content=\"WS Nature lover \/\/ Blooming Face - Lotte&#039;s Papery\" \/>\n<meta property=\"og:description\" content=\"Wax Stamp, for use with sealing wax.  Each stamp is packaged in a specially designed black cardboard box with an embossed &quot;lotte&#039;s papery&quot; logo on the lid. The seal is made in Latvia.  Seal dimensions: - Brass head 25mm, - Oak handle 8x2.5cm, 10x2.5cm in full length.\" \/>\n<meta property=\"og:url\" content=\"https:\/\/lottespapery.com\/en\/products\/nature-lover-blooming-face-copy\/\" \/>\n<meta property=\"og:site_name\" content=\"Lotte&#039;s Papery\" \/>\n<meta property=\"article:publisher\" content=\"https:\/\/www.facebook.com\/LottesPapery\/\" \/>\n<meta property=\"article:modified_time\" content=\"2025-10-06T10:01:48+00:00\" \/>\n<meta property=\"og:image\" content=\"http:\/\/lottespapery.com\/wp-content\/uploads\/2022\/11\/Zimoguvizualizacijas_2022pavasaris-022-01-1-scaled.jpg\" \/>\n\t<meta property=\"og:image:width\" content=\"2560\" \/>\n\t<meta property=\"og:image:height\" content=\"2560\" \/>\n\t<meta property=\"og:image:type\" content=\"image\/jpeg\" \/>\n<meta name=\"twitter:card\" content=\"summary_large_image\" \/>\n<script type=\"application\/ld+json\" class=\"yoast-schema-graph\">{\"@context\":\"https:\/\/schema.org\",\"@graph\":[{\"@type\":\"WebPage\",\"@id\":\"https:\/\/lottespapery.com\/en\/products\/nature-lover-blooming-face-copy\/\",\"url\":\"https:\/\/lottespapery.com\/en\/products\/nature-lover-blooming-face-copy\/\",\"name\":\"WS Nature lover \/\/ Blooming Face - Lotte&#039;s Papery\",\"isPartOf\":{\"@id\":\"https:\/\/lottespapery.com\/en\/#website\"},\"datePublished\":\"2025-03-27T12:26:33+00:00\",\"dateModified\":\"2025-10-06T10:01:48+00:00\",\"description\":\"Wax Stamp, for use with sealing wax. Each stamp is packaged in a specially designed black cardboard box with an embossed \\\"lotte's papery\\\" logo on the lid. The seal is made in Latvia. Seal dimensions: - Brass head 25mm, - Oak handle 8x2.5cm, 10x2.5cm in full length.\",\"breadcrumb\":{\"@id\":\"https:\/\/lottespapery.com\/en\/products\/nature-lover-blooming-face-copy\/#breadcrumb\"},\"inLanguage\":\"en-US\",\"potentialAction\":[{\"@type\":\"ReadAction\",\"target\":[\"https:\/\/lottespapery.com\/en\/products\/nature-lover-blooming-face-copy\/\"]}]},{\"@type\":\"BreadcrumbList\",\"@id\":\"https:\/\/lottespapery.com\/en\/products\/nature-lover-blooming-face-copy\/#breadcrumb\",\"itemListElement\":[{\"@type\":\"ListItem\",\"position\":1,\"name\":\"Home\",\"item\":\"https:\/\/lottespapery.com\/en\/\"},{\"@type\":\"ListItem\",\"position\":2,\"name\":\"Shop\",\"item\":\"https:\/\/lottespapery.com\/en\/shop\/\"},{\"@type\":\"ListItem\",\"position\":3,\"name\":\"WS Nature lover \/\/ Blooming Face\"}]},{\"@type\":\"WebSite\",\"@id\":\"https:\/\/lottespapery.com\/en\/#website\",\"url\":\"https:\/\/lottespapery.com\/en\/\",\"name\":\"Lotte&#039;s Papery\",\"description\":\"Pap\u012brlietas un \u0101das izstr\u0101d\u0101jumi\",\"publisher\":{\"@id\":\"https:\/\/lottespapery.com\/en\/#organization\"},\"potentialAction\":[{\"@type\":\"SearchAction\",\"target\":{\"@type\":\"EntryPoint\",\"urlTemplate\":\"https:\/\/lottespapery.com\/en\/?s={search_term_string}\"},\"query-input\":\"required name=search_term_string\"}],\"inLanguage\":\"en-US\"},{\"@type\":\"Organization\",\"@id\":\"https:\/\/lottespapery.com\/en\/#organization\",\"name\":\"Lotte&#039;s Papery\",\"url\":\"https:\/\/lottespapery.com\/en\/\",\"logo\":{\"@type\":\"ImageObject\",\"inLanguage\":\"en-US\",\"@id\":\"https:\/\/lottespapery.com\/en\/#\/schema\/logo\/image\/\",\"url\":\"http:\/\/lottespapery.com\/wp-content\/uploads\/2022\/11\/logo-dark_180x@2x.png\",\"contentUrl\":\"http:\/\/lottespapery.com\/wp-content\/uploads\/2022\/11\/logo-dark_180x@2x.png\",\"width\":360,\"height\":100,\"caption\":\"Lotte&#039;s Papery\"},\"image\":{\"@id\":\"https:\/\/lottespapery.com\/en\/#\/schema\/logo\/image\/\"},\"sameAs\":[\"https:\/\/www.instagram.com\/lottes_papery\/\",\"https:\/\/www.facebook.com\/LottesPapery\/\"]}]}<\/script>\n<!-- \/ Yoast SEO plugin. -->","yoast_head_json":{"title":"WS Nature lover \/\/ Blooming Face - Lotte&#039;s Papery","description":"Wax Stamp, for use with sealing wax.  Each stamp is packaged in a specially designed black cardboard box with an embossed \"lotte's papery\" logo on the lid. The seal is made in Latvia.  Seal dimensions: - Brass head 25mm, - Oak handle 8x2.5cm, 10x2.5cm in full length.","robots":{"index":"index","follow":"follow","max-snippet":"max-snippet:-1","max-image-preview":"max-image-preview:large","max-video-preview":"max-video-preview:-1"},"canonical":"https:\/\/lottespapery.com\/en\/products\/nature-lover-blooming-face-copy\/","og_locale":"en_US","og_type":"article","og_title":"WS Nature lover \/\/ Blooming Face - Lotte&#039;s Papery","og_description":"Wax Stamp, for use with sealing wax.  Each stamp is packaged in a specially designed black cardboard box with an embossed \"lotte's papery\" logo on the lid. The seal is made in Latvia.  Seal dimensions: - Brass head 25mm, - Oak handle 8x2.5cm, 10x2.5cm in full length.","og_url":"https:\/\/lottespapery.com\/en\/products\/nature-lover-blooming-face-copy\/","og_site_name":"Lotte&#039;s Papery","article_publisher":"https:\/\/www.facebook.com\/LottesPapery\/","article_modified_time":"2025-10-06T10:01:48+00:00","og_image":[{"width":2560,"height":2560,"url":"http:\/\/lottespapery.com\/wp-content\/uploads\/2022\/11\/Zimoguvizualizacijas_2022pavasaris-022-01-1-scaled.jpg","type":"image\/jpeg"}],"twitter_card":"summary_large_image","schema":{"@context":"https:\/\/schema.org","@graph":[{"@type":"WebPage","@id":"https:\/\/lottespapery.com\/en\/products\/nature-lover-blooming-face-copy\/","url":"https:\/\/lottespapery.com\/en\/products\/nature-lover-blooming-face-copy\/","name":"WS Nature lover \/\/ Blooming Face - Lotte&#039;s Papery","isPartOf":{"@id":"https:\/\/lottespapery.com\/en\/#website"},"datePublished":"2025-03-27T12:26:33+00:00","dateModified":"2025-10-06T10:01:48+00:00","description":"Wax Stamp, for use with sealing wax. Each stamp is packaged in a specially designed black cardboard box with an embossed \"lotte's papery\" logo on the lid. The seal is made in Latvia. Seal dimensions: - Brass head 25mm, - Oak handle 8x2.5cm, 10x2.5cm in full length.","breadcrumb":{"@id":"https:\/\/lottespapery.com\/en\/products\/nature-lover-blooming-face-copy\/#breadcrumb"},"inLanguage":"en-US","potentialAction":[{"@type":"ReadAction","target":["https:\/\/lottespapery.com\/en\/products\/nature-lover-blooming-face-copy\/"]}]},{"@type":"BreadcrumbList","@id":"https:\/\/lottespapery.com\/en\/products\/nature-lover-blooming-face-copy\/#breadcrumb","itemListElement":[{"@type":"ListItem","position":1,"name":"Home","item":"https:\/\/lottespapery.com\/en\/"},{"@type":"ListItem","position":2,"name":"Shop","item":"https:\/\/lottespapery.com\/en\/shop\/"},{"@type":"ListItem","position":3,"name":"WS Nature lover \/\/ Blooming Face"}]},{"@type":"WebSite","@id":"https:\/\/lottespapery.com\/en\/#website","url":"https:\/\/lottespapery.com\/en\/","name":"Lotte&#039;s Papery","description":"Pap\u012brlietas un \u0101das izstr\u0101d\u0101jumi","publisher":{"@id":"https:\/\/lottespapery.com\/en\/#organization"},"potentialAction":[{"@type":"SearchAction","target":{"@type":"EntryPoint","urlTemplate":"https:\/\/lottespapery.com\/en\/?s={search_term_string}"},"query-input":"required name=search_term_string"}],"inLanguage":"en-US"},{"@type":"Organization","@id":"https:\/\/lottespapery.com\/en\/#organization","name":"Lotte&#039;s Papery","url":"https:\/\/lottespapery.com\/en\/","logo":{"@type":"ImageObject","inLanguage":"en-US","@id":"https:\/\/lottespapery.com\/en\/#\/schema\/logo\/image\/","url":"http:\/\/lottespapery.com\/wp-content\/uploads\/2022\/11\/logo-dark_180x@2x.png","contentUrl":"http:\/\/lottespapery.com\/wp-content\/uploads\/2022\/11\/logo-dark_180x@2x.png","width":360,"height":100,"caption":"Lotte&#039;s Papery"},"image":{"@id":"https:\/\/lottespapery.com\/en\/#\/schema\/logo\/image\/"},"sameAs":["https:\/\/www.instagram.com\/lottes_papery\/","https:\/\/www.facebook.com\/LottesPapery\/"]}]}},"_links":{"self":[{"href":"https:\/\/lottespapery.com\/en\/wp-json\/wp\/v2\/product\/39186","targetHints":{"allow":["GET"]}}],"collection":[{"href":"https:\/\/lottespapery.com\/en\/wp-json\/wp\/v2\/product"}],"about":[{"href":"https:\/\/lottespapery.com\/en\/wp-json\/wp\/v2\/types\/product"}],"wp:featuredmedia":[{"embeddable":true,"href":"https:\/\/lottespapery.com\/en\/wp-json\/wp\/v2\/media\/3544"}],"wp:attachment":[{"href":"https:\/\/lottespapery.com\/en\/wp-json\/wp\/v2\/media?parent=39186"}],"wp:term":[{"taxonomy":"product_brand","embeddable":true,"href":"https:\/\/lottespapery.com\/en\/wp-json\/wp\/v2\/product_brand?post=39186"},{"taxonomy":"product_cat","embeddable":true,"href":"https:\/\/lottespapery.com\/en\/wp-json\/wp\/v2\/product_cat?post=39186"},{"taxonomy":"product_tag","embeddable":true,"href":"https:\/\/lottespapery.com\/en\/wp-json\/wp\/v2\/product_tag?post=39186"}],"curies":[{"name":"wp","href":"https:\/\/api.w.org\/{rel}","templated":true}]}}