{"id":39507,"date":"2025-04-11T13:10:40","date_gmt":"2025-04-11T10:10:40","guid":{"rendered":"https:\/\/lottespapery.com\/?post_type=product&#038;p=39507"},"modified":"2025-04-11T13:21:57","modified_gmt":"2025-04-11T10:21:57","slug":"double-sided-gift-wrapping-paper-birds-copy-2","status":"publish","type":"product","link":"https:\/\/lottespapery.com\/en\/products\/double-sided-gift-wrapping-paper-birds-copy-2\/","title":{"rendered":"Gift wrapping paper \u201cWhite flowers\u201d"},"content":{"rendered":"","protected":false},"excerpt":{"rendered":"","protected":false},"featured_media":39509,"template":"","meta":[],"product_brand":[],"product_cat":[876],"product_tag":[],"class_list":{"0":"post-39507","1":"product","2":"type-product","3":"status-publish","4":"has-post-thumbnail","6":"product_cat-for-gift-wrapping","8":"first","9":"instock","10":"taxable","11":"shipping-taxable","12":"purchasable","13":"product-type-simple"},"raw_content":{"name":"Gift wrapping paper \u201cWhite flowers\u201d","description":"","short_description":"","status":"publish","sku":"09C1-898307","original":39506},"wpml":{"translation_type":1,"has_translations":true,"original":39506,"duplicates":[],"translations":{"lv":39506,"en":39507}},"yoast_head":"<!-- This site is optimized with the Yoast SEO plugin v19.10 - https:\/\/yoast.com\/wordpress\/plugins\/seo\/ -->\n<title>Gift wrapping paper \u201cWhite flowers\u201d - Lotte&#039;s Papery<\/title>\n<meta name=\"description\" content=\"Gift wrapping paper with gold elements. Wrap your gifts in beautiful gift paper and give them a special value!  Paper sheet size \u2013 55 x 100 cm\" \/>\n<meta name=\"robots\" content=\"index, follow, max-snippet:-1, max-image-preview:large, max-video-preview:-1\" \/>\n<link rel=\"canonical\" href=\"https:\/\/lottespapery.com\/en\/products\/double-sided-gift-wrapping-paper-birds-copy-2\/\" \/>\n<meta property=\"og:locale\" content=\"en_US\" \/>\n<meta property=\"og:type\" content=\"article\" \/>\n<meta property=\"og:title\" content=\"Gift wrapping paper \u201cWhite flowers\u201d - Lotte&#039;s Papery\" \/>\n<meta property=\"og:description\" content=\"Gift wrapping paper with gold elements. Wrap your gifts in beautiful gift paper and give them a special value!  Paper sheet size \u2013 55 x 100 cm\" \/>\n<meta property=\"og:url\" content=\"https:\/\/lottespapery.com\/en\/products\/double-sided-gift-wrapping-paper-birds-copy-2\/\" \/>\n<meta property=\"og:site_name\" content=\"Lotte&#039;s Papery\" \/>\n<meta property=\"article:publisher\" content=\"https:\/\/www.facebook.com\/LottesPapery\/\" \/>\n<meta property=\"article:modified_time\" content=\"2025-04-11T10:21:57+00:00\" \/>\n<meta property=\"og:image\" content=\"http:\/\/lottespapery.com\/wp-content\/uploads\/2025\/04\/300366155-1.webp\" \/>\n\t<meta property=\"og:image:width\" content=\"500\" \/>\n\t<meta property=\"og:image:height\" content=\"500\" \/>\n\t<meta property=\"og:image:type\" content=\"image\/webp\" \/>\n<meta name=\"twitter:card\" content=\"summary_large_image\" \/>\n<script type=\"application\/ld+json\" class=\"yoast-schema-graph\">{\"@context\":\"https:\/\/schema.org\",\"@graph\":[{\"@type\":\"WebPage\",\"@id\":\"https:\/\/lottespapery.com\/en\/products\/double-sided-gift-wrapping-paper-birds-copy-2\/\",\"url\":\"https:\/\/lottespapery.com\/en\/products\/double-sided-gift-wrapping-paper-birds-copy-2\/\",\"name\":\"Gift wrapping paper \u201cWhite flowers\u201d - Lotte&#039;s Papery\",\"isPartOf\":{\"@id\":\"https:\/\/lottespapery.com\/en\/#website\"},\"datePublished\":\"2025-04-11T10:10:40+00:00\",\"dateModified\":\"2025-04-11T10:21:57+00:00\",\"description\":\"Gift wrapping paper with gold elements. Wrap your gifts in beautiful gift paper and give them a special value! Paper sheet size \u2013 55 x 100 cm\",\"breadcrumb\":{\"@id\":\"https:\/\/lottespapery.com\/en\/products\/double-sided-gift-wrapping-paper-birds-copy-2\/#breadcrumb\"},\"inLanguage\":\"en-US\",\"potentialAction\":[{\"@type\":\"ReadAction\",\"target\":[\"https:\/\/lottespapery.com\/en\/products\/double-sided-gift-wrapping-paper-birds-copy-2\/\"]}]},{\"@type\":\"BreadcrumbList\",\"@id\":\"https:\/\/lottespapery.com\/en\/products\/double-sided-gift-wrapping-paper-birds-copy-2\/#breadcrumb\",\"itemListElement\":[{\"@type\":\"ListItem\",\"position\":1,\"name\":\"Home\",\"item\":\"https:\/\/lottespapery.com\/en\/\"},{\"@type\":\"ListItem\",\"position\":2,\"name\":\"Shop\",\"item\":\"https:\/\/lottespapery.com\/en\/shop\/\"},{\"@type\":\"ListItem\",\"position\":3,\"name\":\"Gift wrapping paper \u201cWhite flowers\u201d\"}]},{\"@type\":\"WebSite\",\"@id\":\"https:\/\/lottespapery.com\/en\/#website\",\"url\":\"https:\/\/lottespapery.com\/en\/\",\"name\":\"Lotte&#039;s Papery\",\"description\":\"Pap\u012brlietas un \u0101das izstr\u0101d\u0101jumi\",\"publisher\":{\"@id\":\"https:\/\/lottespapery.com\/en\/#organization\"},\"potentialAction\":[{\"@type\":\"SearchAction\",\"target\":{\"@type\":\"EntryPoint\",\"urlTemplate\":\"https:\/\/lottespapery.com\/en\/?s={search_term_string}\"},\"query-input\":\"required name=search_term_string\"}],\"inLanguage\":\"en-US\"},{\"@type\":\"Organization\",\"@id\":\"https:\/\/lottespapery.com\/en\/#organization\",\"name\":\"Lotte&#039;s Papery\",\"url\":\"https:\/\/lottespapery.com\/en\/\",\"logo\":{\"@type\":\"ImageObject\",\"inLanguage\":\"en-US\",\"@id\":\"https:\/\/lottespapery.com\/en\/#\/schema\/logo\/image\/\",\"url\":\"http:\/\/lottespapery.com\/wp-content\/uploads\/2022\/11\/logo-dark_180x@2x.png\",\"contentUrl\":\"http:\/\/lottespapery.com\/wp-content\/uploads\/2022\/11\/logo-dark_180x@2x.png\",\"width\":360,\"height\":100,\"caption\":\"Lotte&#039;s Papery\"},\"image\":{\"@id\":\"https:\/\/lottespapery.com\/en\/#\/schema\/logo\/image\/\"},\"sameAs\":[\"https:\/\/www.instagram.com\/lottes_papery\/\",\"https:\/\/www.facebook.com\/LottesPapery\/\"]}]}<\/script>\n<!-- \/ Yoast SEO plugin. -->","yoast_head_json":{"title":"Gift wrapping paper \u201cWhite flowers\u201d - Lotte&#039;s Papery","description":"Gift wrapping paper with gold elements. Wrap your gifts in beautiful gift paper and give them a special value!  Paper sheet size \u2013 55 x 100 cm","robots":{"index":"index","follow":"follow","max-snippet":"max-snippet:-1","max-image-preview":"max-image-preview:large","max-video-preview":"max-video-preview:-1"},"canonical":"https:\/\/lottespapery.com\/en\/products\/double-sided-gift-wrapping-paper-birds-copy-2\/","og_locale":"en_US","og_type":"article","og_title":"Gift wrapping paper \u201cWhite flowers\u201d - Lotte&#039;s Papery","og_description":"Gift wrapping paper with gold elements. Wrap your gifts in beautiful gift paper and give them a special value!  Paper sheet size \u2013 55 x 100 cm","og_url":"https:\/\/lottespapery.com\/en\/products\/double-sided-gift-wrapping-paper-birds-copy-2\/","og_site_name":"Lotte&#039;s Papery","article_publisher":"https:\/\/www.facebook.com\/LottesPapery\/","article_modified_time":"2025-04-11T10:21:57+00:00","og_image":[{"width":500,"height":500,"url":"http:\/\/lottespapery.com\/wp-content\/uploads\/2025\/04\/300366155-1.webp","type":"image\/webp"}],"twitter_card":"summary_large_image","schema":{"@context":"https:\/\/schema.org","@graph":[{"@type":"WebPage","@id":"https:\/\/lottespapery.com\/en\/products\/double-sided-gift-wrapping-paper-birds-copy-2\/","url":"https:\/\/lottespapery.com\/en\/products\/double-sided-gift-wrapping-paper-birds-copy-2\/","name":"Gift wrapping paper \u201cWhite flowers\u201d - Lotte&#039;s Papery","isPartOf":{"@id":"https:\/\/lottespapery.com\/en\/#website"},"datePublished":"2025-04-11T10:10:40+00:00","dateModified":"2025-04-11T10:21:57+00:00","description":"Gift wrapping paper with gold elements. Wrap your gifts in beautiful gift paper and give them a special value! Paper sheet size \u2013 55 x 100 cm","breadcrumb":{"@id":"https:\/\/lottespapery.com\/en\/products\/double-sided-gift-wrapping-paper-birds-copy-2\/#breadcrumb"},"inLanguage":"en-US","potentialAction":[{"@type":"ReadAction","target":["https:\/\/lottespapery.com\/en\/products\/double-sided-gift-wrapping-paper-birds-copy-2\/"]}]},{"@type":"BreadcrumbList","@id":"https:\/\/lottespapery.com\/en\/products\/double-sided-gift-wrapping-paper-birds-copy-2\/#breadcrumb","itemListElement":[{"@type":"ListItem","position":1,"name":"Home","item":"https:\/\/lottespapery.com\/en\/"},{"@type":"ListItem","position":2,"name":"Shop","item":"https:\/\/lottespapery.com\/en\/shop\/"},{"@type":"ListItem","position":3,"name":"Gift wrapping paper \u201cWhite flowers\u201d"}]},{"@type":"WebSite","@id":"https:\/\/lottespapery.com\/en\/#website","url":"https:\/\/lottespapery.com\/en\/","name":"Lotte&#039;s Papery","description":"Pap\u012brlietas un \u0101das izstr\u0101d\u0101jumi","publisher":{"@id":"https:\/\/lottespapery.com\/en\/#organization"},"potentialAction":[{"@type":"SearchAction","target":{"@type":"EntryPoint","urlTemplate":"https:\/\/lottespapery.com\/en\/?s={search_term_string}"},"query-input":"required name=search_term_string"}],"inLanguage":"en-US"},{"@type":"Organization","@id":"https:\/\/lottespapery.com\/en\/#organization","name":"Lotte&#039;s Papery","url":"https:\/\/lottespapery.com\/en\/","logo":{"@type":"ImageObject","inLanguage":"en-US","@id":"https:\/\/lottespapery.com\/en\/#\/schema\/logo\/image\/","url":"http:\/\/lottespapery.com\/wp-content\/uploads\/2022\/11\/logo-dark_180x@2x.png","contentUrl":"http:\/\/lottespapery.com\/wp-content\/uploads\/2022\/11\/logo-dark_180x@2x.png","width":360,"height":100,"caption":"Lotte&#039;s Papery"},"image":{"@id":"https:\/\/lottespapery.com\/en\/#\/schema\/logo\/image\/"},"sameAs":["https:\/\/www.instagram.com\/lottes_papery\/","https:\/\/www.facebook.com\/LottesPapery\/"]}]}},"_links":{"self":[{"href":"https:\/\/lottespapery.com\/en\/wp-json\/wp\/v2\/product\/39507","targetHints":{"allow":["GET"]}}],"collection":[{"href":"https:\/\/lottespapery.com\/en\/wp-json\/wp\/v2\/product"}],"about":[{"href":"https:\/\/lottespapery.com\/en\/wp-json\/wp\/v2\/types\/product"}],"wp:featuredmedia":[{"embeddable":true,"href":"https:\/\/lottespapery.com\/en\/wp-json\/wp\/v2\/media\/39509"}],"wp:attachment":[{"href":"https:\/\/lottespapery.com\/en\/wp-json\/wp\/v2\/media?parent=39507"}],"wp:term":[{"taxonomy":"product_brand","embeddable":true,"href":"https:\/\/lottespapery.com\/en\/wp-json\/wp\/v2\/product_brand?post=39507"},{"taxonomy":"product_cat","embeddable":true,"href":"https:\/\/lottespapery.com\/en\/wp-json\/wp\/v2\/product_cat?post=39507"},{"taxonomy":"product_tag","embeddable":true,"href":"https:\/\/lottespapery.com\/en\/wp-json\/wp\/v2\/product_tag?post=39507"}],"curies":[{"name":"wp","href":"https:\/\/api.w.org\/{rel}","templated":true}]}}