{"id":40367,"date":"2025-05-17T15:26:08","date_gmt":"2025-05-17T12:26:08","guid":{"rendered":"https:\/\/lottespapery.com\/?post_type=product&#038;p=40367"},"modified":"2025-05-17T15:30:31","modified_gmt":"2025-05-17T12:30:31","slug":"envelope-lining-sea-shells-copy","status":"publish","type":"product","link":"https:\/\/lottespapery.com\/en\/products\/envelope-lining-sea-shells-copy\/","title":{"rendered":"Envelope Lining \/ Beach"},"content":{"rendered":"","protected":false},"excerpt":{"rendered":"","protected":false},"featured_media":40283,"template":"","meta":[],"product_brand":[],"product_cat":[1784],"product_tag":[],"class_list":{"0":"post-40367","1":"product","2":"type-product","3":"status-publish","4":"has-post-thumbnail","6":"product_cat-envelope-liners","8":"first","9":"instock","10":"taxable","11":"shipping-taxable","12":"purchasable","13":"product-type-variable","14":"has-default-attributes"},"raw_content":{"name":"Envelope Lining \/ Beach","description":"","short_description":"","status":"publish","sku":"A5D8-B1CE68","original":40361},"wpml":{"translation_type":1,"has_translations":true,"original":40361,"duplicates":[],"translations":{"lv":40361,"en":40367}},"yoast_head":"<!-- This site is optimized with the Yoast SEO plugin v19.10 - https:\/\/yoast.com\/wordpress\/plugins\/seo\/ -->\n<title>Envelope Lining \/ Beach - Lotte&#039;s Papery<\/title>\n<meta name=\"description\" content=\"Decorative lining for our C6 envelopes (114x162mm), printed on premium 120gsm paper to add a refined touch to your invitation set.  Choose:   lining only  lining + envelope (assembly not included)  The envelopes and linings are provided separately, requiring self-assembly with a glue stick.  If you\u2019d like us to assemble the envelopes and linings, please add &quot;Assembly&quot; to your cart in the same quantity as the linings.  Production time depends on the workload, 1-3 weeks. If you need the product for a specific date, please contact us before placing the order at info@lottespapery.com.\" \/>\n<meta name=\"robots\" content=\"index, follow, max-snippet:-1, max-image-preview:large, max-video-preview:-1\" \/>\n<link rel=\"canonical\" href=\"https:\/\/lottespapery.com\/en\/products\/envelope-lining-sea-shells-copy\/\" \/>\n<meta property=\"og:locale\" content=\"en_US\" \/>\n<meta property=\"og:type\" content=\"article\" \/>\n<meta property=\"og:title\" content=\"Envelope Lining \/ Beach - Lotte&#039;s Papery\" \/>\n<meta property=\"og:description\" content=\"Decorative lining for our C6 envelopes (114x162mm), printed on premium 120gsm paper to add a refined touch to your invitation set.  Choose:   lining only  lining + envelope (assembly not included)  The envelopes and linings are provided separately, requiring self-assembly with a glue stick.  If you\u2019d like us to assemble the envelopes and linings, please add &quot;Assembly&quot; to your cart in the same quantity as the linings.  Production time depends on the workload, 1-3 weeks. If you need the product for a specific date, please contact us before placing the order at info@lottespapery.com.\" \/>\n<meta property=\"og:url\" content=\"https:\/\/lottespapery.com\/en\/products\/envelope-lining-sea-shells-copy\/\" \/>\n<meta property=\"og:site_name\" content=\"Lotte&#039;s Papery\" \/>\n<meta property=\"article:publisher\" content=\"https:\/\/www.facebook.com\/LottesPapery\/\" \/>\n<meta property=\"article:modified_time\" content=\"2025-05-17T12:30:31+00:00\" \/>\n<meta property=\"og:image\" content=\"http:\/\/lottespapery.com\/wp-content\/uploads\/2025\/05\/JURA-2-liners_WEB-1.jpg\" \/>\n\t<meta property=\"og:image:width\" content=\"2362\" \/>\n\t<meta property=\"og:image:height\" content=\"2362\" \/>\n\t<meta property=\"og:image:type\" content=\"image\/jpeg\" \/>\n<meta name=\"twitter:card\" content=\"summary_large_image\" \/>\n<script type=\"application\/ld+json\" class=\"yoast-schema-graph\">{\"@context\":\"https:\/\/schema.org\",\"@graph\":[{\"@type\":\"WebPage\",\"@id\":\"https:\/\/lottespapery.com\/en\/products\/envelope-lining-sea-shells-copy\/\",\"url\":\"https:\/\/lottespapery.com\/en\/products\/envelope-lining-sea-shells-copy\/\",\"name\":\"Envelope Lining \/ Beach - Lotte&#039;s Papery\",\"isPartOf\":{\"@id\":\"https:\/\/lottespapery.com\/en\/#website\"},\"datePublished\":\"2025-05-17T12:26:08+00:00\",\"dateModified\":\"2025-05-17T12:30:31+00:00\",\"description\":\"Decorative lining for our C6 envelopes (114x162mm), printed on premium 120gsm paper to add a refined touch to your invitation set. Choose: \u2022 lining only \u2022 lining + envelope (assembly not included) The envelopes and linings are provided separately, requiring self-assembly with a glue stick. If you\u2019d like us to assemble the envelopes and linings, please add \\\"Assembly\\\" to your cart in the same quantity as the linings. Production time depends on the workload, 1-3 weeks. If you need the product for a specific date, please contact us before placing the order at info@lottespapery.com.\",\"breadcrumb\":{\"@id\":\"https:\/\/lottespapery.com\/en\/products\/envelope-lining-sea-shells-copy\/#breadcrumb\"},\"inLanguage\":\"en-US\",\"potentialAction\":[{\"@type\":\"ReadAction\",\"target\":[\"https:\/\/lottespapery.com\/en\/products\/envelope-lining-sea-shells-copy\/\"]}]},{\"@type\":\"BreadcrumbList\",\"@id\":\"https:\/\/lottespapery.com\/en\/products\/envelope-lining-sea-shells-copy\/#breadcrumb\",\"itemListElement\":[{\"@type\":\"ListItem\",\"position\":1,\"name\":\"Home\",\"item\":\"https:\/\/lottespapery.com\/en\/\"},{\"@type\":\"ListItem\",\"position\":2,\"name\":\"Shop\",\"item\":\"https:\/\/lottespapery.com\/en\/shop\/\"},{\"@type\":\"ListItem\",\"position\":3,\"name\":\"Envelope Lining \/ Beach\"}]},{\"@type\":\"WebSite\",\"@id\":\"https:\/\/lottespapery.com\/en\/#website\",\"url\":\"https:\/\/lottespapery.com\/en\/\",\"name\":\"Lotte&#039;s Papery\",\"description\":\"Pap\u012brlietas un \u0101das izstr\u0101d\u0101jumi\",\"publisher\":{\"@id\":\"https:\/\/lottespapery.com\/en\/#organization\"},\"potentialAction\":[{\"@type\":\"SearchAction\",\"target\":{\"@type\":\"EntryPoint\",\"urlTemplate\":\"https:\/\/lottespapery.com\/en\/?s={search_term_string}\"},\"query-input\":\"required name=search_term_string\"}],\"inLanguage\":\"en-US\"},{\"@type\":\"Organization\",\"@id\":\"https:\/\/lottespapery.com\/en\/#organization\",\"name\":\"Lotte&#039;s Papery\",\"url\":\"https:\/\/lottespapery.com\/en\/\",\"logo\":{\"@type\":\"ImageObject\",\"inLanguage\":\"en-US\",\"@id\":\"https:\/\/lottespapery.com\/en\/#\/schema\/logo\/image\/\",\"url\":\"http:\/\/lottespapery.com\/wp-content\/uploads\/2022\/11\/logo-dark_180x@2x.png\",\"contentUrl\":\"http:\/\/lottespapery.com\/wp-content\/uploads\/2022\/11\/logo-dark_180x@2x.png\",\"width\":360,\"height\":100,\"caption\":\"Lotte&#039;s Papery\"},\"image\":{\"@id\":\"https:\/\/lottespapery.com\/en\/#\/schema\/logo\/image\/\"},\"sameAs\":[\"https:\/\/www.instagram.com\/lottes_papery\/\",\"https:\/\/www.facebook.com\/LottesPapery\/\"]}]}<\/script>\n<!-- \/ Yoast SEO plugin. -->","yoast_head_json":{"title":"Envelope Lining \/ Beach - Lotte&#039;s Papery","description":"Decorative lining for our C6 envelopes (114x162mm), printed on premium 120gsm paper to add a refined touch to your invitation set.  Choose:   lining only  lining + envelope (assembly not included)  The envelopes and linings are provided separately, requiring self-assembly with a glue stick.  If you\u2019d like us to assemble the envelopes and linings, please add \"Assembly\" to your cart in the same quantity as the linings.  Production time depends on the workload, 1-3 weeks. If you need the product for a specific date, please contact us before placing the order at info@lottespapery.com.","robots":{"index":"index","follow":"follow","max-snippet":"max-snippet:-1","max-image-preview":"max-image-preview:large","max-video-preview":"max-video-preview:-1"},"canonical":"https:\/\/lottespapery.com\/en\/products\/envelope-lining-sea-shells-copy\/","og_locale":"en_US","og_type":"article","og_title":"Envelope Lining \/ Beach - Lotte&#039;s Papery","og_description":"Decorative lining for our C6 envelopes (114x162mm), printed on premium 120gsm paper to add a refined touch to your invitation set.  Choose:   lining only  lining + envelope (assembly not included)  The envelopes and linings are provided separately, requiring self-assembly with a glue stick.  If you\u2019d like us to assemble the envelopes and linings, please add \"Assembly\" to your cart in the same quantity as the linings.  Production time depends on the workload, 1-3 weeks. If you need the product for a specific date, please contact us before placing the order at info@lottespapery.com.","og_url":"https:\/\/lottespapery.com\/en\/products\/envelope-lining-sea-shells-copy\/","og_site_name":"Lotte&#039;s Papery","article_publisher":"https:\/\/www.facebook.com\/LottesPapery\/","article_modified_time":"2025-05-17T12:30:31+00:00","og_image":[{"width":2362,"height":2362,"url":"http:\/\/lottespapery.com\/wp-content\/uploads\/2025\/05\/JURA-2-liners_WEB-1.jpg","type":"image\/jpeg"}],"twitter_card":"summary_large_image","schema":{"@context":"https:\/\/schema.org","@graph":[{"@type":"WebPage","@id":"https:\/\/lottespapery.com\/en\/products\/envelope-lining-sea-shells-copy\/","url":"https:\/\/lottespapery.com\/en\/products\/envelope-lining-sea-shells-copy\/","name":"Envelope Lining \/ Beach - Lotte&#039;s Papery","isPartOf":{"@id":"https:\/\/lottespapery.com\/en\/#website"},"datePublished":"2025-05-17T12:26:08+00:00","dateModified":"2025-05-17T12:30:31+00:00","description":"Decorative lining for our C6 envelopes (114x162mm), printed on premium 120gsm paper to add a refined touch to your invitation set. Choose: \u2022 lining only \u2022 lining + envelope (assembly not included) The envelopes and linings are provided separately, requiring self-assembly with a glue stick. If you\u2019d like us to assemble the envelopes and linings, please add \"Assembly\" to your cart in the same quantity as the linings. Production time depends on the workload, 1-3 weeks. If you need the product for a specific date, please contact us before placing the order at info@lottespapery.com.","breadcrumb":{"@id":"https:\/\/lottespapery.com\/en\/products\/envelope-lining-sea-shells-copy\/#breadcrumb"},"inLanguage":"en-US","potentialAction":[{"@type":"ReadAction","target":["https:\/\/lottespapery.com\/en\/products\/envelope-lining-sea-shells-copy\/"]}]},{"@type":"BreadcrumbList","@id":"https:\/\/lottespapery.com\/en\/products\/envelope-lining-sea-shells-copy\/#breadcrumb","itemListElement":[{"@type":"ListItem","position":1,"name":"Home","item":"https:\/\/lottespapery.com\/en\/"},{"@type":"ListItem","position":2,"name":"Shop","item":"https:\/\/lottespapery.com\/en\/shop\/"},{"@type":"ListItem","position":3,"name":"Envelope Lining \/ Beach"}]},{"@type":"WebSite","@id":"https:\/\/lottespapery.com\/en\/#website","url":"https:\/\/lottespapery.com\/en\/","name":"Lotte&#039;s Papery","description":"Pap\u012brlietas un \u0101das izstr\u0101d\u0101jumi","publisher":{"@id":"https:\/\/lottespapery.com\/en\/#organization"},"potentialAction":[{"@type":"SearchAction","target":{"@type":"EntryPoint","urlTemplate":"https:\/\/lottespapery.com\/en\/?s={search_term_string}"},"query-input":"required name=search_term_string"}],"inLanguage":"en-US"},{"@type":"Organization","@id":"https:\/\/lottespapery.com\/en\/#organization","name":"Lotte&#039;s Papery","url":"https:\/\/lottespapery.com\/en\/","logo":{"@type":"ImageObject","inLanguage":"en-US","@id":"https:\/\/lottespapery.com\/en\/#\/schema\/logo\/image\/","url":"http:\/\/lottespapery.com\/wp-content\/uploads\/2022\/11\/logo-dark_180x@2x.png","contentUrl":"http:\/\/lottespapery.com\/wp-content\/uploads\/2022\/11\/logo-dark_180x@2x.png","width":360,"height":100,"caption":"Lotte&#039;s Papery"},"image":{"@id":"https:\/\/lottespapery.com\/en\/#\/schema\/logo\/image\/"},"sameAs":["https:\/\/www.instagram.com\/lottes_papery\/","https:\/\/www.facebook.com\/LottesPapery\/"]}]}},"_links":{"self":[{"href":"https:\/\/lottespapery.com\/en\/wp-json\/wp\/v2\/product\/40367","targetHints":{"allow":["GET"]}}],"collection":[{"href":"https:\/\/lottespapery.com\/en\/wp-json\/wp\/v2\/product"}],"about":[{"href":"https:\/\/lottespapery.com\/en\/wp-json\/wp\/v2\/types\/product"}],"wp:featuredmedia":[{"embeddable":true,"href":"https:\/\/lottespapery.com\/en\/wp-json\/wp\/v2\/media\/40283"}],"wp:attachment":[{"href":"https:\/\/lottespapery.com\/en\/wp-json\/wp\/v2\/media?parent=40367"}],"wp:term":[{"taxonomy":"product_brand","embeddable":true,"href":"https:\/\/lottespapery.com\/en\/wp-json\/wp\/v2\/product_brand?post=40367"},{"taxonomy":"product_cat","embeddable":true,"href":"https:\/\/lottespapery.com\/en\/wp-json\/wp\/v2\/product_cat?post=40367"},{"taxonomy":"product_tag","embeddable":true,"href":"https:\/\/lottespapery.com\/en\/wp-json\/wp\/v2\/product_tag?post=40367"}],"curies":[{"name":"wp","href":"https:\/\/api.w.org\/{rel}","templated":true}]}}