{"id":41145,"date":"2025-07-31T10:00:53","date_gmt":"2025-07-31T07:00:53","guid":{"rendered":"https:\/\/lottespapery.com\/?post_type=product&#038;p=41145"},"modified":"2025-07-31T10:24:44","modified_gmt":"2025-07-31T07:24:44","slug":"customized-marriage-certificate-covers-terra-1-copy-copy","status":"publish","type":"product","link":"https:\/\/lottespapery.com\/en\/products\/customized-marriage-certificate-covers-terra-1-copy-copy\/","title":{"rendered":"Customized marriage certificate covers &#8220;TERRA&#8221;\/3"},"content":{"rendered":"","protected":false},"excerpt":{"rendered":"","protected":false},"featured_media":41149,"template":"","meta":[],"product_brand":[],"product_cat":[1634,865],"product_tag":[],"class_list":{"0":"post-41145","1":"product","2":"type-product","3":"status-publish","4":"has-post-thumbnail","6":"product_cat-marriage-certificate-covers","7":"product_cat-certificate-covers","9":"first","10":"instock","11":"taxable","12":"shipping-taxable","13":"purchasable","14":"product-type-variable","15":"has-default-attributes"},"raw_content":{"name":"Customized marriage certificate covers \"TERRA\"\/3","description":"","short_description":"","status":"publish","sku":"0DB2-579397","original":41142},"wpml":{"translation_type":1,"has_translations":true,"original":41142,"duplicates":[],"translations":{"lv":41142,"en":41145}},"yoast_head":"<!-- This site is optimized with the Yoast SEO plugin v19.10 - https:\/\/yoast.com\/wordpress\/plugins\/seo\/ -->\n<title>Customized marriage certificate covers &quot;TERRA&quot;\/3 - Lotte&#039;s Papery<\/title>\n<meta name=\"description\" content=\"Wedding Certificate Covers \u2013 a beautiful and practical way to store your first document together. Handcrafted with precision and elegance, they add a refined touch to your wedding or special event. Wedding Certificate Covers from the TERRA collection, characterized by elegant minimalism, pleasant texture, and unobtrusive gold or silver accents. Personalize with your chosen words and date in gold.    Size: 22 \u00d7 31 cm, fits A4 documents secured by corner slots.  Color pictured: Light porcelain (may vary slightly due to screen settings).  Production Time: Up to 1.5 weeks, depending on workload.  Care: Handle with care; remove dust with a lint roller.  For a coordinated look, explore our &quot;TERRA&quot;, &quot;NATURAL&quot; collections guest books and vow books. Need a custom design? Contact us at info@lottespapery.com!\" \/>\n<meta name=\"robots\" content=\"index, follow, max-snippet:-1, max-image-preview:large, max-video-preview:-1\" \/>\n<link rel=\"canonical\" href=\"https:\/\/lottespapery.com\/en\/products\/customized-marriage-certificate-covers-terra-1-copy-copy\/\" \/>\n<meta property=\"og:locale\" content=\"en_US\" \/>\n<meta property=\"og:type\" content=\"article\" \/>\n<meta property=\"og:title\" content=\"Customized marriage certificate covers &quot;TERRA&quot;\/3 - Lotte&#039;s Papery\" \/>\n<meta property=\"og:description\" content=\"Wedding Certificate Covers \u2013 a beautiful and practical way to store your first document together. Handcrafted with precision and elegance, they add a refined touch to your wedding or special event. Wedding Certificate Covers from the TERRA collection, characterized by elegant minimalism, pleasant texture, and unobtrusive gold or silver accents. Personalize with your chosen words and date in gold.    Size: 22 \u00d7 31 cm, fits A4 documents secured by corner slots.  Color pictured: Light porcelain (may vary slightly due to screen settings).  Production Time: Up to 1.5 weeks, depending on workload.  Care: Handle with care; remove dust with a lint roller.  For a coordinated look, explore our &quot;TERRA&quot;, &quot;NATURAL&quot; collections guest books and vow books. Need a custom design? Contact us at info@lottespapery.com!\" \/>\n<meta property=\"og:url\" content=\"https:\/\/lottespapery.com\/en\/products\/customized-marriage-certificate-covers-terra-1-copy-copy\/\" \/>\n<meta property=\"og:site_name\" content=\"Lotte&#039;s Papery\" \/>\n<meta property=\"article:publisher\" content=\"https:\/\/www.facebook.com\/LottesPapery\/\" \/>\n<meta property=\"article:modified_time\" content=\"2025-07-31T07:24:44+00:00\" \/>\n<meta property=\"og:image\" content=\"http:\/\/lottespapery.com\/wp-content\/uploads\/2025\/07\/LINA-personalizeti-apliecibu-vaki-2.2-2-scaled-e1753779830949.jpg\" \/>\n\t<meta property=\"og:image:width\" content=\"1706\" \/>\n\t<meta property=\"og:image:height\" content=\"2560\" \/>\n\t<meta property=\"og:image:type\" content=\"image\/jpeg\" \/>\n<meta name=\"twitter:card\" content=\"summary_large_image\" \/>\n<script type=\"application\/ld+json\" class=\"yoast-schema-graph\">{\"@context\":\"https:\/\/schema.org\",\"@graph\":[{\"@type\":\"WebPage\",\"@id\":\"https:\/\/lottespapery.com\/en\/products\/customized-marriage-certificate-covers-terra-1-copy-copy\/\",\"url\":\"https:\/\/lottespapery.com\/en\/products\/customized-marriage-certificate-covers-terra-1-copy-copy\/\",\"name\":\"Customized marriage certificate covers \\\"TERRA\\\"\/3 - Lotte&#039;s Papery\",\"isPartOf\":{\"@id\":\"https:\/\/lottespapery.com\/en\/#website\"},\"datePublished\":\"2025-07-31T07:00:53+00:00\",\"dateModified\":\"2025-07-31T07:24:44+00:00\",\"description\":\"Wedding Certificate Covers \u2013 a beautiful and practical way to store your first document together. Handcrafted with precision and elegance, they add a refined touch to your wedding or special event. Wedding Certificate Covers from the TERRA collection, characterized by elegant minimalism, pleasant texture, and unobtrusive gold or silver accents. Personalize with your chosen words and date in gold. \u2022 Size: 22 \u00d7 31 cm, fits A4 documents secured by corner slots. \u2022 Color pictured: Light porcelain (may vary slightly due to screen settings). \u2022 Production Time: Up to 1.5 weeks, depending on workload. \u2022 Care: Handle with care; remove dust with a lint roller. For a coordinated look, explore our \\\"TERRA\\\", \\\"NATURAL\\\" collections guest books and vow books. Need a custom design? Contact us at info@lottespapery.com!\",\"breadcrumb\":{\"@id\":\"https:\/\/lottespapery.com\/en\/products\/customized-marriage-certificate-covers-terra-1-copy-copy\/#breadcrumb\"},\"inLanguage\":\"en-US\",\"potentialAction\":[{\"@type\":\"ReadAction\",\"target\":[\"https:\/\/lottespapery.com\/en\/products\/customized-marriage-certificate-covers-terra-1-copy-copy\/\"]}]},{\"@type\":\"BreadcrumbList\",\"@id\":\"https:\/\/lottespapery.com\/en\/products\/customized-marriage-certificate-covers-terra-1-copy-copy\/#breadcrumb\",\"itemListElement\":[{\"@type\":\"ListItem\",\"position\":1,\"name\":\"Home\",\"item\":\"https:\/\/lottespapery.com\/en\/\"},{\"@type\":\"ListItem\",\"position\":2,\"name\":\"Shop\",\"item\":\"https:\/\/lottespapery.com\/en\/shop\/\"},{\"@type\":\"ListItem\",\"position\":3,\"name\":\"Customized marriage certificate covers &#8220;TERRA&#8221;\/3\"}]},{\"@type\":\"WebSite\",\"@id\":\"https:\/\/lottespapery.com\/en\/#website\",\"url\":\"https:\/\/lottespapery.com\/en\/\",\"name\":\"Lotte&#039;s Papery\",\"description\":\"Pap\u012brlietas un \u0101das izstr\u0101d\u0101jumi\",\"publisher\":{\"@id\":\"https:\/\/lottespapery.com\/en\/#organization\"},\"potentialAction\":[{\"@type\":\"SearchAction\",\"target\":{\"@type\":\"EntryPoint\",\"urlTemplate\":\"https:\/\/lottespapery.com\/en\/?s={search_term_string}\"},\"query-input\":\"required name=search_term_string\"}],\"inLanguage\":\"en-US\"},{\"@type\":\"Organization\",\"@id\":\"https:\/\/lottespapery.com\/en\/#organization\",\"name\":\"Lotte&#039;s Papery\",\"url\":\"https:\/\/lottespapery.com\/en\/\",\"logo\":{\"@type\":\"ImageObject\",\"inLanguage\":\"en-US\",\"@id\":\"https:\/\/lottespapery.com\/en\/#\/schema\/logo\/image\/\",\"url\":\"http:\/\/lottespapery.com\/wp-content\/uploads\/2022\/11\/logo-dark_180x@2x.png\",\"contentUrl\":\"http:\/\/lottespapery.com\/wp-content\/uploads\/2022\/11\/logo-dark_180x@2x.png\",\"width\":360,\"height\":100,\"caption\":\"Lotte&#039;s Papery\"},\"image\":{\"@id\":\"https:\/\/lottespapery.com\/en\/#\/schema\/logo\/image\/\"},\"sameAs\":[\"https:\/\/www.instagram.com\/lottes_papery\/\",\"https:\/\/www.facebook.com\/LottesPapery\/\"]}]}<\/script>\n<!-- \/ Yoast SEO plugin. -->","yoast_head_json":{"title":"Customized marriage certificate covers \"TERRA\"\/3 - Lotte&#039;s Papery","description":"Wedding Certificate Covers \u2013 a beautiful and practical way to store your first document together. Handcrafted with precision and elegance, they add a refined touch to your wedding or special event. Wedding Certificate Covers from the TERRA collection, characterized by elegant minimalism, pleasant texture, and unobtrusive gold or silver accents. Personalize with your chosen words and date in gold.    Size: 22 \u00d7 31 cm, fits A4 documents secured by corner slots.  Color pictured: Light porcelain (may vary slightly due to screen settings).  Production Time: Up to 1.5 weeks, depending on workload.  Care: Handle with care; remove dust with a lint roller.  For a coordinated look, explore our \"TERRA\", \"NATURAL\" collections guest books and vow books. Need a custom design? Contact us at info@lottespapery.com!","robots":{"index":"index","follow":"follow","max-snippet":"max-snippet:-1","max-image-preview":"max-image-preview:large","max-video-preview":"max-video-preview:-1"},"canonical":"https:\/\/lottespapery.com\/en\/products\/customized-marriage-certificate-covers-terra-1-copy-copy\/","og_locale":"en_US","og_type":"article","og_title":"Customized marriage certificate covers \"TERRA\"\/3 - Lotte&#039;s Papery","og_description":"Wedding Certificate Covers \u2013 a beautiful and practical way to store your first document together. Handcrafted with precision and elegance, they add a refined touch to your wedding or special event. Wedding Certificate Covers from the TERRA collection, characterized by elegant minimalism, pleasant texture, and unobtrusive gold or silver accents. Personalize with your chosen words and date in gold.    Size: 22 \u00d7 31 cm, fits A4 documents secured by corner slots.  Color pictured: Light porcelain (may vary slightly due to screen settings).  Production Time: Up to 1.5 weeks, depending on workload.  Care: Handle with care; remove dust with a lint roller.  For a coordinated look, explore our \"TERRA\", \"NATURAL\" collections guest books and vow books. Need a custom design? Contact us at info@lottespapery.com!","og_url":"https:\/\/lottespapery.com\/en\/products\/customized-marriage-certificate-covers-terra-1-copy-copy\/","og_site_name":"Lotte&#039;s Papery","article_publisher":"https:\/\/www.facebook.com\/LottesPapery\/","article_modified_time":"2025-07-31T07:24:44+00:00","og_image":[{"width":1706,"height":2560,"url":"http:\/\/lottespapery.com\/wp-content\/uploads\/2025\/07\/LINA-personalizeti-apliecibu-vaki-2.2-2-scaled-e1753779830949.jpg","type":"image\/jpeg"}],"twitter_card":"summary_large_image","schema":{"@context":"https:\/\/schema.org","@graph":[{"@type":"WebPage","@id":"https:\/\/lottespapery.com\/en\/products\/customized-marriage-certificate-covers-terra-1-copy-copy\/","url":"https:\/\/lottespapery.com\/en\/products\/customized-marriage-certificate-covers-terra-1-copy-copy\/","name":"Customized marriage certificate covers \"TERRA\"\/3 - Lotte&#039;s Papery","isPartOf":{"@id":"https:\/\/lottespapery.com\/en\/#website"},"datePublished":"2025-07-31T07:00:53+00:00","dateModified":"2025-07-31T07:24:44+00:00","description":"Wedding Certificate Covers \u2013 a beautiful and practical way to store your first document together. Handcrafted with precision and elegance, they add a refined touch to your wedding or special event. Wedding Certificate Covers from the TERRA collection, characterized by elegant minimalism, pleasant texture, and unobtrusive gold or silver accents. Personalize with your chosen words and date in gold. \u2022 Size: 22 \u00d7 31 cm, fits A4 documents secured by corner slots. \u2022 Color pictured: Light porcelain (may vary slightly due to screen settings). \u2022 Production Time: Up to 1.5 weeks, depending on workload. \u2022 Care: Handle with care; remove dust with a lint roller. For a coordinated look, explore our \"TERRA\", \"NATURAL\" collections guest books and vow books. Need a custom design? Contact us at info@lottespapery.com!","breadcrumb":{"@id":"https:\/\/lottespapery.com\/en\/products\/customized-marriage-certificate-covers-terra-1-copy-copy\/#breadcrumb"},"inLanguage":"en-US","potentialAction":[{"@type":"ReadAction","target":["https:\/\/lottespapery.com\/en\/products\/customized-marriage-certificate-covers-terra-1-copy-copy\/"]}]},{"@type":"BreadcrumbList","@id":"https:\/\/lottespapery.com\/en\/products\/customized-marriage-certificate-covers-terra-1-copy-copy\/#breadcrumb","itemListElement":[{"@type":"ListItem","position":1,"name":"Home","item":"https:\/\/lottespapery.com\/en\/"},{"@type":"ListItem","position":2,"name":"Shop","item":"https:\/\/lottespapery.com\/en\/shop\/"},{"@type":"ListItem","position":3,"name":"Customized marriage certificate covers &#8220;TERRA&#8221;\/3"}]},{"@type":"WebSite","@id":"https:\/\/lottespapery.com\/en\/#website","url":"https:\/\/lottespapery.com\/en\/","name":"Lotte&#039;s Papery","description":"Pap\u012brlietas un \u0101das izstr\u0101d\u0101jumi","publisher":{"@id":"https:\/\/lottespapery.com\/en\/#organization"},"potentialAction":[{"@type":"SearchAction","target":{"@type":"EntryPoint","urlTemplate":"https:\/\/lottespapery.com\/en\/?s={search_term_string}"},"query-input":"required name=search_term_string"}],"inLanguage":"en-US"},{"@type":"Organization","@id":"https:\/\/lottespapery.com\/en\/#organization","name":"Lotte&#039;s Papery","url":"https:\/\/lottespapery.com\/en\/","logo":{"@type":"ImageObject","inLanguage":"en-US","@id":"https:\/\/lottespapery.com\/en\/#\/schema\/logo\/image\/","url":"http:\/\/lottespapery.com\/wp-content\/uploads\/2022\/11\/logo-dark_180x@2x.png","contentUrl":"http:\/\/lottespapery.com\/wp-content\/uploads\/2022\/11\/logo-dark_180x@2x.png","width":360,"height":100,"caption":"Lotte&#039;s Papery"},"image":{"@id":"https:\/\/lottespapery.com\/en\/#\/schema\/logo\/image\/"},"sameAs":["https:\/\/www.instagram.com\/lottes_papery\/","https:\/\/www.facebook.com\/LottesPapery\/"]}]}},"_links":{"self":[{"href":"https:\/\/lottespapery.com\/en\/wp-json\/wp\/v2\/product\/41145","targetHints":{"allow":["GET"]}}],"collection":[{"href":"https:\/\/lottespapery.com\/en\/wp-json\/wp\/v2\/product"}],"about":[{"href":"https:\/\/lottespapery.com\/en\/wp-json\/wp\/v2\/types\/product"}],"wp:featuredmedia":[{"embeddable":true,"href":"https:\/\/lottespapery.com\/en\/wp-json\/wp\/v2\/media\/41149"}],"wp:attachment":[{"href":"https:\/\/lottespapery.com\/en\/wp-json\/wp\/v2\/media?parent=41145"}],"wp:term":[{"taxonomy":"product_brand","embeddable":true,"href":"https:\/\/lottespapery.com\/en\/wp-json\/wp\/v2\/product_brand?post=41145"},{"taxonomy":"product_cat","embeddable":true,"href":"https:\/\/lottespapery.com\/en\/wp-json\/wp\/v2\/product_cat?post=41145"},{"taxonomy":"product_tag","embeddable":true,"href":"https:\/\/lottespapery.com\/en\/wp-json\/wp\/v2\/product_tag?post=41145"}],"curies":[{"name":"wp","href":"https:\/\/api.w.org\/{rel}","templated":true}]}}