{"id":43228,"date":"2025-09-24T17:17:52","date_gmt":"2025-09-24T14:17:52","guid":{"rendered":"https:\/\/lottespapery.com\/?post_type=product&#038;p=43228"},"modified":"2025-09-24T17:20:16","modified_gmt":"2025-09-24T14:20:16","slug":"ws-bookmark-with-magnet-love-you-copy","status":"publish","type":"product","link":"https:\/\/lottespapery.com\/en\/products\/ws-bookmark-with-magnet-love-you-copy\/","title":{"rendered":"WS Bookmark with magnet &#8221;Heart&#8221;"},"content":{"rendered":"","protected":false},"excerpt":{"rendered":"","protected":false},"featured_media":43232,"template":"","meta":[],"product_brand":[],"product_cat":[1966],"product_tag":[],"class_list":{"0":"post-43228","1":"product","2":"type-product","3":"status-publish","4":"has-post-thumbnail","6":"product_cat-accessories-wholesale","8":"first","9":"instock","10":"taxable","11":"shipping-taxable","12":"purchasable","13":"product-type-variable","14":"has-default-attributes"},"raw_content":{"name":"WS Bookmark with magnet ''Heart''","description":"","short_description":"","status":"publish","sku":"458B-1D7D80","original":43225},"wpml":{"translation_type":1,"has_translations":true,"original":43225,"duplicates":[],"translations":{"lv":43225,"en":43228}},"yoast_head":"<!-- This site is optimized with the Yoast SEO plugin v19.10 - https:\/\/yoast.com\/wordpress\/plugins\/seo\/ -->\n<title>WS Bookmark with magnet &#039;&#039;Heart&#039;&#039; - Lotte&#039;s Papery<\/title>\n<meta name=\"description\" content=\"Natural leather bookmark with magnets and embossed design &quot;\u00a0\u2665 &quot; . Given its shape and size, the bookmark will fit any size book or planner. Open the bookmark and with the parts of the bookmark, where embedded magnets grab the page you want to conveniently open later. Other colors are available as shown on the palette (subject to availability). For inquiries, please contact us at info@lottespapery.com.\" \/>\n<meta name=\"robots\" content=\"index, follow, max-snippet:-1, max-image-preview:large, max-video-preview:-1\" \/>\n<link rel=\"canonical\" href=\"https:\/\/lottespapery.com\/en\/products\/ws-bookmark-with-magnet-love-you-copy\/\" \/>\n<meta property=\"og:locale\" content=\"en_US\" \/>\n<meta property=\"og:type\" content=\"article\" \/>\n<meta property=\"og:title\" content=\"WS Bookmark with magnet &#039;&#039;Heart&#039;&#039; - Lotte&#039;s Papery\" \/>\n<meta property=\"og:description\" content=\"Natural leather bookmark with magnets and embossed design &quot;\u00a0\u2665 &quot; . Given its shape and size, the bookmark will fit any size book or planner. Open the bookmark and with the parts of the bookmark, where embedded magnets grab the page you want to conveniently open later. Other colors are available as shown on the palette (subject to availability). For inquiries, please contact us at info@lottespapery.com.\" \/>\n<meta property=\"og:url\" content=\"https:\/\/lottespapery.com\/en\/products\/ws-bookmark-with-magnet-love-you-copy\/\" \/>\n<meta property=\"og:site_name\" content=\"Lotte&#039;s Papery\" \/>\n<meta property=\"article:publisher\" content=\"https:\/\/www.facebook.com\/LottesPapery\/\" \/>\n<meta property=\"article:modified_time\" content=\"2025-09-24T14:20:16+00:00\" \/>\n<meta property=\"og:image\" content=\"http:\/\/lottespapery.com\/wp-content\/uploads\/2025\/09\/LOT_9651-scaled-e1679911832553.jpg\" \/>\n\t<meta property=\"og:image:width\" content=\"2099\" \/>\n\t<meta property=\"og:image:height\" content=\"2099\" \/>\n\t<meta property=\"og:image:type\" content=\"image\/jpeg\" \/>\n<meta name=\"twitter:card\" content=\"summary_large_image\" \/>\n<script type=\"application\/ld+json\" class=\"yoast-schema-graph\">{\"@context\":\"https:\/\/schema.org\",\"@graph\":[{\"@type\":\"WebPage\",\"@id\":\"https:\/\/lottespapery.com\/en\/products\/ws-bookmark-with-magnet-love-you-copy\/\",\"url\":\"https:\/\/lottespapery.com\/en\/products\/ws-bookmark-with-magnet-love-you-copy\/\",\"name\":\"WS Bookmark with magnet ''Heart'' - Lotte&#039;s Papery\",\"isPartOf\":{\"@id\":\"https:\/\/lottespapery.com\/en\/#website\"},\"datePublished\":\"2025-09-24T14:17:52+00:00\",\"dateModified\":\"2025-09-24T14:20:16+00:00\",\"description\":\"Natural leather bookmark with magnets and embossed design \\\"\u00a0\u2665 \\\" . Given its shape and size, the bookmark will fit any size book or planner. Open the bookmark and with the parts of the bookmark, where embedded magnets grab the page you want to conveniently open later. Other colors are available as shown on the palette (subject to availability). For inquiries, please contact us at info@lottespapery.com.\",\"breadcrumb\":{\"@id\":\"https:\/\/lottespapery.com\/en\/products\/ws-bookmark-with-magnet-love-you-copy\/#breadcrumb\"},\"inLanguage\":\"en-US\",\"potentialAction\":[{\"@type\":\"ReadAction\",\"target\":[\"https:\/\/lottespapery.com\/en\/products\/ws-bookmark-with-magnet-love-you-copy\/\"]}]},{\"@type\":\"BreadcrumbList\",\"@id\":\"https:\/\/lottespapery.com\/en\/products\/ws-bookmark-with-magnet-love-you-copy\/#breadcrumb\",\"itemListElement\":[{\"@type\":\"ListItem\",\"position\":1,\"name\":\"Home\",\"item\":\"https:\/\/lottespapery.com\/en\/\"},{\"@type\":\"ListItem\",\"position\":2,\"name\":\"Shop\",\"item\":\"https:\/\/lottespapery.com\/en\/shop\/\"},{\"@type\":\"ListItem\",\"position\":3,\"name\":\"WS Bookmark with magnet &#8221;Heart&#8221;\"}]},{\"@type\":\"WebSite\",\"@id\":\"https:\/\/lottespapery.com\/en\/#website\",\"url\":\"https:\/\/lottespapery.com\/en\/\",\"name\":\"Lotte&#039;s Papery\",\"description\":\"Pap\u012brlietas un \u0101das izstr\u0101d\u0101jumi\",\"publisher\":{\"@id\":\"https:\/\/lottespapery.com\/en\/#organization\"},\"potentialAction\":[{\"@type\":\"SearchAction\",\"target\":{\"@type\":\"EntryPoint\",\"urlTemplate\":\"https:\/\/lottespapery.com\/en\/?s={search_term_string}\"},\"query-input\":\"required name=search_term_string\"}],\"inLanguage\":\"en-US\"},{\"@type\":\"Organization\",\"@id\":\"https:\/\/lottespapery.com\/en\/#organization\",\"name\":\"Lotte&#039;s Papery\",\"url\":\"https:\/\/lottespapery.com\/en\/\",\"logo\":{\"@type\":\"ImageObject\",\"inLanguage\":\"en-US\",\"@id\":\"https:\/\/lottespapery.com\/en\/#\/schema\/logo\/image\/\",\"url\":\"http:\/\/lottespapery.com\/wp-content\/uploads\/2022\/11\/logo-dark_180x@2x.png\",\"contentUrl\":\"http:\/\/lottespapery.com\/wp-content\/uploads\/2022\/11\/logo-dark_180x@2x.png\",\"width\":360,\"height\":100,\"caption\":\"Lotte&#039;s Papery\"},\"image\":{\"@id\":\"https:\/\/lottespapery.com\/en\/#\/schema\/logo\/image\/\"},\"sameAs\":[\"https:\/\/www.instagram.com\/lottes_papery\/\",\"https:\/\/www.facebook.com\/LottesPapery\/\"]}]}<\/script>\n<!-- \/ Yoast SEO plugin. -->","yoast_head_json":{"title":"WS Bookmark with magnet ''Heart'' - Lotte&#039;s Papery","description":"Natural leather bookmark with magnets and embossed design \"\u00a0\u2665 \" . Given its shape and size, the bookmark will fit any size book or planner. Open the bookmark and with the parts of the bookmark, where embedded magnets grab the page you want to conveniently open later. Other colors are available as shown on the palette (subject to availability). For inquiries, please contact us at info@lottespapery.com.","robots":{"index":"index","follow":"follow","max-snippet":"max-snippet:-1","max-image-preview":"max-image-preview:large","max-video-preview":"max-video-preview:-1"},"canonical":"https:\/\/lottespapery.com\/en\/products\/ws-bookmark-with-magnet-love-you-copy\/","og_locale":"en_US","og_type":"article","og_title":"WS Bookmark with magnet ''Heart'' - Lotte&#039;s Papery","og_description":"Natural leather bookmark with magnets and embossed design \"\u00a0\u2665 \" . Given its shape and size, the bookmark will fit any size book or planner. Open the bookmark and with the parts of the bookmark, where embedded magnets grab the page you want to conveniently open later. Other colors are available as shown on the palette (subject to availability). For inquiries, please contact us at info@lottespapery.com.","og_url":"https:\/\/lottespapery.com\/en\/products\/ws-bookmark-with-magnet-love-you-copy\/","og_site_name":"Lotte&#039;s Papery","article_publisher":"https:\/\/www.facebook.com\/LottesPapery\/","article_modified_time":"2025-09-24T14:20:16+00:00","og_image":[{"width":2099,"height":2099,"url":"http:\/\/lottespapery.com\/wp-content\/uploads\/2025\/09\/LOT_9651-scaled-e1679911832553.jpg","type":"image\/jpeg"}],"twitter_card":"summary_large_image","schema":{"@context":"https:\/\/schema.org","@graph":[{"@type":"WebPage","@id":"https:\/\/lottespapery.com\/en\/products\/ws-bookmark-with-magnet-love-you-copy\/","url":"https:\/\/lottespapery.com\/en\/products\/ws-bookmark-with-magnet-love-you-copy\/","name":"WS Bookmark with magnet ''Heart'' - Lotte&#039;s Papery","isPartOf":{"@id":"https:\/\/lottespapery.com\/en\/#website"},"datePublished":"2025-09-24T14:17:52+00:00","dateModified":"2025-09-24T14:20:16+00:00","description":"Natural leather bookmark with magnets and embossed design \"\u00a0\u2665 \" . Given its shape and size, the bookmark will fit any size book or planner. Open the bookmark and with the parts of the bookmark, where embedded magnets grab the page you want to conveniently open later. Other colors are available as shown on the palette (subject to availability). For inquiries, please contact us at info@lottespapery.com.","breadcrumb":{"@id":"https:\/\/lottespapery.com\/en\/products\/ws-bookmark-with-magnet-love-you-copy\/#breadcrumb"},"inLanguage":"en-US","potentialAction":[{"@type":"ReadAction","target":["https:\/\/lottespapery.com\/en\/products\/ws-bookmark-with-magnet-love-you-copy\/"]}]},{"@type":"BreadcrumbList","@id":"https:\/\/lottespapery.com\/en\/products\/ws-bookmark-with-magnet-love-you-copy\/#breadcrumb","itemListElement":[{"@type":"ListItem","position":1,"name":"Home","item":"https:\/\/lottespapery.com\/en\/"},{"@type":"ListItem","position":2,"name":"Shop","item":"https:\/\/lottespapery.com\/en\/shop\/"},{"@type":"ListItem","position":3,"name":"WS Bookmark with magnet &#8221;Heart&#8221;"}]},{"@type":"WebSite","@id":"https:\/\/lottespapery.com\/en\/#website","url":"https:\/\/lottespapery.com\/en\/","name":"Lotte&#039;s Papery","description":"Pap\u012brlietas un \u0101das izstr\u0101d\u0101jumi","publisher":{"@id":"https:\/\/lottespapery.com\/en\/#organization"},"potentialAction":[{"@type":"SearchAction","target":{"@type":"EntryPoint","urlTemplate":"https:\/\/lottespapery.com\/en\/?s={search_term_string}"},"query-input":"required name=search_term_string"}],"inLanguage":"en-US"},{"@type":"Organization","@id":"https:\/\/lottespapery.com\/en\/#organization","name":"Lotte&#039;s Papery","url":"https:\/\/lottespapery.com\/en\/","logo":{"@type":"ImageObject","inLanguage":"en-US","@id":"https:\/\/lottespapery.com\/en\/#\/schema\/logo\/image\/","url":"http:\/\/lottespapery.com\/wp-content\/uploads\/2022\/11\/logo-dark_180x@2x.png","contentUrl":"http:\/\/lottespapery.com\/wp-content\/uploads\/2022\/11\/logo-dark_180x@2x.png","width":360,"height":100,"caption":"Lotte&#039;s Papery"},"image":{"@id":"https:\/\/lottespapery.com\/en\/#\/schema\/logo\/image\/"},"sameAs":["https:\/\/www.instagram.com\/lottes_papery\/","https:\/\/www.facebook.com\/LottesPapery\/"]}]}},"_links":{"self":[{"href":"https:\/\/lottespapery.com\/en\/wp-json\/wp\/v2\/product\/43228","targetHints":{"allow":["GET"]}}],"collection":[{"href":"https:\/\/lottespapery.com\/en\/wp-json\/wp\/v2\/product"}],"about":[{"href":"https:\/\/lottespapery.com\/en\/wp-json\/wp\/v2\/types\/product"}],"wp:featuredmedia":[{"embeddable":true,"href":"https:\/\/lottespapery.com\/en\/wp-json\/wp\/v2\/media\/43232"}],"wp:attachment":[{"href":"https:\/\/lottespapery.com\/en\/wp-json\/wp\/v2\/media?parent=43228"}],"wp:term":[{"taxonomy":"product_brand","embeddable":true,"href":"https:\/\/lottespapery.com\/en\/wp-json\/wp\/v2\/product_brand?post=43228"},{"taxonomy":"product_cat","embeddable":true,"href":"https:\/\/lottespapery.com\/en\/wp-json\/wp\/v2\/product_cat?post=43228"},{"taxonomy":"product_tag","embeddable":true,"href":"https:\/\/lottespapery.com\/en\/wp-json\/wp\/v2\/product_tag?post=43228"}],"curies":[{"name":"wp","href":"https:\/\/api.w.org\/{rel}","templated":true}]}}