{"id":43659,"date":"2025-10-01T15:54:04","date_gmt":"2025-10-01T12:54:04","guid":{"rendered":"https:\/\/lottespapery.com\/?post_type=product&#038;p=43659"},"modified":"2025-10-01T16:13:05","modified_gmt":"2025-10-01T13:13:05","slug":"small-notebooks-in-rustic-leather-covers-with-changeable-pages","status":"publish","type":"product","link":"https:\/\/lottespapery.com\/en\/products\/small-notebooks-in-rustic-leather-covers-with-changeable-pages\/","title":{"rendered":"Small notebooks in RUSTIC leather covers with changeable pages"},"content":{"rendered":"","protected":false},"excerpt":{"rendered":"","protected":false},"featured_media":43672,"template":"","meta":[],"product_brand":[],"product_cat":[2000],"product_tag":[],"class_list":{"0":"post-43659","1":"product","2":"type-product","3":"status-publish","4":"has-post-thumbnail","6":"product_cat-corporate","8":"first","9":"instock","10":"taxable","11":"shipping-taxable","12":"purchasable","13":"product-type-variable","14":"has-default-attributes"},"raw_content":{"name":"Small notebooks in RUSTIC leather covers with changeable pages","description":"","short_description":"","status":"publish","sku":"FFED-2E976E","original":43657},"wpml":{"translation_type":1,"has_translations":true,"original":43657,"duplicates":[],"translations":{"lv":43657,"en":43659}},"yoast_head":"<!-- This site is optimized with the Yoast SEO plugin v19.10 - https:\/\/yoast.com\/wordpress\/plugins\/seo\/ -->\n<title>Small notebooks in RUSTIC leather covers with changeable pages - Lotte&#039;s Papery<\/title>\n<meta name=\"description\" content=\"Natural leather A6 format notepad with two smaller pockets for business cards and a separate place for a pen embedded in the covers. The notepad comes with replaceable and refillable inner pages. Choose a paper pattern - with lines, squares, dotted or white pages to complete the notebook to your taste, and use it year after year for daily work - for planning, notes or sketches, and also keep important business cards, cards and notes in the inner pockets of the notebook cover.  Information for companies:     Price includes VAT.    After placing your order, please send your logo in vector PDF format to info@lottespapery.com.    If you require a different order quantity, please contact us at info@lottespapery.com.    A 10% additional discount applies to mixed colors. To use this discount, please contact us at info@lottespapery.com.   We mainly use &quot;Crazy horse&quot; leather for our products, treated with natural waxes. Leather is a natural material that has lived its own life, so it may have small scratches or imperfections. We try to never put such &quot;imperfections&quot; in the central areas, but please note that there may also be a slight scratch or mark in the leather on the back or less visible parts of the product. Leather is a wonderful material, and our philosophy is to respect and use it, throwing out as little as possible, thus showing a little respect and gratitude to nature and the world.  Crazy horse material has been known for centuries, it is made from thick cow leather (full grain), which is one of the highest quality leathers in the world. It is coated with a layer of natural wax, then polished to a rich finish. Daily use of a product made of such leather only makes it more beautiful - scratches and friction against other objects change the color of the leather, creating rich, multi-graded tones, complementing the product with a natural &quot;vintage&quot; roughness and harshness. The more the product is used, the more unique its pattern will become.  If you want the product to last a long time, as well as if you want to update its &quot;vintage&quot; look, all you have to do is wet it thoroughly and rub it with a clean cloth (especially the places where scratches are more visible), wipe off the excess water and finally polish it again using a linear movements and woolen gloves, socks or any other woolen product. Polish until the skin is smooth and slightly shiny.        Dimensions for inner pages: 10.5 x 15 cm. You can buy additional inner pages from us! -- All the leather products on display are handmade by a master craftsman right here in Latvia, in our small but warm-hearted workshop. We believe that leather is a special and beautiful material, and we are grateful for its past life, so we use it as sparingly as possible. If you see a slight scratch, you know that in our eyes it is not a flaw, but an added value to the product, making it unique and with its own story.\" \/>\n<meta name=\"robots\" content=\"index, follow, max-snippet:-1, max-image-preview:large, max-video-preview:-1\" \/>\n<link rel=\"canonical\" href=\"https:\/\/lottespapery.com\/en\/products\/small-notebooks-in-rustic-leather-covers-with-changeable-pages\/\" \/>\n<meta property=\"og:locale\" content=\"en_US\" \/>\n<meta property=\"og:type\" content=\"article\" \/>\n<meta property=\"og:title\" content=\"Small notebooks in RUSTIC leather covers with changeable pages - Lotte&#039;s Papery\" \/>\n<meta property=\"og:description\" content=\"Natural leather A6 format notepad with two smaller pockets for business cards and a separate place for a pen embedded in the covers. The notepad comes with replaceable and refillable inner pages. Choose a paper pattern - with lines, squares, dotted or white pages to complete the notebook to your taste, and use it year after year for daily work - for planning, notes or sketches, and also keep important business cards, cards and notes in the inner pockets of the notebook cover.  Information for companies:     Price includes VAT.    After placing your order, please send your logo in vector PDF format to info@lottespapery.com.    If you require a different order quantity, please contact us at info@lottespapery.com.    A 10% additional discount applies to mixed colors. To use this discount, please contact us at info@lottespapery.com.   We mainly use &quot;Crazy horse&quot; leather for our products, treated with natural waxes. Leather is a natural material that has lived its own life, so it may have small scratches or imperfections. We try to never put such &quot;imperfections&quot; in the central areas, but please note that there may also be a slight scratch or mark in the leather on the back or less visible parts of the product. Leather is a wonderful material, and our philosophy is to respect and use it, throwing out as little as possible, thus showing a little respect and gratitude to nature and the world.  Crazy horse material has been known for centuries, it is made from thick cow leather (full grain), which is one of the highest quality leathers in the world. It is coated with a layer of natural wax, then polished to a rich finish. Daily use of a product made of such leather only makes it more beautiful - scratches and friction against other objects change the color of the leather, creating rich, multi-graded tones, complementing the product with a natural &quot;vintage&quot; roughness and harshness. The more the product is used, the more unique its pattern will become.  If you want the product to last a long time, as well as if you want to update its &quot;vintage&quot; look, all you have to do is wet it thoroughly and rub it with a clean cloth (especially the places where scratches are more visible), wipe off the excess water and finally polish it again using a linear movements and woolen gloves, socks or any other woolen product. Polish until the skin is smooth and slightly shiny.        Dimensions for inner pages: 10.5 x 15 cm. You can buy additional inner pages from us! -- All the leather products on display are handmade by a master craftsman right here in Latvia, in our small but warm-hearted workshop. We believe that leather is a special and beautiful material, and we are grateful for its past life, so we use it as sparingly as possible. If you see a slight scratch, you know that in our eyes it is not a flaw, but an added value to the product, making it unique and with its own story.\" \/>\n<meta property=\"og:url\" content=\"https:\/\/lottespapery.com\/en\/products\/small-notebooks-in-rustic-leather-covers-with-changeable-pages\/\" \/>\n<meta property=\"og:site_name\" content=\"Lotte&#039;s Papery\" \/>\n<meta property=\"article:publisher\" content=\"https:\/\/www.facebook.com\/LottesPapery\/\" \/>\n<meta property=\"article:modified_time\" content=\"2025-10-01T13:13:05+00:00\" \/>\n<meta property=\"og:image\" content=\"http:\/\/lottespapery.com\/wp-content\/uploads\/2025\/10\/produkti-2021-44.jpg\" \/>\n\t<meta property=\"og:image:width\" content=\"1024\" \/>\n\t<meta property=\"og:image:height\" content=\"1024\" \/>\n\t<meta property=\"og:image:type\" content=\"image\/jpeg\" \/>\n<meta name=\"twitter:card\" content=\"summary_large_image\" \/>\n<script type=\"application\/ld+json\" class=\"yoast-schema-graph\">{\"@context\":\"https:\/\/schema.org\",\"@graph\":[{\"@type\":\"WebPage\",\"@id\":\"https:\/\/lottespapery.com\/en\/products\/small-notebooks-in-rustic-leather-covers-with-changeable-pages\/\",\"url\":\"https:\/\/lottespapery.com\/en\/products\/small-notebooks-in-rustic-leather-covers-with-changeable-pages\/\",\"name\":\"Small notebooks in RUSTIC leather covers with changeable pages - Lotte&#039;s Papery\",\"isPartOf\":{\"@id\":\"https:\/\/lottespapery.com\/en\/#website\"},\"datePublished\":\"2025-10-01T12:54:04+00:00\",\"dateModified\":\"2025-10-01T13:13:05+00:00\",\"description\":\"Natural leather A6 format notepad with two smaller pockets for business cards and a separate place for a pen embedded in the covers. The notepad comes with replaceable and refillable inner pages. Choose a paper pattern - with lines, squares, dotted or white pages to complete the notebook to your taste, and use it year after year for daily work - for planning, notes or sketches, and also keep important business cards, cards and notes in the inner pockets of the notebook cover. Information for companies: \u2022 Price includes VAT. \u2022 After placing your order, please send your logo in vector PDF format to info@lottespapery.com. \u2022 If you require a different order quantity, please contact us at info@lottespapery.com. \u2022 A 10% additional discount applies to mixed colors. To use this discount, please contact us at info@lottespapery.com. We mainly use \\\"Crazy horse\\\" leather for our products, treated with natural waxes. Leather is a natural material that has lived its own life, so it may have small scratches or imperfections. We try to never put such \\\"imperfections\\\" in the central areas, but please note that there may also be a slight scratch or mark in the leather on the back or less visible parts of the product. Leather is a wonderful material, and our philosophy is to respect and use it, throwing out as little as possible, thus showing a little respect and gratitude to nature and the world. Crazy horse material has been known for centuries, it is made from thick cow leather (full grain), which is one of the highest quality leathers in the world. It is coated with a layer of natural wax, then polished to a rich finish. Daily use of a product made of such leather only makes it more beautiful - scratches and friction against other objects change the color of the leather, creating rich, multi-graded tones, complementing the product with a natural \\\"vintage\\\" roughness and harshness. The more the product is used, the more unique its pattern will become. If you want the product to last a long time, as well as if you want to update its \\\"vintage\\\" look, all you have to do is wet it thoroughly and rub it with a clean cloth (especially the places where scratches are more visible), wipe off the excess water and finally polish it again using a linear movements and woolen gloves, socks or any other woolen product. Polish until the skin is smooth and slightly shiny. Dimensions for inner pages: 10.5 x 15 cm. You can buy additional inner pages from us! -- All the leather products on display are handmade by a master craftsman right here in Latvia, in our small but warm-hearted workshop. We believe that leather is a special and beautiful material, and we are grateful for its past life, so we use it as sparingly as possible. If you see a slight scratch, you know that in our eyes it is not a flaw, but an added value to the product, making it unique and with its own story.\",\"breadcrumb\":{\"@id\":\"https:\/\/lottespapery.com\/en\/products\/small-notebooks-in-rustic-leather-covers-with-changeable-pages\/#breadcrumb\"},\"inLanguage\":\"en-US\",\"potentialAction\":[{\"@type\":\"ReadAction\",\"target\":[\"https:\/\/lottespapery.com\/en\/products\/small-notebooks-in-rustic-leather-covers-with-changeable-pages\/\"]}]},{\"@type\":\"BreadcrumbList\",\"@id\":\"https:\/\/lottespapery.com\/en\/products\/small-notebooks-in-rustic-leather-covers-with-changeable-pages\/#breadcrumb\",\"itemListElement\":[{\"@type\":\"ListItem\",\"position\":1,\"name\":\"Home\",\"item\":\"https:\/\/lottespapery.com\/en\/\"},{\"@type\":\"ListItem\",\"position\":2,\"name\":\"Shop\",\"item\":\"https:\/\/lottespapery.com\/en\/shop\/\"},{\"@type\":\"ListItem\",\"position\":3,\"name\":\"Small notebooks in RUSTIC leather covers with changeable pages\"}]},{\"@type\":\"WebSite\",\"@id\":\"https:\/\/lottespapery.com\/en\/#website\",\"url\":\"https:\/\/lottespapery.com\/en\/\",\"name\":\"Lotte&#039;s Papery\",\"description\":\"Pap\u012brlietas un \u0101das izstr\u0101d\u0101jumi\",\"publisher\":{\"@id\":\"https:\/\/lottespapery.com\/en\/#organization\"},\"potentialAction\":[{\"@type\":\"SearchAction\",\"target\":{\"@type\":\"EntryPoint\",\"urlTemplate\":\"https:\/\/lottespapery.com\/en\/?s={search_term_string}\"},\"query-input\":\"required name=search_term_string\"}],\"inLanguage\":\"en-US\"},{\"@type\":\"Organization\",\"@id\":\"https:\/\/lottespapery.com\/en\/#organization\",\"name\":\"Lotte&#039;s Papery\",\"url\":\"https:\/\/lottespapery.com\/en\/\",\"logo\":{\"@type\":\"ImageObject\",\"inLanguage\":\"en-US\",\"@id\":\"https:\/\/lottespapery.com\/en\/#\/schema\/logo\/image\/\",\"url\":\"http:\/\/lottespapery.com\/wp-content\/uploads\/2022\/11\/logo-dark_180x@2x.png\",\"contentUrl\":\"http:\/\/lottespapery.com\/wp-content\/uploads\/2022\/11\/logo-dark_180x@2x.png\",\"width\":360,\"height\":100,\"caption\":\"Lotte&#039;s Papery\"},\"image\":{\"@id\":\"https:\/\/lottespapery.com\/en\/#\/schema\/logo\/image\/\"},\"sameAs\":[\"https:\/\/www.instagram.com\/lottes_papery\/\",\"https:\/\/www.facebook.com\/LottesPapery\/\"]}]}<\/script>\n<!-- \/ Yoast SEO plugin. -->","yoast_head_json":{"title":"Small notebooks in RUSTIC leather covers with changeable pages - Lotte&#039;s Papery","description":"Natural leather A6 format notepad with two smaller pockets for business cards and a separate place for a pen embedded in the covers. The notepad comes with replaceable and refillable inner pages. Choose a paper pattern - with lines, squares, dotted or white pages to complete the notebook to your taste, and use it year after year for daily work - for planning, notes or sketches, and also keep important business cards, cards and notes in the inner pockets of the notebook cover.  Information for companies:     Price includes VAT.    After placing your order, please send your logo in vector PDF format to info@lottespapery.com.    If you require a different order quantity, please contact us at info@lottespapery.com.    A 10% additional discount applies to mixed colors. To use this discount, please contact us at info@lottespapery.com.   We mainly use \"Crazy horse\" leather for our products, treated with natural waxes. Leather is a natural material that has lived its own life, so it may have small scratches or imperfections. We try to never put such \"imperfections\" in the central areas, but please note that there may also be a slight scratch or mark in the leather on the back or less visible parts of the product. Leather is a wonderful material, and our philosophy is to respect and use it, throwing out as little as possible, thus showing a little respect and gratitude to nature and the world.  Crazy horse material has been known for centuries, it is made from thick cow leather (full grain), which is one of the highest quality leathers in the world. It is coated with a layer of natural wax, then polished to a rich finish. Daily use of a product made of such leather only makes it more beautiful - scratches and friction against other objects change the color of the leather, creating rich, multi-graded tones, complementing the product with a natural \"vintage\" roughness and harshness. The more the product is used, the more unique its pattern will become.  If you want the product to last a long time, as well as if you want to update its \"vintage\" look, all you have to do is wet it thoroughly and rub it with a clean cloth (especially the places where scratches are more visible), wipe off the excess water and finally polish it again using a linear movements and woolen gloves, socks or any other woolen product. Polish until the skin is smooth and slightly shiny.        Dimensions for inner pages: 10.5 x 15 cm. You can buy additional inner pages from us! -- All the leather products on display are handmade by a master craftsman right here in Latvia, in our small but warm-hearted workshop. We believe that leather is a special and beautiful material, and we are grateful for its past life, so we use it as sparingly as possible. If you see a slight scratch, you know that in our eyes it is not a flaw, but an added value to the product, making it unique and with its own story.","robots":{"index":"index","follow":"follow","max-snippet":"max-snippet:-1","max-image-preview":"max-image-preview:large","max-video-preview":"max-video-preview:-1"},"canonical":"https:\/\/lottespapery.com\/en\/products\/small-notebooks-in-rustic-leather-covers-with-changeable-pages\/","og_locale":"en_US","og_type":"article","og_title":"Small notebooks in RUSTIC leather covers with changeable pages - Lotte&#039;s Papery","og_description":"Natural leather A6 format notepad with two smaller pockets for business cards and a separate place for a pen embedded in the covers. The notepad comes with replaceable and refillable inner pages. Choose a paper pattern - with lines, squares, dotted or white pages to complete the notebook to your taste, and use it year after year for daily work - for planning, notes or sketches, and also keep important business cards, cards and notes in the inner pockets of the notebook cover.  Information for companies:     Price includes VAT.    After placing your order, please send your logo in vector PDF format to info@lottespapery.com.    If you require a different order quantity, please contact us at info@lottespapery.com.    A 10% additional discount applies to mixed colors. To use this discount, please contact us at info@lottespapery.com.   We mainly use \"Crazy horse\" leather for our products, treated with natural waxes. Leather is a natural material that has lived its own life, so it may have small scratches or imperfections. We try to never put such \"imperfections\" in the central areas, but please note that there may also be a slight scratch or mark in the leather on the back or less visible parts of the product. Leather is a wonderful material, and our philosophy is to respect and use it, throwing out as little as possible, thus showing a little respect and gratitude to nature and the world.  Crazy horse material has been known for centuries, it is made from thick cow leather (full grain), which is one of the highest quality leathers in the world. It is coated with a layer of natural wax, then polished to a rich finish. Daily use of a product made of such leather only makes it more beautiful - scratches and friction against other objects change the color of the leather, creating rich, multi-graded tones, complementing the product with a natural \"vintage\" roughness and harshness. The more the product is used, the more unique its pattern will become.  If you want the product to last a long time, as well as if you want to update its \"vintage\" look, all you have to do is wet it thoroughly and rub it with a clean cloth (especially the places where scratches are more visible), wipe off the excess water and finally polish it again using a linear movements and woolen gloves, socks or any other woolen product. Polish until the skin is smooth and slightly shiny.        Dimensions for inner pages: 10.5 x 15 cm. You can buy additional inner pages from us! -- All the leather products on display are handmade by a master craftsman right here in Latvia, in our small but warm-hearted workshop. We believe that leather is a special and beautiful material, and we are grateful for its past life, so we use it as sparingly as possible. If you see a slight scratch, you know that in our eyes it is not a flaw, but an added value to the product, making it unique and with its own story.","og_url":"https:\/\/lottespapery.com\/en\/products\/small-notebooks-in-rustic-leather-covers-with-changeable-pages\/","og_site_name":"Lotte&#039;s Papery","article_publisher":"https:\/\/www.facebook.com\/LottesPapery\/","article_modified_time":"2025-10-01T13:13:05+00:00","og_image":[{"width":1024,"height":1024,"url":"http:\/\/lottespapery.com\/wp-content\/uploads\/2025\/10\/produkti-2021-44.jpg","type":"image\/jpeg"}],"twitter_card":"summary_large_image","schema":{"@context":"https:\/\/schema.org","@graph":[{"@type":"WebPage","@id":"https:\/\/lottespapery.com\/en\/products\/small-notebooks-in-rustic-leather-covers-with-changeable-pages\/","url":"https:\/\/lottespapery.com\/en\/products\/small-notebooks-in-rustic-leather-covers-with-changeable-pages\/","name":"Small notebooks in RUSTIC leather covers with changeable pages - Lotte&#039;s Papery","isPartOf":{"@id":"https:\/\/lottespapery.com\/en\/#website"},"datePublished":"2025-10-01T12:54:04+00:00","dateModified":"2025-10-01T13:13:05+00:00","description":"Natural leather A6 format notepad with two smaller pockets for business cards and a separate place for a pen embedded in the covers. The notepad comes with replaceable and refillable inner pages. Choose a paper pattern - with lines, squares, dotted or white pages to complete the notebook to your taste, and use it year after year for daily work - for planning, notes or sketches, and also keep important business cards, cards and notes in the inner pockets of the notebook cover. Information for companies: \u2022 Price includes VAT. \u2022 After placing your order, please send your logo in vector PDF format to info@lottespapery.com. \u2022 If you require a different order quantity, please contact us at info@lottespapery.com. \u2022 A 10% additional discount applies to mixed colors. To use this discount, please contact us at info@lottespapery.com. We mainly use \"Crazy horse\" leather for our products, treated with natural waxes. Leather is a natural material that has lived its own life, so it may have small scratches or imperfections. We try to never put such \"imperfections\" in the central areas, but please note that there may also be a slight scratch or mark in the leather on the back or less visible parts of the product. Leather is a wonderful material, and our philosophy is to respect and use it, throwing out as little as possible, thus showing a little respect and gratitude to nature and the world. Crazy horse material has been known for centuries, it is made from thick cow leather (full grain), which is one of the highest quality leathers in the world. It is coated with a layer of natural wax, then polished to a rich finish. Daily use of a product made of such leather only makes it more beautiful - scratches and friction against other objects change the color of the leather, creating rich, multi-graded tones, complementing the product with a natural \"vintage\" roughness and harshness. The more the product is used, the more unique its pattern will become. If you want the product to last a long time, as well as if you want to update its \"vintage\" look, all you have to do is wet it thoroughly and rub it with a clean cloth (especially the places where scratches are more visible), wipe off the excess water and finally polish it again using a linear movements and woolen gloves, socks or any other woolen product. Polish until the skin is smooth and slightly shiny. Dimensions for inner pages: 10.5 x 15 cm. You can buy additional inner pages from us! -- All the leather products on display are handmade by a master craftsman right here in Latvia, in our small but warm-hearted workshop. We believe that leather is a special and beautiful material, and we are grateful for its past life, so we use it as sparingly as possible. If you see a slight scratch, you know that in our eyes it is not a flaw, but an added value to the product, making it unique and with its own story.","breadcrumb":{"@id":"https:\/\/lottespapery.com\/en\/products\/small-notebooks-in-rustic-leather-covers-with-changeable-pages\/#breadcrumb"},"inLanguage":"en-US","potentialAction":[{"@type":"ReadAction","target":["https:\/\/lottespapery.com\/en\/products\/small-notebooks-in-rustic-leather-covers-with-changeable-pages\/"]}]},{"@type":"BreadcrumbList","@id":"https:\/\/lottespapery.com\/en\/products\/small-notebooks-in-rustic-leather-covers-with-changeable-pages\/#breadcrumb","itemListElement":[{"@type":"ListItem","position":1,"name":"Home","item":"https:\/\/lottespapery.com\/en\/"},{"@type":"ListItem","position":2,"name":"Shop","item":"https:\/\/lottespapery.com\/en\/shop\/"},{"@type":"ListItem","position":3,"name":"Small notebooks in RUSTIC leather covers with changeable pages"}]},{"@type":"WebSite","@id":"https:\/\/lottespapery.com\/en\/#website","url":"https:\/\/lottespapery.com\/en\/","name":"Lotte&#039;s Papery","description":"Pap\u012brlietas un \u0101das izstr\u0101d\u0101jumi","publisher":{"@id":"https:\/\/lottespapery.com\/en\/#organization"},"potentialAction":[{"@type":"SearchAction","target":{"@type":"EntryPoint","urlTemplate":"https:\/\/lottespapery.com\/en\/?s={search_term_string}"},"query-input":"required name=search_term_string"}],"inLanguage":"en-US"},{"@type":"Organization","@id":"https:\/\/lottespapery.com\/en\/#organization","name":"Lotte&#039;s Papery","url":"https:\/\/lottespapery.com\/en\/","logo":{"@type":"ImageObject","inLanguage":"en-US","@id":"https:\/\/lottespapery.com\/en\/#\/schema\/logo\/image\/","url":"http:\/\/lottespapery.com\/wp-content\/uploads\/2022\/11\/logo-dark_180x@2x.png","contentUrl":"http:\/\/lottespapery.com\/wp-content\/uploads\/2022\/11\/logo-dark_180x@2x.png","width":360,"height":100,"caption":"Lotte&#039;s Papery"},"image":{"@id":"https:\/\/lottespapery.com\/en\/#\/schema\/logo\/image\/"},"sameAs":["https:\/\/www.instagram.com\/lottes_papery\/","https:\/\/www.facebook.com\/LottesPapery\/"]}]}},"_links":{"self":[{"href":"https:\/\/lottespapery.com\/en\/wp-json\/wp\/v2\/product\/43659","targetHints":{"allow":["GET"]}}],"collection":[{"href":"https:\/\/lottespapery.com\/en\/wp-json\/wp\/v2\/product"}],"about":[{"href":"https:\/\/lottespapery.com\/en\/wp-json\/wp\/v2\/types\/product"}],"wp:featuredmedia":[{"embeddable":true,"href":"https:\/\/lottespapery.com\/en\/wp-json\/wp\/v2\/media\/43672"}],"wp:attachment":[{"href":"https:\/\/lottespapery.com\/en\/wp-json\/wp\/v2\/media?parent=43659"}],"wp:term":[{"taxonomy":"product_brand","embeddable":true,"href":"https:\/\/lottespapery.com\/en\/wp-json\/wp\/v2\/product_brand?post=43659"},{"taxonomy":"product_cat","embeddable":true,"href":"https:\/\/lottespapery.com\/en\/wp-json\/wp\/v2\/product_cat?post=43659"},{"taxonomy":"product_tag","embeddable":true,"href":"https:\/\/lottespapery.com\/en\/wp-json\/wp\/v2\/product_tag?post=43659"}],"curies":[{"name":"wp","href":"https:\/\/api.w.org\/{rel}","templated":true}]}}