{"id":43843,"date":"2025-10-01T19:52:52","date_gmt":"2025-10-01T16:52:52","guid":{"rendered":"https:\/\/lottespapery.com\/?post_type=product&#038;p=43843"},"modified":"2025-10-01T20:03:40","modified_gmt":"2025-10-01T17:03:40","slug":"leather-pen-cases","status":"publish","type":"product","link":"https:\/\/lottespapery.com\/en\/products\/leather-pen-cases\/","title":{"rendered":"Leather pen cases"},"content":{"rendered":"","protected":false},"excerpt":{"rendered":"","protected":false},"featured_media":43848,"template":"","meta":[],"product_brand":[],"product_cat":[2000],"product_tag":[],"class_list":{"0":"post-43843","1":"product","2":"type-product","3":"status-publish","4":"has-post-thumbnail","6":"product_cat-corporate","8":"first","9":"instock","10":"taxable","11":"shipping-taxable","12":"purchasable","13":"product-type-variable","14":"has-default-attributes"},"raw_content":{"name":"Leather pen cases","description":"","short_description":"","status":"publish","sku":"E1DD-3D6334","original":43841},"wpml":{"translation_type":1,"has_translations":true,"original":43841,"duplicates":[],"translations":{"lv":43841,"en":43843}},"yoast_head":"<!-- This site is optimized with the Yoast SEO plugin v19.10 - https:\/\/yoast.com\/wordpress\/plugins\/seo\/ -->\n<title>Leather pen cases - Lotte&#039;s Papery<\/title>\n<meta name=\"description\" content=\"Natural leather pencil case for your favorite stationery. Sketch, draw, take notes or conclude deals - your lucky pen or pencil will always be available in an elegant frame in an inside pocket of a jacket or in a handbag. Information for companies:     Price includes VAT.    After placing your order, please send your logo in vector PDF format to info@lottespapery.com.    If you require a different order quantity, please contact us at info@lottespapery.com.    A 10% additional discount applies to mixed colors. To use this discount, please contact us at info@lottespapery.com.   The pencil case includes 1-2 stationery items.  --  All the leather products on display are handmade by a master craftsman right here in Latvia, in our small but warm-hearted workshop. We believe that leather is a special and beautiful material, and we are grateful for its past life, so we use it as sparingly as possible. If you see a slight scratch, you know that in our eyes it is not a flaw, but an added value to the product, making it unique and with its own story.\" \/>\n<meta name=\"robots\" content=\"index, follow, max-snippet:-1, max-image-preview:large, max-video-preview:-1\" \/>\n<link rel=\"canonical\" href=\"https:\/\/lottespapery.com\/en\/products\/leather-pen-cases\/\" \/>\n<meta property=\"og:locale\" content=\"en_US\" \/>\n<meta property=\"og:type\" content=\"article\" \/>\n<meta property=\"og:title\" content=\"Leather pen cases - Lotte&#039;s Papery\" \/>\n<meta property=\"og:description\" content=\"Natural leather pencil case for your favorite stationery. Sketch, draw, take notes or conclude deals - your lucky pen or pencil will always be available in an elegant frame in an inside pocket of a jacket or in a handbag. Information for companies:     Price includes VAT.    After placing your order, please send your logo in vector PDF format to info@lottespapery.com.    If you require a different order quantity, please contact us at info@lottespapery.com.    A 10% additional discount applies to mixed colors. To use this discount, please contact us at info@lottespapery.com.   The pencil case includes 1-2 stationery items.  --  All the leather products on display are handmade by a master craftsman right here in Latvia, in our small but warm-hearted workshop. We believe that leather is a special and beautiful material, and we are grateful for its past life, so we use it as sparingly as possible. If you see a slight scratch, you know that in our eyes it is not a flaw, but an added value to the product, making it unique and with its own story.\" \/>\n<meta property=\"og:url\" content=\"https:\/\/lottespapery.com\/en\/products\/leather-pen-cases\/\" \/>\n<meta property=\"og:site_name\" content=\"Lotte&#039;s Papery\" \/>\n<meta property=\"article:publisher\" content=\"https:\/\/www.facebook.com\/LottesPapery\/\" \/>\n<meta property=\"article:modified_time\" content=\"2025-10-01T17:03:40+00:00\" \/>\n<meta property=\"og:image\" content=\"http:\/\/lottespapery.com\/wp-content\/uploads\/2025\/10\/Black-White-Minimalist-Square-Frame-Fashion-Custom-Tailor-Logo-3.png\" \/>\n\t<meta property=\"og:image:width\" content=\"500\" \/>\n\t<meta property=\"og:image:height\" content=\"500\" \/>\n\t<meta property=\"og:image:type\" content=\"image\/png\" \/>\n<meta name=\"twitter:card\" content=\"summary_large_image\" \/>\n<script type=\"application\/ld+json\" class=\"yoast-schema-graph\">{\"@context\":\"https:\/\/schema.org\",\"@graph\":[{\"@type\":\"WebPage\",\"@id\":\"https:\/\/lottespapery.com\/en\/products\/leather-pen-cases\/\",\"url\":\"https:\/\/lottespapery.com\/en\/products\/leather-pen-cases\/\",\"name\":\"Leather pen cases - Lotte&#039;s Papery\",\"isPartOf\":{\"@id\":\"https:\/\/lottespapery.com\/en\/#website\"},\"datePublished\":\"2025-10-01T16:52:52+00:00\",\"dateModified\":\"2025-10-01T17:03:40+00:00\",\"description\":\"Natural leather pencil case for your favorite stationery. Sketch, draw, take notes or conclude deals - your lucky pen or pencil will always be available in an elegant frame in an inside pocket of a jacket or in a handbag. Information for companies: \u2022 Price includes VAT. \u2022 After placing your order, please send your logo in vector PDF format to info@lottespapery.com. \u2022 If you require a different order quantity, please contact us at info@lottespapery.com. \u2022 A 10% additional discount applies to mixed colors. To use this discount, please contact us at info@lottespapery.com. The pencil case includes 1-2 stationery items. -- All the leather products on display are handmade by a master craftsman right here in Latvia, in our small but warm-hearted workshop. We believe that leather is a special and beautiful material, and we are grateful for its past life, so we use it as sparingly as possible. If you see a slight scratch, you know that in our eyes it is not a flaw, but an added value to the product, making it unique and with its own story.\",\"breadcrumb\":{\"@id\":\"https:\/\/lottespapery.com\/en\/products\/leather-pen-cases\/#breadcrumb\"},\"inLanguage\":\"en-US\",\"potentialAction\":[{\"@type\":\"ReadAction\",\"target\":[\"https:\/\/lottespapery.com\/en\/products\/leather-pen-cases\/\"]}]},{\"@type\":\"BreadcrumbList\",\"@id\":\"https:\/\/lottespapery.com\/en\/products\/leather-pen-cases\/#breadcrumb\",\"itemListElement\":[{\"@type\":\"ListItem\",\"position\":1,\"name\":\"Home\",\"item\":\"https:\/\/lottespapery.com\/en\/\"},{\"@type\":\"ListItem\",\"position\":2,\"name\":\"Shop\",\"item\":\"https:\/\/lottespapery.com\/en\/shop\/\"},{\"@type\":\"ListItem\",\"position\":3,\"name\":\"Leather pen cases\"}]},{\"@type\":\"WebSite\",\"@id\":\"https:\/\/lottespapery.com\/en\/#website\",\"url\":\"https:\/\/lottespapery.com\/en\/\",\"name\":\"Lotte&#039;s Papery\",\"description\":\"Pap\u012brlietas un \u0101das izstr\u0101d\u0101jumi\",\"publisher\":{\"@id\":\"https:\/\/lottespapery.com\/en\/#organization\"},\"potentialAction\":[{\"@type\":\"SearchAction\",\"target\":{\"@type\":\"EntryPoint\",\"urlTemplate\":\"https:\/\/lottespapery.com\/en\/?s={search_term_string}\"},\"query-input\":\"required name=search_term_string\"}],\"inLanguage\":\"en-US\"},{\"@type\":\"Organization\",\"@id\":\"https:\/\/lottespapery.com\/en\/#organization\",\"name\":\"Lotte&#039;s Papery\",\"url\":\"https:\/\/lottespapery.com\/en\/\",\"logo\":{\"@type\":\"ImageObject\",\"inLanguage\":\"en-US\",\"@id\":\"https:\/\/lottespapery.com\/en\/#\/schema\/logo\/image\/\",\"url\":\"http:\/\/lottespapery.com\/wp-content\/uploads\/2022\/11\/logo-dark_180x@2x.png\",\"contentUrl\":\"http:\/\/lottespapery.com\/wp-content\/uploads\/2022\/11\/logo-dark_180x@2x.png\",\"width\":360,\"height\":100,\"caption\":\"Lotte&#039;s Papery\"},\"image\":{\"@id\":\"https:\/\/lottespapery.com\/en\/#\/schema\/logo\/image\/\"},\"sameAs\":[\"https:\/\/www.instagram.com\/lottes_papery\/\",\"https:\/\/www.facebook.com\/LottesPapery\/\"]}]}<\/script>\n<!-- \/ Yoast SEO plugin. -->","yoast_head_json":{"title":"Leather pen cases - Lotte&#039;s Papery","description":"Natural leather pencil case for your favorite stationery. Sketch, draw, take notes or conclude deals - your lucky pen or pencil will always be available in an elegant frame in an inside pocket of a jacket or in a handbag. Information for companies:     Price includes VAT.    After placing your order, please send your logo in vector PDF format to info@lottespapery.com.    If you require a different order quantity, please contact us at info@lottespapery.com.    A 10% additional discount applies to mixed colors. To use this discount, please contact us at info@lottespapery.com.   The pencil case includes 1-2 stationery items.  --  All the leather products on display are handmade by a master craftsman right here in Latvia, in our small but warm-hearted workshop. We believe that leather is a special and beautiful material, and we are grateful for its past life, so we use it as sparingly as possible. If you see a slight scratch, you know that in our eyes it is not a flaw, but an added value to the product, making it unique and with its own story.","robots":{"index":"index","follow":"follow","max-snippet":"max-snippet:-1","max-image-preview":"max-image-preview:large","max-video-preview":"max-video-preview:-1"},"canonical":"https:\/\/lottespapery.com\/en\/products\/leather-pen-cases\/","og_locale":"en_US","og_type":"article","og_title":"Leather pen cases - Lotte&#039;s Papery","og_description":"Natural leather pencil case for your favorite stationery. Sketch, draw, take notes or conclude deals - your lucky pen or pencil will always be available in an elegant frame in an inside pocket of a jacket or in a handbag. Information for companies:     Price includes VAT.    After placing your order, please send your logo in vector PDF format to info@lottespapery.com.    If you require a different order quantity, please contact us at info@lottespapery.com.    A 10% additional discount applies to mixed colors. To use this discount, please contact us at info@lottespapery.com.   The pencil case includes 1-2 stationery items.  --  All the leather products on display are handmade by a master craftsman right here in Latvia, in our small but warm-hearted workshop. We believe that leather is a special and beautiful material, and we are grateful for its past life, so we use it as sparingly as possible. If you see a slight scratch, you know that in our eyes it is not a flaw, but an added value to the product, making it unique and with its own story.","og_url":"https:\/\/lottespapery.com\/en\/products\/leather-pen-cases\/","og_site_name":"Lotte&#039;s Papery","article_publisher":"https:\/\/www.facebook.com\/LottesPapery\/","article_modified_time":"2025-10-01T17:03:40+00:00","og_image":[{"width":500,"height":500,"url":"http:\/\/lottespapery.com\/wp-content\/uploads\/2025\/10\/Black-White-Minimalist-Square-Frame-Fashion-Custom-Tailor-Logo-3.png","type":"image\/png"}],"twitter_card":"summary_large_image","schema":{"@context":"https:\/\/schema.org","@graph":[{"@type":"WebPage","@id":"https:\/\/lottespapery.com\/en\/products\/leather-pen-cases\/","url":"https:\/\/lottespapery.com\/en\/products\/leather-pen-cases\/","name":"Leather pen cases - Lotte&#039;s Papery","isPartOf":{"@id":"https:\/\/lottespapery.com\/en\/#website"},"datePublished":"2025-10-01T16:52:52+00:00","dateModified":"2025-10-01T17:03:40+00:00","description":"Natural leather pencil case for your favorite stationery. Sketch, draw, take notes or conclude deals - your lucky pen or pencil will always be available in an elegant frame in an inside pocket of a jacket or in a handbag. Information for companies: \u2022 Price includes VAT. \u2022 After placing your order, please send your logo in vector PDF format to info@lottespapery.com. \u2022 If you require a different order quantity, please contact us at info@lottespapery.com. \u2022 A 10% additional discount applies to mixed colors. To use this discount, please contact us at info@lottespapery.com. The pencil case includes 1-2 stationery items. -- All the leather products on display are handmade by a master craftsman right here in Latvia, in our small but warm-hearted workshop. We believe that leather is a special and beautiful material, and we are grateful for its past life, so we use it as sparingly as possible. If you see a slight scratch, you know that in our eyes it is not a flaw, but an added value to the product, making it unique and with its own story.","breadcrumb":{"@id":"https:\/\/lottespapery.com\/en\/products\/leather-pen-cases\/#breadcrumb"},"inLanguage":"en-US","potentialAction":[{"@type":"ReadAction","target":["https:\/\/lottespapery.com\/en\/products\/leather-pen-cases\/"]}]},{"@type":"BreadcrumbList","@id":"https:\/\/lottespapery.com\/en\/products\/leather-pen-cases\/#breadcrumb","itemListElement":[{"@type":"ListItem","position":1,"name":"Home","item":"https:\/\/lottespapery.com\/en\/"},{"@type":"ListItem","position":2,"name":"Shop","item":"https:\/\/lottespapery.com\/en\/shop\/"},{"@type":"ListItem","position":3,"name":"Leather pen cases"}]},{"@type":"WebSite","@id":"https:\/\/lottespapery.com\/en\/#website","url":"https:\/\/lottespapery.com\/en\/","name":"Lotte&#039;s Papery","description":"Pap\u012brlietas un \u0101das izstr\u0101d\u0101jumi","publisher":{"@id":"https:\/\/lottespapery.com\/en\/#organization"},"potentialAction":[{"@type":"SearchAction","target":{"@type":"EntryPoint","urlTemplate":"https:\/\/lottespapery.com\/en\/?s={search_term_string}"},"query-input":"required name=search_term_string"}],"inLanguage":"en-US"},{"@type":"Organization","@id":"https:\/\/lottespapery.com\/en\/#organization","name":"Lotte&#039;s Papery","url":"https:\/\/lottespapery.com\/en\/","logo":{"@type":"ImageObject","inLanguage":"en-US","@id":"https:\/\/lottespapery.com\/en\/#\/schema\/logo\/image\/","url":"http:\/\/lottespapery.com\/wp-content\/uploads\/2022\/11\/logo-dark_180x@2x.png","contentUrl":"http:\/\/lottespapery.com\/wp-content\/uploads\/2022\/11\/logo-dark_180x@2x.png","width":360,"height":100,"caption":"Lotte&#039;s Papery"},"image":{"@id":"https:\/\/lottespapery.com\/en\/#\/schema\/logo\/image\/"},"sameAs":["https:\/\/www.instagram.com\/lottes_papery\/","https:\/\/www.facebook.com\/LottesPapery\/"]}]}},"_links":{"self":[{"href":"https:\/\/lottespapery.com\/en\/wp-json\/wp\/v2\/product\/43843","targetHints":{"allow":["GET"]}}],"collection":[{"href":"https:\/\/lottespapery.com\/en\/wp-json\/wp\/v2\/product"}],"about":[{"href":"https:\/\/lottespapery.com\/en\/wp-json\/wp\/v2\/types\/product"}],"wp:featuredmedia":[{"embeddable":true,"href":"https:\/\/lottespapery.com\/en\/wp-json\/wp\/v2\/media\/43848"}],"wp:attachment":[{"href":"https:\/\/lottespapery.com\/en\/wp-json\/wp\/v2\/media?parent=43843"}],"wp:term":[{"taxonomy":"product_brand","embeddable":true,"href":"https:\/\/lottespapery.com\/en\/wp-json\/wp\/v2\/product_brand?post=43843"},{"taxonomy":"product_cat","embeddable":true,"href":"https:\/\/lottespapery.com\/en\/wp-json\/wp\/v2\/product_cat?post=43843"},{"taxonomy":"product_tag","embeddable":true,"href":"https:\/\/lottespapery.com\/en\/wp-json\/wp\/v2\/product_tag?post=43843"}],"curies":[{"name":"wp","href":"https:\/\/api.w.org\/{rel}","templated":true}]}}