{"id":44178,"date":"2025-10-06T13:46:56","date_gmt":"2025-10-06T10:46:56","guid":{"rendered":"https:\/\/lottespapery.com\/?post_type=product&#038;p=44178"},"modified":"2025-10-06T14:03:00","modified_gmt":"2025-10-06T11:03:00","slug":"velvet-envelope-with-a-heart-copy-copy-copy-4","status":"publish","type":"product","link":"https:\/\/lottespapery.com\/en\/products\/velvet-envelope-with-a-heart-copy-copy-copy-4\/","title":{"rendered":"WS Velvet envelope &#8221;Gingerbread man&#8221;"},"content":{"rendered":"","protected":false},"excerpt":{"rendered":"","protected":false},"featured_media":35317,"template":"","meta":[],"product_brand":[],"product_cat":[2025],"product_tag":[],"class_list":{"0":"post-44178","1":"product","2":"type-product","3":"status-publish","4":"has-post-thumbnail","6":"product_cat-envelopes-ws-en","8":"first","9":"instock","10":"taxable","11":"shipping-taxable","12":"purchasable","13":"product-type-simple"},"raw_content":{"name":"WS Velvet envelope ''Gingerbread man''","description":"","short_description":"","status":"publish","sku":"724C-2A8E27","original":44177},"wpml":{"translation_type":1,"has_translations":true,"original":44177,"duplicates":[],"translations":{"lv":44177,"en":44178}},"yoast_head":"<!-- This site is optimized with the Yoast SEO plugin v19.10 - https:\/\/yoast.com\/wordpress\/plugins\/seo\/ -->\n<title>WS Velvet envelope &#039;&#039;Gingerbread man&#039;&#039; - Lotte&#039;s Papery<\/title>\n<meta name=\"description\" content=\"A velvet paper envelope in brown color with a gingrebread man motif printed in a foil printer will dress your chosen greeting card, note or letter so that you can safely and beautifully deliver it to the recipient.  Envelope dimensions: 16 x 11.3 cm. !! We would like to remind you that velvet is a fragile and fragile material. At the time of receipt, we recommend handling gently and carefully, so as not to create permanent dents.  !! If, when ordering envelopes, the quantity you selected is no longer available, the envelopes will have to be ordered separately. Please consider that in this case the minimum order of envelopes will be 10 pcs. and the order lead time will take 1.5 to 2 weeks.\" \/>\n<meta name=\"robots\" content=\"index, follow, max-snippet:-1, max-image-preview:large, max-video-preview:-1\" \/>\n<link rel=\"canonical\" href=\"https:\/\/lottespapery.com\/en\/products\/velvet-envelope-with-a-heart-copy-copy-copy-4\/\" \/>\n<meta property=\"og:locale\" content=\"en_US\" \/>\n<meta property=\"og:type\" content=\"article\" \/>\n<meta property=\"og:title\" content=\"WS Velvet envelope &#039;&#039;Gingerbread man&#039;&#039; - Lotte&#039;s Papery\" \/>\n<meta property=\"og:description\" content=\"A velvet paper envelope in brown color with a gingrebread man motif printed in a foil printer will dress your chosen greeting card, note or letter so that you can safely and beautifully deliver it to the recipient.  Envelope dimensions: 16 x 11.3 cm. !! We would like to remind you that velvet is a fragile and fragile material. At the time of receipt, we recommend handling gently and carefully, so as not to create permanent dents.  !! If, when ordering envelopes, the quantity you selected is no longer available, the envelopes will have to be ordered separately. Please consider that in this case the minimum order of envelopes will be 10 pcs. and the order lead time will take 1.5 to 2 weeks.\" \/>\n<meta property=\"og:url\" content=\"https:\/\/lottespapery.com\/en\/products\/velvet-envelope-with-a-heart-copy-copy-copy-4\/\" \/>\n<meta property=\"og:site_name\" content=\"Lotte&#039;s Papery\" \/>\n<meta property=\"article:publisher\" content=\"https:\/\/www.facebook.com\/LottesPapery\/\" \/>\n<meta property=\"article:modified_time\" content=\"2025-10-06T11:03:00+00:00\" \/>\n<meta property=\"og:image\" content=\"http:\/\/lottespapery.com\/wp-content\/uploads\/2024\/11\/lottes-papery-xmas-24-289-scaled.jpg\" \/>\n\t<meta property=\"og:image:width\" content=\"2560\" \/>\n\t<meta property=\"og:image:height\" content=\"2560\" \/>\n\t<meta property=\"og:image:type\" content=\"image\/jpeg\" \/>\n<meta name=\"twitter:card\" content=\"summary_large_image\" \/>\n<script type=\"application\/ld+json\" class=\"yoast-schema-graph\">{\"@context\":\"https:\/\/schema.org\",\"@graph\":[{\"@type\":\"WebPage\",\"@id\":\"https:\/\/lottespapery.com\/en\/products\/velvet-envelope-with-a-heart-copy-copy-copy-4\/\",\"url\":\"https:\/\/lottespapery.com\/en\/products\/velvet-envelope-with-a-heart-copy-copy-copy-4\/\",\"name\":\"WS Velvet envelope ''Gingerbread man'' - Lotte&#039;s Papery\",\"isPartOf\":{\"@id\":\"https:\/\/lottespapery.com\/en\/#website\"},\"datePublished\":\"2025-10-06T10:46:56+00:00\",\"dateModified\":\"2025-10-06T11:03:00+00:00\",\"description\":\"A velvet paper envelope in brown color with a gingrebread man motif printed in a foil printer will dress your chosen greeting card, note or letter so that you can safely and beautifully deliver it to the recipient. Envelope dimensions: 16 x 11.3 cm. !! We would like to remind you that velvet is a fragile and fragile material. At the time of receipt, we recommend handling gently and carefully, so as not to create permanent dents. !! If, when ordering envelopes, the quantity you selected is no longer available, the envelopes will have to be ordered separately. Please consider that in this case the minimum order of envelopes will be 10 pcs. and the order lead time will take 1.5 to 2 weeks.\",\"breadcrumb\":{\"@id\":\"https:\/\/lottespapery.com\/en\/products\/velvet-envelope-with-a-heart-copy-copy-copy-4\/#breadcrumb\"},\"inLanguage\":\"en-US\",\"potentialAction\":[{\"@type\":\"ReadAction\",\"target\":[\"https:\/\/lottespapery.com\/en\/products\/velvet-envelope-with-a-heart-copy-copy-copy-4\/\"]}]},{\"@type\":\"BreadcrumbList\",\"@id\":\"https:\/\/lottespapery.com\/en\/products\/velvet-envelope-with-a-heart-copy-copy-copy-4\/#breadcrumb\",\"itemListElement\":[{\"@type\":\"ListItem\",\"position\":1,\"name\":\"Home\",\"item\":\"https:\/\/lottespapery.com\/en\/\"},{\"@type\":\"ListItem\",\"position\":2,\"name\":\"Shop\",\"item\":\"https:\/\/lottespapery.com\/en\/shop\/\"},{\"@type\":\"ListItem\",\"position\":3,\"name\":\"WS Velvet envelope &#8221;Gingerbread man&#8221;\"}]},{\"@type\":\"WebSite\",\"@id\":\"https:\/\/lottespapery.com\/en\/#website\",\"url\":\"https:\/\/lottespapery.com\/en\/\",\"name\":\"Lotte&#039;s Papery\",\"description\":\"Pap\u012brlietas un \u0101das izstr\u0101d\u0101jumi\",\"publisher\":{\"@id\":\"https:\/\/lottespapery.com\/en\/#organization\"},\"potentialAction\":[{\"@type\":\"SearchAction\",\"target\":{\"@type\":\"EntryPoint\",\"urlTemplate\":\"https:\/\/lottespapery.com\/en\/?s={search_term_string}\"},\"query-input\":\"required name=search_term_string\"}],\"inLanguage\":\"en-US\"},{\"@type\":\"Organization\",\"@id\":\"https:\/\/lottespapery.com\/en\/#organization\",\"name\":\"Lotte&#039;s Papery\",\"url\":\"https:\/\/lottespapery.com\/en\/\",\"logo\":{\"@type\":\"ImageObject\",\"inLanguage\":\"en-US\",\"@id\":\"https:\/\/lottespapery.com\/en\/#\/schema\/logo\/image\/\",\"url\":\"http:\/\/lottespapery.com\/wp-content\/uploads\/2022\/11\/logo-dark_180x@2x.png\",\"contentUrl\":\"http:\/\/lottespapery.com\/wp-content\/uploads\/2022\/11\/logo-dark_180x@2x.png\",\"width\":360,\"height\":100,\"caption\":\"Lotte&#039;s Papery\"},\"image\":{\"@id\":\"https:\/\/lottespapery.com\/en\/#\/schema\/logo\/image\/\"},\"sameAs\":[\"https:\/\/www.instagram.com\/lottes_papery\/\",\"https:\/\/www.facebook.com\/LottesPapery\/\"]}]}<\/script>\n<!-- \/ Yoast SEO plugin. -->","yoast_head_json":{"title":"WS Velvet envelope ''Gingerbread man'' - Lotte&#039;s Papery","description":"A velvet paper envelope in brown color with a gingrebread man motif printed in a foil printer will dress your chosen greeting card, note or letter so that you can safely and beautifully deliver it to the recipient.  Envelope dimensions: 16 x 11.3 cm. !! We would like to remind you that velvet is a fragile and fragile material. At the time of receipt, we recommend handling gently and carefully, so as not to create permanent dents.  !! If, when ordering envelopes, the quantity you selected is no longer available, the envelopes will have to be ordered separately. Please consider that in this case the minimum order of envelopes will be 10 pcs. and the order lead time will take 1.5 to 2 weeks.","robots":{"index":"index","follow":"follow","max-snippet":"max-snippet:-1","max-image-preview":"max-image-preview:large","max-video-preview":"max-video-preview:-1"},"canonical":"https:\/\/lottespapery.com\/en\/products\/velvet-envelope-with-a-heart-copy-copy-copy-4\/","og_locale":"en_US","og_type":"article","og_title":"WS Velvet envelope ''Gingerbread man'' - Lotte&#039;s Papery","og_description":"A velvet paper envelope in brown color with a gingrebread man motif printed in a foil printer will dress your chosen greeting card, note or letter so that you can safely and beautifully deliver it to the recipient.  Envelope dimensions: 16 x 11.3 cm. !! We would like to remind you that velvet is a fragile and fragile material. At the time of receipt, we recommend handling gently and carefully, so as not to create permanent dents.  !! If, when ordering envelopes, the quantity you selected is no longer available, the envelopes will have to be ordered separately. Please consider that in this case the minimum order of envelopes will be 10 pcs. and the order lead time will take 1.5 to 2 weeks.","og_url":"https:\/\/lottespapery.com\/en\/products\/velvet-envelope-with-a-heart-copy-copy-copy-4\/","og_site_name":"Lotte&#039;s Papery","article_publisher":"https:\/\/www.facebook.com\/LottesPapery\/","article_modified_time":"2025-10-06T11:03:00+00:00","og_image":[{"width":2560,"height":2560,"url":"http:\/\/lottespapery.com\/wp-content\/uploads\/2024\/11\/lottes-papery-xmas-24-289-scaled.jpg","type":"image\/jpeg"}],"twitter_card":"summary_large_image","schema":{"@context":"https:\/\/schema.org","@graph":[{"@type":"WebPage","@id":"https:\/\/lottespapery.com\/en\/products\/velvet-envelope-with-a-heart-copy-copy-copy-4\/","url":"https:\/\/lottespapery.com\/en\/products\/velvet-envelope-with-a-heart-copy-copy-copy-4\/","name":"WS Velvet envelope ''Gingerbread man'' - Lotte&#039;s Papery","isPartOf":{"@id":"https:\/\/lottespapery.com\/en\/#website"},"datePublished":"2025-10-06T10:46:56+00:00","dateModified":"2025-10-06T11:03:00+00:00","description":"A velvet paper envelope in brown color with a gingrebread man motif printed in a foil printer will dress your chosen greeting card, note or letter so that you can safely and beautifully deliver it to the recipient. Envelope dimensions: 16 x 11.3 cm. !! We would like to remind you that velvet is a fragile and fragile material. At the time of receipt, we recommend handling gently and carefully, so as not to create permanent dents. !! If, when ordering envelopes, the quantity you selected is no longer available, the envelopes will have to be ordered separately. Please consider that in this case the minimum order of envelopes will be 10 pcs. and the order lead time will take 1.5 to 2 weeks.","breadcrumb":{"@id":"https:\/\/lottespapery.com\/en\/products\/velvet-envelope-with-a-heart-copy-copy-copy-4\/#breadcrumb"},"inLanguage":"en-US","potentialAction":[{"@type":"ReadAction","target":["https:\/\/lottespapery.com\/en\/products\/velvet-envelope-with-a-heart-copy-copy-copy-4\/"]}]},{"@type":"BreadcrumbList","@id":"https:\/\/lottespapery.com\/en\/products\/velvet-envelope-with-a-heart-copy-copy-copy-4\/#breadcrumb","itemListElement":[{"@type":"ListItem","position":1,"name":"Home","item":"https:\/\/lottespapery.com\/en\/"},{"@type":"ListItem","position":2,"name":"Shop","item":"https:\/\/lottespapery.com\/en\/shop\/"},{"@type":"ListItem","position":3,"name":"WS Velvet envelope &#8221;Gingerbread man&#8221;"}]},{"@type":"WebSite","@id":"https:\/\/lottespapery.com\/en\/#website","url":"https:\/\/lottespapery.com\/en\/","name":"Lotte&#039;s Papery","description":"Pap\u012brlietas un \u0101das izstr\u0101d\u0101jumi","publisher":{"@id":"https:\/\/lottespapery.com\/en\/#organization"},"potentialAction":[{"@type":"SearchAction","target":{"@type":"EntryPoint","urlTemplate":"https:\/\/lottespapery.com\/en\/?s={search_term_string}"},"query-input":"required name=search_term_string"}],"inLanguage":"en-US"},{"@type":"Organization","@id":"https:\/\/lottespapery.com\/en\/#organization","name":"Lotte&#039;s Papery","url":"https:\/\/lottespapery.com\/en\/","logo":{"@type":"ImageObject","inLanguage":"en-US","@id":"https:\/\/lottespapery.com\/en\/#\/schema\/logo\/image\/","url":"http:\/\/lottespapery.com\/wp-content\/uploads\/2022\/11\/logo-dark_180x@2x.png","contentUrl":"http:\/\/lottespapery.com\/wp-content\/uploads\/2022\/11\/logo-dark_180x@2x.png","width":360,"height":100,"caption":"Lotte&#039;s Papery"},"image":{"@id":"https:\/\/lottespapery.com\/en\/#\/schema\/logo\/image\/"},"sameAs":["https:\/\/www.instagram.com\/lottes_papery\/","https:\/\/www.facebook.com\/LottesPapery\/"]}]}},"_links":{"self":[{"href":"https:\/\/lottespapery.com\/en\/wp-json\/wp\/v2\/product\/44178","targetHints":{"allow":["GET"]}}],"collection":[{"href":"https:\/\/lottespapery.com\/en\/wp-json\/wp\/v2\/product"}],"about":[{"href":"https:\/\/lottespapery.com\/en\/wp-json\/wp\/v2\/types\/product"}],"wp:featuredmedia":[{"embeddable":true,"href":"https:\/\/lottespapery.com\/en\/wp-json\/wp\/v2\/media\/35317"}],"wp:attachment":[{"href":"https:\/\/lottespapery.com\/en\/wp-json\/wp\/v2\/media?parent=44178"}],"wp:term":[{"taxonomy":"product_brand","embeddable":true,"href":"https:\/\/lottespapery.com\/en\/wp-json\/wp\/v2\/product_brand?post=44178"},{"taxonomy":"product_cat","embeddable":true,"href":"https:\/\/lottespapery.com\/en\/wp-json\/wp\/v2\/product_cat?post=44178"},{"taxonomy":"product_tag","embeddable":true,"href":"https:\/\/lottespapery.com\/en\/wp-json\/wp\/v2\/product_tag?post=44178"}],"curies":[{"name":"wp","href":"https:\/\/api.w.org\/{rel}","templated":true}]}}