{"id":44341,"date":"2025-10-07T14:05:59","date_gmt":"2025-10-07T11:05:59","guid":{"rendered":"https:\/\/lottespapery.com\/?post_type=product&#038;p=44341"},"modified":"2025-10-07T14:20:59","modified_gmt":"2025-10-07T11:20:59","slug":"velvet-card-with-design-embossed-copy","status":"publish","type":"product","link":"https:\/\/lottespapery.com\/en\/products\/velvet-card-with-design-embossed-copy\/","title":{"rendered":"Foldable velvet card with a personalized foil-embossed design"},"content":{"rendered":"","protected":false},"excerpt":{"rendered":"","protected":false},"featured_media":44328,"template":"","meta":[],"product_brand":[],"product_cat":[2000],"product_tag":[],"class_list":{"0":"post-44341","1":"product","2":"type-product","3":"status-publish","4":"has-post-thumbnail","6":"product_cat-corporate","8":"first","9":"instock","10":"taxable","11":"shipping-taxable","12":"purchasable","13":"product-type-variable","14":"has-default-attributes"},"raw_content":{"name":"Foldable velvet card with a personalized foil-embossed design","description":"","short_description":"","status":"publish","sku":"DBD8-5E7F39","original":44335},"wpml":{"translation_type":1,"has_translations":true,"original":44335,"duplicates":[],"translations":{"lv":44335,"en":44341}},"yoast_head":"<!-- This site is optimized with the Yoast SEO plugin v19.10 - https:\/\/yoast.com\/wordpress\/plugins\/seo\/ -->\n<title>Foldable velvet card with a personalized foil-embossed design - Lotte&#039;s Papery<\/title>\n<meta name=\"description\" content=\"A luxurious, foldable velvet card with an embossed logo \u2014 an elegant accent that radiates professionalism and refined design. Choose your preferred velvet color and foil embossing shade. Before placing your order, please send your logo in vector format to info@lottespapery.com. Card size: 105x105 mm (when folded) Minimum order quantity: 25 pcs.If you require a different quantity, please contact us via email. The listed price includes foil embossing on the front cover using the existing design.If you would like printing on the inside, a custom design, or a matching gold envelope (+\u20ac1.05 each), please contact us via email for an exact quote. If you select the \u201csample\u201d option, you will receive a non-personalized sample with a randomly chosen logo. This allows you to evaluate the print quality, color, and texture to help you decide on the ideal combination for your bulk order. Price includes VAT.\" \/>\n<meta name=\"robots\" content=\"index, follow, max-snippet:-1, max-image-preview:large, max-video-preview:-1\" \/>\n<link rel=\"canonical\" href=\"https:\/\/lottespapery.com\/en\/products\/velvet-card-with-design-embossed-copy\/\" \/>\n<meta property=\"og:locale\" content=\"en_US\" \/>\n<meta property=\"og:type\" content=\"article\" \/>\n<meta property=\"og:title\" content=\"Foldable velvet card with a personalized foil-embossed design - Lotte&#039;s Papery\" \/>\n<meta property=\"og:description\" content=\"A luxurious, foldable velvet card with an embossed logo \u2014 an elegant accent that radiates professionalism and refined design. Choose your preferred velvet color and foil embossing shade. Before placing your order, please send your logo in vector format to info@lottespapery.com. Card size: 105x105 mm (when folded) Minimum order quantity: 25 pcs.If you require a different quantity, please contact us via email. The listed price includes foil embossing on the front cover using the existing design.If you would like printing on the inside, a custom design, or a matching gold envelope (+\u20ac1.05 each), please contact us via email for an exact quote. If you select the \u201csample\u201d option, you will receive a non-personalized sample with a randomly chosen logo. This allows you to evaluate the print quality, color, and texture to help you decide on the ideal combination for your bulk order. Price includes VAT.\" \/>\n<meta property=\"og:url\" content=\"https:\/\/lottespapery.com\/en\/products\/velvet-card-with-design-embossed-copy\/\" \/>\n<meta property=\"og:site_name\" content=\"Lotte&#039;s Papery\" \/>\n<meta property=\"article:publisher\" content=\"https:\/\/www.facebook.com\/LottesPapery\/\" \/>\n<meta property=\"article:modified_time\" content=\"2025-10-07T11:20:59+00:00\" \/>\n<meta property=\"og:image\" content=\"http:\/\/lottespapery.com\/wp-content\/uploads\/2025\/10\/samta-kartite-ar-foliju-1-scaled.jpg\" \/>\n\t<meta property=\"og:image:width\" content=\"1707\" \/>\n\t<meta property=\"og:image:height\" content=\"2560\" \/>\n\t<meta property=\"og:image:type\" content=\"image\/jpeg\" \/>\n<meta name=\"twitter:card\" content=\"summary_large_image\" \/>\n<script type=\"application\/ld+json\" class=\"yoast-schema-graph\">{\"@context\":\"https:\/\/schema.org\",\"@graph\":[{\"@type\":\"WebPage\",\"@id\":\"https:\/\/lottespapery.com\/en\/products\/velvet-card-with-design-embossed-copy\/\",\"url\":\"https:\/\/lottespapery.com\/en\/products\/velvet-card-with-design-embossed-copy\/\",\"name\":\"Foldable velvet card with a personalized foil-embossed design - Lotte&#039;s Papery\",\"isPartOf\":{\"@id\":\"https:\/\/lottespapery.com\/en\/#website\"},\"datePublished\":\"2025-10-07T11:05:59+00:00\",\"dateModified\":\"2025-10-07T11:20:59+00:00\",\"description\":\"A luxurious, foldable velvet card with an embossed logo \u2014 an elegant accent that radiates professionalism and refined design. Choose your preferred velvet color and foil embossing shade. Before placing your order, please send your logo in vector format to info@lottespapery.com. Card size: 105x105 mm (when folded) Minimum order quantity: 25 pcs.If you require a different quantity, please contact us via email. The listed price includes foil embossing on the front cover using the existing design.If you would like printing on the inside, a custom design, or a matching gold envelope (+\u20ac1.05 each), please contact us via email for an exact quote. If you select the \u201csample\u201d option, you will receive a non-personalized sample with a randomly chosen logo. This allows you to evaluate the print quality, color, and texture to help you decide on the ideal combination for your bulk order. Price includes VAT.\",\"breadcrumb\":{\"@id\":\"https:\/\/lottespapery.com\/en\/products\/velvet-card-with-design-embossed-copy\/#breadcrumb\"},\"inLanguage\":\"en-US\",\"potentialAction\":[{\"@type\":\"ReadAction\",\"target\":[\"https:\/\/lottespapery.com\/en\/products\/velvet-card-with-design-embossed-copy\/\"]}]},{\"@type\":\"BreadcrumbList\",\"@id\":\"https:\/\/lottespapery.com\/en\/products\/velvet-card-with-design-embossed-copy\/#breadcrumb\",\"itemListElement\":[{\"@type\":\"ListItem\",\"position\":1,\"name\":\"Home\",\"item\":\"https:\/\/lottespapery.com\/en\/\"},{\"@type\":\"ListItem\",\"position\":2,\"name\":\"Shop\",\"item\":\"https:\/\/lottespapery.com\/en\/shop\/\"},{\"@type\":\"ListItem\",\"position\":3,\"name\":\"Foldable velvet card with a personalized foil-embossed design\"}]},{\"@type\":\"WebSite\",\"@id\":\"https:\/\/lottespapery.com\/en\/#website\",\"url\":\"https:\/\/lottespapery.com\/en\/\",\"name\":\"Lotte&#039;s Papery\",\"description\":\"Pap\u012brlietas un \u0101das izstr\u0101d\u0101jumi\",\"publisher\":{\"@id\":\"https:\/\/lottespapery.com\/en\/#organization\"},\"potentialAction\":[{\"@type\":\"SearchAction\",\"target\":{\"@type\":\"EntryPoint\",\"urlTemplate\":\"https:\/\/lottespapery.com\/en\/?s={search_term_string}\"},\"query-input\":\"required name=search_term_string\"}],\"inLanguage\":\"en-US\"},{\"@type\":\"Organization\",\"@id\":\"https:\/\/lottespapery.com\/en\/#organization\",\"name\":\"Lotte&#039;s Papery\",\"url\":\"https:\/\/lottespapery.com\/en\/\",\"logo\":{\"@type\":\"ImageObject\",\"inLanguage\":\"en-US\",\"@id\":\"https:\/\/lottespapery.com\/en\/#\/schema\/logo\/image\/\",\"url\":\"http:\/\/lottespapery.com\/wp-content\/uploads\/2022\/11\/logo-dark_180x@2x.png\",\"contentUrl\":\"http:\/\/lottespapery.com\/wp-content\/uploads\/2022\/11\/logo-dark_180x@2x.png\",\"width\":360,\"height\":100,\"caption\":\"Lotte&#039;s Papery\"},\"image\":{\"@id\":\"https:\/\/lottespapery.com\/en\/#\/schema\/logo\/image\/\"},\"sameAs\":[\"https:\/\/www.instagram.com\/lottes_papery\/\",\"https:\/\/www.facebook.com\/LottesPapery\/\"]}]}<\/script>\n<!-- \/ Yoast SEO plugin. -->","yoast_head_json":{"title":"Foldable velvet card with a personalized foil-embossed design - Lotte&#039;s Papery","description":"A luxurious, foldable velvet card with an embossed logo \u2014 an elegant accent that radiates professionalism and refined design. Choose your preferred velvet color and foil embossing shade. Before placing your order, please send your logo in vector format to info@lottespapery.com. Card size: 105x105 mm (when folded) Minimum order quantity: 25 pcs.If you require a different quantity, please contact us via email. The listed price includes foil embossing on the front cover using the existing design.If you would like printing on the inside, a custom design, or a matching gold envelope (+\u20ac1.05 each), please contact us via email for an exact quote. If you select the \u201csample\u201d option, you will receive a non-personalized sample with a randomly chosen logo. This allows you to evaluate the print quality, color, and texture to help you decide on the ideal combination for your bulk order. Price includes VAT.","robots":{"index":"index","follow":"follow","max-snippet":"max-snippet:-1","max-image-preview":"max-image-preview:large","max-video-preview":"max-video-preview:-1"},"canonical":"https:\/\/lottespapery.com\/en\/products\/velvet-card-with-design-embossed-copy\/","og_locale":"en_US","og_type":"article","og_title":"Foldable velvet card with a personalized foil-embossed design - Lotte&#039;s Papery","og_description":"A luxurious, foldable velvet card with an embossed logo \u2014 an elegant accent that radiates professionalism and refined design. Choose your preferred velvet color and foil embossing shade. Before placing your order, please send your logo in vector format to info@lottespapery.com. Card size: 105x105 mm (when folded) Minimum order quantity: 25 pcs.If you require a different quantity, please contact us via email. The listed price includes foil embossing on the front cover using the existing design.If you would like printing on the inside, a custom design, or a matching gold envelope (+\u20ac1.05 each), please contact us via email for an exact quote. If you select the \u201csample\u201d option, you will receive a non-personalized sample with a randomly chosen logo. This allows you to evaluate the print quality, color, and texture to help you decide on the ideal combination for your bulk order. Price includes VAT.","og_url":"https:\/\/lottespapery.com\/en\/products\/velvet-card-with-design-embossed-copy\/","og_site_name":"Lotte&#039;s Papery","article_publisher":"https:\/\/www.facebook.com\/LottesPapery\/","article_modified_time":"2025-10-07T11:20:59+00:00","og_image":[{"width":1707,"height":2560,"url":"http:\/\/lottespapery.com\/wp-content\/uploads\/2025\/10\/samta-kartite-ar-foliju-1-scaled.jpg","type":"image\/jpeg"}],"twitter_card":"summary_large_image","schema":{"@context":"https:\/\/schema.org","@graph":[{"@type":"WebPage","@id":"https:\/\/lottespapery.com\/en\/products\/velvet-card-with-design-embossed-copy\/","url":"https:\/\/lottespapery.com\/en\/products\/velvet-card-with-design-embossed-copy\/","name":"Foldable velvet card with a personalized foil-embossed design - Lotte&#039;s Papery","isPartOf":{"@id":"https:\/\/lottespapery.com\/en\/#website"},"datePublished":"2025-10-07T11:05:59+00:00","dateModified":"2025-10-07T11:20:59+00:00","description":"A luxurious, foldable velvet card with an embossed logo \u2014 an elegant accent that radiates professionalism and refined design. Choose your preferred velvet color and foil embossing shade. Before placing your order, please send your logo in vector format to info@lottespapery.com. Card size: 105x105 mm (when folded) Minimum order quantity: 25 pcs.If you require a different quantity, please contact us via email. The listed price includes foil embossing on the front cover using the existing design.If you would like printing on the inside, a custom design, or a matching gold envelope (+\u20ac1.05 each), please contact us via email for an exact quote. If you select the \u201csample\u201d option, you will receive a non-personalized sample with a randomly chosen logo. This allows you to evaluate the print quality, color, and texture to help you decide on the ideal combination for your bulk order. Price includes VAT.","breadcrumb":{"@id":"https:\/\/lottespapery.com\/en\/products\/velvet-card-with-design-embossed-copy\/#breadcrumb"},"inLanguage":"en-US","potentialAction":[{"@type":"ReadAction","target":["https:\/\/lottespapery.com\/en\/products\/velvet-card-with-design-embossed-copy\/"]}]},{"@type":"BreadcrumbList","@id":"https:\/\/lottespapery.com\/en\/products\/velvet-card-with-design-embossed-copy\/#breadcrumb","itemListElement":[{"@type":"ListItem","position":1,"name":"Home","item":"https:\/\/lottespapery.com\/en\/"},{"@type":"ListItem","position":2,"name":"Shop","item":"https:\/\/lottespapery.com\/en\/shop\/"},{"@type":"ListItem","position":3,"name":"Foldable velvet card with a personalized foil-embossed design"}]},{"@type":"WebSite","@id":"https:\/\/lottespapery.com\/en\/#website","url":"https:\/\/lottespapery.com\/en\/","name":"Lotte&#039;s Papery","description":"Pap\u012brlietas un \u0101das izstr\u0101d\u0101jumi","publisher":{"@id":"https:\/\/lottespapery.com\/en\/#organization"},"potentialAction":[{"@type":"SearchAction","target":{"@type":"EntryPoint","urlTemplate":"https:\/\/lottespapery.com\/en\/?s={search_term_string}"},"query-input":"required name=search_term_string"}],"inLanguage":"en-US"},{"@type":"Organization","@id":"https:\/\/lottespapery.com\/en\/#organization","name":"Lotte&#039;s Papery","url":"https:\/\/lottespapery.com\/en\/","logo":{"@type":"ImageObject","inLanguage":"en-US","@id":"https:\/\/lottespapery.com\/en\/#\/schema\/logo\/image\/","url":"http:\/\/lottespapery.com\/wp-content\/uploads\/2022\/11\/logo-dark_180x@2x.png","contentUrl":"http:\/\/lottespapery.com\/wp-content\/uploads\/2022\/11\/logo-dark_180x@2x.png","width":360,"height":100,"caption":"Lotte&#039;s Papery"},"image":{"@id":"https:\/\/lottespapery.com\/en\/#\/schema\/logo\/image\/"},"sameAs":["https:\/\/www.instagram.com\/lottes_papery\/","https:\/\/www.facebook.com\/LottesPapery\/"]}]}},"_links":{"self":[{"href":"https:\/\/lottespapery.com\/en\/wp-json\/wp\/v2\/product\/44341","targetHints":{"allow":["GET"]}}],"collection":[{"href":"https:\/\/lottespapery.com\/en\/wp-json\/wp\/v2\/product"}],"about":[{"href":"https:\/\/lottespapery.com\/en\/wp-json\/wp\/v2\/types\/product"}],"wp:featuredmedia":[{"embeddable":true,"href":"https:\/\/lottespapery.com\/en\/wp-json\/wp\/v2\/media\/44328"}],"wp:attachment":[{"href":"https:\/\/lottespapery.com\/en\/wp-json\/wp\/v2\/media?parent=44341"}],"wp:term":[{"taxonomy":"product_brand","embeddable":true,"href":"https:\/\/lottespapery.com\/en\/wp-json\/wp\/v2\/product_brand?post=44341"},{"taxonomy":"product_cat","embeddable":true,"href":"https:\/\/lottespapery.com\/en\/wp-json\/wp\/v2\/product_cat?post=44341"},{"taxonomy":"product_tag","embeddable":true,"href":"https:\/\/lottespapery.com\/en\/wp-json\/wp\/v2\/product_tag?post=44341"}],"curies":[{"name":"wp","href":"https:\/\/api.w.org\/{rel}","templated":true}]}}