{"id":44352,"date":"2025-10-07T15:28:14","date_gmt":"2025-10-07T12:28:14","guid":{"rendered":"https:\/\/lottespapery.com\/?post_type=product&#038;p=44352"},"modified":"2025-10-07T18:41:08","modified_gmt":"2025-10-07T15:41:08","slug":"leather-cover-for-moleskine-cahier-subject-notebooks-20-x-27-cm","status":"publish","type":"product","link":"https:\/\/lottespapery.com\/en\/products\/leather-cover-for-moleskine-cahier-subject-notebooks-20-x-27-cm\/","title":{"rendered":"Leather cover for Moleskine Cahier Subject notebooks (20 x 27 cm)"},"content":{"rendered":"","protected":false},"excerpt":{"rendered":"","protected":false},"featured_media":4104,"template":"","meta":[],"product_brand":[],"product_cat":[2000],"product_tag":[],"class_list":{"0":"post-44352","1":"product","2":"type-product","3":"status-publish","4":"has-post-thumbnail","6":"product_cat-corporate","8":"first","9":"instock","10":"taxable","11":"shipping-taxable","12":"purchasable","13":"product-type-variable","14":"has-default-attributes"},"raw_content":{"name":"Leather cover for Moleskine Cahier Subject notebooks (20 x 27 cm)","description":"","short_description":"","status":"publish","sku":"0FDC-F0B363","original":44350},"wpml":{"translation_type":1,"has_translations":true,"original":44350,"duplicates":[],"translations":{"lv":44350,"en":44352}},"yoast_head":"<!-- This site is optimized with the Yoast SEO plugin v19.10 - https:\/\/yoast.com\/wordpress\/plugins\/seo\/ -->\n<title>Leather cover for Moleskine Cahier Subject notebooks (20 x 27 cm) - Lotte&#039;s Papery<\/title>\n<meta name=\"description\" content=\"Genuine leather covers for Moleskine Cahier Subject notebooks. The covers are made with built-in side pockets, behind which you can place a Moleskine Cahier Subject notebook, a small side pocket for business cards or other small notes and a long leather bookmark attached to the covers.  Buy just the covers without the notebook or a set that also includes 2 notebooks with lined pages without the covers.     Moleskine Subject Cahier is designed so that you can write down what you need in a structured way - each page is divided into five separate sections: date, title, general notes, space for key words, diagrams and highlights, as well as space for summaries, conclusions and next steps. Once you&#039;ve written down the notebooks, buy just the notebooks separately and continue using them with the same leather covers.     It is possible to personalize leather covers with your initials (6-8 symbols or initials in colorless, silver or gold relief).  - Leather cover size: 20 x 27 cm. - Inner book size: 19 x 25 cm, 160 pages, 2 pcs (in black and brown paper covers).   Information for companies:     Price includes VAT.    After placing your order, please send your logo in vector PDF format to\u00a0info@lottespapery.com.    If you require a different order quantity, please contact us at\u00a0info@lottespapery.com.    A 10% additional discount applies to mixed colors. To use this discount, please contact us at\u00a0info@lottespapery.com\u00a0       -- Vintage Rust&#039;s latest collection is made of special leather. It will be ideal for those who like rough, imperfect, but distinctly solid and functional things that tell their own unique story.  The leather has a vintage rust tone, scratches and a pattern that develops with use, giving it a &quot;vintage&quot; or old-fashioned, rough style from the first moment you pick up the product. All created works are thorough and simple in construction, but functional and thought out down to the details.  You will like it if you see the beautiful and the real in the imperfect, as well as if you are into unique, rough and unusual products with their own story, created in small numbers and handmade. In order to reveal the character of the product, we have intentionally left natural tints, scratches and shadings formed during the production of the leather. If you are a fan of the classics, we recommend that you prefer other notebooks from our core collection.\" \/>\n<meta name=\"robots\" content=\"index, follow, max-snippet:-1, max-image-preview:large, max-video-preview:-1\" \/>\n<link rel=\"canonical\" href=\"https:\/\/lottespapery.com\/en\/products\/leather-cover-for-moleskine-cahier-subject-notebooks-20-x-27-cm\/\" \/>\n<meta property=\"og:locale\" content=\"en_US\" \/>\n<meta property=\"og:type\" content=\"article\" \/>\n<meta property=\"og:title\" content=\"Leather cover for Moleskine Cahier Subject notebooks (20 x 27 cm) - Lotte&#039;s Papery\" \/>\n<meta property=\"og:description\" content=\"Genuine leather covers for Moleskine Cahier Subject notebooks. The covers are made with built-in side pockets, behind which you can place a Moleskine Cahier Subject notebook, a small side pocket for business cards or other small notes and a long leather bookmark attached to the covers.  Buy just the covers without the notebook or a set that also includes 2 notebooks with lined pages without the covers.     Moleskine Subject Cahier is designed so that you can write down what you need in a structured way - each page is divided into five separate sections: date, title, general notes, space for key words, diagrams and highlights, as well as space for summaries, conclusions and next steps. Once you&#039;ve written down the notebooks, buy just the notebooks separately and continue using them with the same leather covers.     It is possible to personalize leather covers with your initials (6-8 symbols or initials in colorless, silver or gold relief).  - Leather cover size: 20 x 27 cm. - Inner book size: 19 x 25 cm, 160 pages, 2 pcs (in black and brown paper covers).   Information for companies:     Price includes VAT.    After placing your order, please send your logo in vector PDF format to\u00a0info@lottespapery.com.    If you require a different order quantity, please contact us at\u00a0info@lottespapery.com.    A 10% additional discount applies to mixed colors. To use this discount, please contact us at\u00a0info@lottespapery.com\u00a0       -- Vintage Rust&#039;s latest collection is made of special leather. It will be ideal for those who like rough, imperfect, but distinctly solid and functional things that tell their own unique story.  The leather has a vintage rust tone, scratches and a pattern that develops with use, giving it a &quot;vintage&quot; or old-fashioned, rough style from the first moment you pick up the product. All created works are thorough and simple in construction, but functional and thought out down to the details.  You will like it if you see the beautiful and the real in the imperfect, as well as if you are into unique, rough and unusual products with their own story, created in small numbers and handmade. In order to reveal the character of the product, we have intentionally left natural tints, scratches and shadings formed during the production of the leather. If you are a fan of the classics, we recommend that you prefer other notebooks from our core collection.\" \/>\n<meta property=\"og:url\" content=\"https:\/\/lottespapery.com\/en\/products\/leather-cover-for-moleskine-cahier-subject-notebooks-20-x-27-cm\/\" \/>\n<meta property=\"og:site_name\" content=\"Lotte&#039;s Papery\" \/>\n<meta property=\"article:publisher\" content=\"https:\/\/www.facebook.com\/LottesPapery\/\" \/>\n<meta property=\"article:modified_time\" content=\"2025-10-07T15:41:08+00:00\" \/>\n<meta property=\"og:image\" content=\"http:\/\/lottespapery.com\/wp-content\/uploads\/2022\/11\/lotte-ziemassvetku-2021-83g.jpg\" \/>\n\t<meta property=\"og:image:width\" content=\"683\" \/>\n\t<meta property=\"og:image:height\" content=\"683\" \/>\n\t<meta property=\"og:image:type\" content=\"image\/jpeg\" \/>\n<meta name=\"twitter:card\" content=\"summary_large_image\" \/>\n<script type=\"application\/ld+json\" class=\"yoast-schema-graph\">{\"@context\":\"https:\/\/schema.org\",\"@graph\":[{\"@type\":\"WebPage\",\"@id\":\"https:\/\/lottespapery.com\/en\/products\/leather-cover-for-moleskine-cahier-subject-notebooks-20-x-27-cm\/\",\"url\":\"https:\/\/lottespapery.com\/en\/products\/leather-cover-for-moleskine-cahier-subject-notebooks-20-x-27-cm\/\",\"name\":\"Leather cover for Moleskine Cahier Subject notebooks (20 x 27 cm) - Lotte&#039;s Papery\",\"isPartOf\":{\"@id\":\"https:\/\/lottespapery.com\/en\/#website\"},\"datePublished\":\"2025-10-07T12:28:14+00:00\",\"dateModified\":\"2025-10-07T15:41:08+00:00\",\"description\":\"Genuine leather covers for Moleskine Cahier Subject notebooks. The covers are made with built-in side pockets, behind which you can place a Moleskine Cahier Subject notebook, a small side pocket for business cards or other small notes and a long leather bookmark attached to the covers. Buy just the covers without the notebook or a set that also includes 2 notebooks with lined pages without the covers. Moleskine Subject Cahier is designed so that you can write down what you need in a structured way - each page is divided into five separate sections: date, title, general notes, space for key words, diagrams and highlights, as well as space for summaries, conclusions and next steps. Once you've written down the notebooks, buy just the notebooks separately and continue using them with the same leather covers. It is possible to personalize leather covers with your initials (6-8 symbols or initials in colorless, silver or gold relief). - Leather cover size: 20 x 27 cm. - Inner book size: 19 x 25 cm, 160 pages, 2 pcs (in black and brown paper covers). Information for companies: \u2022 Price includes VAT. \u2022 After placing your order, please send your logo in vector PDF format to\u00a0info@lottespapery.com. \u2022 If you require a different order quantity, please contact us at\u00a0info@lottespapery.com. \u2022 A 10% additional discount applies to mixed colors. To use this discount, please contact us at\u00a0info@lottespapery.com\u00a0 -- Vintage Rust's latest collection is made of special leather. It will be ideal for those who like rough, imperfect, but distinctly solid and functional things that tell their own unique story. The leather has a vintage rust tone, scratches and a pattern that develops with use, giving it a \\\"vintage\\\" or old-fashioned, rough style from the first moment you pick up the product. All created works are thorough and simple in construction, but functional and thought out down to the details. You will like it if you see the beautiful and the real in the imperfect, as well as if you are into unique, rough and unusual products with their own story, created in small numbers and handmade. In order to reveal the character of the product, we have intentionally left natural tints, scratches and shadings formed during the production of the leather. If you are a fan of the classics, we recommend that you prefer other notebooks from our core collection.\",\"breadcrumb\":{\"@id\":\"https:\/\/lottespapery.com\/en\/products\/leather-cover-for-moleskine-cahier-subject-notebooks-20-x-27-cm\/#breadcrumb\"},\"inLanguage\":\"en-US\",\"potentialAction\":[{\"@type\":\"ReadAction\",\"target\":[\"https:\/\/lottespapery.com\/en\/products\/leather-cover-for-moleskine-cahier-subject-notebooks-20-x-27-cm\/\"]}]},{\"@type\":\"BreadcrumbList\",\"@id\":\"https:\/\/lottespapery.com\/en\/products\/leather-cover-for-moleskine-cahier-subject-notebooks-20-x-27-cm\/#breadcrumb\",\"itemListElement\":[{\"@type\":\"ListItem\",\"position\":1,\"name\":\"Home\",\"item\":\"https:\/\/lottespapery.com\/en\/\"},{\"@type\":\"ListItem\",\"position\":2,\"name\":\"Shop\",\"item\":\"https:\/\/lottespapery.com\/en\/shop\/\"},{\"@type\":\"ListItem\",\"position\":3,\"name\":\"Leather cover for Moleskine Cahier Subject notebooks (20 x 27 cm)\"}]},{\"@type\":\"WebSite\",\"@id\":\"https:\/\/lottespapery.com\/en\/#website\",\"url\":\"https:\/\/lottespapery.com\/en\/\",\"name\":\"Lotte&#039;s Papery\",\"description\":\"Pap\u012brlietas un \u0101das izstr\u0101d\u0101jumi\",\"publisher\":{\"@id\":\"https:\/\/lottespapery.com\/en\/#organization\"},\"potentialAction\":[{\"@type\":\"SearchAction\",\"target\":{\"@type\":\"EntryPoint\",\"urlTemplate\":\"https:\/\/lottespapery.com\/en\/?s={search_term_string}\"},\"query-input\":\"required name=search_term_string\"}],\"inLanguage\":\"en-US\"},{\"@type\":\"Organization\",\"@id\":\"https:\/\/lottespapery.com\/en\/#organization\",\"name\":\"Lotte&#039;s Papery\",\"url\":\"https:\/\/lottespapery.com\/en\/\",\"logo\":{\"@type\":\"ImageObject\",\"inLanguage\":\"en-US\",\"@id\":\"https:\/\/lottespapery.com\/en\/#\/schema\/logo\/image\/\",\"url\":\"http:\/\/lottespapery.com\/wp-content\/uploads\/2022\/11\/logo-dark_180x@2x.png\",\"contentUrl\":\"http:\/\/lottespapery.com\/wp-content\/uploads\/2022\/11\/logo-dark_180x@2x.png\",\"width\":360,\"height\":100,\"caption\":\"Lotte&#039;s Papery\"},\"image\":{\"@id\":\"https:\/\/lottespapery.com\/en\/#\/schema\/logo\/image\/\"},\"sameAs\":[\"https:\/\/www.instagram.com\/lottes_papery\/\",\"https:\/\/www.facebook.com\/LottesPapery\/\"]}]}<\/script>\n<!-- \/ Yoast SEO plugin. -->","yoast_head_json":{"title":"Leather cover for Moleskine Cahier Subject notebooks (20 x 27 cm) - Lotte&#039;s Papery","description":"Genuine leather covers for Moleskine Cahier Subject notebooks. The covers are made with built-in side pockets, behind which you can place a Moleskine Cahier Subject notebook, a small side pocket for business cards or other small notes and a long leather bookmark attached to the covers.  Buy just the covers without the notebook or a set that also includes 2 notebooks with lined pages without the covers.     Moleskine Subject Cahier is designed so that you can write down what you need in a structured way - each page is divided into five separate sections: date, title, general notes, space for key words, diagrams and highlights, as well as space for summaries, conclusions and next steps. Once you've written down the notebooks, buy just the notebooks separately and continue using them with the same leather covers.     It is possible to personalize leather covers with your initials (6-8 symbols or initials in colorless, silver or gold relief).  - Leather cover size: 20 x 27 cm. - Inner book size: 19 x 25 cm, 160 pages, 2 pcs (in black and brown paper covers).   Information for companies:     Price includes VAT.    After placing your order, please send your logo in vector PDF format to\u00a0info@lottespapery.com.    If you require a different order quantity, please contact us at\u00a0info@lottespapery.com.    A 10% additional discount applies to mixed colors. To use this discount, please contact us at\u00a0info@lottespapery.com\u00a0       -- Vintage Rust's latest collection is made of special leather. It will be ideal for those who like rough, imperfect, but distinctly solid and functional things that tell their own unique story.  The leather has a vintage rust tone, scratches and a pattern that develops with use, giving it a \"vintage\" or old-fashioned, rough style from the first moment you pick up the product. All created works are thorough and simple in construction, but functional and thought out down to the details.  You will like it if you see the beautiful and the real in the imperfect, as well as if you are into unique, rough and unusual products with their own story, created in small numbers and handmade. In order to reveal the character of the product, we have intentionally left natural tints, scratches and shadings formed during the production of the leather. If you are a fan of the classics, we recommend that you prefer other notebooks from our core collection.","robots":{"index":"index","follow":"follow","max-snippet":"max-snippet:-1","max-image-preview":"max-image-preview:large","max-video-preview":"max-video-preview:-1"},"canonical":"https:\/\/lottespapery.com\/en\/products\/leather-cover-for-moleskine-cahier-subject-notebooks-20-x-27-cm\/","og_locale":"en_US","og_type":"article","og_title":"Leather cover for Moleskine Cahier Subject notebooks (20 x 27 cm) - Lotte&#039;s Papery","og_description":"Genuine leather covers for Moleskine Cahier Subject notebooks. The covers are made with built-in side pockets, behind which you can place a Moleskine Cahier Subject notebook, a small side pocket for business cards or other small notes and a long leather bookmark attached to the covers.  Buy just the covers without the notebook or a set that also includes 2 notebooks with lined pages without the covers.     Moleskine Subject Cahier is designed so that you can write down what you need in a structured way - each page is divided into five separate sections: date, title, general notes, space for key words, diagrams and highlights, as well as space for summaries, conclusions and next steps. Once you've written down the notebooks, buy just the notebooks separately and continue using them with the same leather covers.     It is possible to personalize leather covers with your initials (6-8 symbols or initials in colorless, silver or gold relief).  - Leather cover size: 20 x 27 cm. - Inner book size: 19 x 25 cm, 160 pages, 2 pcs (in black and brown paper covers).   Information for companies:     Price includes VAT.    After placing your order, please send your logo in vector PDF format to\u00a0info@lottespapery.com.    If you require a different order quantity, please contact us at\u00a0info@lottespapery.com.    A 10% additional discount applies to mixed colors. To use this discount, please contact us at\u00a0info@lottespapery.com\u00a0       -- Vintage Rust's latest collection is made of special leather. It will be ideal for those who like rough, imperfect, but distinctly solid and functional things that tell their own unique story.  The leather has a vintage rust tone, scratches and a pattern that develops with use, giving it a \"vintage\" or old-fashioned, rough style from the first moment you pick up the product. All created works are thorough and simple in construction, but functional and thought out down to the details.  You will like it if you see the beautiful and the real in the imperfect, as well as if you are into unique, rough and unusual products with their own story, created in small numbers and handmade. In order to reveal the character of the product, we have intentionally left natural tints, scratches and shadings formed during the production of the leather. If you are a fan of the classics, we recommend that you prefer other notebooks from our core collection.","og_url":"https:\/\/lottespapery.com\/en\/products\/leather-cover-for-moleskine-cahier-subject-notebooks-20-x-27-cm\/","og_site_name":"Lotte&#039;s Papery","article_publisher":"https:\/\/www.facebook.com\/LottesPapery\/","article_modified_time":"2025-10-07T15:41:08+00:00","og_image":[{"width":683,"height":683,"url":"http:\/\/lottespapery.com\/wp-content\/uploads\/2022\/11\/lotte-ziemassvetku-2021-83g.jpg","type":"image\/jpeg"}],"twitter_card":"summary_large_image","schema":{"@context":"https:\/\/schema.org","@graph":[{"@type":"WebPage","@id":"https:\/\/lottespapery.com\/en\/products\/leather-cover-for-moleskine-cahier-subject-notebooks-20-x-27-cm\/","url":"https:\/\/lottespapery.com\/en\/products\/leather-cover-for-moleskine-cahier-subject-notebooks-20-x-27-cm\/","name":"Leather cover for Moleskine Cahier Subject notebooks (20 x 27 cm) - Lotte&#039;s Papery","isPartOf":{"@id":"https:\/\/lottespapery.com\/en\/#website"},"datePublished":"2025-10-07T12:28:14+00:00","dateModified":"2025-10-07T15:41:08+00:00","description":"Genuine leather covers for Moleskine Cahier Subject notebooks. The covers are made with built-in side pockets, behind which you can place a Moleskine Cahier Subject notebook, a small side pocket for business cards or other small notes and a long leather bookmark attached to the covers. Buy just the covers without the notebook or a set that also includes 2 notebooks with lined pages without the covers. Moleskine Subject Cahier is designed so that you can write down what you need in a structured way - each page is divided into five separate sections: date, title, general notes, space for key words, diagrams and highlights, as well as space for summaries, conclusions and next steps. Once you've written down the notebooks, buy just the notebooks separately and continue using them with the same leather covers. It is possible to personalize leather covers with your initials (6-8 symbols or initials in colorless, silver or gold relief). - Leather cover size: 20 x 27 cm. - Inner book size: 19 x 25 cm, 160 pages, 2 pcs (in black and brown paper covers). Information for companies: \u2022 Price includes VAT. \u2022 After placing your order, please send your logo in vector PDF format to\u00a0info@lottespapery.com. \u2022 If you require a different order quantity, please contact us at\u00a0info@lottespapery.com. \u2022 A 10% additional discount applies to mixed colors. To use this discount, please contact us at\u00a0info@lottespapery.com\u00a0 -- Vintage Rust's latest collection is made of special leather. It will be ideal for those who like rough, imperfect, but distinctly solid and functional things that tell their own unique story. The leather has a vintage rust tone, scratches and a pattern that develops with use, giving it a \"vintage\" or old-fashioned, rough style from the first moment you pick up the product. All created works are thorough and simple in construction, but functional and thought out down to the details. You will like it if you see the beautiful and the real in the imperfect, as well as if you are into unique, rough and unusual products with their own story, created in small numbers and handmade. In order to reveal the character of the product, we have intentionally left natural tints, scratches and shadings formed during the production of the leather. If you are a fan of the classics, we recommend that you prefer other notebooks from our core collection.","breadcrumb":{"@id":"https:\/\/lottespapery.com\/en\/products\/leather-cover-for-moleskine-cahier-subject-notebooks-20-x-27-cm\/#breadcrumb"},"inLanguage":"en-US","potentialAction":[{"@type":"ReadAction","target":["https:\/\/lottespapery.com\/en\/products\/leather-cover-for-moleskine-cahier-subject-notebooks-20-x-27-cm\/"]}]},{"@type":"BreadcrumbList","@id":"https:\/\/lottespapery.com\/en\/products\/leather-cover-for-moleskine-cahier-subject-notebooks-20-x-27-cm\/#breadcrumb","itemListElement":[{"@type":"ListItem","position":1,"name":"Home","item":"https:\/\/lottespapery.com\/en\/"},{"@type":"ListItem","position":2,"name":"Shop","item":"https:\/\/lottespapery.com\/en\/shop\/"},{"@type":"ListItem","position":3,"name":"Leather cover for Moleskine Cahier Subject notebooks (20 x 27 cm)"}]},{"@type":"WebSite","@id":"https:\/\/lottespapery.com\/en\/#website","url":"https:\/\/lottespapery.com\/en\/","name":"Lotte&#039;s Papery","description":"Pap\u012brlietas un \u0101das izstr\u0101d\u0101jumi","publisher":{"@id":"https:\/\/lottespapery.com\/en\/#organization"},"potentialAction":[{"@type":"SearchAction","target":{"@type":"EntryPoint","urlTemplate":"https:\/\/lottespapery.com\/en\/?s={search_term_string}"},"query-input":"required name=search_term_string"}],"inLanguage":"en-US"},{"@type":"Organization","@id":"https:\/\/lottespapery.com\/en\/#organization","name":"Lotte&#039;s Papery","url":"https:\/\/lottespapery.com\/en\/","logo":{"@type":"ImageObject","inLanguage":"en-US","@id":"https:\/\/lottespapery.com\/en\/#\/schema\/logo\/image\/","url":"http:\/\/lottespapery.com\/wp-content\/uploads\/2022\/11\/logo-dark_180x@2x.png","contentUrl":"http:\/\/lottespapery.com\/wp-content\/uploads\/2022\/11\/logo-dark_180x@2x.png","width":360,"height":100,"caption":"Lotte&#039;s Papery"},"image":{"@id":"https:\/\/lottespapery.com\/en\/#\/schema\/logo\/image\/"},"sameAs":["https:\/\/www.instagram.com\/lottes_papery\/","https:\/\/www.facebook.com\/LottesPapery\/"]}]}},"_links":{"self":[{"href":"https:\/\/lottespapery.com\/en\/wp-json\/wp\/v2\/product\/44352","targetHints":{"allow":["GET"]}}],"collection":[{"href":"https:\/\/lottespapery.com\/en\/wp-json\/wp\/v2\/product"}],"about":[{"href":"https:\/\/lottespapery.com\/en\/wp-json\/wp\/v2\/types\/product"}],"wp:featuredmedia":[{"embeddable":true,"href":"https:\/\/lottespapery.com\/en\/wp-json\/wp\/v2\/media\/4104"}],"wp:attachment":[{"href":"https:\/\/lottespapery.com\/en\/wp-json\/wp\/v2\/media?parent=44352"}],"wp:term":[{"taxonomy":"product_brand","embeddable":true,"href":"https:\/\/lottespapery.com\/en\/wp-json\/wp\/v2\/product_brand?post=44352"},{"taxonomy":"product_cat","embeddable":true,"href":"https:\/\/lottespapery.com\/en\/wp-json\/wp\/v2\/product_cat?post=44352"},{"taxonomy":"product_tag","embeddable":true,"href":"https:\/\/lottespapery.com\/en\/wp-json\/wp\/v2\/product_tag?post=44352"}],"curies":[{"name":"wp","href":"https:\/\/api.w.org\/{rel}","templated":true}]}}