{"id":44363,"date":"2025-10-07T15:41:36","date_gmt":"2025-10-07T12:41:36","guid":{"rendered":"https:\/\/lottespapery.com\/?post_type=product&#038;p=44363"},"modified":"2025-10-07T16:10:25","modified_gmt":"2025-10-07T13:10:25","slug":"leather-cover-with-notebook-14-x-23-5-cm","status":"publish","type":"product","link":"https:\/\/lottespapery.com\/en\/products\/leather-cover-with-notebook-14-x-23-5-cm\/","title":{"rendered":"Leather cover with notebook (14 x 23.5 cm)"},"content":{"rendered":"","protected":false},"excerpt":{"rendered":"","protected":false},"featured_media":4030,"template":"","meta":[],"product_brand":[],"product_cat":[2000],"product_tag":[],"class_list":{"0":"post-44363","1":"product","2":"type-product","3":"status-publish","4":"has-post-thumbnail","6":"product_cat-corporate","8":"first","9":"instock","10":"taxable","11":"shipping-taxable","12":"purchasable","13":"product-type-variable","14":"has-default-attributes"},"raw_content":{"name":"Leather cover with notebook (14 x 23.5 cm)","description":"","short_description":"","status":"publish","sku":"DF33-D568DD","original":44358},"wpml":{"translation_type":1,"has_translations":true,"original":44358,"duplicates":[],"translations":{"lv":44358,"en":44363}},"yoast_head":"<!-- This site is optimized with the Yoast SEO plugin v19.10 - https:\/\/yoast.com\/wordpress\/plugins\/seo\/ -->\n<title>Leather cover with notebook (14 x 23.5 cm) - Lotte&#039;s Papery<\/title>\n<meta name=\"description\" content=\"Genuine leather covers for use with Moleskine Cahier Journals. The covers have built-in side pockets behind which you can place Moleskine Cahier Journals, as well as notepads or photos. The left side pocket has a place for business cards, while the right side has a place for your favorite pen. A long leather bookmark is also attached to the covers. When you have filled the notebook, buy only the notebooks separately and continue using the same covers. It is possible to personalize leather covers with your initials (6-8 symbols or initials in colorless, silver or gold relief). If you want to add it - please indicate exactly the letters to be printed in the comment section when placing the order. - Leather cover size: 14 x 23.5 cm - Size of the inner book: 13 x 21 cm, 80 pages.   Information for companies:     Price includes VAT.    After placing your order, please send your logo in vector PDF format to\u00a0info@lottespapery.com.    If you require a different order quantity, please contact us at\u00a0info@lottespapery.com.    A 10% additional discount applies to mixed colors. To use this discount, please contact us at\u00a0info@lottespapery.com         -- Vintage Rust&#039;s latest collection is made of special leather. It will be ideal for those who like rough, imperfect, but distinctly solid and functional things that tell their own unique story.  The leather has a vintage rust tone, scratches and a pattern that develops with use, giving it a &quot;vintage&quot; or old-fashioned, rough style from the first moment you pick up the product. All created works are thorough and simple in construction, but functional and thought out down to the details.  You will like it if you see the beautiful and the real in the imperfect, as well as if you are into unique, rough and unusual products with their own story, created in small numbers and handmade. In order to reveal the character of the product, we have intentionally left natural tints, scratches and shadings formed during the production of the leather. If you are a fan of the classics, we recommend that you prefer other notebooks from our core collection.\" \/>\n<meta name=\"robots\" content=\"index, follow, max-snippet:-1, max-image-preview:large, max-video-preview:-1\" \/>\n<link rel=\"canonical\" href=\"https:\/\/lottespapery.com\/en\/products\/leather-cover-with-notebook-14-x-23-5-cm\/\" \/>\n<meta property=\"og:locale\" content=\"en_US\" \/>\n<meta property=\"og:type\" content=\"article\" \/>\n<meta property=\"og:title\" content=\"Leather cover with notebook (14 x 23.5 cm) - Lotte&#039;s Papery\" \/>\n<meta property=\"og:description\" content=\"Genuine leather covers for use with Moleskine Cahier Journals. The covers have built-in side pockets behind which you can place Moleskine Cahier Journals, as well as notepads or photos. The left side pocket has a place for business cards, while the right side has a place for your favorite pen. A long leather bookmark is also attached to the covers. When you have filled the notebook, buy only the notebooks separately and continue using the same covers. It is possible to personalize leather covers with your initials (6-8 symbols or initials in colorless, silver or gold relief). If you want to add it - please indicate exactly the letters to be printed in the comment section when placing the order. - Leather cover size: 14 x 23.5 cm - Size of the inner book: 13 x 21 cm, 80 pages.   Information for companies:     Price includes VAT.    After placing your order, please send your logo in vector PDF format to\u00a0info@lottespapery.com.    If you require a different order quantity, please contact us at\u00a0info@lottespapery.com.    A 10% additional discount applies to mixed colors. To use this discount, please contact us at\u00a0info@lottespapery.com         -- Vintage Rust&#039;s latest collection is made of special leather. It will be ideal for those who like rough, imperfect, but distinctly solid and functional things that tell their own unique story.  The leather has a vintage rust tone, scratches and a pattern that develops with use, giving it a &quot;vintage&quot; or old-fashioned, rough style from the first moment you pick up the product. All created works are thorough and simple in construction, but functional and thought out down to the details.  You will like it if you see the beautiful and the real in the imperfect, as well as if you are into unique, rough and unusual products with their own story, created in small numbers and handmade. In order to reveal the character of the product, we have intentionally left natural tints, scratches and shadings formed during the production of the leather. If you are a fan of the classics, we recommend that you prefer other notebooks from our core collection.\" \/>\n<meta property=\"og:url\" content=\"https:\/\/lottespapery.com\/en\/products\/leather-cover-with-notebook-14-x-23-5-cm\/\" \/>\n<meta property=\"og:site_name\" content=\"Lotte&#039;s Papery\" \/>\n<meta property=\"article:publisher\" content=\"https:\/\/www.facebook.com\/LottesPapery\/\" \/>\n<meta property=\"article:modified_time\" content=\"2025-10-07T13:10:25+00:00\" \/>\n<meta property=\"og:image\" content=\"http:\/\/lottespapery.com\/wp-content\/uploads\/2022\/11\/lotte-ziemassvetku-2021-77n.jpg\" \/>\n\t<meta property=\"og:image:width\" content=\"1022\" \/>\n\t<meta property=\"og:image:height\" content=\"1022\" \/>\n\t<meta property=\"og:image:type\" content=\"image\/jpeg\" \/>\n<meta name=\"twitter:card\" content=\"summary_large_image\" \/>\n<script type=\"application\/ld+json\" class=\"yoast-schema-graph\">{\"@context\":\"https:\/\/schema.org\",\"@graph\":[{\"@type\":\"WebPage\",\"@id\":\"https:\/\/lottespapery.com\/en\/products\/leather-cover-with-notebook-14-x-23-5-cm\/\",\"url\":\"https:\/\/lottespapery.com\/en\/products\/leather-cover-with-notebook-14-x-23-5-cm\/\",\"name\":\"Leather cover with notebook (14 x 23.5 cm) - Lotte&#039;s Papery\",\"isPartOf\":{\"@id\":\"https:\/\/lottespapery.com\/en\/#website\"},\"datePublished\":\"2025-10-07T12:41:36+00:00\",\"dateModified\":\"2025-10-07T13:10:25+00:00\",\"description\":\"Genuine leather covers for use with Moleskine Cahier Journals. The covers have built-in side pockets behind which you can place Moleskine Cahier Journals, as well as notepads or photos. The left side pocket has a place for business cards, while the right side has a place for your favorite pen. A long leather bookmark is also attached to the covers. When you have filled the notebook, buy only the notebooks separately and continue using the same covers. It is possible to personalize leather covers with your initials (6-8 symbols or initials in colorless, silver or gold relief). If you want to add it - please indicate exactly the letters to be printed in the comment section when placing the order. - Leather cover size: 14 x 23.5 cm - Size of the inner book: 13 x 21 cm, 80 pages. Information for companies: \u2022 Price includes VAT. \u2022 After placing your order, please send your logo in vector PDF format to\u00a0info@lottespapery.com. \u2022 If you require a different order quantity, please contact us at\u00a0info@lottespapery.com. \u2022 A 10% additional discount applies to mixed colors. To use this discount, please contact us at\u00a0info@lottespapery.com -- Vintage Rust's latest collection is made of special leather. It will be ideal for those who like rough, imperfect, but distinctly solid and functional things that tell their own unique story. The leather has a vintage rust tone, scratches and a pattern that develops with use, giving it a \\\"vintage\\\" or old-fashioned, rough style from the first moment you pick up the product. All created works are thorough and simple in construction, but functional and thought out down to the details. You will like it if you see the beautiful and the real in the imperfect, as well as if you are into unique, rough and unusual products with their own story, created in small numbers and handmade. In order to reveal the character of the product, we have intentionally left natural tints, scratches and shadings formed during the production of the leather. If you are a fan of the classics, we recommend that you prefer other notebooks from our core collection.\",\"breadcrumb\":{\"@id\":\"https:\/\/lottespapery.com\/en\/products\/leather-cover-with-notebook-14-x-23-5-cm\/#breadcrumb\"},\"inLanguage\":\"en-US\",\"potentialAction\":[{\"@type\":\"ReadAction\",\"target\":[\"https:\/\/lottespapery.com\/en\/products\/leather-cover-with-notebook-14-x-23-5-cm\/\"]}]},{\"@type\":\"BreadcrumbList\",\"@id\":\"https:\/\/lottespapery.com\/en\/products\/leather-cover-with-notebook-14-x-23-5-cm\/#breadcrumb\",\"itemListElement\":[{\"@type\":\"ListItem\",\"position\":1,\"name\":\"Home\",\"item\":\"https:\/\/lottespapery.com\/en\/\"},{\"@type\":\"ListItem\",\"position\":2,\"name\":\"Shop\",\"item\":\"https:\/\/lottespapery.com\/en\/shop\/\"},{\"@type\":\"ListItem\",\"position\":3,\"name\":\"Leather cover with notebook (14 x 23.5 cm)\"}]},{\"@type\":\"WebSite\",\"@id\":\"https:\/\/lottespapery.com\/en\/#website\",\"url\":\"https:\/\/lottespapery.com\/en\/\",\"name\":\"Lotte&#039;s Papery\",\"description\":\"Pap\u012brlietas un \u0101das izstr\u0101d\u0101jumi\",\"publisher\":{\"@id\":\"https:\/\/lottespapery.com\/en\/#organization\"},\"potentialAction\":[{\"@type\":\"SearchAction\",\"target\":{\"@type\":\"EntryPoint\",\"urlTemplate\":\"https:\/\/lottespapery.com\/en\/?s={search_term_string}\"},\"query-input\":\"required name=search_term_string\"}],\"inLanguage\":\"en-US\"},{\"@type\":\"Organization\",\"@id\":\"https:\/\/lottespapery.com\/en\/#organization\",\"name\":\"Lotte&#039;s Papery\",\"url\":\"https:\/\/lottespapery.com\/en\/\",\"logo\":{\"@type\":\"ImageObject\",\"inLanguage\":\"en-US\",\"@id\":\"https:\/\/lottespapery.com\/en\/#\/schema\/logo\/image\/\",\"url\":\"http:\/\/lottespapery.com\/wp-content\/uploads\/2022\/11\/logo-dark_180x@2x.png\",\"contentUrl\":\"http:\/\/lottespapery.com\/wp-content\/uploads\/2022\/11\/logo-dark_180x@2x.png\",\"width\":360,\"height\":100,\"caption\":\"Lotte&#039;s Papery\"},\"image\":{\"@id\":\"https:\/\/lottespapery.com\/en\/#\/schema\/logo\/image\/\"},\"sameAs\":[\"https:\/\/www.instagram.com\/lottes_papery\/\",\"https:\/\/www.facebook.com\/LottesPapery\/\"]}]}<\/script>\n<!-- \/ Yoast SEO plugin. -->","yoast_head_json":{"title":"Leather cover with notebook (14 x 23.5 cm) - Lotte&#039;s Papery","description":"Genuine leather covers for use with Moleskine Cahier Journals. The covers have built-in side pockets behind which you can place Moleskine Cahier Journals, as well as notepads or photos. The left side pocket has a place for business cards, while the right side has a place for your favorite pen. A long leather bookmark is also attached to the covers. When you have filled the notebook, buy only the notebooks separately and continue using the same covers. It is possible to personalize leather covers with your initials (6-8 symbols or initials in colorless, silver or gold relief). If you want to add it - please indicate exactly the letters to be printed in the comment section when placing the order. - Leather cover size: 14 x 23.5 cm - Size of the inner book: 13 x 21 cm, 80 pages.   Information for companies:     Price includes VAT.    After placing your order, please send your logo in vector PDF format to\u00a0info@lottespapery.com.    If you require a different order quantity, please contact us at\u00a0info@lottespapery.com.    A 10% additional discount applies to mixed colors. To use this discount, please contact us at\u00a0info@lottespapery.com         -- Vintage Rust's latest collection is made of special leather. It will be ideal for those who like rough, imperfect, but distinctly solid and functional things that tell their own unique story.  The leather has a vintage rust tone, scratches and a pattern that develops with use, giving it a \"vintage\" or old-fashioned, rough style from the first moment you pick up the product. All created works are thorough and simple in construction, but functional and thought out down to the details.  You will like it if you see the beautiful and the real in the imperfect, as well as if you are into unique, rough and unusual products with their own story, created in small numbers and handmade. In order to reveal the character of the product, we have intentionally left natural tints, scratches and shadings formed during the production of the leather. If you are a fan of the classics, we recommend that you prefer other notebooks from our core collection.","robots":{"index":"index","follow":"follow","max-snippet":"max-snippet:-1","max-image-preview":"max-image-preview:large","max-video-preview":"max-video-preview:-1"},"canonical":"https:\/\/lottespapery.com\/en\/products\/leather-cover-with-notebook-14-x-23-5-cm\/","og_locale":"en_US","og_type":"article","og_title":"Leather cover with notebook (14 x 23.5 cm) - Lotte&#039;s Papery","og_description":"Genuine leather covers for use with Moleskine Cahier Journals. The covers have built-in side pockets behind which you can place Moleskine Cahier Journals, as well as notepads or photos. The left side pocket has a place for business cards, while the right side has a place for your favorite pen. A long leather bookmark is also attached to the covers. When you have filled the notebook, buy only the notebooks separately and continue using the same covers. It is possible to personalize leather covers with your initials (6-8 symbols or initials in colorless, silver or gold relief). If you want to add it - please indicate exactly the letters to be printed in the comment section when placing the order. - Leather cover size: 14 x 23.5 cm - Size of the inner book: 13 x 21 cm, 80 pages.   Information for companies:     Price includes VAT.    After placing your order, please send your logo in vector PDF format to\u00a0info@lottespapery.com.    If you require a different order quantity, please contact us at\u00a0info@lottespapery.com.    A 10% additional discount applies to mixed colors. To use this discount, please contact us at\u00a0info@lottespapery.com         -- Vintage Rust's latest collection is made of special leather. It will be ideal for those who like rough, imperfect, but distinctly solid and functional things that tell their own unique story.  The leather has a vintage rust tone, scratches and a pattern that develops with use, giving it a \"vintage\" or old-fashioned, rough style from the first moment you pick up the product. All created works are thorough and simple in construction, but functional and thought out down to the details.  You will like it if you see the beautiful and the real in the imperfect, as well as if you are into unique, rough and unusual products with their own story, created in small numbers and handmade. In order to reveal the character of the product, we have intentionally left natural tints, scratches and shadings formed during the production of the leather. If you are a fan of the classics, we recommend that you prefer other notebooks from our core collection.","og_url":"https:\/\/lottespapery.com\/en\/products\/leather-cover-with-notebook-14-x-23-5-cm\/","og_site_name":"Lotte&#039;s Papery","article_publisher":"https:\/\/www.facebook.com\/LottesPapery\/","article_modified_time":"2025-10-07T13:10:25+00:00","og_image":[{"width":1022,"height":1022,"url":"http:\/\/lottespapery.com\/wp-content\/uploads\/2022\/11\/lotte-ziemassvetku-2021-77n.jpg","type":"image\/jpeg"}],"twitter_card":"summary_large_image","schema":{"@context":"https:\/\/schema.org","@graph":[{"@type":"WebPage","@id":"https:\/\/lottespapery.com\/en\/products\/leather-cover-with-notebook-14-x-23-5-cm\/","url":"https:\/\/lottespapery.com\/en\/products\/leather-cover-with-notebook-14-x-23-5-cm\/","name":"Leather cover with notebook (14 x 23.5 cm) - Lotte&#039;s Papery","isPartOf":{"@id":"https:\/\/lottespapery.com\/en\/#website"},"datePublished":"2025-10-07T12:41:36+00:00","dateModified":"2025-10-07T13:10:25+00:00","description":"Genuine leather covers for use with Moleskine Cahier Journals. The covers have built-in side pockets behind which you can place Moleskine Cahier Journals, as well as notepads or photos. The left side pocket has a place for business cards, while the right side has a place for your favorite pen. A long leather bookmark is also attached to the covers. When you have filled the notebook, buy only the notebooks separately and continue using the same covers. It is possible to personalize leather covers with your initials (6-8 symbols or initials in colorless, silver or gold relief). If you want to add it - please indicate exactly the letters to be printed in the comment section when placing the order. - Leather cover size: 14 x 23.5 cm - Size of the inner book: 13 x 21 cm, 80 pages. Information for companies: \u2022 Price includes VAT. \u2022 After placing your order, please send your logo in vector PDF format to\u00a0info@lottespapery.com. \u2022 If you require a different order quantity, please contact us at\u00a0info@lottespapery.com. \u2022 A 10% additional discount applies to mixed colors. To use this discount, please contact us at\u00a0info@lottespapery.com -- Vintage Rust's latest collection is made of special leather. It will be ideal for those who like rough, imperfect, but distinctly solid and functional things that tell their own unique story. The leather has a vintage rust tone, scratches and a pattern that develops with use, giving it a \"vintage\" or old-fashioned, rough style from the first moment you pick up the product. All created works are thorough and simple in construction, but functional and thought out down to the details. You will like it if you see the beautiful and the real in the imperfect, as well as if you are into unique, rough and unusual products with their own story, created in small numbers and handmade. In order to reveal the character of the product, we have intentionally left natural tints, scratches and shadings formed during the production of the leather. If you are a fan of the classics, we recommend that you prefer other notebooks from our core collection.","breadcrumb":{"@id":"https:\/\/lottespapery.com\/en\/products\/leather-cover-with-notebook-14-x-23-5-cm\/#breadcrumb"},"inLanguage":"en-US","potentialAction":[{"@type":"ReadAction","target":["https:\/\/lottespapery.com\/en\/products\/leather-cover-with-notebook-14-x-23-5-cm\/"]}]},{"@type":"BreadcrumbList","@id":"https:\/\/lottespapery.com\/en\/products\/leather-cover-with-notebook-14-x-23-5-cm\/#breadcrumb","itemListElement":[{"@type":"ListItem","position":1,"name":"Home","item":"https:\/\/lottespapery.com\/en\/"},{"@type":"ListItem","position":2,"name":"Shop","item":"https:\/\/lottespapery.com\/en\/shop\/"},{"@type":"ListItem","position":3,"name":"Leather cover with notebook (14 x 23.5 cm)"}]},{"@type":"WebSite","@id":"https:\/\/lottespapery.com\/en\/#website","url":"https:\/\/lottespapery.com\/en\/","name":"Lotte&#039;s Papery","description":"Pap\u012brlietas un \u0101das izstr\u0101d\u0101jumi","publisher":{"@id":"https:\/\/lottespapery.com\/en\/#organization"},"potentialAction":[{"@type":"SearchAction","target":{"@type":"EntryPoint","urlTemplate":"https:\/\/lottespapery.com\/en\/?s={search_term_string}"},"query-input":"required name=search_term_string"}],"inLanguage":"en-US"},{"@type":"Organization","@id":"https:\/\/lottespapery.com\/en\/#organization","name":"Lotte&#039;s Papery","url":"https:\/\/lottespapery.com\/en\/","logo":{"@type":"ImageObject","inLanguage":"en-US","@id":"https:\/\/lottespapery.com\/en\/#\/schema\/logo\/image\/","url":"http:\/\/lottespapery.com\/wp-content\/uploads\/2022\/11\/logo-dark_180x@2x.png","contentUrl":"http:\/\/lottespapery.com\/wp-content\/uploads\/2022\/11\/logo-dark_180x@2x.png","width":360,"height":100,"caption":"Lotte&#039;s Papery"},"image":{"@id":"https:\/\/lottespapery.com\/en\/#\/schema\/logo\/image\/"},"sameAs":["https:\/\/www.instagram.com\/lottes_papery\/","https:\/\/www.facebook.com\/LottesPapery\/"]}]}},"_links":{"self":[{"href":"https:\/\/lottespapery.com\/en\/wp-json\/wp\/v2\/product\/44363","targetHints":{"allow":["GET"]}}],"collection":[{"href":"https:\/\/lottespapery.com\/en\/wp-json\/wp\/v2\/product"}],"about":[{"href":"https:\/\/lottespapery.com\/en\/wp-json\/wp\/v2\/types\/product"}],"wp:featuredmedia":[{"embeddable":true,"href":"https:\/\/lottespapery.com\/en\/wp-json\/wp\/v2\/media\/4030"}],"wp:attachment":[{"href":"https:\/\/lottespapery.com\/en\/wp-json\/wp\/v2\/media?parent=44363"}],"wp:term":[{"taxonomy":"product_brand","embeddable":true,"href":"https:\/\/lottespapery.com\/en\/wp-json\/wp\/v2\/product_brand?post=44363"},{"taxonomy":"product_cat","embeddable":true,"href":"https:\/\/lottespapery.com\/en\/wp-json\/wp\/v2\/product_cat?post=44363"},{"taxonomy":"product_tag","embeddable":true,"href":"https:\/\/lottespapery.com\/en\/wp-json\/wp\/v2\/product_tag?post=44363"}],"curies":[{"name":"wp","href":"https:\/\/api.w.org\/{rel}","templated":true}]}}