{"id":44580,"date":"2025-10-08T07:48:39","date_gmt":"2025-10-08T04:48:39","guid":{"rendered":"https:\/\/lottespapery.com\/?post_type=product&#038;p=44580"},"modified":"2025-10-08T08:04:02","modified_gmt":"2025-10-08T05:04:02","slug":"passport-covers","status":"publish","type":"product","link":"https:\/\/lottespapery.com\/en\/products\/passport-covers\/","title":{"rendered":"Passport covers"},"content":{"rendered":"","protected":false},"excerpt":{"rendered":"","protected":false},"featured_media":44583,"template":"","meta":[],"product_brand":[],"product_cat":[2000],"product_tag":[],"class_list":{"0":"post-44580","1":"product","2":"type-product","3":"status-publish","4":"has-post-thumbnail","6":"product_cat-corporate","8":"first","9":"instock","10":"taxable","11":"shipping-taxable","12":"purchasable","13":"product-type-variable","14":"has-default-attributes"},"raw_content":{"name":"Passport covers","description":"","short_description":"","status":"publish","sku":"AD54-9CDB10","original":44578},"wpml":{"translation_type":1,"has_translations":true,"original":44578,"duplicates":[],"translations":{"lv":44578,"en":44580}},"yoast_head":"<!-- This site is optimized with the Yoast SEO plugin v19.10 - https:\/\/yoast.com\/wordpress\/plugins\/seo\/ -->\n<title>Passport covers - Lotte&#039;s Papery<\/title>\n<meta name=\"description\" content=\"Handmade, high-quality natural leather covers for the world traveler with the colorless inscription JUST GO printed in relief (instead of the letter o, there is a silhouette of the globe). Esam izmantoju\u0161i dab\u012bgi vaskotu \u0101du, kas laikam ejot izskat\u0101s arvien lab\u0101k, jo ieg\u016bst dabiska novalk\u0101juma efektu. Choose from eight different colors and to make it even more special, personalize it with colorless embossed initials.   Information for companies:     Price includes VAT.    After placing your order, please send your logo in vector PDF format to\u00a0info@lottespapery.com.    If you require a different order quantity, please contact us at\u00a0info@lottespapery.com.    A 10% additional discount applies to mixed colors. To use this discount, please contact us at\u00a0info@lottespapery.com   &nbsp;    -- All the leather products on display are handmade by a master craftsman right here in Latvia, in our small but warm-hearted workshop. We believe that leather is a special and beautiful material, and we are grateful for its past life, so we use it as sparingly as possible. If you see a slight scratch, you know that in our eyes it is not a flaw, but an added value to the product, making it unique and with its own story.\" \/>\n<meta name=\"robots\" content=\"index, follow, max-snippet:-1, max-image-preview:large, max-video-preview:-1\" \/>\n<link rel=\"canonical\" href=\"https:\/\/lottespapery.com\/en\/products\/passport-covers\/\" \/>\n<meta property=\"og:locale\" content=\"en_US\" \/>\n<meta property=\"og:type\" content=\"article\" \/>\n<meta property=\"og:title\" content=\"Passport covers - Lotte&#039;s Papery\" \/>\n<meta property=\"og:description\" content=\"Handmade, high-quality natural leather covers for the world traveler with the colorless inscription JUST GO printed in relief (instead of the letter o, there is a silhouette of the globe). Esam izmantoju\u0161i dab\u012bgi vaskotu \u0101du, kas laikam ejot izskat\u0101s arvien lab\u0101k, jo ieg\u016bst dabiska novalk\u0101juma efektu. Choose from eight different colors and to make it even more special, personalize it with colorless embossed initials.   Information for companies:     Price includes VAT.    After placing your order, please send your logo in vector PDF format to\u00a0info@lottespapery.com.    If you require a different order quantity, please contact us at\u00a0info@lottespapery.com.    A 10% additional discount applies to mixed colors. To use this discount, please contact us at\u00a0info@lottespapery.com   &nbsp;    -- All the leather products on display are handmade by a master craftsman right here in Latvia, in our small but warm-hearted workshop. We believe that leather is a special and beautiful material, and we are grateful for its past life, so we use it as sparingly as possible. If you see a slight scratch, you know that in our eyes it is not a flaw, but an added value to the product, making it unique and with its own story.\" \/>\n<meta property=\"og:url\" content=\"https:\/\/lottespapery.com\/en\/products\/passport-covers\/\" \/>\n<meta property=\"og:site_name\" content=\"Lotte&#039;s Papery\" \/>\n<meta property=\"article:publisher\" content=\"https:\/\/www.facebook.com\/LottesPapery\/\" \/>\n<meta property=\"article:modified_time\" content=\"2025-10-08T05:04:02+00:00\" \/>\n<meta property=\"og:image\" content=\"http:\/\/lottespapery.com\/wp-content\/uploads\/2025\/10\/LottesPapery_summer19-74-1024x683.jpg\" \/>\n\t<meta property=\"og:image:width\" content=\"1024\" \/>\n\t<meta property=\"og:image:height\" content=\"683\" \/>\n\t<meta property=\"og:image:type\" content=\"image\/jpeg\" \/>\n<meta name=\"twitter:card\" content=\"summary_large_image\" \/>\n<script type=\"application\/ld+json\" class=\"yoast-schema-graph\">{\"@context\":\"https:\/\/schema.org\",\"@graph\":[{\"@type\":\"WebPage\",\"@id\":\"https:\/\/lottespapery.com\/en\/products\/passport-covers\/\",\"url\":\"https:\/\/lottespapery.com\/en\/products\/passport-covers\/\",\"name\":\"Passport covers - Lotte&#039;s Papery\",\"isPartOf\":{\"@id\":\"https:\/\/lottespapery.com\/en\/#website\"},\"datePublished\":\"2025-10-08T04:48:39+00:00\",\"dateModified\":\"2025-10-08T05:04:02+00:00\",\"description\":\"Handmade, high-quality natural leather covers for the world traveler with the colorless inscription JUST GO printed in relief (instead of the letter o, there is a silhouette of the globe). Esam izmantoju\u0161i dab\u012bgi vaskotu \u0101du, kas laikam ejot izskat\u0101s arvien lab\u0101k, jo ieg\u016bst dabiska novalk\u0101juma efektu. Choose from eight different colors and to make it even more special, personalize it with colorless embossed initials. Information for companies: \u2022 Price includes VAT. \u2022 After placing your order, please send your logo in vector PDF format to\u00a0info@lottespapery.com. \u2022 If you require a different order quantity, please contact us at\u00a0info@lottespapery.com. \u2022 A 10% additional discount applies to mixed colors. To use this discount, please contact us at\u00a0info@lottespapery.com &nbsp; -- All the leather products on display are handmade by a master craftsman right here in Latvia, in our small but warm-hearted workshop. We believe that leather is a special and beautiful material, and we are grateful for its past life, so we use it as sparingly as possible. If you see a slight scratch, you know that in our eyes it is not a flaw, but an added value to the product, making it unique and with its own story.\",\"breadcrumb\":{\"@id\":\"https:\/\/lottespapery.com\/en\/products\/passport-covers\/#breadcrumb\"},\"inLanguage\":\"en-US\",\"potentialAction\":[{\"@type\":\"ReadAction\",\"target\":[\"https:\/\/lottespapery.com\/en\/products\/passport-covers\/\"]}]},{\"@type\":\"BreadcrumbList\",\"@id\":\"https:\/\/lottespapery.com\/en\/products\/passport-covers\/#breadcrumb\",\"itemListElement\":[{\"@type\":\"ListItem\",\"position\":1,\"name\":\"Home\",\"item\":\"https:\/\/lottespapery.com\/en\/\"},{\"@type\":\"ListItem\",\"position\":2,\"name\":\"Shop\",\"item\":\"https:\/\/lottespapery.com\/en\/shop\/\"},{\"@type\":\"ListItem\",\"position\":3,\"name\":\"Passport covers\"}]},{\"@type\":\"WebSite\",\"@id\":\"https:\/\/lottespapery.com\/en\/#website\",\"url\":\"https:\/\/lottespapery.com\/en\/\",\"name\":\"Lotte&#039;s Papery\",\"description\":\"Pap\u012brlietas un \u0101das izstr\u0101d\u0101jumi\",\"publisher\":{\"@id\":\"https:\/\/lottespapery.com\/en\/#organization\"},\"potentialAction\":[{\"@type\":\"SearchAction\",\"target\":{\"@type\":\"EntryPoint\",\"urlTemplate\":\"https:\/\/lottespapery.com\/en\/?s={search_term_string}\"},\"query-input\":\"required name=search_term_string\"}],\"inLanguage\":\"en-US\"},{\"@type\":\"Organization\",\"@id\":\"https:\/\/lottespapery.com\/en\/#organization\",\"name\":\"Lotte&#039;s Papery\",\"url\":\"https:\/\/lottespapery.com\/en\/\",\"logo\":{\"@type\":\"ImageObject\",\"inLanguage\":\"en-US\",\"@id\":\"https:\/\/lottespapery.com\/en\/#\/schema\/logo\/image\/\",\"url\":\"http:\/\/lottespapery.com\/wp-content\/uploads\/2022\/11\/logo-dark_180x@2x.png\",\"contentUrl\":\"http:\/\/lottespapery.com\/wp-content\/uploads\/2022\/11\/logo-dark_180x@2x.png\",\"width\":360,\"height\":100,\"caption\":\"Lotte&#039;s Papery\"},\"image\":{\"@id\":\"https:\/\/lottespapery.com\/en\/#\/schema\/logo\/image\/\"},\"sameAs\":[\"https:\/\/www.instagram.com\/lottes_papery\/\",\"https:\/\/www.facebook.com\/LottesPapery\/\"]}]}<\/script>\n<!-- \/ Yoast SEO plugin. -->","yoast_head_json":{"title":"Passport covers - Lotte&#039;s Papery","description":"Handmade, high-quality natural leather covers for the world traveler with the colorless inscription JUST GO printed in relief (instead of the letter o, there is a silhouette of the globe). Esam izmantoju\u0161i dab\u012bgi vaskotu \u0101du, kas laikam ejot izskat\u0101s arvien lab\u0101k, jo ieg\u016bst dabiska novalk\u0101juma efektu. Choose from eight different colors and to make it even more special, personalize it with colorless embossed initials.   Information for companies:     Price includes VAT.    After placing your order, please send your logo in vector PDF format to\u00a0info@lottespapery.com.    If you require a different order quantity, please contact us at\u00a0info@lottespapery.com.    A 10% additional discount applies to mixed colors. To use this discount, please contact us at\u00a0info@lottespapery.com   &nbsp;    -- All the leather products on display are handmade by a master craftsman right here in Latvia, in our small but warm-hearted workshop. We believe that leather is a special and beautiful material, and we are grateful for its past life, so we use it as sparingly as possible. If you see a slight scratch, you know that in our eyes it is not a flaw, but an added value to the product, making it unique and with its own story.","robots":{"index":"index","follow":"follow","max-snippet":"max-snippet:-1","max-image-preview":"max-image-preview:large","max-video-preview":"max-video-preview:-1"},"canonical":"https:\/\/lottespapery.com\/en\/products\/passport-covers\/","og_locale":"en_US","og_type":"article","og_title":"Passport covers - Lotte&#039;s Papery","og_description":"Handmade, high-quality natural leather covers for the world traveler with the colorless inscription JUST GO printed in relief (instead of the letter o, there is a silhouette of the globe). Esam izmantoju\u0161i dab\u012bgi vaskotu \u0101du, kas laikam ejot izskat\u0101s arvien lab\u0101k, jo ieg\u016bst dabiska novalk\u0101juma efektu. Choose from eight different colors and to make it even more special, personalize it with colorless embossed initials.   Information for companies:     Price includes VAT.    After placing your order, please send your logo in vector PDF format to\u00a0info@lottespapery.com.    If you require a different order quantity, please contact us at\u00a0info@lottespapery.com.    A 10% additional discount applies to mixed colors. To use this discount, please contact us at\u00a0info@lottespapery.com   &nbsp;    -- All the leather products on display are handmade by a master craftsman right here in Latvia, in our small but warm-hearted workshop. We believe that leather is a special and beautiful material, and we are grateful for its past life, so we use it as sparingly as possible. If you see a slight scratch, you know that in our eyes it is not a flaw, but an added value to the product, making it unique and with its own story.","og_url":"https:\/\/lottespapery.com\/en\/products\/passport-covers\/","og_site_name":"Lotte&#039;s Papery","article_publisher":"https:\/\/www.facebook.com\/LottesPapery\/","article_modified_time":"2025-10-08T05:04:02+00:00","og_image":[{"width":1024,"height":683,"url":"http:\/\/lottespapery.com\/wp-content\/uploads\/2025\/10\/LottesPapery_summer19-74-1024x683.jpg","type":"image\/jpeg"}],"twitter_card":"summary_large_image","schema":{"@context":"https:\/\/schema.org","@graph":[{"@type":"WebPage","@id":"https:\/\/lottespapery.com\/en\/products\/passport-covers\/","url":"https:\/\/lottespapery.com\/en\/products\/passport-covers\/","name":"Passport covers - Lotte&#039;s Papery","isPartOf":{"@id":"https:\/\/lottespapery.com\/en\/#website"},"datePublished":"2025-10-08T04:48:39+00:00","dateModified":"2025-10-08T05:04:02+00:00","description":"Handmade, high-quality natural leather covers for the world traveler with the colorless inscription JUST GO printed in relief (instead of the letter o, there is a silhouette of the globe). Esam izmantoju\u0161i dab\u012bgi vaskotu \u0101du, kas laikam ejot izskat\u0101s arvien lab\u0101k, jo ieg\u016bst dabiska novalk\u0101juma efektu. Choose from eight different colors and to make it even more special, personalize it with colorless embossed initials. Information for companies: \u2022 Price includes VAT. \u2022 After placing your order, please send your logo in vector PDF format to\u00a0info@lottespapery.com. \u2022 If you require a different order quantity, please contact us at\u00a0info@lottespapery.com. \u2022 A 10% additional discount applies to mixed colors. To use this discount, please contact us at\u00a0info@lottespapery.com &nbsp; -- All the leather products on display are handmade by a master craftsman right here in Latvia, in our small but warm-hearted workshop. We believe that leather is a special and beautiful material, and we are grateful for its past life, so we use it as sparingly as possible. If you see a slight scratch, you know that in our eyes it is not a flaw, but an added value to the product, making it unique and with its own story.","breadcrumb":{"@id":"https:\/\/lottespapery.com\/en\/products\/passport-covers\/#breadcrumb"},"inLanguage":"en-US","potentialAction":[{"@type":"ReadAction","target":["https:\/\/lottespapery.com\/en\/products\/passport-covers\/"]}]},{"@type":"BreadcrumbList","@id":"https:\/\/lottespapery.com\/en\/products\/passport-covers\/#breadcrumb","itemListElement":[{"@type":"ListItem","position":1,"name":"Home","item":"https:\/\/lottespapery.com\/en\/"},{"@type":"ListItem","position":2,"name":"Shop","item":"https:\/\/lottespapery.com\/en\/shop\/"},{"@type":"ListItem","position":3,"name":"Passport covers"}]},{"@type":"WebSite","@id":"https:\/\/lottespapery.com\/en\/#website","url":"https:\/\/lottespapery.com\/en\/","name":"Lotte&#039;s Papery","description":"Pap\u012brlietas un \u0101das izstr\u0101d\u0101jumi","publisher":{"@id":"https:\/\/lottespapery.com\/en\/#organization"},"potentialAction":[{"@type":"SearchAction","target":{"@type":"EntryPoint","urlTemplate":"https:\/\/lottespapery.com\/en\/?s={search_term_string}"},"query-input":"required name=search_term_string"}],"inLanguage":"en-US"},{"@type":"Organization","@id":"https:\/\/lottespapery.com\/en\/#organization","name":"Lotte&#039;s Papery","url":"https:\/\/lottespapery.com\/en\/","logo":{"@type":"ImageObject","inLanguage":"en-US","@id":"https:\/\/lottespapery.com\/en\/#\/schema\/logo\/image\/","url":"http:\/\/lottespapery.com\/wp-content\/uploads\/2022\/11\/logo-dark_180x@2x.png","contentUrl":"http:\/\/lottespapery.com\/wp-content\/uploads\/2022\/11\/logo-dark_180x@2x.png","width":360,"height":100,"caption":"Lotte&#039;s Papery"},"image":{"@id":"https:\/\/lottespapery.com\/en\/#\/schema\/logo\/image\/"},"sameAs":["https:\/\/www.instagram.com\/lottes_papery\/","https:\/\/www.facebook.com\/LottesPapery\/"]}]}},"_links":{"self":[{"href":"https:\/\/lottespapery.com\/en\/wp-json\/wp\/v2\/product\/44580","targetHints":{"allow":["GET"]}}],"collection":[{"href":"https:\/\/lottespapery.com\/en\/wp-json\/wp\/v2\/product"}],"about":[{"href":"https:\/\/lottespapery.com\/en\/wp-json\/wp\/v2\/types\/product"}],"wp:featuredmedia":[{"embeddable":true,"href":"https:\/\/lottespapery.com\/en\/wp-json\/wp\/v2\/media\/44583"}],"wp:attachment":[{"href":"https:\/\/lottespapery.com\/en\/wp-json\/wp\/v2\/media?parent=44580"}],"wp:term":[{"taxonomy":"product_brand","embeddable":true,"href":"https:\/\/lottespapery.com\/en\/wp-json\/wp\/v2\/product_brand?post=44580"},{"taxonomy":"product_cat","embeddable":true,"href":"https:\/\/lottespapery.com\/en\/wp-json\/wp\/v2\/product_cat?post=44580"},{"taxonomy":"product_tag","embeddable":true,"href":"https:\/\/lottespapery.com\/en\/wp-json\/wp\/v2\/product_tag?post=44580"}],"curies":[{"name":"wp","href":"https:\/\/api.w.org\/{rel}","templated":true}]}}