{"id":45892,"date":"2025-10-13T18:04:08","date_gmt":"2025-10-13T15:04:08","guid":{"rendered":"https:\/\/lottespapery.com\/?post_type=product&#038;p=45892"},"modified":"2025-10-13T18:07:00","modified_gmt":"2025-10-13T15:07:00","slug":"papercraft-book-flowers","status":"publish","type":"product","link":"https:\/\/lottespapery.com\/en\/products\/papercraft-book-flowers\/","title":{"rendered":"Papercraft book &#8221;Flowers&#8221;"},"content":{"rendered":"","protected":false},"excerpt":{"rendered":"","protected":false},"featured_media":45887,"template":"","meta":[],"product_brand":[],"product_cat":[2057],"product_tag":[],"class_list":{"0":"post-45892","1":"product","2":"type-product","3":"status-publish","4":"has-post-thumbnail","6":"product_cat-creative","8":"first","9":"instock","10":"taxable","11":"shipping-taxable","12":"purchasable","13":"product-type-simple"},"raw_content":{"name":"Papercraft book ''Flowers''","description":"","short_description":"","status":"publish","sku":"C8A7-DF5259","original":45881},"wpml":{"translation_type":1,"has_translations":true,"original":45881,"duplicates":[],"translations":{"lv":45881,"en":45892}},"yoast_head":"<!-- This site is optimized with the Yoast SEO plugin v19.10 - https:\/\/yoast.com\/wordpress\/plugins\/seo\/ -->\n<title>Papercraft book &#039;&#039;Flowers&#039;&#039; - Lotte&#039;s Papery<\/title>\n<meta name=\"description\" content=\"Papercraft book containing a variety of artist papers that can be used to create a range of papercraft projects: these include different types of card, templates for envelopes to be cut and folded, stickers, tags and labels, colouring sheets as well as finished images that are ready to be framed.  Size: 21 x 30 cm  Manufacturer: Pepin\" \/>\n<meta name=\"robots\" content=\"index, follow, max-snippet:-1, max-image-preview:large, max-video-preview:-1\" \/>\n<link rel=\"canonical\" href=\"https:\/\/lottespapery.com\/en\/products\/papercraft-book-flowers\/\" \/>\n<meta property=\"og:locale\" content=\"en_US\" \/>\n<meta property=\"og:type\" content=\"article\" \/>\n<meta property=\"og:title\" content=\"Papercraft book &#039;&#039;Flowers&#039;&#039; - Lotte&#039;s Papery\" \/>\n<meta property=\"og:description\" content=\"Papercraft book containing a variety of artist papers that can be used to create a range of papercraft projects: these include different types of card, templates for envelopes to be cut and folded, stickers, tags and labels, colouring sheets as well as finished images that are ready to be framed.  Size: 21 x 30 cm  Manufacturer: Pepin\" \/>\n<meta property=\"og:url\" content=\"https:\/\/lottespapery.com\/en\/products\/papercraft-book-flowers\/\" \/>\n<meta property=\"og:site_name\" content=\"Lotte&#039;s Papery\" \/>\n<meta property=\"article:publisher\" content=\"https:\/\/www.facebook.com\/LottesPapery\/\" \/>\n<meta property=\"article:modified_time\" content=\"2025-10-13T15:07:00+00:00\" \/>\n<meta property=\"og:image\" content=\"http:\/\/lottespapery.com\/wp-content\/uploads\/2025\/10\/NEW_WEBSITE_papercraft_books_flowers_1920x1080.jpg\" \/>\n\t<meta property=\"og:image:width\" content=\"1920\" \/>\n\t<meta property=\"og:image:height\" content=\"1080\" \/>\n\t<meta property=\"og:image:type\" content=\"image\/jpeg\" \/>\n<meta name=\"twitter:card\" content=\"summary_large_image\" \/>\n<script type=\"application\/ld+json\" class=\"yoast-schema-graph\">{\"@context\":\"https:\/\/schema.org\",\"@graph\":[{\"@type\":\"WebPage\",\"@id\":\"https:\/\/lottespapery.com\/en\/products\/papercraft-book-flowers\/\",\"url\":\"https:\/\/lottespapery.com\/en\/products\/papercraft-book-flowers\/\",\"name\":\"Papercraft book ''Flowers'' - Lotte&#039;s Papery\",\"isPartOf\":{\"@id\":\"https:\/\/lottespapery.com\/en\/#website\"},\"datePublished\":\"2025-10-13T15:04:08+00:00\",\"dateModified\":\"2025-10-13T15:07:00+00:00\",\"description\":\"Papercraft book containing a variety of artist papers that can be used to create a range of papercraft projects: these include different types of card, templates for envelopes to be cut and folded, stickers, tags and labels, colouring sheets as well as finished images that are ready to be framed. Size: 21 x 30 cm Manufacturer: Pepin\",\"breadcrumb\":{\"@id\":\"https:\/\/lottespapery.com\/en\/products\/papercraft-book-flowers\/#breadcrumb\"},\"inLanguage\":\"en-US\",\"potentialAction\":[{\"@type\":\"ReadAction\",\"target\":[\"https:\/\/lottespapery.com\/en\/products\/papercraft-book-flowers\/\"]}]},{\"@type\":\"BreadcrumbList\",\"@id\":\"https:\/\/lottespapery.com\/en\/products\/papercraft-book-flowers\/#breadcrumb\",\"itemListElement\":[{\"@type\":\"ListItem\",\"position\":1,\"name\":\"Home\",\"item\":\"https:\/\/lottespapery.com\/en\/\"},{\"@type\":\"ListItem\",\"position\":2,\"name\":\"Shop\",\"item\":\"https:\/\/lottespapery.com\/en\/shop\/\"},{\"@type\":\"ListItem\",\"position\":3,\"name\":\"Papercraft book &#8221;Flowers&#8221;\"}]},{\"@type\":\"WebSite\",\"@id\":\"https:\/\/lottespapery.com\/en\/#website\",\"url\":\"https:\/\/lottespapery.com\/en\/\",\"name\":\"Lotte&#039;s Papery\",\"description\":\"Pap\u012brlietas un \u0101das izstr\u0101d\u0101jumi\",\"publisher\":{\"@id\":\"https:\/\/lottespapery.com\/en\/#organization\"},\"potentialAction\":[{\"@type\":\"SearchAction\",\"target\":{\"@type\":\"EntryPoint\",\"urlTemplate\":\"https:\/\/lottespapery.com\/en\/?s={search_term_string}\"},\"query-input\":\"required name=search_term_string\"}],\"inLanguage\":\"en-US\"},{\"@type\":\"Organization\",\"@id\":\"https:\/\/lottespapery.com\/en\/#organization\",\"name\":\"Lotte&#039;s Papery\",\"url\":\"https:\/\/lottespapery.com\/en\/\",\"logo\":{\"@type\":\"ImageObject\",\"inLanguage\":\"en-US\",\"@id\":\"https:\/\/lottespapery.com\/en\/#\/schema\/logo\/image\/\",\"url\":\"http:\/\/lottespapery.com\/wp-content\/uploads\/2022\/11\/logo-dark_180x@2x.png\",\"contentUrl\":\"http:\/\/lottespapery.com\/wp-content\/uploads\/2022\/11\/logo-dark_180x@2x.png\",\"width\":360,\"height\":100,\"caption\":\"Lotte&#039;s Papery\"},\"image\":{\"@id\":\"https:\/\/lottespapery.com\/en\/#\/schema\/logo\/image\/\"},\"sameAs\":[\"https:\/\/www.instagram.com\/lottes_papery\/\",\"https:\/\/www.facebook.com\/LottesPapery\/\"]}]}<\/script>\n<!-- \/ Yoast SEO plugin. -->","yoast_head_json":{"title":"Papercraft book ''Flowers'' - Lotte&#039;s Papery","description":"Papercraft book containing a variety of artist papers that can be used to create a range of papercraft projects: these include different types of card, templates for envelopes to be cut and folded, stickers, tags and labels, colouring sheets as well as finished images that are ready to be framed.  Size: 21 x 30 cm  Manufacturer: Pepin","robots":{"index":"index","follow":"follow","max-snippet":"max-snippet:-1","max-image-preview":"max-image-preview:large","max-video-preview":"max-video-preview:-1"},"canonical":"https:\/\/lottespapery.com\/en\/products\/papercraft-book-flowers\/","og_locale":"en_US","og_type":"article","og_title":"Papercraft book ''Flowers'' - Lotte&#039;s Papery","og_description":"Papercraft book containing a variety of artist papers that can be used to create a range of papercraft projects: these include different types of card, templates for envelopes to be cut and folded, stickers, tags and labels, colouring sheets as well as finished images that are ready to be framed.  Size: 21 x 30 cm  Manufacturer: Pepin","og_url":"https:\/\/lottespapery.com\/en\/products\/papercraft-book-flowers\/","og_site_name":"Lotte&#039;s Papery","article_publisher":"https:\/\/www.facebook.com\/LottesPapery\/","article_modified_time":"2025-10-13T15:07:00+00:00","og_image":[{"width":1920,"height":1080,"url":"http:\/\/lottespapery.com\/wp-content\/uploads\/2025\/10\/NEW_WEBSITE_papercraft_books_flowers_1920x1080.jpg","type":"image\/jpeg"}],"twitter_card":"summary_large_image","schema":{"@context":"https:\/\/schema.org","@graph":[{"@type":"WebPage","@id":"https:\/\/lottespapery.com\/en\/products\/papercraft-book-flowers\/","url":"https:\/\/lottespapery.com\/en\/products\/papercraft-book-flowers\/","name":"Papercraft book ''Flowers'' - Lotte&#039;s Papery","isPartOf":{"@id":"https:\/\/lottespapery.com\/en\/#website"},"datePublished":"2025-10-13T15:04:08+00:00","dateModified":"2025-10-13T15:07:00+00:00","description":"Papercraft book containing a variety of artist papers that can be used to create a range of papercraft projects: these include different types of card, templates for envelopes to be cut and folded, stickers, tags and labels, colouring sheets as well as finished images that are ready to be framed. Size: 21 x 30 cm Manufacturer: Pepin","breadcrumb":{"@id":"https:\/\/lottespapery.com\/en\/products\/papercraft-book-flowers\/#breadcrumb"},"inLanguage":"en-US","potentialAction":[{"@type":"ReadAction","target":["https:\/\/lottespapery.com\/en\/products\/papercraft-book-flowers\/"]}]},{"@type":"BreadcrumbList","@id":"https:\/\/lottespapery.com\/en\/products\/papercraft-book-flowers\/#breadcrumb","itemListElement":[{"@type":"ListItem","position":1,"name":"Home","item":"https:\/\/lottespapery.com\/en\/"},{"@type":"ListItem","position":2,"name":"Shop","item":"https:\/\/lottespapery.com\/en\/shop\/"},{"@type":"ListItem","position":3,"name":"Papercraft book &#8221;Flowers&#8221;"}]},{"@type":"WebSite","@id":"https:\/\/lottespapery.com\/en\/#website","url":"https:\/\/lottespapery.com\/en\/","name":"Lotte&#039;s Papery","description":"Pap\u012brlietas un \u0101das izstr\u0101d\u0101jumi","publisher":{"@id":"https:\/\/lottespapery.com\/en\/#organization"},"potentialAction":[{"@type":"SearchAction","target":{"@type":"EntryPoint","urlTemplate":"https:\/\/lottespapery.com\/en\/?s={search_term_string}"},"query-input":"required name=search_term_string"}],"inLanguage":"en-US"},{"@type":"Organization","@id":"https:\/\/lottespapery.com\/en\/#organization","name":"Lotte&#039;s Papery","url":"https:\/\/lottespapery.com\/en\/","logo":{"@type":"ImageObject","inLanguage":"en-US","@id":"https:\/\/lottespapery.com\/en\/#\/schema\/logo\/image\/","url":"http:\/\/lottespapery.com\/wp-content\/uploads\/2022\/11\/logo-dark_180x@2x.png","contentUrl":"http:\/\/lottespapery.com\/wp-content\/uploads\/2022\/11\/logo-dark_180x@2x.png","width":360,"height":100,"caption":"Lotte&#039;s Papery"},"image":{"@id":"https:\/\/lottespapery.com\/en\/#\/schema\/logo\/image\/"},"sameAs":["https:\/\/www.instagram.com\/lottes_papery\/","https:\/\/www.facebook.com\/LottesPapery\/"]}]}},"_links":{"self":[{"href":"https:\/\/lottespapery.com\/en\/wp-json\/wp\/v2\/product\/45892","targetHints":{"allow":["GET"]}}],"collection":[{"href":"https:\/\/lottespapery.com\/en\/wp-json\/wp\/v2\/product"}],"about":[{"href":"https:\/\/lottespapery.com\/en\/wp-json\/wp\/v2\/types\/product"}],"wp:featuredmedia":[{"embeddable":true,"href":"https:\/\/lottespapery.com\/en\/wp-json\/wp\/v2\/media\/45887"}],"wp:attachment":[{"href":"https:\/\/lottespapery.com\/en\/wp-json\/wp\/v2\/media?parent=45892"}],"wp:term":[{"taxonomy":"product_brand","embeddable":true,"href":"https:\/\/lottespapery.com\/en\/wp-json\/wp\/v2\/product_brand?post=45892"},{"taxonomy":"product_cat","embeddable":true,"href":"https:\/\/lottespapery.com\/en\/wp-json\/wp\/v2\/product_cat?post=45892"},{"taxonomy":"product_tag","embeddable":true,"href":"https:\/\/lottespapery.com\/en\/wp-json\/wp\/v2\/product_tag?post=45892"}],"curies":[{"name":"wp","href":"https:\/\/api.w.org\/{rel}","templated":true}]}}