{"id":46877,"date":"2025-11-05T17:40:37","date_gmt":"2025-11-05T15:40:37","guid":{"rendered":"https:\/\/lottespapery.com\/?post_type=product&#038;p=46877"},"modified":"2025-11-05T17:49:07","modified_gmt":"2025-11-05T15:49:07","slug":"notebook-jittery-scribblings","status":"publish","type":"product","link":"https:\/\/lottespapery.com\/en\/products\/notebook-jittery-scribblings\/","title":{"rendered":"Notebook &#8221;Jittery Scribblings&#8221;"},"content":{"rendered":"","protected":false},"excerpt":{"rendered":"","protected":false},"featured_media":46879,"template":"","meta":[],"product_brand":[],"product_cat":[881],"product_tag":[],"class_list":{"0":"post-46877","1":"product","2":"type-product","3":"status-publish","4":"has-post-thumbnail","6":"product_cat-notepads","8":"first","9":"instock","10":"taxable","11":"shipping-taxable","12":"purchasable","13":"product-type-simple"},"raw_content":{"name":"Notebook ''Jittery Scribblings''","description":"","short_description":"","status":"publish","sku":"DFAB-3AED7C","original":46878},"wpml":{"translation_type":1,"has_translations":true,"original":46878,"duplicates":[],"translations":{"lv":46878,"en":46877}},"yoast_head":"<!-- This site is optimized with the Yoast SEO plugin v19.10 - https:\/\/yoast.com\/wordpress\/plugins\/seo\/ -->\n<title>Notebook &#039;&#039;Jittery Scribblings&#039;&#039; - Lotte&#039;s Papery<\/title>\n<meta name=\"description\" content=\"Notebook with text &#039;&#039;Jittery Scribblings of an overly caffeinated introvert&#039;&#039; stamped in gold foil on cover. Color on screen may differ.  Size: 12.7 x 17.8 cm  Pages: 120  Manufacturer: The Mincing Mockingbird\" \/>\n<meta name=\"robots\" content=\"index, follow, max-snippet:-1, max-image-preview:large, max-video-preview:-1\" \/>\n<link rel=\"canonical\" href=\"https:\/\/lottespapery.com\/en\/products\/notebook-jittery-scribblings\/\" \/>\n<meta property=\"og:locale\" content=\"en_US\" \/>\n<meta property=\"og:type\" content=\"article\" \/>\n<meta property=\"og:title\" content=\"Notebook &#039;&#039;Jittery Scribblings&#039;&#039; - Lotte&#039;s Papery\" \/>\n<meta property=\"og:description\" content=\"Notebook with text &#039;&#039;Jittery Scribblings of an overly caffeinated introvert&#039;&#039; stamped in gold foil on cover. Color on screen may differ.  Size: 12.7 x 17.8 cm  Pages: 120  Manufacturer: The Mincing Mockingbird\" \/>\n<meta property=\"og:url\" content=\"https:\/\/lottespapery.com\/en\/products\/notebook-jittery-scribblings\/\" \/>\n<meta property=\"og:site_name\" content=\"Lotte&#039;s Papery\" \/>\n<meta property=\"article:publisher\" content=\"https:\/\/www.facebook.com\/LottesPapery\/\" \/>\n<meta property=\"article:modified_time\" content=\"2025-11-05T15:49:07+00:00\" \/>\n<meta property=\"og:image\" content=\"http:\/\/lottespapery.com\/wp-content\/uploads\/2025\/11\/Screenshot-2025-11-05-at-17.40.26.png\" \/>\n\t<meta property=\"og:image:width\" content=\"1350\" \/>\n\t<meta property=\"og:image:height\" content=\"1344\" \/>\n\t<meta property=\"og:image:type\" content=\"image\/png\" \/>\n<meta name=\"twitter:card\" content=\"summary_large_image\" \/>\n<script type=\"application\/ld+json\" class=\"yoast-schema-graph\">{\"@context\":\"https:\/\/schema.org\",\"@graph\":[{\"@type\":\"WebPage\",\"@id\":\"https:\/\/lottespapery.com\/en\/products\/notebook-jittery-scribblings\/\",\"url\":\"https:\/\/lottespapery.com\/en\/products\/notebook-jittery-scribblings\/\",\"name\":\"Notebook ''Jittery Scribblings'' - Lotte&#039;s Papery\",\"isPartOf\":{\"@id\":\"https:\/\/lottespapery.com\/en\/#website\"},\"datePublished\":\"2025-11-05T15:40:37+00:00\",\"dateModified\":\"2025-11-05T15:49:07+00:00\",\"description\":\"Notebook with text ''Jittery Scribblings of an overly caffeinated introvert'' stamped in gold foil on cover. Color on screen may differ. Size: 12.7 x 17.8 cm Pages: 120 Manufacturer: The Mincing Mockingbird\",\"breadcrumb\":{\"@id\":\"https:\/\/lottespapery.com\/en\/products\/notebook-jittery-scribblings\/#breadcrumb\"},\"inLanguage\":\"en-US\",\"potentialAction\":[{\"@type\":\"ReadAction\",\"target\":[\"https:\/\/lottespapery.com\/en\/products\/notebook-jittery-scribblings\/\"]}]},{\"@type\":\"BreadcrumbList\",\"@id\":\"https:\/\/lottespapery.com\/en\/products\/notebook-jittery-scribblings\/#breadcrumb\",\"itemListElement\":[{\"@type\":\"ListItem\",\"position\":1,\"name\":\"Home\",\"item\":\"https:\/\/lottespapery.com\/en\/\"},{\"@type\":\"ListItem\",\"position\":2,\"name\":\"Shop\",\"item\":\"https:\/\/lottespapery.com\/en\/shop\/\"},{\"@type\":\"ListItem\",\"position\":3,\"name\":\"Notebook &#8221;Jittery Scribblings&#8221;\"}]},{\"@type\":\"WebSite\",\"@id\":\"https:\/\/lottespapery.com\/en\/#website\",\"url\":\"https:\/\/lottespapery.com\/en\/\",\"name\":\"Lotte&#039;s Papery\",\"description\":\"Pap\u012brlietas un \u0101das izstr\u0101d\u0101jumi\",\"publisher\":{\"@id\":\"https:\/\/lottespapery.com\/en\/#organization\"},\"potentialAction\":[{\"@type\":\"SearchAction\",\"target\":{\"@type\":\"EntryPoint\",\"urlTemplate\":\"https:\/\/lottespapery.com\/en\/?s={search_term_string}\"},\"query-input\":\"required name=search_term_string\"}],\"inLanguage\":\"en-US\"},{\"@type\":\"Organization\",\"@id\":\"https:\/\/lottespapery.com\/en\/#organization\",\"name\":\"Lotte&#039;s Papery\",\"url\":\"https:\/\/lottespapery.com\/en\/\",\"logo\":{\"@type\":\"ImageObject\",\"inLanguage\":\"en-US\",\"@id\":\"https:\/\/lottespapery.com\/en\/#\/schema\/logo\/image\/\",\"url\":\"http:\/\/lottespapery.com\/wp-content\/uploads\/2022\/11\/logo-dark_180x@2x.png\",\"contentUrl\":\"http:\/\/lottespapery.com\/wp-content\/uploads\/2022\/11\/logo-dark_180x@2x.png\",\"width\":360,\"height\":100,\"caption\":\"Lotte&#039;s Papery\"},\"image\":{\"@id\":\"https:\/\/lottespapery.com\/en\/#\/schema\/logo\/image\/\"},\"sameAs\":[\"https:\/\/www.instagram.com\/lottes_papery\/\",\"https:\/\/www.facebook.com\/LottesPapery\/\"]}]}<\/script>\n<!-- \/ Yoast SEO plugin. -->","yoast_head_json":{"title":"Notebook ''Jittery Scribblings'' - Lotte&#039;s Papery","description":"Notebook with text ''Jittery Scribblings of an overly caffeinated introvert'' stamped in gold foil on cover. Color on screen may differ.  Size: 12.7 x 17.8 cm  Pages: 120  Manufacturer: The Mincing Mockingbird","robots":{"index":"index","follow":"follow","max-snippet":"max-snippet:-1","max-image-preview":"max-image-preview:large","max-video-preview":"max-video-preview:-1"},"canonical":"https:\/\/lottespapery.com\/en\/products\/notebook-jittery-scribblings\/","og_locale":"en_US","og_type":"article","og_title":"Notebook ''Jittery Scribblings'' - Lotte&#039;s Papery","og_description":"Notebook with text ''Jittery Scribblings of an overly caffeinated introvert'' stamped in gold foil on cover. Color on screen may differ.  Size: 12.7 x 17.8 cm  Pages: 120  Manufacturer: The Mincing Mockingbird","og_url":"https:\/\/lottespapery.com\/en\/products\/notebook-jittery-scribblings\/","og_site_name":"Lotte&#039;s Papery","article_publisher":"https:\/\/www.facebook.com\/LottesPapery\/","article_modified_time":"2025-11-05T15:49:07+00:00","og_image":[{"width":1350,"height":1344,"url":"http:\/\/lottespapery.com\/wp-content\/uploads\/2025\/11\/Screenshot-2025-11-05-at-17.40.26.png","type":"image\/png"}],"twitter_card":"summary_large_image","schema":{"@context":"https:\/\/schema.org","@graph":[{"@type":"WebPage","@id":"https:\/\/lottespapery.com\/en\/products\/notebook-jittery-scribblings\/","url":"https:\/\/lottespapery.com\/en\/products\/notebook-jittery-scribblings\/","name":"Notebook ''Jittery Scribblings'' - Lotte&#039;s Papery","isPartOf":{"@id":"https:\/\/lottespapery.com\/en\/#website"},"datePublished":"2025-11-05T15:40:37+00:00","dateModified":"2025-11-05T15:49:07+00:00","description":"Notebook with text ''Jittery Scribblings of an overly caffeinated introvert'' stamped in gold foil on cover. Color on screen may differ. Size: 12.7 x 17.8 cm Pages: 120 Manufacturer: The Mincing Mockingbird","breadcrumb":{"@id":"https:\/\/lottespapery.com\/en\/products\/notebook-jittery-scribblings\/#breadcrumb"},"inLanguage":"en-US","potentialAction":[{"@type":"ReadAction","target":["https:\/\/lottespapery.com\/en\/products\/notebook-jittery-scribblings\/"]}]},{"@type":"BreadcrumbList","@id":"https:\/\/lottespapery.com\/en\/products\/notebook-jittery-scribblings\/#breadcrumb","itemListElement":[{"@type":"ListItem","position":1,"name":"Home","item":"https:\/\/lottespapery.com\/en\/"},{"@type":"ListItem","position":2,"name":"Shop","item":"https:\/\/lottespapery.com\/en\/shop\/"},{"@type":"ListItem","position":3,"name":"Notebook &#8221;Jittery Scribblings&#8221;"}]},{"@type":"WebSite","@id":"https:\/\/lottespapery.com\/en\/#website","url":"https:\/\/lottespapery.com\/en\/","name":"Lotte&#039;s Papery","description":"Pap\u012brlietas un \u0101das izstr\u0101d\u0101jumi","publisher":{"@id":"https:\/\/lottespapery.com\/en\/#organization"},"potentialAction":[{"@type":"SearchAction","target":{"@type":"EntryPoint","urlTemplate":"https:\/\/lottespapery.com\/en\/?s={search_term_string}"},"query-input":"required name=search_term_string"}],"inLanguage":"en-US"},{"@type":"Organization","@id":"https:\/\/lottespapery.com\/en\/#organization","name":"Lotte&#039;s Papery","url":"https:\/\/lottespapery.com\/en\/","logo":{"@type":"ImageObject","inLanguage":"en-US","@id":"https:\/\/lottespapery.com\/en\/#\/schema\/logo\/image\/","url":"http:\/\/lottespapery.com\/wp-content\/uploads\/2022\/11\/logo-dark_180x@2x.png","contentUrl":"http:\/\/lottespapery.com\/wp-content\/uploads\/2022\/11\/logo-dark_180x@2x.png","width":360,"height":100,"caption":"Lotte&#039;s Papery"},"image":{"@id":"https:\/\/lottespapery.com\/en\/#\/schema\/logo\/image\/"},"sameAs":["https:\/\/www.instagram.com\/lottes_papery\/","https:\/\/www.facebook.com\/LottesPapery\/"]}]}},"_links":{"self":[{"href":"https:\/\/lottespapery.com\/en\/wp-json\/wp\/v2\/product\/46877","targetHints":{"allow":["GET"]}}],"collection":[{"href":"https:\/\/lottespapery.com\/en\/wp-json\/wp\/v2\/product"}],"about":[{"href":"https:\/\/lottespapery.com\/en\/wp-json\/wp\/v2\/types\/product"}],"wp:featuredmedia":[{"embeddable":true,"href":"https:\/\/lottespapery.com\/en\/wp-json\/wp\/v2\/media\/46879"}],"wp:attachment":[{"href":"https:\/\/lottespapery.com\/en\/wp-json\/wp\/v2\/media?parent=46877"}],"wp:term":[{"taxonomy":"product_brand","embeddable":true,"href":"https:\/\/lottespapery.com\/en\/wp-json\/wp\/v2\/product_brand?post=46877"},{"taxonomy":"product_cat","embeddable":true,"href":"https:\/\/lottespapery.com\/en\/wp-json\/wp\/v2\/product_cat?post=46877"},{"taxonomy":"product_tag","embeddable":true,"href":"https:\/\/lottespapery.com\/en\/wp-json\/wp\/v2\/product_tag?post=46877"}],"curies":[{"name":"wp","href":"https:\/\/api.w.org\/{rel}","templated":true}]}}