{"id":46890,"date":"2025-11-08T14:35:20","date_gmt":"2025-11-08T12:35:20","guid":{"rendered":"https:\/\/lottespapery.com\/?post_type=product&#038;p=46890"},"modified":"2025-11-08T14:37:03","modified_gmt":"2025-11-08T12:37:03","slug":"a5-clipboard-copy-2","status":"publish","type":"product","link":"https:\/\/lottespapery.com\/en\/products\/a5-clipboard-copy-2\/","title":{"rendered":"A5 Clipboard with flower motif"},"content":{"rendered":"","protected":false},"excerpt":{"rendered":"","protected":false},"featured_media":46896,"template":"","meta":[],"product_brand":[],"product_cat":[2059],"product_tag":[],"class_list":{"0":"post-46890","1":"product","2":"type-product","3":"status-publish","4":"has-post-thumbnail","6":"product_cat-folders-and-clipboards","8":"first","9":"instock","10":"taxable","11":"shipping-taxable","12":"purchasable","13":"product-type-simple"},"raw_content":{"name":"A5 Clipboard with flower motif","description":"","short_description":"","status":"publish","sku":"6D3C-DC03DB","original":46889},"wpml":{"translation_type":1,"has_translations":true,"original":46889,"duplicates":[],"translations":{"lv":46889,"en":46890}},"yoast_head":"<!-- This site is optimized with the Yoast SEO plugin v19.10 - https:\/\/yoast.com\/wordpress\/plugins\/seo\/ -->\n<title>A5 Clipboard with flower motif - Lotte&#039;s Papery<\/title>\n<meta name=\"description\" content=\"A5 size clipboard with a \u00a0flower motif.  ! The design of this clipboard may vary slightly, as each clipboard is made from a different piece of the same design paper \u2013 every clipboard is unique.  Manufacturer: Bomo Art, Budapest\" \/>\n<meta name=\"robots\" content=\"index, follow, max-snippet:-1, max-image-preview:large, max-video-preview:-1\" \/>\n<link rel=\"canonical\" href=\"https:\/\/lottespapery.com\/en\/products\/a5-clipboard-copy-2\/\" \/>\n<meta property=\"og:locale\" content=\"en_US\" \/>\n<meta property=\"og:type\" content=\"article\" \/>\n<meta property=\"og:title\" content=\"A5 Clipboard with flower motif - Lotte&#039;s Papery\" \/>\n<meta property=\"og:description\" content=\"A5 size clipboard with a \u00a0flower motif.  ! The design of this clipboard may vary slightly, as each clipboard is made from a different piece of the same design paper \u2013 every clipboard is unique.  Manufacturer: Bomo Art, Budapest\" \/>\n<meta property=\"og:url\" content=\"https:\/\/lottespapery.com\/en\/products\/a5-clipboard-copy-2\/\" \/>\n<meta property=\"og:site_name\" content=\"Lotte&#039;s Papery\" \/>\n<meta property=\"article:publisher\" content=\"https:\/\/www.facebook.com\/LottesPapery\/\" \/>\n<meta property=\"article:modified_time\" content=\"2025-11-08T12:37:03+00:00\" \/>\n<meta property=\"og:image\" content=\"http:\/\/lottespapery.com\/wp-content\/uploads\/2025\/11\/666ae08ecf52f_1718280334.png\" \/>\n\t<meta property=\"og:image:width\" content=\"660\" \/>\n\t<meta property=\"og:image:height\" content=\"660\" \/>\n\t<meta property=\"og:image:type\" content=\"image\/png\" \/>\n<meta name=\"twitter:card\" content=\"summary_large_image\" \/>\n<script type=\"application\/ld+json\" class=\"yoast-schema-graph\">{\"@context\":\"https:\/\/schema.org\",\"@graph\":[{\"@type\":\"WebPage\",\"@id\":\"https:\/\/lottespapery.com\/en\/products\/a5-clipboard-copy-2\/\",\"url\":\"https:\/\/lottespapery.com\/en\/products\/a5-clipboard-copy-2\/\",\"name\":\"A5 Clipboard with flower motif - Lotte&#039;s Papery\",\"isPartOf\":{\"@id\":\"https:\/\/lottespapery.com\/en\/#website\"},\"datePublished\":\"2025-11-08T12:35:20+00:00\",\"dateModified\":\"2025-11-08T12:37:03+00:00\",\"description\":\"A5 size clipboard with a \u00a0flower motif. ! The design of this clipboard may vary slightly, as each clipboard is made from a different piece of the same design paper \u2013 every clipboard is unique. Manufacturer: Bomo Art, Budapest\",\"breadcrumb\":{\"@id\":\"https:\/\/lottespapery.com\/en\/products\/a5-clipboard-copy-2\/#breadcrumb\"},\"inLanguage\":\"en-US\",\"potentialAction\":[{\"@type\":\"ReadAction\",\"target\":[\"https:\/\/lottespapery.com\/en\/products\/a5-clipboard-copy-2\/\"]}]},{\"@type\":\"BreadcrumbList\",\"@id\":\"https:\/\/lottespapery.com\/en\/products\/a5-clipboard-copy-2\/#breadcrumb\",\"itemListElement\":[{\"@type\":\"ListItem\",\"position\":1,\"name\":\"Home\",\"item\":\"https:\/\/lottespapery.com\/en\/\"},{\"@type\":\"ListItem\",\"position\":2,\"name\":\"Shop\",\"item\":\"https:\/\/lottespapery.com\/en\/shop\/\"},{\"@type\":\"ListItem\",\"position\":3,\"name\":\"A5 Clipboard with flower motif\"}]},{\"@type\":\"WebSite\",\"@id\":\"https:\/\/lottespapery.com\/en\/#website\",\"url\":\"https:\/\/lottespapery.com\/en\/\",\"name\":\"Lotte&#039;s Papery\",\"description\":\"Pap\u012brlietas un \u0101das izstr\u0101d\u0101jumi\",\"publisher\":{\"@id\":\"https:\/\/lottespapery.com\/en\/#organization\"},\"potentialAction\":[{\"@type\":\"SearchAction\",\"target\":{\"@type\":\"EntryPoint\",\"urlTemplate\":\"https:\/\/lottespapery.com\/en\/?s={search_term_string}\"},\"query-input\":\"required name=search_term_string\"}],\"inLanguage\":\"en-US\"},{\"@type\":\"Organization\",\"@id\":\"https:\/\/lottespapery.com\/en\/#organization\",\"name\":\"Lotte&#039;s Papery\",\"url\":\"https:\/\/lottespapery.com\/en\/\",\"logo\":{\"@type\":\"ImageObject\",\"inLanguage\":\"en-US\",\"@id\":\"https:\/\/lottespapery.com\/en\/#\/schema\/logo\/image\/\",\"url\":\"http:\/\/lottespapery.com\/wp-content\/uploads\/2022\/11\/logo-dark_180x@2x.png\",\"contentUrl\":\"http:\/\/lottespapery.com\/wp-content\/uploads\/2022\/11\/logo-dark_180x@2x.png\",\"width\":360,\"height\":100,\"caption\":\"Lotte&#039;s Papery\"},\"image\":{\"@id\":\"https:\/\/lottespapery.com\/en\/#\/schema\/logo\/image\/\"},\"sameAs\":[\"https:\/\/www.instagram.com\/lottes_papery\/\",\"https:\/\/www.facebook.com\/LottesPapery\/\"]}]}<\/script>\n<!-- \/ Yoast SEO plugin. -->","yoast_head_json":{"title":"A5 Clipboard with flower motif - Lotte&#039;s Papery","description":"A5 size clipboard with a \u00a0flower motif.  ! The design of this clipboard may vary slightly, as each clipboard is made from a different piece of the same design paper \u2013 every clipboard is unique.  Manufacturer: Bomo Art, Budapest","robots":{"index":"index","follow":"follow","max-snippet":"max-snippet:-1","max-image-preview":"max-image-preview:large","max-video-preview":"max-video-preview:-1"},"canonical":"https:\/\/lottespapery.com\/en\/products\/a5-clipboard-copy-2\/","og_locale":"en_US","og_type":"article","og_title":"A5 Clipboard with flower motif - Lotte&#039;s Papery","og_description":"A5 size clipboard with a \u00a0flower motif.  ! The design of this clipboard may vary slightly, as each clipboard is made from a different piece of the same design paper \u2013 every clipboard is unique.  Manufacturer: Bomo Art, Budapest","og_url":"https:\/\/lottespapery.com\/en\/products\/a5-clipboard-copy-2\/","og_site_name":"Lotte&#039;s Papery","article_publisher":"https:\/\/www.facebook.com\/LottesPapery\/","article_modified_time":"2025-11-08T12:37:03+00:00","og_image":[{"width":660,"height":660,"url":"http:\/\/lottespapery.com\/wp-content\/uploads\/2025\/11\/666ae08ecf52f_1718280334.png","type":"image\/png"}],"twitter_card":"summary_large_image","schema":{"@context":"https:\/\/schema.org","@graph":[{"@type":"WebPage","@id":"https:\/\/lottespapery.com\/en\/products\/a5-clipboard-copy-2\/","url":"https:\/\/lottespapery.com\/en\/products\/a5-clipboard-copy-2\/","name":"A5 Clipboard with flower motif - Lotte&#039;s Papery","isPartOf":{"@id":"https:\/\/lottespapery.com\/en\/#website"},"datePublished":"2025-11-08T12:35:20+00:00","dateModified":"2025-11-08T12:37:03+00:00","description":"A5 size clipboard with a \u00a0flower motif. ! The design of this clipboard may vary slightly, as each clipboard is made from a different piece of the same design paper \u2013 every clipboard is unique. Manufacturer: Bomo Art, Budapest","breadcrumb":{"@id":"https:\/\/lottespapery.com\/en\/products\/a5-clipboard-copy-2\/#breadcrumb"},"inLanguage":"en-US","potentialAction":[{"@type":"ReadAction","target":["https:\/\/lottespapery.com\/en\/products\/a5-clipboard-copy-2\/"]}]},{"@type":"BreadcrumbList","@id":"https:\/\/lottespapery.com\/en\/products\/a5-clipboard-copy-2\/#breadcrumb","itemListElement":[{"@type":"ListItem","position":1,"name":"Home","item":"https:\/\/lottespapery.com\/en\/"},{"@type":"ListItem","position":2,"name":"Shop","item":"https:\/\/lottespapery.com\/en\/shop\/"},{"@type":"ListItem","position":3,"name":"A5 Clipboard with flower motif"}]},{"@type":"WebSite","@id":"https:\/\/lottespapery.com\/en\/#website","url":"https:\/\/lottespapery.com\/en\/","name":"Lotte&#039;s Papery","description":"Pap\u012brlietas un \u0101das izstr\u0101d\u0101jumi","publisher":{"@id":"https:\/\/lottespapery.com\/en\/#organization"},"potentialAction":[{"@type":"SearchAction","target":{"@type":"EntryPoint","urlTemplate":"https:\/\/lottespapery.com\/en\/?s={search_term_string}"},"query-input":"required name=search_term_string"}],"inLanguage":"en-US"},{"@type":"Organization","@id":"https:\/\/lottespapery.com\/en\/#organization","name":"Lotte&#039;s Papery","url":"https:\/\/lottespapery.com\/en\/","logo":{"@type":"ImageObject","inLanguage":"en-US","@id":"https:\/\/lottespapery.com\/en\/#\/schema\/logo\/image\/","url":"http:\/\/lottespapery.com\/wp-content\/uploads\/2022\/11\/logo-dark_180x@2x.png","contentUrl":"http:\/\/lottespapery.com\/wp-content\/uploads\/2022\/11\/logo-dark_180x@2x.png","width":360,"height":100,"caption":"Lotte&#039;s Papery"},"image":{"@id":"https:\/\/lottespapery.com\/en\/#\/schema\/logo\/image\/"},"sameAs":["https:\/\/www.instagram.com\/lottes_papery\/","https:\/\/www.facebook.com\/LottesPapery\/"]}]}},"_links":{"self":[{"href":"https:\/\/lottespapery.com\/en\/wp-json\/wp\/v2\/product\/46890","targetHints":{"allow":["GET"]}}],"collection":[{"href":"https:\/\/lottespapery.com\/en\/wp-json\/wp\/v2\/product"}],"about":[{"href":"https:\/\/lottespapery.com\/en\/wp-json\/wp\/v2\/types\/product"}],"wp:featuredmedia":[{"embeddable":true,"href":"https:\/\/lottespapery.com\/en\/wp-json\/wp\/v2\/media\/46896"}],"wp:attachment":[{"href":"https:\/\/lottespapery.com\/en\/wp-json\/wp\/v2\/media?parent=46890"}],"wp:term":[{"taxonomy":"product_brand","embeddable":true,"href":"https:\/\/lottespapery.com\/en\/wp-json\/wp\/v2\/product_brand?post=46890"},{"taxonomy":"product_cat","embeddable":true,"href":"https:\/\/lottespapery.com\/en\/wp-json\/wp\/v2\/product_cat?post=46890"},{"taxonomy":"product_tag","embeddable":true,"href":"https:\/\/lottespapery.com\/en\/wp-json\/wp\/v2\/product_tag?post=46890"}],"curies":[{"name":"wp","href":"https:\/\/api.w.org\/{rel}","templated":true}]}}