{"id":47940,"date":"2026-02-02T17:49:48","date_gmt":"2026-02-02T15:49:48","guid":{"rendered":"https:\/\/lottespapery.com\/?post_type=product&#038;p=47940"},"modified":"2026-02-02T17:54:58","modified_gmt":"2026-02-02T15:54:58","slug":"gift-coupons-lucky-tickets-for-getting-lucky-copy","status":"publish","type":"product","link":"https:\/\/lottespapery.com\/en\/products\/gift-coupons-lucky-tickets-for-getting-lucky-copy\/","title":{"rendered":"Gift coupons &#8220;Lucky tickets for romance&#8221;"},"content":{"rendered":"","protected":false},"excerpt":{"rendered":"","protected":false},"featured_media":47936,"template":"","meta":[],"product_brand":[],"product_cat":[2122],"product_tag":[],"class_list":{"0":"post-47940","1":"product","2":"type-product","3":"status-publish","4":"has-post-thumbnail","6":"product_cat-vday-gifts","8":"first","9":"instock","10":"taxable","11":"shipping-taxable","12":"purchasable","13":"product-type-simple"},"raw_content":{"name":"Gift coupons \"Lucky tickets for romance\"","description":"","short_description":"","status":"publish","sku":"DB8B-E818D9","original":47939},"wpml":{"translation_type":1,"has_translations":true,"original":47939,"duplicates":[],"translations":{"lv":47939,"en":47940}},"yoast_head":"<!-- This site is optimized with the Yoast SEO plugin v19.10 - https:\/\/yoast.com\/wordpress\/plugins\/seo\/ -->\n<title>Gift coupons &quot;Lucky tickets for romance&quot; - Lotte&#039;s Papery<\/title>\n<meta name=\"description\" content=\"A set of 12 gift tickets offers fun and romantic surprises that the recipient can redeem anytime. Perfect for Valentine\u2019s Day or special moments \u2014 give them all at once or one at a time. 11 tickets are pre-filled, and 1 blank so you can add your personal touch.  Manufacturer: Chronicle Books\" \/>\n<meta name=\"robots\" content=\"index, follow, max-snippet:-1, max-image-preview:large, max-video-preview:-1\" \/>\n<link rel=\"canonical\" href=\"https:\/\/lottespapery.com\/en\/products\/gift-coupons-lucky-tickets-for-getting-lucky-copy\/\" \/>\n<meta property=\"og:locale\" content=\"en_US\" \/>\n<meta property=\"og:type\" content=\"article\" \/>\n<meta property=\"og:title\" content=\"Gift coupons &quot;Lucky tickets for romance&quot; - Lotte&#039;s Papery\" \/>\n<meta property=\"og:description\" content=\"A set of 12 gift tickets offers fun and romantic surprises that the recipient can redeem anytime. Perfect for Valentine\u2019s Day or special moments \u2014 give them all at once or one at a time. 11 tickets are pre-filled, and 1 blank so you can add your personal touch.  Manufacturer: Chronicle Books\" \/>\n<meta property=\"og:url\" content=\"https:\/\/lottespapery.com\/en\/products\/gift-coupons-lucky-tickets-for-getting-lucky-copy\/\" \/>\n<meta property=\"og:site_name\" content=\"Lotte&#039;s Papery\" \/>\n<meta property=\"article:publisher\" content=\"https:\/\/www.facebook.com\/LottesPapery\/\" \/>\n<meta property=\"article:modified_time\" content=\"2026-02-02T15:54:58+00:00\" \/>\n<meta property=\"og:image\" content=\"http:\/\/lottespapery.com\/wp-content\/uploads\/2026\/02\/Screenshot-2026-02-02-at-17.48.52.png\" \/>\n\t<meta property=\"og:image:width\" content=\"1132\" \/>\n\t<meta property=\"og:image:height\" content=\"950\" \/>\n\t<meta property=\"og:image:type\" content=\"image\/png\" \/>\n<meta name=\"twitter:card\" content=\"summary_large_image\" \/>\n<script type=\"application\/ld+json\" class=\"yoast-schema-graph\">{\"@context\":\"https:\/\/schema.org\",\"@graph\":[{\"@type\":\"WebPage\",\"@id\":\"https:\/\/lottespapery.com\/en\/products\/gift-coupons-lucky-tickets-for-getting-lucky-copy\/\",\"url\":\"https:\/\/lottespapery.com\/en\/products\/gift-coupons-lucky-tickets-for-getting-lucky-copy\/\",\"name\":\"Gift coupons \\\"Lucky tickets for romance\\\" - Lotte&#039;s Papery\",\"isPartOf\":{\"@id\":\"https:\/\/lottespapery.com\/en\/#website\"},\"datePublished\":\"2026-02-02T15:49:48+00:00\",\"dateModified\":\"2026-02-02T15:54:58+00:00\",\"description\":\"A set of 12 gift tickets offers fun and romantic surprises that the recipient can redeem anytime. Perfect for Valentine\u2019s Day or special moments \u2014 give them all at once or one at a time. 11 tickets are pre-filled, and 1 blank so you can add your personal touch. Manufacturer: Chronicle Books\",\"breadcrumb\":{\"@id\":\"https:\/\/lottespapery.com\/en\/products\/gift-coupons-lucky-tickets-for-getting-lucky-copy\/#breadcrumb\"},\"inLanguage\":\"en-US\",\"potentialAction\":[{\"@type\":\"ReadAction\",\"target\":[\"https:\/\/lottespapery.com\/en\/products\/gift-coupons-lucky-tickets-for-getting-lucky-copy\/\"]}]},{\"@type\":\"BreadcrumbList\",\"@id\":\"https:\/\/lottespapery.com\/en\/products\/gift-coupons-lucky-tickets-for-getting-lucky-copy\/#breadcrumb\",\"itemListElement\":[{\"@type\":\"ListItem\",\"position\":1,\"name\":\"Home\",\"item\":\"https:\/\/lottespapery.com\/en\/\"},{\"@type\":\"ListItem\",\"position\":2,\"name\":\"Shop\",\"item\":\"https:\/\/lottespapery.com\/en\/shop\/\"},{\"@type\":\"ListItem\",\"position\":3,\"name\":\"Gift coupons &#8220;Lucky tickets for romance&#8221;\"}]},{\"@type\":\"WebSite\",\"@id\":\"https:\/\/lottespapery.com\/en\/#website\",\"url\":\"https:\/\/lottespapery.com\/en\/\",\"name\":\"Lotte&#039;s Papery\",\"description\":\"Pap\u012brlietas un \u0101das izstr\u0101d\u0101jumi\",\"publisher\":{\"@id\":\"https:\/\/lottespapery.com\/en\/#organization\"},\"potentialAction\":[{\"@type\":\"SearchAction\",\"target\":{\"@type\":\"EntryPoint\",\"urlTemplate\":\"https:\/\/lottespapery.com\/en\/?s={search_term_string}\"},\"query-input\":\"required name=search_term_string\"}],\"inLanguage\":\"en-US\"},{\"@type\":\"Organization\",\"@id\":\"https:\/\/lottespapery.com\/en\/#organization\",\"name\":\"Lotte&#039;s Papery\",\"url\":\"https:\/\/lottespapery.com\/en\/\",\"logo\":{\"@type\":\"ImageObject\",\"inLanguage\":\"en-US\",\"@id\":\"https:\/\/lottespapery.com\/en\/#\/schema\/logo\/image\/\",\"url\":\"http:\/\/lottespapery.com\/wp-content\/uploads\/2022\/11\/logo-dark_180x@2x.png\",\"contentUrl\":\"http:\/\/lottespapery.com\/wp-content\/uploads\/2022\/11\/logo-dark_180x@2x.png\",\"width\":360,\"height\":100,\"caption\":\"Lotte&#039;s Papery\"},\"image\":{\"@id\":\"https:\/\/lottespapery.com\/en\/#\/schema\/logo\/image\/\"},\"sameAs\":[\"https:\/\/www.instagram.com\/lottes_papery\/\",\"https:\/\/www.facebook.com\/LottesPapery\/\"]}]}<\/script>\n<!-- \/ Yoast SEO plugin. -->","yoast_head_json":{"title":"Gift coupons \"Lucky tickets for romance\" - Lotte&#039;s Papery","description":"A set of 12 gift tickets offers fun and romantic surprises that the recipient can redeem anytime. Perfect for Valentine\u2019s Day or special moments \u2014 give them all at once or one at a time. 11 tickets are pre-filled, and 1 blank so you can add your personal touch.  Manufacturer: Chronicle Books","robots":{"index":"index","follow":"follow","max-snippet":"max-snippet:-1","max-image-preview":"max-image-preview:large","max-video-preview":"max-video-preview:-1"},"canonical":"https:\/\/lottespapery.com\/en\/products\/gift-coupons-lucky-tickets-for-getting-lucky-copy\/","og_locale":"en_US","og_type":"article","og_title":"Gift coupons \"Lucky tickets for romance\" - Lotte&#039;s Papery","og_description":"A set of 12 gift tickets offers fun and romantic surprises that the recipient can redeem anytime. Perfect for Valentine\u2019s Day or special moments \u2014 give them all at once or one at a time. 11 tickets are pre-filled, and 1 blank so you can add your personal touch.  Manufacturer: Chronicle Books","og_url":"https:\/\/lottespapery.com\/en\/products\/gift-coupons-lucky-tickets-for-getting-lucky-copy\/","og_site_name":"Lotte&#039;s Papery","article_publisher":"https:\/\/www.facebook.com\/LottesPapery\/","article_modified_time":"2026-02-02T15:54:58+00:00","og_image":[{"width":1132,"height":950,"url":"http:\/\/lottespapery.com\/wp-content\/uploads\/2026\/02\/Screenshot-2026-02-02-at-17.48.52.png","type":"image\/png"}],"twitter_card":"summary_large_image","schema":{"@context":"https:\/\/schema.org","@graph":[{"@type":"WebPage","@id":"https:\/\/lottespapery.com\/en\/products\/gift-coupons-lucky-tickets-for-getting-lucky-copy\/","url":"https:\/\/lottespapery.com\/en\/products\/gift-coupons-lucky-tickets-for-getting-lucky-copy\/","name":"Gift coupons \"Lucky tickets for romance\" - Lotte&#039;s Papery","isPartOf":{"@id":"https:\/\/lottespapery.com\/en\/#website"},"datePublished":"2026-02-02T15:49:48+00:00","dateModified":"2026-02-02T15:54:58+00:00","description":"A set of 12 gift tickets offers fun and romantic surprises that the recipient can redeem anytime. Perfect for Valentine\u2019s Day or special moments \u2014 give them all at once or one at a time. 11 tickets are pre-filled, and 1 blank so you can add your personal touch. Manufacturer: Chronicle Books","breadcrumb":{"@id":"https:\/\/lottespapery.com\/en\/products\/gift-coupons-lucky-tickets-for-getting-lucky-copy\/#breadcrumb"},"inLanguage":"en-US","potentialAction":[{"@type":"ReadAction","target":["https:\/\/lottespapery.com\/en\/products\/gift-coupons-lucky-tickets-for-getting-lucky-copy\/"]}]},{"@type":"BreadcrumbList","@id":"https:\/\/lottespapery.com\/en\/products\/gift-coupons-lucky-tickets-for-getting-lucky-copy\/#breadcrumb","itemListElement":[{"@type":"ListItem","position":1,"name":"Home","item":"https:\/\/lottespapery.com\/en\/"},{"@type":"ListItem","position":2,"name":"Shop","item":"https:\/\/lottespapery.com\/en\/shop\/"},{"@type":"ListItem","position":3,"name":"Gift coupons &#8220;Lucky tickets for romance&#8221;"}]},{"@type":"WebSite","@id":"https:\/\/lottespapery.com\/en\/#website","url":"https:\/\/lottespapery.com\/en\/","name":"Lotte&#039;s Papery","description":"Pap\u012brlietas un \u0101das izstr\u0101d\u0101jumi","publisher":{"@id":"https:\/\/lottespapery.com\/en\/#organization"},"potentialAction":[{"@type":"SearchAction","target":{"@type":"EntryPoint","urlTemplate":"https:\/\/lottespapery.com\/en\/?s={search_term_string}"},"query-input":"required name=search_term_string"}],"inLanguage":"en-US"},{"@type":"Organization","@id":"https:\/\/lottespapery.com\/en\/#organization","name":"Lotte&#039;s Papery","url":"https:\/\/lottespapery.com\/en\/","logo":{"@type":"ImageObject","inLanguage":"en-US","@id":"https:\/\/lottespapery.com\/en\/#\/schema\/logo\/image\/","url":"http:\/\/lottespapery.com\/wp-content\/uploads\/2022\/11\/logo-dark_180x@2x.png","contentUrl":"http:\/\/lottespapery.com\/wp-content\/uploads\/2022\/11\/logo-dark_180x@2x.png","width":360,"height":100,"caption":"Lotte&#039;s Papery"},"image":{"@id":"https:\/\/lottespapery.com\/en\/#\/schema\/logo\/image\/"},"sameAs":["https:\/\/www.instagram.com\/lottes_papery\/","https:\/\/www.facebook.com\/LottesPapery\/"]}]}},"_links":{"self":[{"href":"https:\/\/lottespapery.com\/en\/wp-json\/wp\/v2\/product\/47940","targetHints":{"allow":["GET"]}}],"collection":[{"href":"https:\/\/lottespapery.com\/en\/wp-json\/wp\/v2\/product"}],"about":[{"href":"https:\/\/lottespapery.com\/en\/wp-json\/wp\/v2\/types\/product"}],"wp:featuredmedia":[{"embeddable":true,"href":"https:\/\/lottespapery.com\/en\/wp-json\/wp\/v2\/media\/47936"}],"wp:attachment":[{"href":"https:\/\/lottespapery.com\/en\/wp-json\/wp\/v2\/media?parent=47940"}],"wp:term":[{"taxonomy":"product_brand","embeddable":true,"href":"https:\/\/lottespapery.com\/en\/wp-json\/wp\/v2\/product_brand?post=47940"},{"taxonomy":"product_cat","embeddable":true,"href":"https:\/\/lottespapery.com\/en\/wp-json\/wp\/v2\/product_cat?post=47940"},{"taxonomy":"product_tag","embeddable":true,"href":"https:\/\/lottespapery.com\/en\/wp-json\/wp\/v2\/product_tag?post=47940"}],"curies":[{"name":"wp","href":"https:\/\/api.w.org\/{rel}","templated":true}]}}