{"id":48298,"date":"2026-02-25T14:55:38","date_gmt":"2026-02-25T12:55:38","guid":{"rendered":"https:\/\/lottespapery.com\/?post_type=product&#038;p=48298"},"modified":"2026-03-16T17:18:25","modified_gmt":"2026-03-16T15:18:25","slug":"bookmark-a-moment-of-friendship-copy","status":"publish","type":"product","link":"https:\/\/lottespapery.com\/en\/products\/bookmark-a-moment-of-friendship-copy\/","title":{"rendered":"Bookmark &#8220;Spring bloom&#8221;"},"content":{"rendered":"","protected":false},"excerpt":{"rendered":"","protected":false},"featured_media":48300,"template":"","meta":[],"product_brand":[],"product_cat":[2126,845],"product_tag":[],"class_list":{"0":"post-48298","1":"product","2":"type-product","3":"status-publish","4":"has-post-thumbnail","6":"product_cat-spring","7":"product_cat-bookmarks","9":"first","10":"instock","11":"taxable","12":"shipping-taxable","13":"purchasable","14":"product-type-simple"},"raw_content":{"name":"Bookmark \"Spring bloom\"","description":"","short_description":"","status":"publish","sku":"LPPPR_010","original":48297},"wpml":{"translation_type":1,"has_translations":true,"original":48297,"duplicates":[],"translations":{"lv":48297,"en":48298}},"yoast_head":"<!-- This site is optimized with the Yoast SEO plugin v19.10 - https:\/\/yoast.com\/wordpress\/plugins\/seo\/ -->\n<title>Bookmark &quot;Spring bloom&quot; - Lotte&#039;s Papery<\/title>\n<meta name=\"description\" content=\"Bookmark with a colour print, crafted from thick, textured designer paper.  Bookmark size: 6 x 16 cm  Our bookmarks are crafted from eco-friendly paper made with 100% recycled fibres, featuring a luxurious deluxe finish.\" \/>\n<meta name=\"robots\" content=\"index, follow, max-snippet:-1, max-image-preview:large, max-video-preview:-1\" \/>\n<link rel=\"canonical\" href=\"https:\/\/lottespapery.com\/en\/products\/bookmark-a-moment-of-friendship-copy\/\" \/>\n<meta property=\"og:locale\" content=\"en_US\" \/>\n<meta property=\"og:type\" content=\"article\" \/>\n<meta property=\"og:title\" content=\"Bookmark &quot;Spring bloom&quot; - Lotte&#039;s Papery\" \/>\n<meta property=\"og:description\" content=\"Bookmark with a colour print, crafted from thick, textured designer paper.  Bookmark size: 6 x 16 cm  Our bookmarks are crafted from eco-friendly paper made with 100% recycled fibres, featuring a luxurious deluxe finish.\" \/>\n<meta property=\"og:url\" content=\"https:\/\/lottespapery.com\/en\/products\/bookmark-a-moment-of-friendship-copy\/\" \/>\n<meta property=\"og:site_name\" content=\"Lotte&#039;s Papery\" \/>\n<meta property=\"article:publisher\" content=\"https:\/\/www.facebook.com\/LottesPapery\/\" \/>\n<meta property=\"article:modified_time\" content=\"2026-03-16T15:18:25+00:00\" \/>\n<meta property=\"og:image\" content=\"http:\/\/lottespapery.com\/wp-content\/uploads\/2026\/02\/LPPPR_010-scaled.jpg\" \/>\n\t<meta property=\"og:image:width\" content=\"2560\" \/>\n\t<meta property=\"og:image:height\" content=\"2560\" \/>\n\t<meta property=\"og:image:type\" content=\"image\/jpeg\" \/>\n<meta name=\"twitter:card\" content=\"summary_large_image\" \/>\n<script type=\"application\/ld+json\" class=\"yoast-schema-graph\">{\"@context\":\"https:\/\/schema.org\",\"@graph\":[{\"@type\":\"WebPage\",\"@id\":\"https:\/\/lottespapery.com\/en\/products\/bookmark-a-moment-of-friendship-copy\/\",\"url\":\"https:\/\/lottespapery.com\/en\/products\/bookmark-a-moment-of-friendship-copy\/\",\"name\":\"Bookmark \\\"Spring bloom\\\" - Lotte&#039;s Papery\",\"isPartOf\":{\"@id\":\"https:\/\/lottespapery.com\/en\/#website\"},\"datePublished\":\"2026-02-25T12:55:38+00:00\",\"dateModified\":\"2026-03-16T15:18:25+00:00\",\"description\":\"Bookmark with a colour print, crafted from thick, textured designer paper. Bookmark size: 6 x 16 cm Our bookmarks are crafted from eco-friendly paper made with 100% recycled fibres, featuring a luxurious deluxe finish.\",\"breadcrumb\":{\"@id\":\"https:\/\/lottespapery.com\/en\/products\/bookmark-a-moment-of-friendship-copy\/#breadcrumb\"},\"inLanguage\":\"en-US\",\"potentialAction\":[{\"@type\":\"ReadAction\",\"target\":[\"https:\/\/lottespapery.com\/en\/products\/bookmark-a-moment-of-friendship-copy\/\"]}]},{\"@type\":\"BreadcrumbList\",\"@id\":\"https:\/\/lottespapery.com\/en\/products\/bookmark-a-moment-of-friendship-copy\/#breadcrumb\",\"itemListElement\":[{\"@type\":\"ListItem\",\"position\":1,\"name\":\"Home\",\"item\":\"https:\/\/lottespapery.com\/en\/\"},{\"@type\":\"ListItem\",\"position\":2,\"name\":\"Shop\",\"item\":\"https:\/\/lottespapery.com\/en\/shop\/\"},{\"@type\":\"ListItem\",\"position\":3,\"name\":\"Bookmark &#8220;Spring bloom&#8221;\"}]},{\"@type\":\"WebSite\",\"@id\":\"https:\/\/lottespapery.com\/en\/#website\",\"url\":\"https:\/\/lottespapery.com\/en\/\",\"name\":\"Lotte&#039;s Papery\",\"description\":\"Pap\u012brlietas un \u0101das izstr\u0101d\u0101jumi\",\"publisher\":{\"@id\":\"https:\/\/lottespapery.com\/en\/#organization\"},\"potentialAction\":[{\"@type\":\"SearchAction\",\"target\":{\"@type\":\"EntryPoint\",\"urlTemplate\":\"https:\/\/lottespapery.com\/en\/?s={search_term_string}\"},\"query-input\":\"required name=search_term_string\"}],\"inLanguage\":\"en-US\"},{\"@type\":\"Organization\",\"@id\":\"https:\/\/lottespapery.com\/en\/#organization\",\"name\":\"Lotte&#039;s Papery\",\"url\":\"https:\/\/lottespapery.com\/en\/\",\"logo\":{\"@type\":\"ImageObject\",\"inLanguage\":\"en-US\",\"@id\":\"https:\/\/lottespapery.com\/en\/#\/schema\/logo\/image\/\",\"url\":\"http:\/\/lottespapery.com\/wp-content\/uploads\/2022\/11\/logo-dark_180x@2x.png\",\"contentUrl\":\"http:\/\/lottespapery.com\/wp-content\/uploads\/2022\/11\/logo-dark_180x@2x.png\",\"width\":360,\"height\":100,\"caption\":\"Lotte&#039;s Papery\"},\"image\":{\"@id\":\"https:\/\/lottespapery.com\/en\/#\/schema\/logo\/image\/\"},\"sameAs\":[\"https:\/\/www.instagram.com\/lottes_papery\/\",\"https:\/\/www.facebook.com\/LottesPapery\/\"]}]}<\/script>\n<!-- \/ Yoast SEO plugin. -->","yoast_head_json":{"title":"Bookmark \"Spring bloom\" - Lotte&#039;s Papery","description":"Bookmark with a colour print, crafted from thick, textured designer paper.  Bookmark size: 6 x 16 cm  Our bookmarks are crafted from eco-friendly paper made with 100% recycled fibres, featuring a luxurious deluxe finish.","robots":{"index":"index","follow":"follow","max-snippet":"max-snippet:-1","max-image-preview":"max-image-preview:large","max-video-preview":"max-video-preview:-1"},"canonical":"https:\/\/lottespapery.com\/en\/products\/bookmark-a-moment-of-friendship-copy\/","og_locale":"en_US","og_type":"article","og_title":"Bookmark \"Spring bloom\" - Lotte&#039;s Papery","og_description":"Bookmark with a colour print, crafted from thick, textured designer paper.  Bookmark size: 6 x 16 cm  Our bookmarks are crafted from eco-friendly paper made with 100% recycled fibres, featuring a luxurious deluxe finish.","og_url":"https:\/\/lottespapery.com\/en\/products\/bookmark-a-moment-of-friendship-copy\/","og_site_name":"Lotte&#039;s Papery","article_publisher":"https:\/\/www.facebook.com\/LottesPapery\/","article_modified_time":"2026-03-16T15:18:25+00:00","og_image":[{"width":2560,"height":2560,"url":"http:\/\/lottespapery.com\/wp-content\/uploads\/2026\/02\/LPPPR_010-scaled.jpg","type":"image\/jpeg"}],"twitter_card":"summary_large_image","schema":{"@context":"https:\/\/schema.org","@graph":[{"@type":"WebPage","@id":"https:\/\/lottespapery.com\/en\/products\/bookmark-a-moment-of-friendship-copy\/","url":"https:\/\/lottespapery.com\/en\/products\/bookmark-a-moment-of-friendship-copy\/","name":"Bookmark \"Spring bloom\" - Lotte&#039;s Papery","isPartOf":{"@id":"https:\/\/lottespapery.com\/en\/#website"},"datePublished":"2026-02-25T12:55:38+00:00","dateModified":"2026-03-16T15:18:25+00:00","description":"Bookmark with a colour print, crafted from thick, textured designer paper. Bookmark size: 6 x 16 cm Our bookmarks are crafted from eco-friendly paper made with 100% recycled fibres, featuring a luxurious deluxe finish.","breadcrumb":{"@id":"https:\/\/lottespapery.com\/en\/products\/bookmark-a-moment-of-friendship-copy\/#breadcrumb"},"inLanguage":"en-US","potentialAction":[{"@type":"ReadAction","target":["https:\/\/lottespapery.com\/en\/products\/bookmark-a-moment-of-friendship-copy\/"]}]},{"@type":"BreadcrumbList","@id":"https:\/\/lottespapery.com\/en\/products\/bookmark-a-moment-of-friendship-copy\/#breadcrumb","itemListElement":[{"@type":"ListItem","position":1,"name":"Home","item":"https:\/\/lottespapery.com\/en\/"},{"@type":"ListItem","position":2,"name":"Shop","item":"https:\/\/lottespapery.com\/en\/shop\/"},{"@type":"ListItem","position":3,"name":"Bookmark &#8220;Spring bloom&#8221;"}]},{"@type":"WebSite","@id":"https:\/\/lottespapery.com\/en\/#website","url":"https:\/\/lottespapery.com\/en\/","name":"Lotte&#039;s Papery","description":"Pap\u012brlietas un \u0101das izstr\u0101d\u0101jumi","publisher":{"@id":"https:\/\/lottespapery.com\/en\/#organization"},"potentialAction":[{"@type":"SearchAction","target":{"@type":"EntryPoint","urlTemplate":"https:\/\/lottespapery.com\/en\/?s={search_term_string}"},"query-input":"required name=search_term_string"}],"inLanguage":"en-US"},{"@type":"Organization","@id":"https:\/\/lottespapery.com\/en\/#organization","name":"Lotte&#039;s Papery","url":"https:\/\/lottespapery.com\/en\/","logo":{"@type":"ImageObject","inLanguage":"en-US","@id":"https:\/\/lottespapery.com\/en\/#\/schema\/logo\/image\/","url":"http:\/\/lottespapery.com\/wp-content\/uploads\/2022\/11\/logo-dark_180x@2x.png","contentUrl":"http:\/\/lottespapery.com\/wp-content\/uploads\/2022\/11\/logo-dark_180x@2x.png","width":360,"height":100,"caption":"Lotte&#039;s Papery"},"image":{"@id":"https:\/\/lottespapery.com\/en\/#\/schema\/logo\/image\/"},"sameAs":["https:\/\/www.instagram.com\/lottes_papery\/","https:\/\/www.facebook.com\/LottesPapery\/"]}]}},"_links":{"self":[{"href":"https:\/\/lottespapery.com\/en\/wp-json\/wp\/v2\/product\/48298","targetHints":{"allow":["GET"]}}],"collection":[{"href":"https:\/\/lottespapery.com\/en\/wp-json\/wp\/v2\/product"}],"about":[{"href":"https:\/\/lottespapery.com\/en\/wp-json\/wp\/v2\/types\/product"}],"wp:featuredmedia":[{"embeddable":true,"href":"https:\/\/lottespapery.com\/en\/wp-json\/wp\/v2\/media\/48300"}],"wp:attachment":[{"href":"https:\/\/lottespapery.com\/en\/wp-json\/wp\/v2\/media?parent=48298"}],"wp:term":[{"taxonomy":"product_brand","embeddable":true,"href":"https:\/\/lottespapery.com\/en\/wp-json\/wp\/v2\/product_brand?post=48298"},{"taxonomy":"product_cat","embeddable":true,"href":"https:\/\/lottespapery.com\/en\/wp-json\/wp\/v2\/product_cat?post=48298"},{"taxonomy":"product_tag","embeddable":true,"href":"https:\/\/lottespapery.com\/en\/wp-json\/wp\/v2\/product_tag?post=48298"}],"curies":[{"name":"wp","href":"https:\/\/api.w.org\/{rel}","templated":true}]}}