{"id":48703,"date":"2026-03-13T15:14:02","date_gmt":"2026-03-13T13:14:02","guid":{"rendered":"https:\/\/lottespapery.com\/?post_type=product&#038;p=48703"},"modified":"2026-03-26T15:56:43","modified_gmt":"2026-03-26T13:56:43","slug":"stamp-love-you-2","status":"publish","type":"product","link":"https:\/\/lottespapery.com\/en\/products\/stamp-love-you-2\/","title":{"rendered":"Stamp \/\/ Love you II"},"content":{"rendered":"","protected":false},"excerpt":{"rendered":"","protected":false},"featured_media":48705,"template":"","meta":[],"product_brand":[],"product_cat":[1753,901],"product_tag":[],"class_list":{"0":"post-48703","1":"product","2":"type-product","3":"status-publish","4":"has-post-thumbnail","6":"product_cat-custom-wax-stamps-and-sealing-wax","7":"product_cat-stamps-with-symbols","9":"first","10":"instock","11":"taxable","12":"shipping-taxable","13":"purchasable","14":"product-type-simple"},"raw_content":{"name":"Stamp \/\/ Love you II","description":"","short_description":"","status":"publish","sku":"1B12-988477","original":48702},"wpml":{"translation_type":1,"has_translations":true,"original":48702,"duplicates":[],"translations":{"lv":48702,"en":48703}},"yoast_head":"<!-- This site is optimized with the Yoast SEO plugin v19.10 - https:\/\/yoast.com\/wordpress\/plugins\/seo\/ -->\n<title>Stamp \/\/ Love you II - Lotte&#039;s Papery<\/title>\n<meta name=\"description\" content=\"A stamp made in Latvia with an engraved inscription - love you. Choose this or go to the section &quot;INDIVIDUAL ENGRAVING&quot; to order a stamp with the design of your choice! Stamp dimensions:  brass head 25x25mm, oak stem 8x2.5cm, 10x2.5cm full length.  The stamp will perfectly serve as an elegant accent for wedding invitations, sealing letters, unusual packaging and other creative ideas.  Each stamp is packaged in a specially designed black cardboard box with the &quot;lotte&#039;s papery&quot; logo embossed on the lid in matte silver. The stamp is made in Latvia.\" \/>\n<meta name=\"robots\" content=\"index, follow, max-snippet:-1, max-image-preview:large, max-video-preview:-1\" \/>\n<link rel=\"canonical\" href=\"https:\/\/lottespapery.com\/en\/products\/stamp-love-you-2\/\" \/>\n<meta property=\"og:locale\" content=\"en_US\" \/>\n<meta property=\"og:type\" content=\"article\" \/>\n<meta property=\"og:title\" content=\"Stamp \/\/ Love you II - Lotte&#039;s Papery\" \/>\n<meta property=\"og:description\" content=\"A stamp made in Latvia with an engraved inscription - love you. Choose this or go to the section &quot;INDIVIDUAL ENGRAVING&quot; to order a stamp with the design of your choice! Stamp dimensions:  brass head 25x25mm, oak stem 8x2.5cm, 10x2.5cm full length.  The stamp will perfectly serve as an elegant accent for wedding invitations, sealing letters, unusual packaging and other creative ideas.  Each stamp is packaged in a specially designed black cardboard box with the &quot;lotte&#039;s papery&quot; logo embossed on the lid in matte silver. The stamp is made in Latvia.\" \/>\n<meta property=\"og:url\" content=\"https:\/\/lottespapery.com\/en\/products\/stamp-love-you-2\/\" \/>\n<meta property=\"og:site_name\" content=\"Lotte&#039;s Papery\" \/>\n<meta property=\"article:publisher\" content=\"https:\/\/www.facebook.com\/LottesPapery\/\" \/>\n<meta property=\"article:modified_time\" content=\"2026-03-26T13:56:43+00:00\" \/>\n<meta property=\"og:image\" content=\"http:\/\/lottespapery.com\/wp-content\/uploads\/2026\/03\/1-17.jpg\" \/>\n\t<meta property=\"og:image:width\" content=\"2000\" \/>\n\t<meta property=\"og:image:height\" content=\"2000\" \/>\n\t<meta property=\"og:image:type\" content=\"image\/jpeg\" \/>\n<meta name=\"twitter:card\" content=\"summary_large_image\" \/>\n<script type=\"application\/ld+json\" class=\"yoast-schema-graph\">{\"@context\":\"https:\/\/schema.org\",\"@graph\":[{\"@type\":\"WebPage\",\"@id\":\"https:\/\/lottespapery.com\/en\/products\/stamp-love-you-2\/\",\"url\":\"https:\/\/lottespapery.com\/en\/products\/stamp-love-you-2\/\",\"name\":\"Stamp \/\/ Love you II - Lotte&#039;s Papery\",\"isPartOf\":{\"@id\":\"https:\/\/lottespapery.com\/en\/#website\"},\"datePublished\":\"2026-03-13T13:14:02+00:00\",\"dateModified\":\"2026-03-26T13:56:43+00:00\",\"description\":\"A stamp made in Latvia with an engraved inscription - love you. Choose this or go to the section \\\"INDIVIDUAL ENGRAVING\\\" to order a stamp with the design of your choice! Stamp dimensions: brass head 25x25mm, oak stem 8x2.5cm, 10x2.5cm full length. The stamp will perfectly serve as an elegant accent for wedding invitations, sealing letters, unusual packaging and other creative ideas. Each stamp is packaged in a specially designed black cardboard box with the \\\"lotte's papery\\\" logo embossed on the lid in matte silver. The stamp is made in Latvia.\",\"breadcrumb\":{\"@id\":\"https:\/\/lottespapery.com\/en\/products\/stamp-love-you-2\/#breadcrumb\"},\"inLanguage\":\"en-US\",\"potentialAction\":[{\"@type\":\"ReadAction\",\"target\":[\"https:\/\/lottespapery.com\/en\/products\/stamp-love-you-2\/\"]}]},{\"@type\":\"BreadcrumbList\",\"@id\":\"https:\/\/lottespapery.com\/en\/products\/stamp-love-you-2\/#breadcrumb\",\"itemListElement\":[{\"@type\":\"ListItem\",\"position\":1,\"name\":\"Home\",\"item\":\"https:\/\/lottespapery.com\/en\/\"},{\"@type\":\"ListItem\",\"position\":2,\"name\":\"Shop\",\"item\":\"https:\/\/lottespapery.com\/en\/shop\/\"},{\"@type\":\"ListItem\",\"position\":3,\"name\":\"Stamp \/\/ Love you II\"}]},{\"@type\":\"WebSite\",\"@id\":\"https:\/\/lottespapery.com\/en\/#website\",\"url\":\"https:\/\/lottespapery.com\/en\/\",\"name\":\"Lotte&#039;s Papery\",\"description\":\"Pap\u012brlietas un \u0101das izstr\u0101d\u0101jumi\",\"publisher\":{\"@id\":\"https:\/\/lottespapery.com\/en\/#organization\"},\"potentialAction\":[{\"@type\":\"SearchAction\",\"target\":{\"@type\":\"EntryPoint\",\"urlTemplate\":\"https:\/\/lottespapery.com\/en\/?s={search_term_string}\"},\"query-input\":\"required name=search_term_string\"}],\"inLanguage\":\"en-US\"},{\"@type\":\"Organization\",\"@id\":\"https:\/\/lottespapery.com\/en\/#organization\",\"name\":\"Lotte&#039;s Papery\",\"url\":\"https:\/\/lottespapery.com\/en\/\",\"logo\":{\"@type\":\"ImageObject\",\"inLanguage\":\"en-US\",\"@id\":\"https:\/\/lottespapery.com\/en\/#\/schema\/logo\/image\/\",\"url\":\"http:\/\/lottespapery.com\/wp-content\/uploads\/2022\/11\/logo-dark_180x@2x.png\",\"contentUrl\":\"http:\/\/lottespapery.com\/wp-content\/uploads\/2022\/11\/logo-dark_180x@2x.png\",\"width\":360,\"height\":100,\"caption\":\"Lotte&#039;s Papery\"},\"image\":{\"@id\":\"https:\/\/lottespapery.com\/en\/#\/schema\/logo\/image\/\"},\"sameAs\":[\"https:\/\/www.instagram.com\/lottes_papery\/\",\"https:\/\/www.facebook.com\/LottesPapery\/\"]}]}<\/script>\n<!-- \/ Yoast SEO plugin. -->","yoast_head_json":{"title":"Stamp \/\/ Love you II - Lotte&#039;s Papery","description":"A stamp made in Latvia with an engraved inscription - love you. Choose this or go to the section \"INDIVIDUAL ENGRAVING\" to order a stamp with the design of your choice! Stamp dimensions:  brass head 25x25mm, oak stem 8x2.5cm, 10x2.5cm full length.  The stamp will perfectly serve as an elegant accent for wedding invitations, sealing letters, unusual packaging and other creative ideas.  Each stamp is packaged in a specially designed black cardboard box with the \"lotte's papery\" logo embossed on the lid in matte silver. The stamp is made in Latvia.","robots":{"index":"index","follow":"follow","max-snippet":"max-snippet:-1","max-image-preview":"max-image-preview:large","max-video-preview":"max-video-preview:-1"},"canonical":"https:\/\/lottespapery.com\/en\/products\/stamp-love-you-2\/","og_locale":"en_US","og_type":"article","og_title":"Stamp \/\/ Love you II - Lotte&#039;s Papery","og_description":"A stamp made in Latvia with an engraved inscription - love you. Choose this or go to the section \"INDIVIDUAL ENGRAVING\" to order a stamp with the design of your choice! Stamp dimensions:  brass head 25x25mm, oak stem 8x2.5cm, 10x2.5cm full length.  The stamp will perfectly serve as an elegant accent for wedding invitations, sealing letters, unusual packaging and other creative ideas.  Each stamp is packaged in a specially designed black cardboard box with the \"lotte's papery\" logo embossed on the lid in matte silver. The stamp is made in Latvia.","og_url":"https:\/\/lottespapery.com\/en\/products\/stamp-love-you-2\/","og_site_name":"Lotte&#039;s Papery","article_publisher":"https:\/\/www.facebook.com\/LottesPapery\/","article_modified_time":"2026-03-26T13:56:43+00:00","og_image":[{"width":2000,"height":2000,"url":"http:\/\/lottespapery.com\/wp-content\/uploads\/2026\/03\/1-17.jpg","type":"image\/jpeg"}],"twitter_card":"summary_large_image","schema":{"@context":"https:\/\/schema.org","@graph":[{"@type":"WebPage","@id":"https:\/\/lottespapery.com\/en\/products\/stamp-love-you-2\/","url":"https:\/\/lottespapery.com\/en\/products\/stamp-love-you-2\/","name":"Stamp \/\/ Love you II - Lotte&#039;s Papery","isPartOf":{"@id":"https:\/\/lottespapery.com\/en\/#website"},"datePublished":"2026-03-13T13:14:02+00:00","dateModified":"2026-03-26T13:56:43+00:00","description":"A stamp made in Latvia with an engraved inscription - love you. Choose this or go to the section \"INDIVIDUAL ENGRAVING\" to order a stamp with the design of your choice! Stamp dimensions: brass head 25x25mm, oak stem 8x2.5cm, 10x2.5cm full length. The stamp will perfectly serve as an elegant accent for wedding invitations, sealing letters, unusual packaging and other creative ideas. Each stamp is packaged in a specially designed black cardboard box with the \"lotte's papery\" logo embossed on the lid in matte silver. The stamp is made in Latvia.","breadcrumb":{"@id":"https:\/\/lottespapery.com\/en\/products\/stamp-love-you-2\/#breadcrumb"},"inLanguage":"en-US","potentialAction":[{"@type":"ReadAction","target":["https:\/\/lottespapery.com\/en\/products\/stamp-love-you-2\/"]}]},{"@type":"BreadcrumbList","@id":"https:\/\/lottespapery.com\/en\/products\/stamp-love-you-2\/#breadcrumb","itemListElement":[{"@type":"ListItem","position":1,"name":"Home","item":"https:\/\/lottespapery.com\/en\/"},{"@type":"ListItem","position":2,"name":"Shop","item":"https:\/\/lottespapery.com\/en\/shop\/"},{"@type":"ListItem","position":3,"name":"Stamp \/\/ Love you II"}]},{"@type":"WebSite","@id":"https:\/\/lottespapery.com\/en\/#website","url":"https:\/\/lottespapery.com\/en\/","name":"Lotte&#039;s Papery","description":"Pap\u012brlietas un \u0101das izstr\u0101d\u0101jumi","publisher":{"@id":"https:\/\/lottespapery.com\/en\/#organization"},"potentialAction":[{"@type":"SearchAction","target":{"@type":"EntryPoint","urlTemplate":"https:\/\/lottespapery.com\/en\/?s={search_term_string}"},"query-input":"required name=search_term_string"}],"inLanguage":"en-US"},{"@type":"Organization","@id":"https:\/\/lottespapery.com\/en\/#organization","name":"Lotte&#039;s Papery","url":"https:\/\/lottespapery.com\/en\/","logo":{"@type":"ImageObject","inLanguage":"en-US","@id":"https:\/\/lottespapery.com\/en\/#\/schema\/logo\/image\/","url":"http:\/\/lottespapery.com\/wp-content\/uploads\/2022\/11\/logo-dark_180x@2x.png","contentUrl":"http:\/\/lottespapery.com\/wp-content\/uploads\/2022\/11\/logo-dark_180x@2x.png","width":360,"height":100,"caption":"Lotte&#039;s Papery"},"image":{"@id":"https:\/\/lottespapery.com\/en\/#\/schema\/logo\/image\/"},"sameAs":["https:\/\/www.instagram.com\/lottes_papery\/","https:\/\/www.facebook.com\/LottesPapery\/"]}]}},"_links":{"self":[{"href":"https:\/\/lottespapery.com\/en\/wp-json\/wp\/v2\/product\/48703","targetHints":{"allow":["GET"]}}],"collection":[{"href":"https:\/\/lottespapery.com\/en\/wp-json\/wp\/v2\/product"}],"about":[{"href":"https:\/\/lottespapery.com\/en\/wp-json\/wp\/v2\/types\/product"}],"wp:featuredmedia":[{"embeddable":true,"href":"https:\/\/lottespapery.com\/en\/wp-json\/wp\/v2\/media\/48705"}],"wp:attachment":[{"href":"https:\/\/lottespapery.com\/en\/wp-json\/wp\/v2\/media?parent=48703"}],"wp:term":[{"taxonomy":"product_brand","embeddable":true,"href":"https:\/\/lottespapery.com\/en\/wp-json\/wp\/v2\/product_brand?post=48703"},{"taxonomy":"product_cat","embeddable":true,"href":"https:\/\/lottespapery.com\/en\/wp-json\/wp\/v2\/product_cat?post=48703"},{"taxonomy":"product_tag","embeddable":true,"href":"https:\/\/lottespapery.com\/en\/wp-json\/wp\/v2\/product_tag?post=48703"}],"curies":[{"name":"wp","href":"https:\/\/api.w.org\/{rel}","templated":true}]}}