{"id":50254,"date":"2026-04-30T13:24:31","date_gmt":"2026-04-30T10:24:31","guid":{"rendered":"https:\/\/lottespapery.com\/?post_type=product&#038;p=50254"},"modified":"2026-04-30T13:28:13","modified_gmt":"2026-04-30T10:28:13","slug":"photo-album-with-linen-textured-cover-accent-1-copy","status":"publish","type":"product","link":"https:\/\/lottespapery.com\/en\/products\/photo-album-with-linen-textured-cover-accent-1-copy\/","title":{"rendered":"Photo album with linen-textured cover &#8220;Classic&#8221; \/\/ 1"},"content":{"rendered":"","protected":false},"excerpt":{"rendered":"","protected":false},"featured_media":50169,"template":"","meta":[],"product_brand":[],"product_cat":[1749,770],"product_tag":[],"class_list":{"0":"post-50254","1":"product","2":"type-product","3":"status-publish","4":"has-post-thumbnail","6":"product_cat-photo-albums","7":"product_cat-foto-albumi-en","9":"first","10":"instock","11":"taxable","12":"shipping-taxable","13":"purchasable","14":"product-type-variable","15":"has-default-attributes"},"raw_content":{"name":"Photo album with linen-textured cover \"Classic\" \/\/ 1","description":"","short_description":"","status":"publish","sku":"LPALB_039","original":50248},"wpml":{"translation_type":1,"has_translations":true,"original":50248,"duplicates":[],"translations":{"lv":50248,"en":50254}},"yoast_head":"<!-- This site is optimized with the Yoast SEO plugin v19.10 - https:\/\/yoast.com\/wordpress\/plugins\/seo\/ -->\n<title>Photo album with linen-textured cover &quot;Classic&quot; \/\/ 1 - Lotte&#039;s Papery<\/title>\n<meta name=\"description\" content=\"A photo album with an elegant design. The photo album is meticulously handmade, neatly bound in sturdy covers covered with a linen-like textured material, which makes it particularly pleasant to the touch. Personalization is available in silver or gold.  Available sizes: - 15 x 21 cm - 24 x 35 cm - 30 x 30 cm  Inner page color: - cream-colored - black  Number of pages: - all sizes have 30 sheets (60 pages). - To attach photos, use photo corners or double-sided photo stickers.  PRODUCTION TIME: 1,5 - 2 weeks.  If you need to receive the photo album by a specific date, please contact us by calling +371 2208 7727 or e-mailing info@lottespapery.com  PLEASE NOTE: - Please provide your chosen text (names, initials, dates) for personalization precisely in the comments section when placing your order. - The tone of the material may differ slightly from what you see on your screen - it depends on individual monitor settings.\" \/>\n<meta name=\"robots\" content=\"index, follow, max-snippet:-1, max-image-preview:large, max-video-preview:-1\" \/>\n<link rel=\"canonical\" href=\"https:\/\/lottespapery.com\/en\/products\/photo-album-with-linen-textured-cover-accent-1-copy\/\" \/>\n<meta property=\"og:locale\" content=\"en_US\" \/>\n<meta property=\"og:type\" content=\"article\" \/>\n<meta property=\"og:title\" content=\"Photo album with linen-textured cover &quot;Classic&quot; \/\/ 1 - Lotte&#039;s Papery\" \/>\n<meta property=\"og:description\" content=\"A photo album with an elegant design. The photo album is meticulously handmade, neatly bound in sturdy covers covered with a linen-like textured material, which makes it particularly pleasant to the touch. Personalization is available in silver or gold.  Available sizes: - 15 x 21 cm - 24 x 35 cm - 30 x 30 cm  Inner page color: - cream-colored - black  Number of pages: - all sizes have 30 sheets (60 pages). - To attach photos, use photo corners or double-sided photo stickers.  PRODUCTION TIME: 1,5 - 2 weeks.  If you need to receive the photo album by a specific date, please contact us by calling +371 2208 7727 or e-mailing info@lottespapery.com  PLEASE NOTE: - Please provide your chosen text (names, initials, dates) for personalization precisely in the comments section when placing your order. - The tone of the material may differ slightly from what you see on your screen - it depends on individual monitor settings.\" \/>\n<meta property=\"og:url\" content=\"https:\/\/lottespapery.com\/en\/products\/photo-album-with-linen-textured-cover-accent-1-copy\/\" \/>\n<meta property=\"og:site_name\" content=\"Lotte&#039;s Papery\" \/>\n<meta property=\"article:publisher\" content=\"https:\/\/www.facebook.com\/LottesPapery\/\" \/>\n<meta property=\"article:modified_time\" content=\"2026-04-30T10:28:13+00:00\" \/>\n<meta property=\"og:image\" content=\"http:\/\/lottespapery.com\/wp-content\/uploads\/2026\/04\/LINA-fotoalbums-3-scaled-e1777543917522.jpg\" \/>\n\t<meta property=\"og:image:width\" content=\"1707\" \/>\n\t<meta property=\"og:image:height\" content=\"2560\" \/>\n\t<meta property=\"og:image:type\" content=\"image\/jpeg\" \/>\n<meta name=\"twitter:card\" content=\"summary_large_image\" \/>\n<script type=\"application\/ld+json\" class=\"yoast-schema-graph\">{\"@context\":\"https:\/\/schema.org\",\"@graph\":[{\"@type\":\"WebPage\",\"@id\":\"https:\/\/lottespapery.com\/en\/products\/photo-album-with-linen-textured-cover-accent-1-copy\/\",\"url\":\"https:\/\/lottespapery.com\/en\/products\/photo-album-with-linen-textured-cover-accent-1-copy\/\",\"name\":\"Photo album with linen-textured cover \\\"Classic\\\" \/\/ 1 - Lotte&#039;s Papery\",\"isPartOf\":{\"@id\":\"https:\/\/lottespapery.com\/en\/#website\"},\"datePublished\":\"2026-04-30T10:24:31+00:00\",\"dateModified\":\"2026-04-30T10:28:13+00:00\",\"description\":\"A photo album with an elegant design. The photo album is meticulously handmade, neatly bound in sturdy covers covered with a linen-like textured material, which makes it particularly pleasant to the touch. Personalization is available in silver or gold. Available sizes: - 15 x 21 cm - 24 x 35 cm - 30 x 30 cm Inner page color: - cream-colored - black Number of pages: - all sizes have 30 sheets (60 pages). - To attach photos, use photo corners or double-sided photo stickers. PRODUCTION TIME: 1,5 - 2 weeks. If you need to receive the photo album by a specific date, please contact us by calling +371 2208 7727 or e-mailing info@lottespapery.com PLEASE NOTE: - Please provide your chosen text (names, initials, dates) for personalization precisely in the comments section when placing your order. - The tone of the material may differ slightly from what you see on your screen - it depends on individual monitor settings.\",\"breadcrumb\":{\"@id\":\"https:\/\/lottespapery.com\/en\/products\/photo-album-with-linen-textured-cover-accent-1-copy\/#breadcrumb\"},\"inLanguage\":\"en-US\",\"potentialAction\":[{\"@type\":\"ReadAction\",\"target\":[\"https:\/\/lottespapery.com\/en\/products\/photo-album-with-linen-textured-cover-accent-1-copy\/\"]}]},{\"@type\":\"BreadcrumbList\",\"@id\":\"https:\/\/lottespapery.com\/en\/products\/photo-album-with-linen-textured-cover-accent-1-copy\/#breadcrumb\",\"itemListElement\":[{\"@type\":\"ListItem\",\"position\":1,\"name\":\"Home\",\"item\":\"https:\/\/lottespapery.com\/en\/\"},{\"@type\":\"ListItem\",\"position\":2,\"name\":\"Shop\",\"item\":\"https:\/\/lottespapery.com\/en\/shop\/\"},{\"@type\":\"ListItem\",\"position\":3,\"name\":\"Photo album with linen-textured cover &#8220;Classic&#8221; \/\/ 1\"}]},{\"@type\":\"WebSite\",\"@id\":\"https:\/\/lottespapery.com\/en\/#website\",\"url\":\"https:\/\/lottespapery.com\/en\/\",\"name\":\"Lotte&#039;s Papery\",\"description\":\"Pap\u012brlietas un \u0101das izstr\u0101d\u0101jumi\",\"publisher\":{\"@id\":\"https:\/\/lottespapery.com\/en\/#organization\"},\"potentialAction\":[{\"@type\":\"SearchAction\",\"target\":{\"@type\":\"EntryPoint\",\"urlTemplate\":\"https:\/\/lottespapery.com\/en\/?s={search_term_string}\"},\"query-input\":\"required name=search_term_string\"}],\"inLanguage\":\"en-US\"},{\"@type\":\"Organization\",\"@id\":\"https:\/\/lottespapery.com\/en\/#organization\",\"name\":\"Lotte&#039;s Papery\",\"url\":\"https:\/\/lottespapery.com\/en\/\",\"logo\":{\"@type\":\"ImageObject\",\"inLanguage\":\"en-US\",\"@id\":\"https:\/\/lottespapery.com\/en\/#\/schema\/logo\/image\/\",\"url\":\"http:\/\/lottespapery.com\/wp-content\/uploads\/2022\/11\/logo-dark_180x@2x.png\",\"contentUrl\":\"http:\/\/lottespapery.com\/wp-content\/uploads\/2022\/11\/logo-dark_180x@2x.png\",\"width\":360,\"height\":100,\"caption\":\"Lotte&#039;s Papery\"},\"image\":{\"@id\":\"https:\/\/lottespapery.com\/en\/#\/schema\/logo\/image\/\"},\"sameAs\":[\"https:\/\/www.instagram.com\/lottes_papery\/\",\"https:\/\/www.facebook.com\/LottesPapery\/\"]}]}<\/script>\n<!-- \/ Yoast SEO plugin. -->","yoast_head_json":{"title":"Photo album with linen-textured cover \"Classic\" \/\/ 1 - Lotte&#039;s Papery","description":"A photo album with an elegant design. The photo album is meticulously handmade, neatly bound in sturdy covers covered with a linen-like textured material, which makes it particularly pleasant to the touch. Personalization is available in silver or gold.  Available sizes: - 15 x 21 cm - 24 x 35 cm - 30 x 30 cm  Inner page color: - cream-colored - black  Number of pages: - all sizes have 30 sheets (60 pages). - To attach photos, use photo corners or double-sided photo stickers.  PRODUCTION TIME: 1,5 - 2 weeks.  If you need to receive the photo album by a specific date, please contact us by calling +371 2208 7727 or e-mailing info@lottespapery.com  PLEASE NOTE: - Please provide your chosen text (names, initials, dates) for personalization precisely in the comments section when placing your order. - The tone of the material may differ slightly from what you see on your screen - it depends on individual monitor settings.","robots":{"index":"index","follow":"follow","max-snippet":"max-snippet:-1","max-image-preview":"max-image-preview:large","max-video-preview":"max-video-preview:-1"},"canonical":"https:\/\/lottespapery.com\/en\/products\/photo-album-with-linen-textured-cover-accent-1-copy\/","og_locale":"en_US","og_type":"article","og_title":"Photo album with linen-textured cover \"Classic\" \/\/ 1 - Lotte&#039;s Papery","og_description":"A photo album with an elegant design. The photo album is meticulously handmade, neatly bound in sturdy covers covered with a linen-like textured material, which makes it particularly pleasant to the touch. Personalization is available in silver or gold.  Available sizes: - 15 x 21 cm - 24 x 35 cm - 30 x 30 cm  Inner page color: - cream-colored - black  Number of pages: - all sizes have 30 sheets (60 pages). - To attach photos, use photo corners or double-sided photo stickers.  PRODUCTION TIME: 1,5 - 2 weeks.  If you need to receive the photo album by a specific date, please contact us by calling +371 2208 7727 or e-mailing info@lottespapery.com  PLEASE NOTE: - Please provide your chosen text (names, initials, dates) for personalization precisely in the comments section when placing your order. - The tone of the material may differ slightly from what you see on your screen - it depends on individual monitor settings.","og_url":"https:\/\/lottespapery.com\/en\/products\/photo-album-with-linen-textured-cover-accent-1-copy\/","og_site_name":"Lotte&#039;s Papery","article_publisher":"https:\/\/www.facebook.com\/LottesPapery\/","article_modified_time":"2026-04-30T10:28:13+00:00","og_image":[{"width":1707,"height":2560,"url":"http:\/\/lottespapery.com\/wp-content\/uploads\/2026\/04\/LINA-fotoalbums-3-scaled-e1777543917522.jpg","type":"image\/jpeg"}],"twitter_card":"summary_large_image","schema":{"@context":"https:\/\/schema.org","@graph":[{"@type":"WebPage","@id":"https:\/\/lottespapery.com\/en\/products\/photo-album-with-linen-textured-cover-accent-1-copy\/","url":"https:\/\/lottespapery.com\/en\/products\/photo-album-with-linen-textured-cover-accent-1-copy\/","name":"Photo album with linen-textured cover \"Classic\" \/\/ 1 - Lotte&#039;s Papery","isPartOf":{"@id":"https:\/\/lottespapery.com\/en\/#website"},"datePublished":"2026-04-30T10:24:31+00:00","dateModified":"2026-04-30T10:28:13+00:00","description":"A photo album with an elegant design. The photo album is meticulously handmade, neatly bound in sturdy covers covered with a linen-like textured material, which makes it particularly pleasant to the touch. Personalization is available in silver or gold. Available sizes: - 15 x 21 cm - 24 x 35 cm - 30 x 30 cm Inner page color: - cream-colored - black Number of pages: - all sizes have 30 sheets (60 pages). - To attach photos, use photo corners or double-sided photo stickers. PRODUCTION TIME: 1,5 - 2 weeks. If you need to receive the photo album by a specific date, please contact us by calling +371 2208 7727 or e-mailing info@lottespapery.com PLEASE NOTE: - Please provide your chosen text (names, initials, dates) for personalization precisely in the comments section when placing your order. - The tone of the material may differ slightly from what you see on your screen - it depends on individual monitor settings.","breadcrumb":{"@id":"https:\/\/lottespapery.com\/en\/products\/photo-album-with-linen-textured-cover-accent-1-copy\/#breadcrumb"},"inLanguage":"en-US","potentialAction":[{"@type":"ReadAction","target":["https:\/\/lottespapery.com\/en\/products\/photo-album-with-linen-textured-cover-accent-1-copy\/"]}]},{"@type":"BreadcrumbList","@id":"https:\/\/lottespapery.com\/en\/products\/photo-album-with-linen-textured-cover-accent-1-copy\/#breadcrumb","itemListElement":[{"@type":"ListItem","position":1,"name":"Home","item":"https:\/\/lottespapery.com\/en\/"},{"@type":"ListItem","position":2,"name":"Shop","item":"https:\/\/lottespapery.com\/en\/shop\/"},{"@type":"ListItem","position":3,"name":"Photo album with linen-textured cover &#8220;Classic&#8221; \/\/ 1"}]},{"@type":"WebSite","@id":"https:\/\/lottespapery.com\/en\/#website","url":"https:\/\/lottespapery.com\/en\/","name":"Lotte&#039;s Papery","description":"Pap\u012brlietas un \u0101das izstr\u0101d\u0101jumi","publisher":{"@id":"https:\/\/lottespapery.com\/en\/#organization"},"potentialAction":[{"@type":"SearchAction","target":{"@type":"EntryPoint","urlTemplate":"https:\/\/lottespapery.com\/en\/?s={search_term_string}"},"query-input":"required name=search_term_string"}],"inLanguage":"en-US"},{"@type":"Organization","@id":"https:\/\/lottespapery.com\/en\/#organization","name":"Lotte&#039;s Papery","url":"https:\/\/lottespapery.com\/en\/","logo":{"@type":"ImageObject","inLanguage":"en-US","@id":"https:\/\/lottespapery.com\/en\/#\/schema\/logo\/image\/","url":"http:\/\/lottespapery.com\/wp-content\/uploads\/2022\/11\/logo-dark_180x@2x.png","contentUrl":"http:\/\/lottespapery.com\/wp-content\/uploads\/2022\/11\/logo-dark_180x@2x.png","width":360,"height":100,"caption":"Lotte&#039;s Papery"},"image":{"@id":"https:\/\/lottespapery.com\/en\/#\/schema\/logo\/image\/"},"sameAs":["https:\/\/www.instagram.com\/lottes_papery\/","https:\/\/www.facebook.com\/LottesPapery\/"]}]}},"_links":{"self":[{"href":"https:\/\/lottespapery.com\/en\/wp-json\/wp\/v2\/product\/50254","targetHints":{"allow":["GET"]}}],"collection":[{"href":"https:\/\/lottespapery.com\/en\/wp-json\/wp\/v2\/product"}],"about":[{"href":"https:\/\/lottespapery.com\/en\/wp-json\/wp\/v2\/types\/product"}],"wp:featuredmedia":[{"embeddable":true,"href":"https:\/\/lottespapery.com\/en\/wp-json\/wp\/v2\/media\/50169"}],"wp:attachment":[{"href":"https:\/\/lottespapery.com\/en\/wp-json\/wp\/v2\/media?parent=50254"}],"wp:term":[{"taxonomy":"product_brand","embeddable":true,"href":"https:\/\/lottespapery.com\/en\/wp-json\/wp\/v2\/product_brand?post=50254"},{"taxonomy":"product_cat","embeddable":true,"href":"https:\/\/lottespapery.com\/en\/wp-json\/wp\/v2\/product_cat?post=50254"},{"taxonomy":"product_tag","embeddable":true,"href":"https:\/\/lottespapery.com\/en\/wp-json\/wp\/v2\/product_tag?post=50254"}],"curies":[{"name":"wp","href":"https:\/\/api.w.org\/{rel}","templated":true}]}}