{"id":50480,"date":"2026-04-30T14:28:35","date_gmt":"2026-04-30T11:28:35","guid":{"rendered":"https:\/\/lottespapery.com\/?post_type=product&#038;p=50480"},"modified":"2026-04-30T14:29:14","modified_gmt":"2026-04-30T11:29:14","slug":"photo-album-with-velvet-paper-covers-accent-3-copy","status":"publish","type":"product","link":"https:\/\/lottespapery.com\/en\/products\/photo-album-with-velvet-paper-covers-accent-3-copy\/","title":{"rendered":"Photo album with velvet paper covers &#8220;Accent&#8221; \/\/ 5"},"content":{"rendered":"","protected":false},"excerpt":{"rendered":"","protected":false},"featured_media":50185,"template":"","meta":[],"product_brand":[],"product_cat":[1749,770],"product_tag":[],"class_list":{"0":"post-50480","1":"product","2":"type-product","3":"status-publish","4":"has-post-thumbnail","6":"product_cat-photo-albums","7":"product_cat-foto-albumi-en","9":"first","10":"instock","11":"taxable","12":"shipping-taxable","13":"purchasable","14":"product-type-variable","15":"has-default-attributes"},"raw_content":{"name":"Photo album with velvet paper covers \"Accent\" \/\/ 5","description":"","short_description":"","status":"publish","sku":"9C19-75C52E","original":50469},"wpml":{"translation_type":1,"has_translations":true,"original":50469,"duplicates":[],"translations":{"lv":50469,"en":50480}},"yoast_head":"<!-- This site is optimized with the Yoast SEO plugin v19.10 - https:\/\/yoast.com\/wordpress\/plugins\/seo\/ -->\n<title>Photo album with velvet paper covers &quot;Accent&quot; \/\/ 5 - Lotte&#039;s Papery<\/title>\n<meta name=\"description\" content=\"Personalizable photo album with elegant velvet paper covers. Carefully handcrafted with a refined feel - a perfect addition to your wedding or other special occasion.  Personalization is available in gold or silver color.  Choose the cover type that suits you best: - padded\u00a0 (covers with additional cushioning that adds volume and an especially luxurious look) - unpadded ( firm, high-quality covers without padding, with a neat finish and a more affordable price)  Available sizes: - 15 x 21 cm - 24 x 35 cm - 30 x 30 cm  Inner page color: - cream-colored - black  Number of pages: - all sizes have 30 sheets (60 pages). - To attach photos, use photo corners or double-sided photo stickers.  PRODUCTION TIME: 1,5 - 2 weeks.  If you need to receive the photo album by a specific date, please contact us by calling +371 2208 7727 or e-mailing info@lottespapery.com  PLEASE NOTE: - Please provide your chosen text (names, initials, dates) for personalization precisely in the comments section when placing your order. - Velvet is an elegant and delicate material, so once you receive your order, we recommend handling it carefully and thoughtfully. If dust appears on it, you can gently clean it with a lint roller. - The velvet shade may slightly differ from what you see on your screen, depending on individual monitor settings.\" \/>\n<meta name=\"robots\" content=\"index, follow, max-snippet:-1, max-image-preview:large, max-video-preview:-1\" \/>\n<link rel=\"canonical\" href=\"https:\/\/lottespapery.com\/en\/products\/photo-album-with-velvet-paper-covers-accent-3-copy\/\" \/>\n<meta property=\"og:locale\" content=\"en_US\" \/>\n<meta property=\"og:type\" content=\"article\" \/>\n<meta property=\"og:title\" content=\"Photo album with velvet paper covers &quot;Accent&quot; \/\/ 5 - Lotte&#039;s Papery\" \/>\n<meta property=\"og:description\" content=\"Personalizable photo album with elegant velvet paper covers. Carefully handcrafted with a refined feel - a perfect addition to your wedding or other special occasion.  Personalization is available in gold or silver color.  Choose the cover type that suits you best: - padded\u00a0 (covers with additional cushioning that adds volume and an especially luxurious look) - unpadded ( firm, high-quality covers without padding, with a neat finish and a more affordable price)  Available sizes: - 15 x 21 cm - 24 x 35 cm - 30 x 30 cm  Inner page color: - cream-colored - black  Number of pages: - all sizes have 30 sheets (60 pages). - To attach photos, use photo corners or double-sided photo stickers.  PRODUCTION TIME: 1,5 - 2 weeks.  If you need to receive the photo album by a specific date, please contact us by calling +371 2208 7727 or e-mailing info@lottespapery.com  PLEASE NOTE: - Please provide your chosen text (names, initials, dates) for personalization precisely in the comments section when placing your order. - Velvet is an elegant and delicate material, so once you receive your order, we recommend handling it carefully and thoughtfully. If dust appears on it, you can gently clean it with a lint roller. - The velvet shade may slightly differ from what you see on your screen, depending on individual monitor settings.\" \/>\n<meta property=\"og:url\" content=\"https:\/\/lottespapery.com\/en\/products\/photo-album-with-velvet-paper-covers-accent-3-copy\/\" \/>\n<meta property=\"og:site_name\" content=\"Lotte&#039;s Papery\" \/>\n<meta property=\"article:publisher\" content=\"https:\/\/www.facebook.com\/LottesPapery\/\" \/>\n<meta property=\"article:modified_time\" content=\"2026-04-30T11:29:14+00:00\" \/>\n<meta property=\"og:image\" content=\"http:\/\/lottespapery.com\/wp-content\/uploads\/2026\/04\/SAMTS-fotoalbums-1-scaled-e1777548284184.jpg\" \/>\n\t<meta property=\"og:image:width\" content=\"1707\" \/>\n\t<meta property=\"og:image:height\" content=\"2560\" \/>\n\t<meta property=\"og:image:type\" content=\"image\/jpeg\" \/>\n<meta name=\"twitter:card\" content=\"summary_large_image\" \/>\n<script type=\"application\/ld+json\" class=\"yoast-schema-graph\">{\"@context\":\"https:\/\/schema.org\",\"@graph\":[{\"@type\":\"WebPage\",\"@id\":\"https:\/\/lottespapery.com\/en\/products\/photo-album-with-velvet-paper-covers-accent-3-copy\/\",\"url\":\"https:\/\/lottespapery.com\/en\/products\/photo-album-with-velvet-paper-covers-accent-3-copy\/\",\"name\":\"Photo album with velvet paper covers \\\"Accent\\\" \/\/ 5 - Lotte&#039;s Papery\",\"isPartOf\":{\"@id\":\"https:\/\/lottespapery.com\/en\/#website\"},\"datePublished\":\"2026-04-30T11:28:35+00:00\",\"dateModified\":\"2026-04-30T11:29:14+00:00\",\"description\":\"Personalizable photo album with elegant velvet paper covers. Carefully handcrafted with a refined feel - a perfect addition to your wedding or other special occasion. Personalization is available in gold or silver color. Choose the cover type that suits you best: - padded\u00a0 (covers with additional cushioning that adds volume and an especially luxurious look) - unpadded ( firm, high-quality covers without padding, with a neat finish and a more affordable price) Available sizes: - 15 x 21 cm - 24 x 35 cm - 30 x 30 cm Inner page color: - cream-colored - black Number of pages: - all sizes have 30 sheets (60 pages). - To attach photos, use photo corners or double-sided photo stickers. PRODUCTION TIME: 1,5 - 2 weeks. If you need to receive the photo album by a specific date, please contact us by calling +371 2208 7727 or e-mailing info@lottespapery.com PLEASE NOTE: - Please provide your chosen text (names, initials, dates) for personalization precisely in the comments section when placing your order. - Velvet is an elegant and delicate material, so once you receive your order, we recommend handling it carefully and thoughtfully. If dust appears on it, you can gently clean it with a lint roller. - The velvet shade may slightly differ from what you see on your screen, depending on individual monitor settings.\",\"breadcrumb\":{\"@id\":\"https:\/\/lottespapery.com\/en\/products\/photo-album-with-velvet-paper-covers-accent-3-copy\/#breadcrumb\"},\"inLanguage\":\"en-US\",\"potentialAction\":[{\"@type\":\"ReadAction\",\"target\":[\"https:\/\/lottespapery.com\/en\/products\/photo-album-with-velvet-paper-covers-accent-3-copy\/\"]}]},{\"@type\":\"BreadcrumbList\",\"@id\":\"https:\/\/lottespapery.com\/en\/products\/photo-album-with-velvet-paper-covers-accent-3-copy\/#breadcrumb\",\"itemListElement\":[{\"@type\":\"ListItem\",\"position\":1,\"name\":\"Home\",\"item\":\"https:\/\/lottespapery.com\/en\/\"},{\"@type\":\"ListItem\",\"position\":2,\"name\":\"Shop\",\"item\":\"https:\/\/lottespapery.com\/en\/shop\/\"},{\"@type\":\"ListItem\",\"position\":3,\"name\":\"Photo album with velvet paper covers &#8220;Accent&#8221; \/\/ 5\"}]},{\"@type\":\"WebSite\",\"@id\":\"https:\/\/lottespapery.com\/en\/#website\",\"url\":\"https:\/\/lottespapery.com\/en\/\",\"name\":\"Lotte&#039;s Papery\",\"description\":\"Pap\u012brlietas un \u0101das izstr\u0101d\u0101jumi\",\"publisher\":{\"@id\":\"https:\/\/lottespapery.com\/en\/#organization\"},\"potentialAction\":[{\"@type\":\"SearchAction\",\"target\":{\"@type\":\"EntryPoint\",\"urlTemplate\":\"https:\/\/lottespapery.com\/en\/?s={search_term_string}\"},\"query-input\":\"required name=search_term_string\"}],\"inLanguage\":\"en-US\"},{\"@type\":\"Organization\",\"@id\":\"https:\/\/lottespapery.com\/en\/#organization\",\"name\":\"Lotte&#039;s Papery\",\"url\":\"https:\/\/lottespapery.com\/en\/\",\"logo\":{\"@type\":\"ImageObject\",\"inLanguage\":\"en-US\",\"@id\":\"https:\/\/lottespapery.com\/en\/#\/schema\/logo\/image\/\",\"url\":\"http:\/\/lottespapery.com\/wp-content\/uploads\/2022\/11\/logo-dark_180x@2x.png\",\"contentUrl\":\"http:\/\/lottespapery.com\/wp-content\/uploads\/2022\/11\/logo-dark_180x@2x.png\",\"width\":360,\"height\":100,\"caption\":\"Lotte&#039;s Papery\"},\"image\":{\"@id\":\"https:\/\/lottespapery.com\/en\/#\/schema\/logo\/image\/\"},\"sameAs\":[\"https:\/\/www.instagram.com\/lottes_papery\/\",\"https:\/\/www.facebook.com\/LottesPapery\/\"]}]}<\/script>\n<!-- \/ Yoast SEO plugin. -->","yoast_head_json":{"title":"Photo album with velvet paper covers \"Accent\" \/\/ 5 - Lotte&#039;s Papery","description":"Personalizable photo album with elegant velvet paper covers. Carefully handcrafted with a refined feel - a perfect addition to your wedding or other special occasion.  Personalization is available in gold or silver color.  Choose the cover type that suits you best: - padded\u00a0 (covers with additional cushioning that adds volume and an especially luxurious look) - unpadded ( firm, high-quality covers without padding, with a neat finish and a more affordable price)  Available sizes: - 15 x 21 cm - 24 x 35 cm - 30 x 30 cm  Inner page color: - cream-colored - black  Number of pages: - all sizes have 30 sheets (60 pages). - To attach photos, use photo corners or double-sided photo stickers.  PRODUCTION TIME: 1,5 - 2 weeks.  If you need to receive the photo album by a specific date, please contact us by calling +371 2208 7727 or e-mailing info@lottespapery.com  PLEASE NOTE: - Please provide your chosen text (names, initials, dates) for personalization precisely in the comments section when placing your order. - Velvet is an elegant and delicate material, so once you receive your order, we recommend handling it carefully and thoughtfully. If dust appears on it, you can gently clean it with a lint roller. - The velvet shade may slightly differ from what you see on your screen, depending on individual monitor settings.","robots":{"index":"index","follow":"follow","max-snippet":"max-snippet:-1","max-image-preview":"max-image-preview:large","max-video-preview":"max-video-preview:-1"},"canonical":"https:\/\/lottespapery.com\/en\/products\/photo-album-with-velvet-paper-covers-accent-3-copy\/","og_locale":"en_US","og_type":"article","og_title":"Photo album with velvet paper covers \"Accent\" \/\/ 5 - Lotte&#039;s Papery","og_description":"Personalizable photo album with elegant velvet paper covers. Carefully handcrafted with a refined feel - a perfect addition to your wedding or other special occasion.  Personalization is available in gold or silver color.  Choose the cover type that suits you best: - padded\u00a0 (covers with additional cushioning that adds volume and an especially luxurious look) - unpadded ( firm, high-quality covers without padding, with a neat finish and a more affordable price)  Available sizes: - 15 x 21 cm - 24 x 35 cm - 30 x 30 cm  Inner page color: - cream-colored - black  Number of pages: - all sizes have 30 sheets (60 pages). - To attach photos, use photo corners or double-sided photo stickers.  PRODUCTION TIME: 1,5 - 2 weeks.  If you need to receive the photo album by a specific date, please contact us by calling +371 2208 7727 or e-mailing info@lottespapery.com  PLEASE NOTE: - Please provide your chosen text (names, initials, dates) for personalization precisely in the comments section when placing your order. - Velvet is an elegant and delicate material, so once you receive your order, we recommend handling it carefully and thoughtfully. If dust appears on it, you can gently clean it with a lint roller. - The velvet shade may slightly differ from what you see on your screen, depending on individual monitor settings.","og_url":"https:\/\/lottespapery.com\/en\/products\/photo-album-with-velvet-paper-covers-accent-3-copy\/","og_site_name":"Lotte&#039;s Papery","article_publisher":"https:\/\/www.facebook.com\/LottesPapery\/","article_modified_time":"2026-04-30T11:29:14+00:00","og_image":[{"width":1707,"height":2560,"url":"http:\/\/lottespapery.com\/wp-content\/uploads\/2026\/04\/SAMTS-fotoalbums-1-scaled-e1777548284184.jpg","type":"image\/jpeg"}],"twitter_card":"summary_large_image","schema":{"@context":"https:\/\/schema.org","@graph":[{"@type":"WebPage","@id":"https:\/\/lottespapery.com\/en\/products\/photo-album-with-velvet-paper-covers-accent-3-copy\/","url":"https:\/\/lottespapery.com\/en\/products\/photo-album-with-velvet-paper-covers-accent-3-copy\/","name":"Photo album with velvet paper covers \"Accent\" \/\/ 5 - Lotte&#039;s Papery","isPartOf":{"@id":"https:\/\/lottespapery.com\/en\/#website"},"datePublished":"2026-04-30T11:28:35+00:00","dateModified":"2026-04-30T11:29:14+00:00","description":"Personalizable photo album with elegant velvet paper covers. Carefully handcrafted with a refined feel - a perfect addition to your wedding or other special occasion. Personalization is available in gold or silver color. Choose the cover type that suits you best: - padded\u00a0 (covers with additional cushioning that adds volume and an especially luxurious look) - unpadded ( firm, high-quality covers without padding, with a neat finish and a more affordable price) Available sizes: - 15 x 21 cm - 24 x 35 cm - 30 x 30 cm Inner page color: - cream-colored - black Number of pages: - all sizes have 30 sheets (60 pages). - To attach photos, use photo corners or double-sided photo stickers. PRODUCTION TIME: 1,5 - 2 weeks. If you need to receive the photo album by a specific date, please contact us by calling +371 2208 7727 or e-mailing info@lottespapery.com PLEASE NOTE: - Please provide your chosen text (names, initials, dates) for personalization precisely in the comments section when placing your order. - Velvet is an elegant and delicate material, so once you receive your order, we recommend handling it carefully and thoughtfully. If dust appears on it, you can gently clean it with a lint roller. - The velvet shade may slightly differ from what you see on your screen, depending on individual monitor settings.","breadcrumb":{"@id":"https:\/\/lottespapery.com\/en\/products\/photo-album-with-velvet-paper-covers-accent-3-copy\/#breadcrumb"},"inLanguage":"en-US","potentialAction":[{"@type":"ReadAction","target":["https:\/\/lottespapery.com\/en\/products\/photo-album-with-velvet-paper-covers-accent-3-copy\/"]}]},{"@type":"BreadcrumbList","@id":"https:\/\/lottespapery.com\/en\/products\/photo-album-with-velvet-paper-covers-accent-3-copy\/#breadcrumb","itemListElement":[{"@type":"ListItem","position":1,"name":"Home","item":"https:\/\/lottespapery.com\/en\/"},{"@type":"ListItem","position":2,"name":"Shop","item":"https:\/\/lottespapery.com\/en\/shop\/"},{"@type":"ListItem","position":3,"name":"Photo album with velvet paper covers &#8220;Accent&#8221; \/\/ 5"}]},{"@type":"WebSite","@id":"https:\/\/lottespapery.com\/en\/#website","url":"https:\/\/lottespapery.com\/en\/","name":"Lotte&#039;s Papery","description":"Pap\u012brlietas un \u0101das izstr\u0101d\u0101jumi","publisher":{"@id":"https:\/\/lottespapery.com\/en\/#organization"},"potentialAction":[{"@type":"SearchAction","target":{"@type":"EntryPoint","urlTemplate":"https:\/\/lottespapery.com\/en\/?s={search_term_string}"},"query-input":"required name=search_term_string"}],"inLanguage":"en-US"},{"@type":"Organization","@id":"https:\/\/lottespapery.com\/en\/#organization","name":"Lotte&#039;s Papery","url":"https:\/\/lottespapery.com\/en\/","logo":{"@type":"ImageObject","inLanguage":"en-US","@id":"https:\/\/lottespapery.com\/en\/#\/schema\/logo\/image\/","url":"http:\/\/lottespapery.com\/wp-content\/uploads\/2022\/11\/logo-dark_180x@2x.png","contentUrl":"http:\/\/lottespapery.com\/wp-content\/uploads\/2022\/11\/logo-dark_180x@2x.png","width":360,"height":100,"caption":"Lotte&#039;s Papery"},"image":{"@id":"https:\/\/lottespapery.com\/en\/#\/schema\/logo\/image\/"},"sameAs":["https:\/\/www.instagram.com\/lottes_papery\/","https:\/\/www.facebook.com\/LottesPapery\/"]}]}},"_links":{"self":[{"href":"https:\/\/lottespapery.com\/en\/wp-json\/wp\/v2\/product\/50480","targetHints":{"allow":["GET"]}}],"collection":[{"href":"https:\/\/lottespapery.com\/en\/wp-json\/wp\/v2\/product"}],"about":[{"href":"https:\/\/lottespapery.com\/en\/wp-json\/wp\/v2\/types\/product"}],"wp:featuredmedia":[{"embeddable":true,"href":"https:\/\/lottespapery.com\/en\/wp-json\/wp\/v2\/media\/50185"}],"wp:attachment":[{"href":"https:\/\/lottespapery.com\/en\/wp-json\/wp\/v2\/media?parent=50480"}],"wp:term":[{"taxonomy":"product_brand","embeddable":true,"href":"https:\/\/lottespapery.com\/en\/wp-json\/wp\/v2\/product_brand?post=50480"},{"taxonomy":"product_cat","embeddable":true,"href":"https:\/\/lottespapery.com\/en\/wp-json\/wp\/v2\/product_cat?post=50480"},{"taxonomy":"product_tag","embeddable":true,"href":"https:\/\/lottespapery.com\/en\/wp-json\/wp\/v2\/product_tag?post=50480"}],"curies":[{"name":"wp","href":"https:\/\/api.w.org\/{rel}","templated":true}]}}